{"id":26771,"date":"2023-05-10T12:20:46","date_gmt":"2023-05-10T10:20:46","guid":{"rendered":"https:\/\/librairie7l.com\/?post_type=product&#038;p=26771"},"modified":"2026-04-17T18:11:01","modified_gmt":"2026-04-17T16:11:01","slug":"art-histoire-de-lart-en-images","status":"publish","type":"product","link":"https:\/\/librairie7l.com\/en\/produit\/art-histoire-de-lart-en-images\/","title":{"rendered":"ART, HISTOIRE DE L&#8217;ART EN IMAGES"},"content":{"rendered":"<p>Avec ses 2500 illustrations choisies parmi les plus extraordinaires chefs-d&#8217;oeuvre de tous les temps,ce livre nous fait voyager \u00e0 travers l&#8217;histoire de l&#8217;art par le biais des images. Rassembl\u00e9es dans un mus\u00e9e id\u00e9al puisant dans les collections du monde entier, peintures, sculptures, photographies sont observ\u00e9es, d\u00e9crypt\u00e9es et comment\u00e9es par les meilleurs sp\u00e9cialistes. Proposant un parcours chronologique de la Pr\u00e9histoire \u00e0 nos jours, cet ouvrage unique en son genre est la nouvelle r\u00e9f\u00e9rence en histoire de l&#8217;art.<\/p>\n","protected":false},"excerpt":{"rendered":"<p>Avec ses 2500 illustrations choisies parmi les plus extraordinaires chefs-d&#8217;oeuvre de tous les temps,ce livre nous fait voyager \u00e0 travers l&#8217;histoire de l&#8217;art par le biais des images. Rassembl\u00e9es dans un mus\u00e9e id\u00e9al puisant dans les collections du monde entier, peintures, sculptures, photographies sont observ\u00e9es, d\u00e9crypt\u00e9es et comment\u00e9es par les meilleurs sp\u00e9cialistes. Proposant un parcours [&hellip;]<\/p>\n","protected":false},"featured_media":26769,"template":"","meta":[],"product_cat":[2948,2953],"product_tag":[],"acf":[],"yoast_head":"<!-- This site is optimized with the Yoast SEO plugin v20.11 - https:\/\/yoast.com\/wordpress\/plugins\/seo\/ -->\n<title>ART, HISTOIRE DE L&#039;ART EN IMAGES - Librairie 7L<\/title>\n<meta name=\"robots\" content=\"index, follow, max-snippet:-1, max-image-preview:large, max-video-preview:-1\" \/>\n<link rel=\"canonical\" href=\"https:\/\/librairie7l.com\/en\/produit\/art-histoire-de-lart-en-images\/\" \/>\n<meta property=\"og:locale\" content=\"en_US\" \/>\n<meta property=\"og:type\" content=\"article\" \/>\n<meta property=\"og:title\" content=\"ART, HISTOIRE DE L&#039;ART EN IMAGES - Librairie 7L\" \/>\n<meta property=\"og:description\" content=\"Avec ses 2500 illustrations choisies parmi les plus extraordinaires chefs-d&#8217;oeuvre de tous les temps,ce livre nous fait voyager \u00e0 travers l&#8217;histoire de l&#8217;art par le biais des images. Rassembl\u00e9es dans un mus\u00e9e id\u00e9al puisant dans les collections du monde entier, peintures, sculptures, photographies sont observ\u00e9es, d\u00e9crypt\u00e9es et comment\u00e9es par les meilleurs sp\u00e9cialistes. Proposant un parcours [&hellip;]\" \/>\n<meta property=\"og:url\" content=\"https:\/\/librairie7l.com\/en\/produit\/art-histoire-de-lart-en-images\/\" \/>\n<meta property=\"og:site_name\" content=\"Librairie 7L\" \/>\n<meta property=\"article:modified_time\" content=\"2026-04-17T16:11:01+00:00\" \/>\n<meta property=\"og:image\" content=\"https:\/\/librairie7l.com\/wp-content\/uploads\/2021\/06\/9782080257864_1_75.jpg\" \/>\n\t<meta property=\"og:image:width\" content=\"600\" \/>\n\t<meta property=\"og:image:height\" content=\"707\" \/>\n\t<meta property=\"og:image:type\" content=\"image\/jpeg\" \/>\n<meta name=\"twitter:card\" content=\"summary_large_image\" \/>\n<script type=\"application\/ld+json\" class=\"yoast-schema-graph\">{\"@context\":\"https:\/\/schema.org\",\"@graph\":[{\"@type\":\"WebPage\",\"@id\":\"https:\/\/librairie7l.com\/en\/produit\/art-histoire-de-lart-en-images\/\",\"url\":\"https:\/\/librairie7l.com\/en\/produit\/art-histoire-de-lart-en-images\/\",\"name\":\"ART, HISTOIRE DE L'ART EN IMAGES - Librairie 7L\",\"isPartOf\":{\"@id\":\"https:\/\/librairie7l.com\/en\/#website\"},\"datePublished\":\"2023-05-10T10:20:46+00:00\",\"dateModified\":\"2026-04-17T16:11:01+00:00\",\"breadcrumb\":{\"@id\":\"https:\/\/librairie7l.com\/en\/produit\/art-histoire-de-lart-en-images\/#breadcrumb\"},\"inLanguage\":\"en-US\",\"potentialAction\":[{\"@type\":\"ReadAction\",\"target\":[\"https:\/\/librairie7l.com\/en\/produit\/art-histoire-de-lart-en-images\/\"]}]},{\"@type\":\"BreadcrumbList\",\"@id\":\"https:\/\/librairie7l.com\/en\/produit\/art-histoire-de-lart-en-images\/#breadcrumb\",\"itemListElement\":[{\"@type\":\"ListItem\",\"position\":1,\"name\":\"Accueil\",\"item\":\"https:\/\/librairie7l.com\/en\/\"},{\"@type\":\"ListItem\",\"position\":2,\"name\":\"Shop\",\"item\":\"https:\/\/librairie7l.com\/en\/shop\/\"},{\"@type\":\"ListItem\",\"position\":3,\"name\":\"ART, HISTOIRE DE L&#8217;ART EN IMAGES\"}]},{\"@type\":\"WebSite\",\"@id\":\"https:\/\/librairie7l.com\/en\/#website\",\"url\":\"https:\/\/librairie7l.com\/en\/\",\"name\":\"Librairie 7L\",\"description\":\"Librairie fond\u00e9e en 1999 par Karl Lagerfeld \u00e0 Paris\",\"publisher\":{\"@id\":\"https:\/\/librairie7l.com\/en\/#organization\"},\"potentialAction\":[{\"@type\":\"SearchAction\",\"target\":{\"@type\":\"EntryPoint\",\"urlTemplate\":\"https:\/\/librairie7l.com\/en\/?s={search_term_string}\"},\"query-input\":\"required name=search_term_string\"}],\"inLanguage\":\"en-US\"},{\"@type\":\"Organization\",\"@id\":\"https:\/\/librairie7l.com\/en\/#organization\",\"name\":\"Librairie 7L\",\"url\":\"https:\/\/librairie7l.com\/en\/\",\"logo\":{\"@type\":\"ImageObject\",\"inLanguage\":\"en-US\",\"@id\":\"https:\/\/librairie7l.com\/en\/#\/schema\/logo\/image\/\",\"url\":\"https:\/\/librairie7l.com\/wp-content\/uploads\/2022\/08\/logo-1.png\",\"contentUrl\":\"https:\/\/librairie7l.com\/wp-content\/uploads\/2022\/08\/logo-1.png\",\"width\":227,\"height\":301,\"caption\":\"Librairie 7L\"},\"image\":{\"@id\":\"https:\/\/librairie7l.com\/en\/#\/schema\/logo\/image\/\"}}]}<\/script>\n<!-- \/ Yoast SEO plugin. -->","yoast_head_json":{"title":"ART, HISTOIRE DE L'ART EN IMAGES - Librairie 7L","robots":{"index":"index","follow":"follow","max-snippet":"max-snippet:-1","max-image-preview":"max-image-preview:large","max-video-preview":"max-video-preview:-1"},"canonical":"https:\/\/librairie7l.com\/en\/produit\/art-histoire-de-lart-en-images\/","og_locale":"en_US","og_type":"article","og_title":"ART, HISTOIRE DE L'ART EN IMAGES - Librairie 7L","og_description":"Avec ses 2500 illustrations choisies parmi les plus extraordinaires chefs-d&#8217;oeuvre de tous les temps,ce livre nous fait voyager \u00e0 travers l&#8217;histoire de l&#8217;art par le biais des images. Rassembl\u00e9es dans un mus\u00e9e id\u00e9al puisant dans les collections du monde entier, peintures, sculptures, photographies sont observ\u00e9es, d\u00e9crypt\u00e9es et comment\u00e9es par les meilleurs sp\u00e9cialistes. Proposant un parcours [&hellip;]","og_url":"https:\/\/librairie7l.com\/en\/produit\/art-histoire-de-lart-en-images\/","og_site_name":"Librairie 7L","article_modified_time":"2026-04-17T16:11:01+00:00","og_image":[{"width":600,"height":707,"url":"https:\/\/librairie7l.com\/wp-content\/uploads\/2021\/06\/9782080257864_1_75.jpg","type":"image\/jpeg"}],"twitter_card":"summary_large_image","schema":{"@context":"https:\/\/schema.org","@graph":[{"@type":"WebPage","@id":"https:\/\/librairie7l.com\/en\/produit\/art-histoire-de-lart-en-images\/","url":"https:\/\/librairie7l.com\/en\/produit\/art-histoire-de-lart-en-images\/","name":"ART, HISTOIRE DE L'ART EN IMAGES - Librairie 7L","isPartOf":{"@id":"https:\/\/librairie7l.com\/en\/#website"},"datePublished":"2023-05-10T10:20:46+00:00","dateModified":"2026-04-17T16:11:01+00:00","breadcrumb":{"@id":"https:\/\/librairie7l.com\/en\/produit\/art-histoire-de-lart-en-images\/#breadcrumb"},"inLanguage":"en-US","potentialAction":[{"@type":"ReadAction","target":["https:\/\/librairie7l.com\/en\/produit\/art-histoire-de-lart-en-images\/"]}]},{"@type":"BreadcrumbList","@id":"https:\/\/librairie7l.com\/en\/produit\/art-histoire-de-lart-en-images\/#breadcrumb","itemListElement":[{"@type":"ListItem","position":1,"name":"Accueil","item":"https:\/\/librairie7l.com\/en\/"},{"@type":"ListItem","position":2,"name":"Shop","item":"https:\/\/librairie7l.com\/en\/shop\/"},{"@type":"ListItem","position":3,"name":"ART, HISTOIRE DE L&#8217;ART EN IMAGES"}]},{"@type":"WebSite","@id":"https:\/\/librairie7l.com\/en\/#website","url":"https:\/\/librairie7l.com\/en\/","name":"Librairie 7L","description":"Librairie fond\u00e9e en 1999 par Karl Lagerfeld \u00e0 Paris","publisher":{"@id":"https:\/\/librairie7l.com\/en\/#organization"},"potentialAction":[{"@type":"SearchAction","target":{"@type":"EntryPoint","urlTemplate":"https:\/\/librairie7l.com\/en\/?s={search_term_string}"},"query-input":"required name=search_term_string"}],"inLanguage":"en-US"},{"@type":"Organization","@id":"https:\/\/librairie7l.com\/en\/#organization","name":"Librairie 7L","url":"https:\/\/librairie7l.com\/en\/","logo":{"@type":"ImageObject","inLanguage":"en-US","@id":"https:\/\/librairie7l.com\/en\/#\/schema\/logo\/image\/","url":"https:\/\/librairie7l.com\/wp-content\/uploads\/2022\/08\/logo-1.png","contentUrl":"https:\/\/librairie7l.com\/wp-content\/uploads\/2022\/08\/logo-1.png","width":227,"height":301,"caption":"Librairie 7L"},"image":{"@id":"https:\/\/librairie7l.com\/en\/#\/schema\/logo\/image\/"}}]}},"_links":{"self":[{"href":"https:\/\/librairie7l.com\/en\/wp-json\/wp\/v2\/product\/26771"}],"collection":[{"href":"https:\/\/librairie7l.com\/en\/wp-json\/wp\/v2\/product"}],"about":[{"href":"https:\/\/librairie7l.com\/en\/wp-json\/wp\/v2\/types\/product"}],"wp:featuredmedia":[{"embeddable":true,"href":"https:\/\/librairie7l.com\/en\/wp-json\/wp\/v2\/media\/26769"}],"wp:attachment":[{"href":"https:\/\/librairie7l.com\/en\/wp-json\/wp\/v2\/media?parent=26771"}],"wp:term":[{"taxonomy":"product_cat","embeddable":true,"href":"https:\/\/librairie7l.com\/en\/wp-json\/wp\/v2\/product_cat?post=26771"},{"taxonomy":"product_tag","embeddable":true,"href":"https:\/\/librairie7l.com\/en\/wp-json\/wp\/v2\/product_tag?post=26771"}],"curies":[{"name":"wp","href":"https:\/\/api.w.org\/{rel}","templated":true}]}}