{"id":26791,"date":"2023-05-10T12:21:19","date_gmt":"2023-05-10T10:21:19","guid":{"rendered":"https:\/\/librairie7l.com\/?post_type=product&#038;p=26791"},"modified":"2026-04-07T14:32:53","modified_gmt":"2026-04-07T12:32:53","slug":"le-musee-une-histoire-mondiale-i-ii-et-iii-a-la-conquete-du-monde-1850-2020","status":"publish","type":"product","link":"https:\/\/librairie7l.com\/en\/produit\/le-musee-une-histoire-mondiale-i-ii-et-iii-a-la-conquete-du-monde-1850-2020\/","title":{"rendered":"LE MUS\u00c9E, UNE HISTOIRE MONDIALE I, II ET III : \u00c0 LA CONQU\u00caTE DU MONDE, 1850-2020"},"content":{"rendered":"<p>Des accumulations des tombeaux \u00e9gyptiens ou chinois et des tr\u00e9sors royaux jusqu&#8217;\u00e0 notre Louvre d&#8217;aujourd&#8217;hui, entre autres lieux, il faudra du temps pour que le mus\u00e9e trouve sa forme et sa fonction de conservation, d&#8217;\u00e9tude et d&#8217;exposition des objets. Or, une histoire mondiale des mus\u00e9es, \u00e0 la fois politique, sociale et culturelle, n&#8217;a encore jamais \u00e9t\u00e9 \u00e9crite. La voici : Le Mus\u00e9e, une histoire mondiale, en trois tomes et r\u00e9unis ici dans ce coffret.<\/p>\n","protected":false},"excerpt":{"rendered":"<p>Des accumulations des tombeaux \u00e9gyptiens ou chinois et des tr\u00e9sors royaux jusqu&#8217;\u00e0 notre Louvre d&#8217;aujourd&#8217;hui, entre autres lieux, il faudra du temps pour que le mus\u00e9e trouve sa forme et sa fonction de conservation, d&#8217;\u00e9tude et d&#8217;exposition des objets. Or, une histoire mondiale des mus\u00e9es, \u00e0 la fois politique, sociale et culturelle, n&#8217;a encore jamais [&hellip;]<\/p>\n","protected":false},"featured_media":26789,"template":"","meta":[],"product_cat":[55,2948,47,2953],"product_tag":[],"acf":[],"yoast_head":"<!-- This site is optimized with the Yoast SEO plugin v20.11 - https:\/\/yoast.com\/wordpress\/plugins\/seo\/ -->\n<title>LE MUS\u00c9E, UNE HISTOIRE MONDIALE I, II ET III : \u00c0 LA CONQU\u00caTE DU MONDE, 1850-2020 - Librairie 7L<\/title>\n<meta name=\"robots\" content=\"index, follow, max-snippet:-1, max-image-preview:large, max-video-preview:-1\" \/>\n<link rel=\"canonical\" href=\"https:\/\/librairie7l.com\/en\/produit\/le-musee-une-histoire-mondiale-i-ii-et-iii-a-la-conquete-du-monde-1850-2020\/\" \/>\n<meta property=\"og:locale\" content=\"en_US\" \/>\n<meta property=\"og:type\" content=\"article\" \/>\n<meta property=\"og:title\" content=\"LE MUS\u00c9E, UNE HISTOIRE MONDIALE I, II ET III : \u00c0 LA CONQU\u00caTE DU MONDE, 1850-2020 - Librairie 7L\" \/>\n<meta property=\"og:description\" content=\"Des accumulations des tombeaux \u00e9gyptiens ou chinois et des tr\u00e9sors royaux jusqu&#8217;\u00e0 notre Louvre d&#8217;aujourd&#8217;hui, entre autres lieux, il faudra du temps pour que le mus\u00e9e trouve sa forme et sa fonction de conservation, d&#8217;\u00e9tude et d&#8217;exposition des objets. Or, une histoire mondiale des mus\u00e9es, \u00e0 la fois politique, sociale et culturelle, n&#8217;a encore jamais [&hellip;]\" \/>\n<meta property=\"og:url\" content=\"https:\/\/librairie7l.com\/en\/produit\/le-musee-une-histoire-mondiale-i-ii-et-iii-a-la-conquete-du-monde-1850-2020\/\" \/>\n<meta property=\"og:site_name\" content=\"Librairie 7L\" \/>\n<meta property=\"article:modified_time\" content=\"2026-04-07T12:32:53+00:00\" \/>\n<meta property=\"og:image\" content=\"https:\/\/librairie7l.com\/wp-content\/uploads\/2022\/03\/9782072995705_1_75.jpg\" \/>\n\t<meta property=\"og:image:width\" content=\"600\" \/>\n\t<meta property=\"og:image:height\" content=\"767\" \/>\n\t<meta property=\"og:image:type\" content=\"image\/jpeg\" \/>\n<meta name=\"twitter:card\" content=\"summary_large_image\" \/>\n<script type=\"application\/ld+json\" class=\"yoast-schema-graph\">{\"@context\":\"https:\/\/schema.org\",\"@graph\":[{\"@type\":\"WebPage\",\"@id\":\"https:\/\/librairie7l.com\/en\/produit\/le-musee-une-histoire-mondiale-i-ii-et-iii-a-la-conquete-du-monde-1850-2020\/\",\"url\":\"https:\/\/librairie7l.com\/en\/produit\/le-musee-une-histoire-mondiale-i-ii-et-iii-a-la-conquete-du-monde-1850-2020\/\",\"name\":\"LE MUS\u00c9E, UNE HISTOIRE MONDIALE I, II ET III : \u00c0 LA CONQU\u00caTE DU MONDE, 1850-2020 - Librairie 7L\",\"isPartOf\":{\"@id\":\"https:\/\/librairie7l.com\/en\/#website\"},\"datePublished\":\"2023-05-10T10:21:19+00:00\",\"dateModified\":\"2026-04-07T12:32:53+00:00\",\"breadcrumb\":{\"@id\":\"https:\/\/librairie7l.com\/en\/produit\/le-musee-une-histoire-mondiale-i-ii-et-iii-a-la-conquete-du-monde-1850-2020\/#breadcrumb\"},\"inLanguage\":\"en-US\",\"potentialAction\":[{\"@type\":\"ReadAction\",\"target\":[\"https:\/\/librairie7l.com\/en\/produit\/le-musee-une-histoire-mondiale-i-ii-et-iii-a-la-conquete-du-monde-1850-2020\/\"]}]},{\"@type\":\"BreadcrumbList\",\"@id\":\"https:\/\/librairie7l.com\/en\/produit\/le-musee-une-histoire-mondiale-i-ii-et-iii-a-la-conquete-du-monde-1850-2020\/#breadcrumb\",\"itemListElement\":[{\"@type\":\"ListItem\",\"position\":1,\"name\":\"Accueil\",\"item\":\"https:\/\/librairie7l.com\/en\/\"},{\"@type\":\"ListItem\",\"position\":2,\"name\":\"Shop\",\"item\":\"https:\/\/librairie7l.com\/en\/shop\/\"},{\"@type\":\"ListItem\",\"position\":3,\"name\":\"LE MUS\u00c9E, UNE HISTOIRE MONDIALE I, II ET III : \u00c0 LA CONQU\u00caTE DU MONDE, 1850-2020\"}]},{\"@type\":\"WebSite\",\"@id\":\"https:\/\/librairie7l.com\/en\/#website\",\"url\":\"https:\/\/librairie7l.com\/en\/\",\"name\":\"Librairie 7L\",\"description\":\"Librairie fond\u00e9e en 1999 par Karl Lagerfeld \u00e0 Paris\",\"publisher\":{\"@id\":\"https:\/\/librairie7l.com\/en\/#organization\"},\"potentialAction\":[{\"@type\":\"SearchAction\",\"target\":{\"@type\":\"EntryPoint\",\"urlTemplate\":\"https:\/\/librairie7l.com\/en\/?s={search_term_string}\"},\"query-input\":\"required name=search_term_string\"}],\"inLanguage\":\"en-US\"},{\"@type\":\"Organization\",\"@id\":\"https:\/\/librairie7l.com\/en\/#organization\",\"name\":\"Librairie 7L\",\"url\":\"https:\/\/librairie7l.com\/en\/\",\"logo\":{\"@type\":\"ImageObject\",\"inLanguage\":\"en-US\",\"@id\":\"https:\/\/librairie7l.com\/en\/#\/schema\/logo\/image\/\",\"url\":\"https:\/\/librairie7l.com\/wp-content\/uploads\/2022\/08\/logo-1.png\",\"contentUrl\":\"https:\/\/librairie7l.com\/wp-content\/uploads\/2022\/08\/logo-1.png\",\"width\":227,\"height\":301,\"caption\":\"Librairie 7L\"},\"image\":{\"@id\":\"https:\/\/librairie7l.com\/en\/#\/schema\/logo\/image\/\"}}]}<\/script>\n<!-- \/ Yoast SEO plugin. -->","yoast_head_json":{"title":"LE MUS\u00c9E, UNE HISTOIRE MONDIALE I, II ET III : \u00c0 LA CONQU\u00caTE DU MONDE, 1850-2020 - Librairie 7L","robots":{"index":"index","follow":"follow","max-snippet":"max-snippet:-1","max-image-preview":"max-image-preview:large","max-video-preview":"max-video-preview:-1"},"canonical":"https:\/\/librairie7l.com\/en\/produit\/le-musee-une-histoire-mondiale-i-ii-et-iii-a-la-conquete-du-monde-1850-2020\/","og_locale":"en_US","og_type":"article","og_title":"LE MUS\u00c9E, UNE HISTOIRE MONDIALE I, II ET III : \u00c0 LA CONQU\u00caTE DU MONDE, 1850-2020 - Librairie 7L","og_description":"Des accumulations des tombeaux \u00e9gyptiens ou chinois et des tr\u00e9sors royaux jusqu&#8217;\u00e0 notre Louvre d&#8217;aujourd&#8217;hui, entre autres lieux, il faudra du temps pour que le mus\u00e9e trouve sa forme et sa fonction de conservation, d&#8217;\u00e9tude et d&#8217;exposition des objets. Or, une histoire mondiale des mus\u00e9es, \u00e0 la fois politique, sociale et culturelle, n&#8217;a encore jamais [&hellip;]","og_url":"https:\/\/librairie7l.com\/en\/produit\/le-musee-une-histoire-mondiale-i-ii-et-iii-a-la-conquete-du-monde-1850-2020\/","og_site_name":"Librairie 7L","article_modified_time":"2026-04-07T12:32:53+00:00","og_image":[{"width":600,"height":767,"url":"https:\/\/librairie7l.com\/wp-content\/uploads\/2022\/03\/9782072995705_1_75.jpg","type":"image\/jpeg"}],"twitter_card":"summary_large_image","schema":{"@context":"https:\/\/schema.org","@graph":[{"@type":"WebPage","@id":"https:\/\/librairie7l.com\/en\/produit\/le-musee-une-histoire-mondiale-i-ii-et-iii-a-la-conquete-du-monde-1850-2020\/","url":"https:\/\/librairie7l.com\/en\/produit\/le-musee-une-histoire-mondiale-i-ii-et-iii-a-la-conquete-du-monde-1850-2020\/","name":"LE MUS\u00c9E, UNE HISTOIRE MONDIALE I, II ET III : \u00c0 LA CONQU\u00caTE DU MONDE, 1850-2020 - Librairie 7L","isPartOf":{"@id":"https:\/\/librairie7l.com\/en\/#website"},"datePublished":"2023-05-10T10:21:19+00:00","dateModified":"2026-04-07T12:32:53+00:00","breadcrumb":{"@id":"https:\/\/librairie7l.com\/en\/produit\/le-musee-une-histoire-mondiale-i-ii-et-iii-a-la-conquete-du-monde-1850-2020\/#breadcrumb"},"inLanguage":"en-US","potentialAction":[{"@type":"ReadAction","target":["https:\/\/librairie7l.com\/en\/produit\/le-musee-une-histoire-mondiale-i-ii-et-iii-a-la-conquete-du-monde-1850-2020\/"]}]},{"@type":"BreadcrumbList","@id":"https:\/\/librairie7l.com\/en\/produit\/le-musee-une-histoire-mondiale-i-ii-et-iii-a-la-conquete-du-monde-1850-2020\/#breadcrumb","itemListElement":[{"@type":"ListItem","position":1,"name":"Accueil","item":"https:\/\/librairie7l.com\/en\/"},{"@type":"ListItem","position":2,"name":"Shop","item":"https:\/\/librairie7l.com\/en\/shop\/"},{"@type":"ListItem","position":3,"name":"LE MUS\u00c9E, UNE HISTOIRE MONDIALE I, II ET III : \u00c0 LA CONQU\u00caTE DU MONDE, 1850-2020"}]},{"@type":"WebSite","@id":"https:\/\/librairie7l.com\/en\/#website","url":"https:\/\/librairie7l.com\/en\/","name":"Librairie 7L","description":"Librairie fond\u00e9e en 1999 par Karl Lagerfeld \u00e0 Paris","publisher":{"@id":"https:\/\/librairie7l.com\/en\/#organization"},"potentialAction":[{"@type":"SearchAction","target":{"@type":"EntryPoint","urlTemplate":"https:\/\/librairie7l.com\/en\/?s={search_term_string}"},"query-input":"required name=search_term_string"}],"inLanguage":"en-US"},{"@type":"Organization","@id":"https:\/\/librairie7l.com\/en\/#organization","name":"Librairie 7L","url":"https:\/\/librairie7l.com\/en\/","logo":{"@type":"ImageObject","inLanguage":"en-US","@id":"https:\/\/librairie7l.com\/en\/#\/schema\/logo\/image\/","url":"https:\/\/librairie7l.com\/wp-content\/uploads\/2022\/08\/logo-1.png","contentUrl":"https:\/\/librairie7l.com\/wp-content\/uploads\/2022\/08\/logo-1.png","width":227,"height":301,"caption":"Librairie 7L"},"image":{"@id":"https:\/\/librairie7l.com\/en\/#\/schema\/logo\/image\/"}}]}},"_links":{"self":[{"href":"https:\/\/librairie7l.com\/en\/wp-json\/wp\/v2\/product\/26791"}],"collection":[{"href":"https:\/\/librairie7l.com\/en\/wp-json\/wp\/v2\/product"}],"about":[{"href":"https:\/\/librairie7l.com\/en\/wp-json\/wp\/v2\/types\/product"}],"wp:featuredmedia":[{"embeddable":true,"href":"https:\/\/librairie7l.com\/en\/wp-json\/wp\/v2\/media\/26789"}],"wp:attachment":[{"href":"https:\/\/librairie7l.com\/en\/wp-json\/wp\/v2\/media?parent=26791"}],"wp:term":[{"taxonomy":"product_cat","embeddable":true,"href":"https:\/\/librairie7l.com\/en\/wp-json\/wp\/v2\/product_cat?post=26791"},{"taxonomy":"product_tag","embeddable":true,"href":"https:\/\/librairie7l.com\/en\/wp-json\/wp\/v2\/product_tag?post=26791"}],"curies":[{"name":"wp","href":"https:\/\/api.w.org\/{rel}","templated":true}]}}