{"id":26799,"date":"2023-05-10T12:21:31","date_gmt":"2023-05-10T10:21:31","guid":{"rendered":"https:\/\/librairie7l.com\/?post_type=product&#038;p=26799"},"modified":"2026-04-07T16:03:13","modified_gmt":"2026-04-07T14:03:13","slug":"graciela-iturbide-heliotropo-37","status":"publish","type":"product","link":"https:\/\/librairie7l.com\/en\/produit\/graciela-iturbide-heliotropo-37\/","title":{"rendered":"GRACIELA ITURBIDE : HELIOTROPO 37"},"content":{"rendered":"<p>De f\u00e9vrier \u00e0 mai 2022, la Fondation Cartier pour l&#8217;art contemporain consacre une grande exposition \u00e0 Graciela Iturbide, figure embl\u00e9matique de la photographie latinoam\u00e9ricaine. Travaillant principalement en noir et blanc dans son pays natal, le Mexique, Graciela Iturbide s&#8217;int\u00e9resse \u00e0 la cohabitation entre traditions ancestrales et rites catholiques, ainsi qu&#8217;\u00e0 la relation de l&#8217;homme \u00e0 la mort. Elle d\u00e9die \u00e9galement une part importante de ses photographies aux femmes et \u00e0 leur place au sein de la soci\u00e9t\u00e9. Ces derni\u00e8res ann\u00e9es, ses prises de vues se sont vid\u00e9es de toute pr\u00e9sence humaine, r\u00e9v\u00e9lant le lien fort qui l&#8217;unit aux choses, \u00e0 la nature et aux animaux. \u00c0 travers plus de 200 photographies, l&#8217;exposition et le catalogue r\u00e9alis\u00e9 \u00e0 cette occasion pr\u00e9sentent des oeuvres iconiques et une importante s\u00e9lection de photographies in\u00e9dites de Graciela Iturbide, ainsi qu&#8217;une s\u00e9rie d&#8217;images couleur command\u00e9e sp\u00e9cialement par la Fondation Cartier, d\u00e9voilant ainsi une oeuvre sensible, po\u00e9tique et humaniste.<\/p>\n","protected":false},"excerpt":{"rendered":"<p>De f\u00e9vrier \u00e0 mai 2022, la Fondation Cartier pour l&#8217;art contemporain consacre une grande exposition \u00e0 Graciela Iturbide, figure embl\u00e9matique de la photographie latinoam\u00e9ricaine. Travaillant principalement en noir et blanc dans son pays natal, le Mexique, Graciela Iturbide s&#8217;int\u00e9resse \u00e0 la cohabitation entre traditions ancestrales et rites catholiques, ainsi qu&#8217;\u00e0 la relation de l&#8217;homme \u00e0 [&hellip;]<\/p>\n","protected":false},"featured_media":26797,"template":"","meta":[],"product_cat":[55,2948,2958,17],"product_tag":[],"acf":[],"yoast_head":"<!-- This site is optimized with the Yoast SEO plugin v20.11 - https:\/\/yoast.com\/wordpress\/plugins\/seo\/ -->\n<title>GRACIELA ITURBIDE : HELIOTROPO 37 - Librairie 7L<\/title>\n<meta name=\"robots\" content=\"index, follow, max-snippet:-1, max-image-preview:large, max-video-preview:-1\" \/>\n<link rel=\"canonical\" href=\"https:\/\/librairie7l.com\/en\/produit\/graciela-iturbide-heliotropo-37\/\" \/>\n<meta property=\"og:locale\" content=\"en_US\" \/>\n<meta property=\"og:type\" content=\"article\" \/>\n<meta property=\"og:title\" content=\"GRACIELA ITURBIDE : HELIOTROPO 37 - Librairie 7L\" \/>\n<meta property=\"og:description\" content=\"De f\u00e9vrier \u00e0 mai 2022, la Fondation Cartier pour l&#8217;art contemporain consacre une grande exposition \u00e0 Graciela Iturbide, figure embl\u00e9matique de la photographie latinoam\u00e9ricaine. Travaillant principalement en noir et blanc dans son pays natal, le Mexique, Graciela Iturbide s&#8217;int\u00e9resse \u00e0 la cohabitation entre traditions ancestrales et rites catholiques, ainsi qu&#8217;\u00e0 la relation de l&#8217;homme \u00e0 [&hellip;]\" \/>\n<meta property=\"og:url\" content=\"https:\/\/librairie7l.com\/en\/produit\/graciela-iturbide-heliotropo-37\/\" \/>\n<meta property=\"og:site_name\" content=\"Librairie 7L\" \/>\n<meta property=\"article:modified_time\" content=\"2026-04-07T14:03:13+00:00\" \/>\n<meta property=\"og:image\" content=\"https:\/\/librairie7l.com\/wp-content\/uploads\/2021\/12\/9782869251564_1_75.jpg\" \/>\n\t<meta property=\"og:image:width\" content=\"406\" \/>\n\t<meta property=\"og:image:height\" content=\"500\" \/>\n\t<meta property=\"og:image:type\" content=\"image\/jpeg\" \/>\n<meta name=\"twitter:card\" content=\"summary_large_image\" \/>\n<meta name=\"twitter:label1\" content=\"Est. reading time\" \/>\n\t<meta name=\"twitter:data1\" content=\"1 minute\" \/>\n<script type=\"application\/ld+json\" class=\"yoast-schema-graph\">{\"@context\":\"https:\/\/schema.org\",\"@graph\":[{\"@type\":\"WebPage\",\"@id\":\"https:\/\/librairie7l.com\/en\/produit\/graciela-iturbide-heliotropo-37\/\",\"url\":\"https:\/\/librairie7l.com\/en\/produit\/graciela-iturbide-heliotropo-37\/\",\"name\":\"GRACIELA ITURBIDE : HELIOTROPO 37 - Librairie 7L\",\"isPartOf\":{\"@id\":\"https:\/\/librairie7l.com\/en\/#website\"},\"datePublished\":\"2023-05-10T10:21:31+00:00\",\"dateModified\":\"2026-04-07T14:03:13+00:00\",\"breadcrumb\":{\"@id\":\"https:\/\/librairie7l.com\/en\/produit\/graciela-iturbide-heliotropo-37\/#breadcrumb\"},\"inLanguage\":\"en-US\",\"potentialAction\":[{\"@type\":\"ReadAction\",\"target\":[\"https:\/\/librairie7l.com\/en\/produit\/graciela-iturbide-heliotropo-37\/\"]}]},{\"@type\":\"BreadcrumbList\",\"@id\":\"https:\/\/librairie7l.com\/en\/produit\/graciela-iturbide-heliotropo-37\/#breadcrumb\",\"itemListElement\":[{\"@type\":\"ListItem\",\"position\":1,\"name\":\"Accueil\",\"item\":\"https:\/\/librairie7l.com\/en\/\"},{\"@type\":\"ListItem\",\"position\":2,\"name\":\"Shop\",\"item\":\"https:\/\/librairie7l.com\/en\/shop\/\"},{\"@type\":\"ListItem\",\"position\":3,\"name\":\"GRACIELA ITURBIDE : HELIOTROPO 37\"}]},{\"@type\":\"WebSite\",\"@id\":\"https:\/\/librairie7l.com\/en\/#website\",\"url\":\"https:\/\/librairie7l.com\/en\/\",\"name\":\"Librairie 7L\",\"description\":\"Librairie fond\u00e9e en 1999 par Karl Lagerfeld \u00e0 Paris\",\"publisher\":{\"@id\":\"https:\/\/librairie7l.com\/en\/#organization\"},\"potentialAction\":[{\"@type\":\"SearchAction\",\"target\":{\"@type\":\"EntryPoint\",\"urlTemplate\":\"https:\/\/librairie7l.com\/en\/?s={search_term_string}\"},\"query-input\":\"required name=search_term_string\"}],\"inLanguage\":\"en-US\"},{\"@type\":\"Organization\",\"@id\":\"https:\/\/librairie7l.com\/en\/#organization\",\"name\":\"Librairie 7L\",\"url\":\"https:\/\/librairie7l.com\/en\/\",\"logo\":{\"@type\":\"ImageObject\",\"inLanguage\":\"en-US\",\"@id\":\"https:\/\/librairie7l.com\/en\/#\/schema\/logo\/image\/\",\"url\":\"https:\/\/librairie7l.com\/wp-content\/uploads\/2022\/08\/logo-1.png\",\"contentUrl\":\"https:\/\/librairie7l.com\/wp-content\/uploads\/2022\/08\/logo-1.png\",\"width\":227,\"height\":301,\"caption\":\"Librairie 7L\"},\"image\":{\"@id\":\"https:\/\/librairie7l.com\/en\/#\/schema\/logo\/image\/\"}}]}<\/script>\n<!-- \/ Yoast SEO plugin. -->","yoast_head_json":{"title":"GRACIELA ITURBIDE : HELIOTROPO 37 - Librairie 7L","robots":{"index":"index","follow":"follow","max-snippet":"max-snippet:-1","max-image-preview":"max-image-preview:large","max-video-preview":"max-video-preview:-1"},"canonical":"https:\/\/librairie7l.com\/en\/produit\/graciela-iturbide-heliotropo-37\/","og_locale":"en_US","og_type":"article","og_title":"GRACIELA ITURBIDE : HELIOTROPO 37 - Librairie 7L","og_description":"De f\u00e9vrier \u00e0 mai 2022, la Fondation Cartier pour l&#8217;art contemporain consacre une grande exposition \u00e0 Graciela Iturbide, figure embl\u00e9matique de la photographie latinoam\u00e9ricaine. Travaillant principalement en noir et blanc dans son pays natal, le Mexique, Graciela Iturbide s&#8217;int\u00e9resse \u00e0 la cohabitation entre traditions ancestrales et rites catholiques, ainsi qu&#8217;\u00e0 la relation de l&#8217;homme \u00e0 [&hellip;]","og_url":"https:\/\/librairie7l.com\/en\/produit\/graciela-iturbide-heliotropo-37\/","og_site_name":"Librairie 7L","article_modified_time":"2026-04-07T14:03:13+00:00","og_image":[{"width":406,"height":500,"url":"https:\/\/librairie7l.com\/wp-content\/uploads\/2021\/12\/9782869251564_1_75.jpg","type":"image\/jpeg"}],"twitter_card":"summary_large_image","twitter_misc":{"Est. reading time":"1 minute"},"schema":{"@context":"https:\/\/schema.org","@graph":[{"@type":"WebPage","@id":"https:\/\/librairie7l.com\/en\/produit\/graciela-iturbide-heliotropo-37\/","url":"https:\/\/librairie7l.com\/en\/produit\/graciela-iturbide-heliotropo-37\/","name":"GRACIELA ITURBIDE : HELIOTROPO 37 - Librairie 7L","isPartOf":{"@id":"https:\/\/librairie7l.com\/en\/#website"},"datePublished":"2023-05-10T10:21:31+00:00","dateModified":"2026-04-07T14:03:13+00:00","breadcrumb":{"@id":"https:\/\/librairie7l.com\/en\/produit\/graciela-iturbide-heliotropo-37\/#breadcrumb"},"inLanguage":"en-US","potentialAction":[{"@type":"ReadAction","target":["https:\/\/librairie7l.com\/en\/produit\/graciela-iturbide-heliotropo-37\/"]}]},{"@type":"BreadcrumbList","@id":"https:\/\/librairie7l.com\/en\/produit\/graciela-iturbide-heliotropo-37\/#breadcrumb","itemListElement":[{"@type":"ListItem","position":1,"name":"Accueil","item":"https:\/\/librairie7l.com\/en\/"},{"@type":"ListItem","position":2,"name":"Shop","item":"https:\/\/librairie7l.com\/en\/shop\/"},{"@type":"ListItem","position":3,"name":"GRACIELA ITURBIDE : HELIOTROPO 37"}]},{"@type":"WebSite","@id":"https:\/\/librairie7l.com\/en\/#website","url":"https:\/\/librairie7l.com\/en\/","name":"Librairie 7L","description":"Librairie fond\u00e9e en 1999 par Karl Lagerfeld \u00e0 Paris","publisher":{"@id":"https:\/\/librairie7l.com\/en\/#organization"},"potentialAction":[{"@type":"SearchAction","target":{"@type":"EntryPoint","urlTemplate":"https:\/\/librairie7l.com\/en\/?s={search_term_string}"},"query-input":"required name=search_term_string"}],"inLanguage":"en-US"},{"@type":"Organization","@id":"https:\/\/librairie7l.com\/en\/#organization","name":"Librairie 7L","url":"https:\/\/librairie7l.com\/en\/","logo":{"@type":"ImageObject","inLanguage":"en-US","@id":"https:\/\/librairie7l.com\/en\/#\/schema\/logo\/image\/","url":"https:\/\/librairie7l.com\/wp-content\/uploads\/2022\/08\/logo-1.png","contentUrl":"https:\/\/librairie7l.com\/wp-content\/uploads\/2022\/08\/logo-1.png","width":227,"height":301,"caption":"Librairie 7L"},"image":{"@id":"https:\/\/librairie7l.com\/en\/#\/schema\/logo\/image\/"}}]}},"_links":{"self":[{"href":"https:\/\/librairie7l.com\/en\/wp-json\/wp\/v2\/product\/26799"}],"collection":[{"href":"https:\/\/librairie7l.com\/en\/wp-json\/wp\/v2\/product"}],"about":[{"href":"https:\/\/librairie7l.com\/en\/wp-json\/wp\/v2\/types\/product"}],"wp:featuredmedia":[{"embeddable":true,"href":"https:\/\/librairie7l.com\/en\/wp-json\/wp\/v2\/media\/26797"}],"wp:attachment":[{"href":"https:\/\/librairie7l.com\/en\/wp-json\/wp\/v2\/media?parent=26799"}],"wp:term":[{"taxonomy":"product_cat","embeddable":true,"href":"https:\/\/librairie7l.com\/en\/wp-json\/wp\/v2\/product_cat?post=26799"},{"taxonomy":"product_tag","embeddable":true,"href":"https:\/\/librairie7l.com\/en\/wp-json\/wp\/v2\/product_tag?post=26799"}],"curies":[{"name":"wp","href":"https:\/\/api.w.org\/{rel}","templated":true}]}}