{"id":26815,"date":"2023-05-10T12:21:55","date_gmt":"2023-05-10T10:21:55","guid":{"rendered":"https:\/\/librairie7l.com\/?post_type=product&#038;p=26815"},"modified":"2026-04-07T14:32:19","modified_gmt":"2026-04-07T12:32:19","slug":"jardins-naturalistes-les-meilleures-plantes-vivaces","status":"publish","type":"product","link":"https:\/\/librairie7l.com\/en\/produit\/jardins-naturalistes-les-meilleures-plantes-vivaces\/","title":{"rendered":"JARDINS NATURALISTES ; LES MEILLEURES PLANTES VIVACES"},"content":{"rendered":"<p>La premi\u00e8re publication de ce livre a provoqu\u00e9 une mini-r\u00e9volution dans le monde du paysage, en cr\u00e9ant un v\u00e9ritable regain d&#8217;int\u00e9r\u00eat pour les plantations de vivaces dans les jardins, connu sous le nom de &#8220;New Perennial Movement&#8221;.<\/p>\n<p>Anim\u00e9e par le c\u00e9l\u00e8bre paysagiste Piet Oudolf et le jardinier-botaniste Henk Gerritsen, cette &#8220;nouvelle  vague&#8221; a litt\u00e9ralement transform\u00e9 la conception des plantations par l&#8217;utilisation naturaliste des plantes vivaces et des gramin\u00e9es.<\/p>\n<p>Ce livre, d\u00e9sormais classique, est pour la premi\u00e8re fois disponible en fran\u00e7ais, dans une version augment\u00e9e et mise \u00e0 jour par Noel Kingsbury pour inclure de nouvelles plantes et combinaisons v\u00e9g\u00e9tales.<\/p>\n<p>Regorgeant d&#8217;informations pratiques et de photos inspirantes, il met \u00e0 la port\u00e9e de tous la palette des vivaces robustes et subtiles, caract\u00e9ristique des jardins de r\u00eave de Piet Oudolf.<\/p>\n","protected":false},"excerpt":{"rendered":"<p>La premi\u00e8re publication de ce livre a provoqu\u00e9 une mini-r\u00e9volution dans le monde du paysage, en cr\u00e9ant un v\u00e9ritable regain d&#8217;int\u00e9r\u00eat pour les plantations de vivaces dans les jardins, connu sous le nom de &#8220;New Perennial Movement&#8221;. Anim\u00e9e par le c\u00e9l\u00e8bre paysagiste Piet Oudolf et le jardinier-botaniste Henk Gerritsen, cette &#8220;nouvelle vague&#8221; a litt\u00e9ralement transform\u00e9 [&hellip;]<\/p>\n","protected":false},"featured_media":26813,"template":"","meta":[],"product_cat":[55,2948,2956,23],"product_tag":[],"acf":[],"yoast_head":"<!-- This site is optimized with the Yoast SEO plugin v20.11 - https:\/\/yoast.com\/wordpress\/plugins\/seo\/ -->\n<title>JARDINS NATURALISTES ; LES MEILLEURES PLANTES VIVACES - Librairie 7L<\/title>\n<meta name=\"robots\" content=\"index, follow, max-snippet:-1, max-image-preview:large, max-video-preview:-1\" \/>\n<link rel=\"canonical\" href=\"https:\/\/librairie7l.com\/en\/produit\/jardins-naturalistes-les-meilleures-plantes-vivaces\/\" \/>\n<meta property=\"og:locale\" content=\"en_US\" \/>\n<meta property=\"og:type\" content=\"article\" \/>\n<meta property=\"og:title\" content=\"JARDINS NATURALISTES ; LES MEILLEURES PLANTES VIVACES - Librairie 7L\" \/>\n<meta property=\"og:description\" content=\"La premi\u00e8re publication de ce livre a provoqu\u00e9 une mini-r\u00e9volution dans le monde du paysage, en cr\u00e9ant un v\u00e9ritable regain d&#8217;int\u00e9r\u00eat pour les plantations de vivaces dans les jardins, connu sous le nom de &#8220;New Perennial Movement&#8221;. Anim\u00e9e par le c\u00e9l\u00e8bre paysagiste Piet Oudolf et le jardinier-botaniste Henk Gerritsen, cette &#8220;nouvelle vague&#8221; a litt\u00e9ralement transform\u00e9 [&hellip;]\" \/>\n<meta property=\"og:url\" content=\"https:\/\/librairie7l.com\/en\/produit\/jardins-naturalistes-les-meilleures-plantes-vivaces\/\" \/>\n<meta property=\"og:site_name\" content=\"Librairie 7L\" \/>\n<meta property=\"article:modified_time\" content=\"2026-04-07T12:32:19+00:00\" \/>\n<meta property=\"og:image\" content=\"https:\/\/librairie7l.com\/wp-content\/uploads\/2020\/06\/9782379221323_1_75.jpg\" \/>\n\t<meta property=\"og:image:width\" content=\"600\" \/>\n\t<meta property=\"og:image:height\" content=\"727\" \/>\n\t<meta property=\"og:image:type\" content=\"image\/jpeg\" \/>\n<meta name=\"twitter:card\" content=\"summary_large_image\" \/>\n<meta name=\"twitter:label1\" content=\"Est. reading time\" \/>\n\t<meta name=\"twitter:data1\" content=\"1 minute\" \/>\n<script type=\"application\/ld+json\" class=\"yoast-schema-graph\">{\"@context\":\"https:\/\/schema.org\",\"@graph\":[{\"@type\":\"WebPage\",\"@id\":\"https:\/\/librairie7l.com\/en\/produit\/jardins-naturalistes-les-meilleures-plantes-vivaces\/\",\"url\":\"https:\/\/librairie7l.com\/en\/produit\/jardins-naturalistes-les-meilleures-plantes-vivaces\/\",\"name\":\"JARDINS NATURALISTES ; LES MEILLEURES PLANTES VIVACES - Librairie 7L\",\"isPartOf\":{\"@id\":\"https:\/\/librairie7l.com\/en\/#website\"},\"datePublished\":\"2023-05-10T10:21:55+00:00\",\"dateModified\":\"2026-04-07T12:32:19+00:00\",\"breadcrumb\":{\"@id\":\"https:\/\/librairie7l.com\/en\/produit\/jardins-naturalistes-les-meilleures-plantes-vivaces\/#breadcrumb\"},\"inLanguage\":\"en-US\",\"potentialAction\":[{\"@type\":\"ReadAction\",\"target\":[\"https:\/\/librairie7l.com\/en\/produit\/jardins-naturalistes-les-meilleures-plantes-vivaces\/\"]}]},{\"@type\":\"BreadcrumbList\",\"@id\":\"https:\/\/librairie7l.com\/en\/produit\/jardins-naturalistes-les-meilleures-plantes-vivaces\/#breadcrumb\",\"itemListElement\":[{\"@type\":\"ListItem\",\"position\":1,\"name\":\"Accueil\",\"item\":\"https:\/\/librairie7l.com\/en\/\"},{\"@type\":\"ListItem\",\"position\":2,\"name\":\"Shop\",\"item\":\"https:\/\/librairie7l.com\/en\/shop\/\"},{\"@type\":\"ListItem\",\"position\":3,\"name\":\"JARDINS NATURALISTES ; LES MEILLEURES PLANTES VIVACES\"}]},{\"@type\":\"WebSite\",\"@id\":\"https:\/\/librairie7l.com\/en\/#website\",\"url\":\"https:\/\/librairie7l.com\/en\/\",\"name\":\"Librairie 7L\",\"description\":\"Librairie fond\u00e9e en 1999 par Karl Lagerfeld \u00e0 Paris\",\"publisher\":{\"@id\":\"https:\/\/librairie7l.com\/en\/#organization\"},\"potentialAction\":[{\"@type\":\"SearchAction\",\"target\":{\"@type\":\"EntryPoint\",\"urlTemplate\":\"https:\/\/librairie7l.com\/en\/?s={search_term_string}\"},\"query-input\":\"required name=search_term_string\"}],\"inLanguage\":\"en-US\"},{\"@type\":\"Organization\",\"@id\":\"https:\/\/librairie7l.com\/en\/#organization\",\"name\":\"Librairie 7L\",\"url\":\"https:\/\/librairie7l.com\/en\/\",\"logo\":{\"@type\":\"ImageObject\",\"inLanguage\":\"en-US\",\"@id\":\"https:\/\/librairie7l.com\/en\/#\/schema\/logo\/image\/\",\"url\":\"https:\/\/librairie7l.com\/wp-content\/uploads\/2022\/08\/logo-1.png\",\"contentUrl\":\"https:\/\/librairie7l.com\/wp-content\/uploads\/2022\/08\/logo-1.png\",\"width\":227,\"height\":301,\"caption\":\"Librairie 7L\"},\"image\":{\"@id\":\"https:\/\/librairie7l.com\/en\/#\/schema\/logo\/image\/\"}}]}<\/script>\n<!-- \/ Yoast SEO plugin. -->","yoast_head_json":{"title":"JARDINS NATURALISTES ; LES MEILLEURES PLANTES VIVACES - Librairie 7L","robots":{"index":"index","follow":"follow","max-snippet":"max-snippet:-1","max-image-preview":"max-image-preview:large","max-video-preview":"max-video-preview:-1"},"canonical":"https:\/\/librairie7l.com\/en\/produit\/jardins-naturalistes-les-meilleures-plantes-vivaces\/","og_locale":"en_US","og_type":"article","og_title":"JARDINS NATURALISTES ; LES MEILLEURES PLANTES VIVACES - Librairie 7L","og_description":"La premi\u00e8re publication de ce livre a provoqu\u00e9 une mini-r\u00e9volution dans le monde du paysage, en cr\u00e9ant un v\u00e9ritable regain d&#8217;int\u00e9r\u00eat pour les plantations de vivaces dans les jardins, connu sous le nom de &#8220;New Perennial Movement&#8221;. Anim\u00e9e par le c\u00e9l\u00e8bre paysagiste Piet Oudolf et le jardinier-botaniste Henk Gerritsen, cette &#8220;nouvelle vague&#8221; a litt\u00e9ralement transform\u00e9 [&hellip;]","og_url":"https:\/\/librairie7l.com\/en\/produit\/jardins-naturalistes-les-meilleures-plantes-vivaces\/","og_site_name":"Librairie 7L","article_modified_time":"2026-04-07T12:32:19+00:00","og_image":[{"width":600,"height":727,"url":"https:\/\/librairie7l.com\/wp-content\/uploads\/2020\/06\/9782379221323_1_75.jpg","type":"image\/jpeg"}],"twitter_card":"summary_large_image","twitter_misc":{"Est. reading time":"1 minute"},"schema":{"@context":"https:\/\/schema.org","@graph":[{"@type":"WebPage","@id":"https:\/\/librairie7l.com\/en\/produit\/jardins-naturalistes-les-meilleures-plantes-vivaces\/","url":"https:\/\/librairie7l.com\/en\/produit\/jardins-naturalistes-les-meilleures-plantes-vivaces\/","name":"JARDINS NATURALISTES ; LES MEILLEURES PLANTES VIVACES - Librairie 7L","isPartOf":{"@id":"https:\/\/librairie7l.com\/en\/#website"},"datePublished":"2023-05-10T10:21:55+00:00","dateModified":"2026-04-07T12:32:19+00:00","breadcrumb":{"@id":"https:\/\/librairie7l.com\/en\/produit\/jardins-naturalistes-les-meilleures-plantes-vivaces\/#breadcrumb"},"inLanguage":"en-US","potentialAction":[{"@type":"ReadAction","target":["https:\/\/librairie7l.com\/en\/produit\/jardins-naturalistes-les-meilleures-plantes-vivaces\/"]}]},{"@type":"BreadcrumbList","@id":"https:\/\/librairie7l.com\/en\/produit\/jardins-naturalistes-les-meilleures-plantes-vivaces\/#breadcrumb","itemListElement":[{"@type":"ListItem","position":1,"name":"Accueil","item":"https:\/\/librairie7l.com\/en\/"},{"@type":"ListItem","position":2,"name":"Shop","item":"https:\/\/librairie7l.com\/en\/shop\/"},{"@type":"ListItem","position":3,"name":"JARDINS NATURALISTES ; LES MEILLEURES PLANTES VIVACES"}]},{"@type":"WebSite","@id":"https:\/\/librairie7l.com\/en\/#website","url":"https:\/\/librairie7l.com\/en\/","name":"Librairie 7L","description":"Librairie fond\u00e9e en 1999 par Karl Lagerfeld \u00e0 Paris","publisher":{"@id":"https:\/\/librairie7l.com\/en\/#organization"},"potentialAction":[{"@type":"SearchAction","target":{"@type":"EntryPoint","urlTemplate":"https:\/\/librairie7l.com\/en\/?s={search_term_string}"},"query-input":"required name=search_term_string"}],"inLanguage":"en-US"},{"@type":"Organization","@id":"https:\/\/librairie7l.com\/en\/#organization","name":"Librairie 7L","url":"https:\/\/librairie7l.com\/en\/","logo":{"@type":"ImageObject","inLanguage":"en-US","@id":"https:\/\/librairie7l.com\/en\/#\/schema\/logo\/image\/","url":"https:\/\/librairie7l.com\/wp-content\/uploads\/2022\/08\/logo-1.png","contentUrl":"https:\/\/librairie7l.com\/wp-content\/uploads\/2022\/08\/logo-1.png","width":227,"height":301,"caption":"Librairie 7L"},"image":{"@id":"https:\/\/librairie7l.com\/en\/#\/schema\/logo\/image\/"}}]}},"_links":{"self":[{"href":"https:\/\/librairie7l.com\/en\/wp-json\/wp\/v2\/product\/26815"}],"collection":[{"href":"https:\/\/librairie7l.com\/en\/wp-json\/wp\/v2\/product"}],"about":[{"href":"https:\/\/librairie7l.com\/en\/wp-json\/wp\/v2\/types\/product"}],"wp:featuredmedia":[{"embeddable":true,"href":"https:\/\/librairie7l.com\/en\/wp-json\/wp\/v2\/media\/26813"}],"wp:attachment":[{"href":"https:\/\/librairie7l.com\/en\/wp-json\/wp\/v2\/media?parent=26815"}],"wp:term":[{"taxonomy":"product_cat","embeddable":true,"href":"https:\/\/librairie7l.com\/en\/wp-json\/wp\/v2\/product_cat?post=26815"},{"taxonomy":"product_tag","embeddable":true,"href":"https:\/\/librairie7l.com\/en\/wp-json\/wp\/v2\/product_tag?post=26815"}],"curies":[{"name":"wp","href":"https:\/\/api.w.org\/{rel}","templated":true}]}}