{"id":26847,"date":"2023-05-10T12:42:27","date_gmt":"2023-05-10T10:42:27","guid":{"rendered":"https:\/\/librairie7l.com\/?post_type=product&#038;p=26847"},"modified":"2026-04-19T07:10:55","modified_gmt":"2026-04-19T05:10:55","slug":"august-sander-hommes-du-xxe-siecle","status":"publish","type":"product","link":"https:\/\/librairie7l.com\/en\/produit\/august-sander-hommes-du-xxe-siecle\/","title":{"rendered":"AUGUST SANDER : HOMMES DU XXE SI\u00c8CLE"},"content":{"rendered":"<p>Un beau livre somme, le plus complet jamais publi\u00e9 sur l&#8217;oeuvre magistrale d&#8217;August Sander &#8211; photographe attach\u00e9 \u00e0 r\u00e9v\u00e9ler son \u00e9poque (le XXe si\u00e8cle), et qui fait date dans l&#8217;histoire de la photographie.<\/p>\n<p>N\u00e9 en Allemagne, le photographe portraitiste August Sander (1876-1964) s&#8217;est attach\u00e9 dans sa pratique artistique \u00e0 transmettre une image fid\u00e8le et objective de son \u00e9poque. Au milieu des ann\u00e9es 1920, il s&#8217;attelle \u00e0 un ambitieux projet intitul\u00e9 \u00ab Hommes du XXe si\u00e8cle \u00bb : dresser \u00e0 grande \u00e9chelle une chronique documentaire la plus exacte possible de la soci\u00e9t\u00e9. Ainsi, sur plusieurs d\u00e9cennies, August Sander r\u00e9alise des centaines de portraits de ses contemporains, seuls ou \u00e0 plusieurs, class\u00e9s par profession ou selon des crit\u00e8res sociaux ou familiaux et visant \u00e0 repr\u00e9senter les diff\u00e9rentes strates de la soci\u00e9t\u00e9 class\u00e9es en sept groupes diff\u00e9rents : \u00ab le paysan \u00bb, \u00ab l&#8217;artisan \u00bb, \u00ab la femme \u00bb, \u00ab les cat\u00e9gories socioprofessionnelles \u00bb, \u00ab les artistes \u00bb, \u00ab la grande ville \u00bb, et enfin, sur les th\u00e8mes du grand \u00e2ge, de la maladie et de la mort, \u00ab les derniers des hommes \u00bb. Remani\u00e9e \u00e0 maintes reprises au fil des ann\u00e9es, cette entreprise monumentale l&#8217;occupa jusqu&#8217;\u00e0 la fin de sa vie. Elle fut partiellement publi\u00e9e mais resta inachev\u00e9e. Dans cette nouvelle \u00e9dition en un seul volume, la plus compl\u00e8te jamais publi\u00e9e, sont rassembl\u00e9s 619 portraits en noir et blanc ainsi qu&#8217;une nouvelle analyse de l&#8217;oeuvre. Un travail magistral sans \u00e9quivalent consid\u00e9r\u00e9 comme un classique de la litt\u00e9rature photographique, unique dans l&#8217;histoire de cet art &#8211; aussi bien sur le plan du concept que du projet lui-m\u00eame.<\/p>\n","protected":false},"excerpt":{"rendered":"<p>Un beau livre somme, le plus complet jamais publi\u00e9 sur l&#8217;oeuvre magistrale d&#8217;August Sander &#8211; photographe attach\u00e9 \u00e0 r\u00e9v\u00e9ler son \u00e9poque (le XXe si\u00e8cle), et qui fait date dans l&#8217;histoire de la photographie. N\u00e9 en Allemagne, le photographe portraitiste August Sander (1876-1964) s&#8217;est attach\u00e9 dans sa pratique artistique \u00e0 transmettre une image fid\u00e8le et objective [&hellip;]<\/p>\n","protected":false},"featured_media":26845,"template":"","meta":[],"product_cat":[55,2948,2958,17],"product_tag":[],"acf":[],"yoast_head":"<!-- This site is optimized with the Yoast SEO plugin v20.11 - https:\/\/yoast.com\/wordpress\/plugins\/seo\/ -->\n<title>AUGUST SANDER : HOMMES DU XXE SI\u00c8CLE - Librairie 7L<\/title>\n<meta name=\"robots\" content=\"index, follow, max-snippet:-1, max-image-preview:large, max-video-preview:-1\" \/>\n<link rel=\"canonical\" href=\"https:\/\/librairie7l.com\/en\/produit\/august-sander-hommes-du-xxe-siecle\/\" \/>\n<meta property=\"og:locale\" content=\"en_US\" \/>\n<meta property=\"og:type\" content=\"article\" \/>\n<meta property=\"og:title\" content=\"AUGUST SANDER : HOMMES DU XXE SI\u00c8CLE - Librairie 7L\" \/>\n<meta property=\"og:description\" content=\"Un beau livre somme, le plus complet jamais publi\u00e9 sur l&#8217;oeuvre magistrale d&#8217;August Sander &#8211; photographe attach\u00e9 \u00e0 r\u00e9v\u00e9ler son \u00e9poque (le XXe si\u00e8cle), et qui fait date dans l&#8217;histoire de la photographie. N\u00e9 en Allemagne, le photographe portraitiste August Sander (1876-1964) s&#8217;est attach\u00e9 dans sa pratique artistique \u00e0 transmettre une image fid\u00e8le et objective [&hellip;]\" \/>\n<meta property=\"og:url\" content=\"https:\/\/librairie7l.com\/en\/produit\/august-sander-hommes-du-xxe-siecle\/\" \/>\n<meta property=\"og:site_name\" content=\"Librairie 7L\" \/>\n<meta property=\"article:modified_time\" content=\"2026-04-19T05:10:55+00:00\" \/>\n<meta property=\"og:image\" content=\"https:\/\/librairie7l.com\/wp-content\/uploads\/2022\/02\/9791040112129_1_75.jpg\" \/>\n\t<meta property=\"og:image:width\" content=\"270\" \/>\n\t<meta property=\"og:image:height\" content=\"392\" \/>\n\t<meta property=\"og:image:type\" content=\"image\/jpeg\" \/>\n<meta name=\"twitter:card\" content=\"summary_large_image\" \/>\n<meta name=\"twitter:label1\" content=\"Est. reading time\" \/>\n\t<meta name=\"twitter:data1\" content=\"1 minute\" \/>\n<script type=\"application\/ld+json\" class=\"yoast-schema-graph\">{\"@context\":\"https:\/\/schema.org\",\"@graph\":[{\"@type\":\"WebPage\",\"@id\":\"https:\/\/librairie7l.com\/en\/produit\/august-sander-hommes-du-xxe-siecle\/\",\"url\":\"https:\/\/librairie7l.com\/en\/produit\/august-sander-hommes-du-xxe-siecle\/\",\"name\":\"AUGUST SANDER : HOMMES DU XXE SI\u00c8CLE - Librairie 7L\",\"isPartOf\":{\"@id\":\"https:\/\/librairie7l.com\/en\/#website\"},\"datePublished\":\"2023-05-10T10:42:27+00:00\",\"dateModified\":\"2026-04-19T05:10:55+00:00\",\"breadcrumb\":{\"@id\":\"https:\/\/librairie7l.com\/en\/produit\/august-sander-hommes-du-xxe-siecle\/#breadcrumb\"},\"inLanguage\":\"en-US\",\"potentialAction\":[{\"@type\":\"ReadAction\",\"target\":[\"https:\/\/librairie7l.com\/en\/produit\/august-sander-hommes-du-xxe-siecle\/\"]}]},{\"@type\":\"BreadcrumbList\",\"@id\":\"https:\/\/librairie7l.com\/en\/produit\/august-sander-hommes-du-xxe-siecle\/#breadcrumb\",\"itemListElement\":[{\"@type\":\"ListItem\",\"position\":1,\"name\":\"Accueil\",\"item\":\"https:\/\/librairie7l.com\/en\/\"},{\"@type\":\"ListItem\",\"position\":2,\"name\":\"Shop\",\"item\":\"https:\/\/librairie7l.com\/en\/shop\/\"},{\"@type\":\"ListItem\",\"position\":3,\"name\":\"AUGUST SANDER : HOMMES DU XXE SI\u00c8CLE\"}]},{\"@type\":\"WebSite\",\"@id\":\"https:\/\/librairie7l.com\/en\/#website\",\"url\":\"https:\/\/librairie7l.com\/en\/\",\"name\":\"Librairie 7L\",\"description\":\"Librairie fond\u00e9e en 1999 par Karl Lagerfeld \u00e0 Paris\",\"publisher\":{\"@id\":\"https:\/\/librairie7l.com\/en\/#organization\"},\"potentialAction\":[{\"@type\":\"SearchAction\",\"target\":{\"@type\":\"EntryPoint\",\"urlTemplate\":\"https:\/\/librairie7l.com\/en\/?s={search_term_string}\"},\"query-input\":\"required name=search_term_string\"}],\"inLanguage\":\"en-US\"},{\"@type\":\"Organization\",\"@id\":\"https:\/\/librairie7l.com\/en\/#organization\",\"name\":\"Librairie 7L\",\"url\":\"https:\/\/librairie7l.com\/en\/\",\"logo\":{\"@type\":\"ImageObject\",\"inLanguage\":\"en-US\",\"@id\":\"https:\/\/librairie7l.com\/en\/#\/schema\/logo\/image\/\",\"url\":\"https:\/\/librairie7l.com\/wp-content\/uploads\/2022\/08\/logo-1.png\",\"contentUrl\":\"https:\/\/librairie7l.com\/wp-content\/uploads\/2022\/08\/logo-1.png\",\"width\":227,\"height\":301,\"caption\":\"Librairie 7L\"},\"image\":{\"@id\":\"https:\/\/librairie7l.com\/en\/#\/schema\/logo\/image\/\"}}]}<\/script>\n<!-- \/ Yoast SEO plugin. -->","yoast_head_json":{"title":"AUGUST SANDER : HOMMES DU XXE SI\u00c8CLE - Librairie 7L","robots":{"index":"index","follow":"follow","max-snippet":"max-snippet:-1","max-image-preview":"max-image-preview:large","max-video-preview":"max-video-preview:-1"},"canonical":"https:\/\/librairie7l.com\/en\/produit\/august-sander-hommes-du-xxe-siecle\/","og_locale":"en_US","og_type":"article","og_title":"AUGUST SANDER : HOMMES DU XXE SI\u00c8CLE - Librairie 7L","og_description":"Un beau livre somme, le plus complet jamais publi\u00e9 sur l&#8217;oeuvre magistrale d&#8217;August Sander &#8211; photographe attach\u00e9 \u00e0 r\u00e9v\u00e9ler son \u00e9poque (le XXe si\u00e8cle), et qui fait date dans l&#8217;histoire de la photographie. N\u00e9 en Allemagne, le photographe portraitiste August Sander (1876-1964) s&#8217;est attach\u00e9 dans sa pratique artistique \u00e0 transmettre une image fid\u00e8le et objective [&hellip;]","og_url":"https:\/\/librairie7l.com\/en\/produit\/august-sander-hommes-du-xxe-siecle\/","og_site_name":"Librairie 7L","article_modified_time":"2026-04-19T05:10:55+00:00","og_image":[{"width":270,"height":392,"url":"https:\/\/librairie7l.com\/wp-content\/uploads\/2022\/02\/9791040112129_1_75.jpg","type":"image\/jpeg"}],"twitter_card":"summary_large_image","twitter_misc":{"Est. reading time":"1 minute"},"schema":{"@context":"https:\/\/schema.org","@graph":[{"@type":"WebPage","@id":"https:\/\/librairie7l.com\/en\/produit\/august-sander-hommes-du-xxe-siecle\/","url":"https:\/\/librairie7l.com\/en\/produit\/august-sander-hommes-du-xxe-siecle\/","name":"AUGUST SANDER : HOMMES DU XXE SI\u00c8CLE - Librairie 7L","isPartOf":{"@id":"https:\/\/librairie7l.com\/en\/#website"},"datePublished":"2023-05-10T10:42:27+00:00","dateModified":"2026-04-19T05:10:55+00:00","breadcrumb":{"@id":"https:\/\/librairie7l.com\/en\/produit\/august-sander-hommes-du-xxe-siecle\/#breadcrumb"},"inLanguage":"en-US","potentialAction":[{"@type":"ReadAction","target":["https:\/\/librairie7l.com\/en\/produit\/august-sander-hommes-du-xxe-siecle\/"]}]},{"@type":"BreadcrumbList","@id":"https:\/\/librairie7l.com\/en\/produit\/august-sander-hommes-du-xxe-siecle\/#breadcrumb","itemListElement":[{"@type":"ListItem","position":1,"name":"Accueil","item":"https:\/\/librairie7l.com\/en\/"},{"@type":"ListItem","position":2,"name":"Shop","item":"https:\/\/librairie7l.com\/en\/shop\/"},{"@type":"ListItem","position":3,"name":"AUGUST SANDER : HOMMES DU XXE SI\u00c8CLE"}]},{"@type":"WebSite","@id":"https:\/\/librairie7l.com\/en\/#website","url":"https:\/\/librairie7l.com\/en\/","name":"Librairie 7L","description":"Librairie fond\u00e9e en 1999 par Karl Lagerfeld \u00e0 Paris","publisher":{"@id":"https:\/\/librairie7l.com\/en\/#organization"},"potentialAction":[{"@type":"SearchAction","target":{"@type":"EntryPoint","urlTemplate":"https:\/\/librairie7l.com\/en\/?s={search_term_string}"},"query-input":"required name=search_term_string"}],"inLanguage":"en-US"},{"@type":"Organization","@id":"https:\/\/librairie7l.com\/en\/#organization","name":"Librairie 7L","url":"https:\/\/librairie7l.com\/en\/","logo":{"@type":"ImageObject","inLanguage":"en-US","@id":"https:\/\/librairie7l.com\/en\/#\/schema\/logo\/image\/","url":"https:\/\/librairie7l.com\/wp-content\/uploads\/2022\/08\/logo-1.png","contentUrl":"https:\/\/librairie7l.com\/wp-content\/uploads\/2022\/08\/logo-1.png","width":227,"height":301,"caption":"Librairie 7L"},"image":{"@id":"https:\/\/librairie7l.com\/en\/#\/schema\/logo\/image\/"}}]}},"_links":{"self":[{"href":"https:\/\/librairie7l.com\/en\/wp-json\/wp\/v2\/product\/26847"}],"collection":[{"href":"https:\/\/librairie7l.com\/en\/wp-json\/wp\/v2\/product"}],"about":[{"href":"https:\/\/librairie7l.com\/en\/wp-json\/wp\/v2\/types\/product"}],"wp:featuredmedia":[{"embeddable":true,"href":"https:\/\/librairie7l.com\/en\/wp-json\/wp\/v2\/media\/26845"}],"wp:attachment":[{"href":"https:\/\/librairie7l.com\/en\/wp-json\/wp\/v2\/media?parent=26847"}],"wp:term":[{"taxonomy":"product_cat","embeddable":true,"href":"https:\/\/librairie7l.com\/en\/wp-json\/wp\/v2\/product_cat?post=26847"},{"taxonomy":"product_tag","embeddable":true,"href":"https:\/\/librairie7l.com\/en\/wp-json\/wp\/v2\/product_tag?post=26847"}],"curies":[{"name":"wp","href":"https:\/\/api.w.org\/{rel}","templated":true}]}}