{"id":26859,"date":"2023-05-10T12:42:47","date_gmt":"2023-05-10T10:42:47","guid":{"rendered":"https:\/\/librairie7l.com\/?post_type=product&#038;p=26859"},"modified":"2026-04-17T18:06:01","modified_gmt":"2026-04-17T16:06:01","slug":"william-morris-lart-dans-tout","status":"publish","type":"product","link":"https:\/\/librairie7l.com\/en\/produit\/william-morris-lart-dans-tout\/","title":{"rendered":"WILLIAM MORRIS : L&#8217;ART DANS TOUT"},"content":{"rendered":"<p>Jamais pr\u00e9sent\u00e9 en France, l&#8217;oeuvre du visionnaire William Morris a fortement marqu\u00e9 son \u00e9poque en th\u00e9orisant une utopie sociale, politique, \u00e9cologique et artistique et en posant les bases de ce qu&#8217;on nommera plus tard les Arts &amp; Crafts, qui d\u00e9fendent l&#8217;art dans tout et pour tous en r\u00e9action \u00e0 l&#8217;industrialisation des savoir-faire artisanaux.<br \/>\nDesigner textile, \u00e9crivain, po\u00e8te, peintre, dessinateur, architecte, fabricant, militant socialiste, \u00e9cologiste et incroyable th\u00e9oricien, William Morris a d\u00e9velopp\u00e9 un oeuvre complexe et a milit\u00e9 pour qu&#8217;on consid\u00e8re d&#8217;une nouvelle mani\u00e8re l&#8217;art et l&#8217;artisanat, mais aussi les artistes et les artisans de l&#8217;Angleterre victorienne de la fin du XIXe si\u00e8cle, marqu\u00e9e par l&#8217;apparition d&#8217;une soci\u00e9t\u00e9 industrielle. Il est c\u00e9l\u00e8bre \u00e0 la fois pour ses oeuvres litt\u00e9raires, son engagement politique socialiste, son travail d&#8217;\u00e9dition et ses cr\u00e9ations dans le domaine des arts d\u00e9coratifs.<br \/>\nEn r\u00e9action \u00e0 la r\u00e9volution industrielle qui a marqu\u00e9 l&#8217;\u00e9poque victorienne, William Morris affirme l&#8217;importance de toutes les formes d&#8217;art &#8211; peinture, architecture, graphisme, artisanat, litt\u00e9rature &#8230; Il oeuvre ainsi \u00e0 redonner des qualit\u00e9s esth\u00e9tiques aux objets, m\u00eame les plus usuels, en produisant, par le travail manuel, de la beaut\u00e9 \u00e0 l&#8217;usage de toutes les couches de la soci\u00e9t\u00e9 et en valorisant les savoir- faire les plus rares pour aller contre le prosa\u00efsme du monde industriel. Ses recherches formelles et historiques sur la culture Celte et le Moyen-Age nourrissent son inspiration et celles de ses amis artistes dont beaucoup appartiennent au mouvement des pr\u00e9rapha\u00e9lites &#8211; Dante Gabriel Rossetti, Edward Burne-Jones, William Holman Hunt, John Everett Millais&#8230;- qui se cr\u00e9e autour de lui.<br \/>\nLa nouvelle organisation \u00e9thique de l&#8217;art, th\u00e9oris\u00e9e par Ruskin et mise en place par William Morris, ajoute \u00e0 son oeuvre une dimension sociale et \u00e9cologique, qui est aujourd&#8217;hui parfaitement d&#8217;actualit\u00e9 : exp\u00e9rience d&#8217;ateliers collectifs, retour \u00e0 la campagne dans des colonies d&#8217;artisans, entreprises dont les profits sont revers\u00e9s aux ouvriers, attention port\u00e9e aux conditions de fabrication des objets manufactur\u00e9s et le d\u00e9sir de prendre en compte la dignit\u00e9 de ceux qui les fabriquent, conviction que la \u00ab beaut\u00e9 \u00bb contribue \u00e0 donner un sens \u00e0 l&#8217;existence.<br \/>\nAvec cette exposition, La Piscine propose aux visiteurs de plonger dans l&#8217;univers de William Morris. Tapisseries, tentures, mobiliers, peintures, dessins seront pr\u00e9sent\u00e9s dans une sc\u00e9nographie volontairement immersive imagin\u00e9e par C\u00e9dric Guerlus.<\/p>\n","protected":false},"excerpt":{"rendered":"<p>Jamais pr\u00e9sent\u00e9 en France, l&#8217;oeuvre du visionnaire William Morris a fortement marqu\u00e9 son \u00e9poque en th\u00e9orisant une utopie sociale, politique, \u00e9cologique et artistique et en posant les bases de ce qu&#8217;on nommera plus tard les Arts &amp; Crafts, qui d\u00e9fendent l&#8217;art dans tout et pour tous en r\u00e9action \u00e0 l&#8217;industrialisation des savoir-faire artisanaux. Designer textile, [&hellip;]<\/p>\n","protected":false},"featured_media":26857,"template":"","meta":[],"product_cat":[55,2948,47,2953],"product_tag":[],"acf":[],"yoast_head":"<!-- This site is optimized with the Yoast SEO plugin v20.11 - https:\/\/yoast.com\/wordpress\/plugins\/seo\/ -->\n<title>WILLIAM MORRIS : L&#039;ART DANS TOUT - Librairie 7L<\/title>\n<meta name=\"robots\" content=\"index, follow, max-snippet:-1, max-image-preview:large, max-video-preview:-1\" \/>\n<link rel=\"canonical\" href=\"https:\/\/librairie7l.com\/en\/produit\/william-morris-lart-dans-tout\/\" \/>\n<meta property=\"og:locale\" content=\"en_US\" \/>\n<meta property=\"og:type\" content=\"article\" \/>\n<meta property=\"og:title\" content=\"WILLIAM MORRIS : L&#039;ART DANS TOUT - Librairie 7L\" \/>\n<meta property=\"og:description\" content=\"Jamais pr\u00e9sent\u00e9 en France, l&#8217;oeuvre du visionnaire William Morris a fortement marqu\u00e9 son \u00e9poque en th\u00e9orisant une utopie sociale, politique, \u00e9cologique et artistique et en posant les bases de ce qu&#8217;on nommera plus tard les Arts &amp; Crafts, qui d\u00e9fendent l&#8217;art dans tout et pour tous en r\u00e9action \u00e0 l&#8217;industrialisation des savoir-faire artisanaux. Designer textile, [&hellip;]\" \/>\n<meta property=\"og:url\" content=\"https:\/\/librairie7l.com\/en\/produit\/william-morris-lart-dans-tout\/\" \/>\n<meta property=\"og:site_name\" content=\"Librairie 7L\" \/>\n<meta property=\"article:modified_time\" content=\"2026-04-17T16:06:01+00:00\" \/>\n<meta property=\"og:image\" content=\"https:\/\/librairie7l.com\/wp-content\/uploads\/2022\/05\/9789461618467_1_75.jpg\" \/>\n\t<meta property=\"og:image:width\" content=\"400\" \/>\n\t<meta property=\"og:image:height\" content=\"491\" \/>\n\t<meta property=\"og:image:type\" content=\"image\/jpeg\" \/>\n<meta name=\"twitter:card\" content=\"summary_large_image\" \/>\n<meta name=\"twitter:label1\" content=\"Est. reading time\" \/>\n\t<meta name=\"twitter:data1\" content=\"2 minutes\" \/>\n<script type=\"application\/ld+json\" class=\"yoast-schema-graph\">{\"@context\":\"https:\/\/schema.org\",\"@graph\":[{\"@type\":\"WebPage\",\"@id\":\"https:\/\/librairie7l.com\/en\/produit\/william-morris-lart-dans-tout\/\",\"url\":\"https:\/\/librairie7l.com\/en\/produit\/william-morris-lart-dans-tout\/\",\"name\":\"WILLIAM MORRIS : L'ART DANS TOUT - Librairie 7L\",\"isPartOf\":{\"@id\":\"https:\/\/librairie7l.com\/en\/#website\"},\"datePublished\":\"2023-05-10T10:42:47+00:00\",\"dateModified\":\"2026-04-17T16:06:01+00:00\",\"breadcrumb\":{\"@id\":\"https:\/\/librairie7l.com\/en\/produit\/william-morris-lart-dans-tout\/#breadcrumb\"},\"inLanguage\":\"en-US\",\"potentialAction\":[{\"@type\":\"ReadAction\",\"target\":[\"https:\/\/librairie7l.com\/en\/produit\/william-morris-lart-dans-tout\/\"]}]},{\"@type\":\"BreadcrumbList\",\"@id\":\"https:\/\/librairie7l.com\/en\/produit\/william-morris-lart-dans-tout\/#breadcrumb\",\"itemListElement\":[{\"@type\":\"ListItem\",\"position\":1,\"name\":\"Accueil\",\"item\":\"https:\/\/librairie7l.com\/en\/\"},{\"@type\":\"ListItem\",\"position\":2,\"name\":\"Shop\",\"item\":\"https:\/\/librairie7l.com\/en\/shop\/\"},{\"@type\":\"ListItem\",\"position\":3,\"name\":\"WILLIAM MORRIS : L&#8217;ART DANS TOUT\"}]},{\"@type\":\"WebSite\",\"@id\":\"https:\/\/librairie7l.com\/en\/#website\",\"url\":\"https:\/\/librairie7l.com\/en\/\",\"name\":\"Librairie 7L\",\"description\":\"Librairie fond\u00e9e en 1999 par Karl Lagerfeld \u00e0 Paris\",\"publisher\":{\"@id\":\"https:\/\/librairie7l.com\/en\/#organization\"},\"potentialAction\":[{\"@type\":\"SearchAction\",\"target\":{\"@type\":\"EntryPoint\",\"urlTemplate\":\"https:\/\/librairie7l.com\/en\/?s={search_term_string}\"},\"query-input\":\"required name=search_term_string\"}],\"inLanguage\":\"en-US\"},{\"@type\":\"Organization\",\"@id\":\"https:\/\/librairie7l.com\/en\/#organization\",\"name\":\"Librairie 7L\",\"url\":\"https:\/\/librairie7l.com\/en\/\",\"logo\":{\"@type\":\"ImageObject\",\"inLanguage\":\"en-US\",\"@id\":\"https:\/\/librairie7l.com\/en\/#\/schema\/logo\/image\/\",\"url\":\"https:\/\/librairie7l.com\/wp-content\/uploads\/2022\/08\/logo-1.png\",\"contentUrl\":\"https:\/\/librairie7l.com\/wp-content\/uploads\/2022\/08\/logo-1.png\",\"width\":227,\"height\":301,\"caption\":\"Librairie 7L\"},\"image\":{\"@id\":\"https:\/\/librairie7l.com\/en\/#\/schema\/logo\/image\/\"}}]}<\/script>\n<!-- \/ Yoast SEO plugin. -->","yoast_head_json":{"title":"WILLIAM MORRIS : L'ART DANS TOUT - Librairie 7L","robots":{"index":"index","follow":"follow","max-snippet":"max-snippet:-1","max-image-preview":"max-image-preview:large","max-video-preview":"max-video-preview:-1"},"canonical":"https:\/\/librairie7l.com\/en\/produit\/william-morris-lart-dans-tout\/","og_locale":"en_US","og_type":"article","og_title":"WILLIAM MORRIS : L'ART DANS TOUT - Librairie 7L","og_description":"Jamais pr\u00e9sent\u00e9 en France, l&#8217;oeuvre du visionnaire William Morris a fortement marqu\u00e9 son \u00e9poque en th\u00e9orisant une utopie sociale, politique, \u00e9cologique et artistique et en posant les bases de ce qu&#8217;on nommera plus tard les Arts &amp; Crafts, qui d\u00e9fendent l&#8217;art dans tout et pour tous en r\u00e9action \u00e0 l&#8217;industrialisation des savoir-faire artisanaux. Designer textile, [&hellip;]","og_url":"https:\/\/librairie7l.com\/en\/produit\/william-morris-lart-dans-tout\/","og_site_name":"Librairie 7L","article_modified_time":"2026-04-17T16:06:01+00:00","og_image":[{"width":400,"height":491,"url":"https:\/\/librairie7l.com\/wp-content\/uploads\/2022\/05\/9789461618467_1_75.jpg","type":"image\/jpeg"}],"twitter_card":"summary_large_image","twitter_misc":{"Est. reading time":"2 minutes"},"schema":{"@context":"https:\/\/schema.org","@graph":[{"@type":"WebPage","@id":"https:\/\/librairie7l.com\/en\/produit\/william-morris-lart-dans-tout\/","url":"https:\/\/librairie7l.com\/en\/produit\/william-morris-lart-dans-tout\/","name":"WILLIAM MORRIS : L'ART DANS TOUT - Librairie 7L","isPartOf":{"@id":"https:\/\/librairie7l.com\/en\/#website"},"datePublished":"2023-05-10T10:42:47+00:00","dateModified":"2026-04-17T16:06:01+00:00","breadcrumb":{"@id":"https:\/\/librairie7l.com\/en\/produit\/william-morris-lart-dans-tout\/#breadcrumb"},"inLanguage":"en-US","potentialAction":[{"@type":"ReadAction","target":["https:\/\/librairie7l.com\/en\/produit\/william-morris-lart-dans-tout\/"]}]},{"@type":"BreadcrumbList","@id":"https:\/\/librairie7l.com\/en\/produit\/william-morris-lart-dans-tout\/#breadcrumb","itemListElement":[{"@type":"ListItem","position":1,"name":"Accueil","item":"https:\/\/librairie7l.com\/en\/"},{"@type":"ListItem","position":2,"name":"Shop","item":"https:\/\/librairie7l.com\/en\/shop\/"},{"@type":"ListItem","position":3,"name":"WILLIAM MORRIS : L&#8217;ART DANS TOUT"}]},{"@type":"WebSite","@id":"https:\/\/librairie7l.com\/en\/#website","url":"https:\/\/librairie7l.com\/en\/","name":"Librairie 7L","description":"Librairie fond\u00e9e en 1999 par Karl Lagerfeld \u00e0 Paris","publisher":{"@id":"https:\/\/librairie7l.com\/en\/#organization"},"potentialAction":[{"@type":"SearchAction","target":{"@type":"EntryPoint","urlTemplate":"https:\/\/librairie7l.com\/en\/?s={search_term_string}"},"query-input":"required name=search_term_string"}],"inLanguage":"en-US"},{"@type":"Organization","@id":"https:\/\/librairie7l.com\/en\/#organization","name":"Librairie 7L","url":"https:\/\/librairie7l.com\/en\/","logo":{"@type":"ImageObject","inLanguage":"en-US","@id":"https:\/\/librairie7l.com\/en\/#\/schema\/logo\/image\/","url":"https:\/\/librairie7l.com\/wp-content\/uploads\/2022\/08\/logo-1.png","contentUrl":"https:\/\/librairie7l.com\/wp-content\/uploads\/2022\/08\/logo-1.png","width":227,"height":301,"caption":"Librairie 7L"},"image":{"@id":"https:\/\/librairie7l.com\/en\/#\/schema\/logo\/image\/"}}]}},"_links":{"self":[{"href":"https:\/\/librairie7l.com\/en\/wp-json\/wp\/v2\/product\/26859"}],"collection":[{"href":"https:\/\/librairie7l.com\/en\/wp-json\/wp\/v2\/product"}],"about":[{"href":"https:\/\/librairie7l.com\/en\/wp-json\/wp\/v2\/types\/product"}],"wp:featuredmedia":[{"embeddable":true,"href":"https:\/\/librairie7l.com\/en\/wp-json\/wp\/v2\/media\/26857"}],"wp:attachment":[{"href":"https:\/\/librairie7l.com\/en\/wp-json\/wp\/v2\/media?parent=26859"}],"wp:term":[{"taxonomy":"product_cat","embeddable":true,"href":"https:\/\/librairie7l.com\/en\/wp-json\/wp\/v2\/product_cat?post=26859"},{"taxonomy":"product_tag","embeddable":true,"href":"https:\/\/librairie7l.com\/en\/wp-json\/wp\/v2\/product_tag?post=26859"}],"curies":[{"name":"wp","href":"https:\/\/api.w.org\/{rel}","templated":true}]}}