{"id":26863,"date":"2023-05-10T12:42:50","date_gmt":"2023-05-10T10:42:50","guid":{"rendered":"https:\/\/librairie7l.com\/?post_type=product&#038;p=26863"},"modified":"2026-04-19T08:59:17","modified_gmt":"2026-04-19T06:59:17","slug":"romy-schneider-film-par-film","status":"publish","type":"product","link":"https:\/\/librairie7l.com\/en\/produit\/romy-schneider-film-par-film\/","title":{"rendered":"ROMY SCHNEIDER ; FILM PAR FILM"},"content":{"rendered":"<p>\u00ab Romy Schneider est bien plus qu&#8217;une star de cin\u00e9ma. Elle est une v\u00e9ritable ic\u00f4ne, un symbole fort pour une g\u00e9n\u00e9ration enti\u00e8re. Femme libre, artiste accomplie, elle continue de fasciner encore aujourd&#8217;hui. Elle incarne la femme moderne, elle est l&#8217;image m\u00eame de ces femmes qui, dans les ann\u00e9es 1970, ont cherch\u00e9 \u00e0 gagner leur libert\u00e9 et la ma\u00eetrise de leur destin. Elle est &#8220;l&#8217;image de toutes les femmes&#8221; comme le disait si justement Claude Sautet. On aime Romy car d\u00e8s son plus jeune \u00e2ge, elle rue dans les brancards et s&#8217;\u00e9l\u00e8ve contre sa famille et une m\u00e8re \u00e9touffante. On aime Romy car elle aime aimer les hommes, sans entraves et sans barri\u00e8res. Mais on l&#8217;aime aussi parce qu&#8217;elle est une m\u00e8re attentive et chaleureuse, parce qu&#8217;elle a choisi de prendre sa vie \u00e0 bras-le-corps, plut\u00f4t deux fois qu&#8217;une, avec passion toujours : &#8220;Dans la vie, comme au cin\u00e9ma, j&#8217;applique la devise Tout ou rien. La t\u00e9m\u00e9rit\u00e9 est quelque chose qui m&#8217;a toujours aid\u00e9e \u00e0 avancer.&#8221; Tels sont les mots de Romy. Elle est une Antigone des temps modernes qui, comme l&#8217;h\u00e9ro\u00efne grecque, affirme haut et fort &#8220;Je veux tout!&#8221;\u00bb Isabelle Giordano.<\/p>\n","protected":false},"excerpt":{"rendered":"<p>\u00ab Romy Schneider est bien plus qu&#8217;une star de cin\u00e9ma. Elle est une v\u00e9ritable ic\u00f4ne, un symbole fort pour une g\u00e9n\u00e9ration enti\u00e8re. Femme libre, artiste accomplie, elle continue de fasciner encore aujourd&#8217;hui. Elle incarne la femme moderne, elle est l&#8217;image m\u00eame de ces femmes qui, dans les ann\u00e9es 1970, ont cherch\u00e9 \u00e0 gagner leur libert\u00e9 [&hellip;]<\/p>\n","protected":false},"featured_media":26861,"template":"","meta":[],"product_cat":[55,2948,2958,17],"product_tag":[],"acf":[],"yoast_head":"<!-- This site is optimized with the Yoast SEO plugin v20.11 - https:\/\/yoast.com\/wordpress\/plugins\/seo\/ -->\n<title>ROMY SCHNEIDER ; FILM PAR FILM - Librairie 7L<\/title>\n<meta name=\"robots\" content=\"index, follow, max-snippet:-1, max-image-preview:large, max-video-preview:-1\" \/>\n<link rel=\"canonical\" href=\"https:\/\/librairie7l.com\/en\/produit\/romy-schneider-film-par-film\/\" \/>\n<meta property=\"og:locale\" content=\"en_US\" \/>\n<meta property=\"og:type\" content=\"article\" \/>\n<meta property=\"og:title\" content=\"ROMY SCHNEIDER ; FILM PAR FILM - Librairie 7L\" \/>\n<meta property=\"og:description\" content=\"\u00ab Romy Schneider est bien plus qu&#8217;une star de cin\u00e9ma. Elle est une v\u00e9ritable ic\u00f4ne, un symbole fort pour une g\u00e9n\u00e9ration enti\u00e8re. Femme libre, artiste accomplie, elle continue de fasciner encore aujourd&#8217;hui. Elle incarne la femme moderne, elle est l&#8217;image m\u00eame de ces femmes qui, dans les ann\u00e9es 1970, ont cherch\u00e9 \u00e0 gagner leur libert\u00e9 [&hellip;]\" \/>\n<meta property=\"og:url\" content=\"https:\/\/librairie7l.com\/en\/produit\/romy-schneider-film-par-film\/\" \/>\n<meta property=\"og:site_name\" content=\"Librairie 7L\" \/>\n<meta property=\"article:modified_time\" content=\"2026-04-19T06:59:17+00:00\" \/>\n<meta property=\"og:image\" content=\"https:\/\/librairie7l.com\/wp-content\/uploads\/2017\/05\/9782742450350_1_75.jpg\" \/>\n\t<meta property=\"og:image:width\" content=\"600\" \/>\n\t<meta property=\"og:image:height\" content=\"684\" \/>\n\t<meta property=\"og:image:type\" content=\"image\/jpeg\" \/>\n<meta name=\"twitter:card\" content=\"summary_large_image\" \/>\n<meta name=\"twitter:label1\" content=\"Est. reading time\" \/>\n\t<meta name=\"twitter:data1\" content=\"1 minute\" \/>\n<script type=\"application\/ld+json\" class=\"yoast-schema-graph\">{\"@context\":\"https:\/\/schema.org\",\"@graph\":[{\"@type\":\"WebPage\",\"@id\":\"https:\/\/librairie7l.com\/en\/produit\/romy-schneider-film-par-film\/\",\"url\":\"https:\/\/librairie7l.com\/en\/produit\/romy-schneider-film-par-film\/\",\"name\":\"ROMY SCHNEIDER ; FILM PAR FILM - Librairie 7L\",\"isPartOf\":{\"@id\":\"https:\/\/librairie7l.com\/en\/#website\"},\"datePublished\":\"2023-05-10T10:42:50+00:00\",\"dateModified\":\"2026-04-19T06:59:17+00:00\",\"breadcrumb\":{\"@id\":\"https:\/\/librairie7l.com\/en\/produit\/romy-schneider-film-par-film\/#breadcrumb\"},\"inLanguage\":\"en-US\",\"potentialAction\":[{\"@type\":\"ReadAction\",\"target\":[\"https:\/\/librairie7l.com\/en\/produit\/romy-schneider-film-par-film\/\"]}]},{\"@type\":\"BreadcrumbList\",\"@id\":\"https:\/\/librairie7l.com\/en\/produit\/romy-schneider-film-par-film\/#breadcrumb\",\"itemListElement\":[{\"@type\":\"ListItem\",\"position\":1,\"name\":\"Accueil\",\"item\":\"https:\/\/librairie7l.com\/en\/\"},{\"@type\":\"ListItem\",\"position\":2,\"name\":\"Shop\",\"item\":\"https:\/\/librairie7l.com\/en\/shop\/\"},{\"@type\":\"ListItem\",\"position\":3,\"name\":\"ROMY SCHNEIDER ; FILM PAR FILM\"}]},{\"@type\":\"WebSite\",\"@id\":\"https:\/\/librairie7l.com\/en\/#website\",\"url\":\"https:\/\/librairie7l.com\/en\/\",\"name\":\"Librairie 7L\",\"description\":\"Librairie fond\u00e9e en 1999 par Karl Lagerfeld \u00e0 Paris\",\"publisher\":{\"@id\":\"https:\/\/librairie7l.com\/en\/#organization\"},\"potentialAction\":[{\"@type\":\"SearchAction\",\"target\":{\"@type\":\"EntryPoint\",\"urlTemplate\":\"https:\/\/librairie7l.com\/en\/?s={search_term_string}\"},\"query-input\":\"required name=search_term_string\"}],\"inLanguage\":\"en-US\"},{\"@type\":\"Organization\",\"@id\":\"https:\/\/librairie7l.com\/en\/#organization\",\"name\":\"Librairie 7L\",\"url\":\"https:\/\/librairie7l.com\/en\/\",\"logo\":{\"@type\":\"ImageObject\",\"inLanguage\":\"en-US\",\"@id\":\"https:\/\/librairie7l.com\/en\/#\/schema\/logo\/image\/\",\"url\":\"https:\/\/librairie7l.com\/wp-content\/uploads\/2022\/08\/logo-1.png\",\"contentUrl\":\"https:\/\/librairie7l.com\/wp-content\/uploads\/2022\/08\/logo-1.png\",\"width\":227,\"height\":301,\"caption\":\"Librairie 7L\"},\"image\":{\"@id\":\"https:\/\/librairie7l.com\/en\/#\/schema\/logo\/image\/\"}}]}<\/script>\n<!-- \/ Yoast SEO plugin. -->","yoast_head_json":{"title":"ROMY SCHNEIDER ; FILM PAR FILM - Librairie 7L","robots":{"index":"index","follow":"follow","max-snippet":"max-snippet:-1","max-image-preview":"max-image-preview:large","max-video-preview":"max-video-preview:-1"},"canonical":"https:\/\/librairie7l.com\/en\/produit\/romy-schneider-film-par-film\/","og_locale":"en_US","og_type":"article","og_title":"ROMY SCHNEIDER ; FILM PAR FILM - Librairie 7L","og_description":"\u00ab Romy Schneider est bien plus qu&#8217;une star de cin\u00e9ma. Elle est une v\u00e9ritable ic\u00f4ne, un symbole fort pour une g\u00e9n\u00e9ration enti\u00e8re. Femme libre, artiste accomplie, elle continue de fasciner encore aujourd&#8217;hui. Elle incarne la femme moderne, elle est l&#8217;image m\u00eame de ces femmes qui, dans les ann\u00e9es 1970, ont cherch\u00e9 \u00e0 gagner leur libert\u00e9 [&hellip;]","og_url":"https:\/\/librairie7l.com\/en\/produit\/romy-schneider-film-par-film\/","og_site_name":"Librairie 7L","article_modified_time":"2026-04-19T06:59:17+00:00","og_image":[{"width":600,"height":684,"url":"https:\/\/librairie7l.com\/wp-content\/uploads\/2017\/05\/9782742450350_1_75.jpg","type":"image\/jpeg"}],"twitter_card":"summary_large_image","twitter_misc":{"Est. reading time":"1 minute"},"schema":{"@context":"https:\/\/schema.org","@graph":[{"@type":"WebPage","@id":"https:\/\/librairie7l.com\/en\/produit\/romy-schneider-film-par-film\/","url":"https:\/\/librairie7l.com\/en\/produit\/romy-schneider-film-par-film\/","name":"ROMY SCHNEIDER ; FILM PAR FILM - Librairie 7L","isPartOf":{"@id":"https:\/\/librairie7l.com\/en\/#website"},"datePublished":"2023-05-10T10:42:50+00:00","dateModified":"2026-04-19T06:59:17+00:00","breadcrumb":{"@id":"https:\/\/librairie7l.com\/en\/produit\/romy-schneider-film-par-film\/#breadcrumb"},"inLanguage":"en-US","potentialAction":[{"@type":"ReadAction","target":["https:\/\/librairie7l.com\/en\/produit\/romy-schneider-film-par-film\/"]}]},{"@type":"BreadcrumbList","@id":"https:\/\/librairie7l.com\/en\/produit\/romy-schneider-film-par-film\/#breadcrumb","itemListElement":[{"@type":"ListItem","position":1,"name":"Accueil","item":"https:\/\/librairie7l.com\/en\/"},{"@type":"ListItem","position":2,"name":"Shop","item":"https:\/\/librairie7l.com\/en\/shop\/"},{"@type":"ListItem","position":3,"name":"ROMY SCHNEIDER ; FILM PAR FILM"}]},{"@type":"WebSite","@id":"https:\/\/librairie7l.com\/en\/#website","url":"https:\/\/librairie7l.com\/en\/","name":"Librairie 7L","description":"Librairie fond\u00e9e en 1999 par Karl Lagerfeld \u00e0 Paris","publisher":{"@id":"https:\/\/librairie7l.com\/en\/#organization"},"potentialAction":[{"@type":"SearchAction","target":{"@type":"EntryPoint","urlTemplate":"https:\/\/librairie7l.com\/en\/?s={search_term_string}"},"query-input":"required name=search_term_string"}],"inLanguage":"en-US"},{"@type":"Organization","@id":"https:\/\/librairie7l.com\/en\/#organization","name":"Librairie 7L","url":"https:\/\/librairie7l.com\/en\/","logo":{"@type":"ImageObject","inLanguage":"en-US","@id":"https:\/\/librairie7l.com\/en\/#\/schema\/logo\/image\/","url":"https:\/\/librairie7l.com\/wp-content\/uploads\/2022\/08\/logo-1.png","contentUrl":"https:\/\/librairie7l.com\/wp-content\/uploads\/2022\/08\/logo-1.png","width":227,"height":301,"caption":"Librairie 7L"},"image":{"@id":"https:\/\/librairie7l.com\/en\/#\/schema\/logo\/image\/"}}]}},"_links":{"self":[{"href":"https:\/\/librairie7l.com\/en\/wp-json\/wp\/v2\/product\/26863"}],"collection":[{"href":"https:\/\/librairie7l.com\/en\/wp-json\/wp\/v2\/product"}],"about":[{"href":"https:\/\/librairie7l.com\/en\/wp-json\/wp\/v2\/types\/product"}],"wp:featuredmedia":[{"embeddable":true,"href":"https:\/\/librairie7l.com\/en\/wp-json\/wp\/v2\/media\/26861"}],"wp:attachment":[{"href":"https:\/\/librairie7l.com\/en\/wp-json\/wp\/v2\/media?parent=26863"}],"wp:term":[{"taxonomy":"product_cat","embeddable":true,"href":"https:\/\/librairie7l.com\/en\/wp-json\/wp\/v2\/product_cat?post=26863"},{"taxonomy":"product_tag","embeddable":true,"href":"https:\/\/librairie7l.com\/en\/wp-json\/wp\/v2\/product_tag?post=26863"}],"curies":[{"name":"wp","href":"https:\/\/api.w.org\/{rel}","templated":true}]}}