{"id":26879,"date":"2023-05-10T12:43:31","date_gmt":"2023-05-10T10:43:31","guid":{"rendered":"https:\/\/librairie7l.com\/?post_type=product&#038;p=26879"},"modified":"2026-04-09T17:45:55","modified_gmt":"2026-04-09T15:45:55","slug":"magic-moires-art-et-science-du-moire-selon-gerald-oster","status":"publish","type":"product","link":"https:\/\/librairie7l.com\/en\/produit\/magic-moires-art-et-science-du-moire-selon-gerald-oster\/","title":{"rendered":"MAGIC MOIR\u00c9S : ART ET SCIENCE DU MOIR\u00c9 SELON GERALD OSTER"},"content":{"rendered":"<p>Bien que l&#8217;effet moir\u00e9 soit nomm\u00e9 et d\u00e9crit d\u00e8s le d\u00e9but des ann\u00e9es 1960, il n&#8217;avait jamais constitu\u00e9 un objet de recherche en tant que tel, et cela en d\u00e9pit de la vogue r\u00e9cente des \u00e9tudes sur l&#8217;art optique et cin\u00e9tique. Cette lacune est aujourd&#8217;hui combl\u00e9e gr\u00e2ce \u00e0 cet essai monographique de l&#8217;historien de l&#8217;art Arnauld Pierre qui se penche sur la magie du moir\u00e9 &#8211; ou comment, de la superposition de structures g\u00e9om\u00e9triques statiques et r\u00e9p\u00e9titives, relativement peu int\u00e9ressantes en elles-m\u00eames, on passe avec une rapidit\u00e9 foudroyante \u00e0 un monde de structures vibrantes et vacillantes, qui se d\u00e9forment et se reforment en permanence sous l&#8217;oeil conquis du spectateur.Arnauld Pierre r\u00e9habilite dans le m\u00eame temps, ou en tout cas fait \u00e0 nouveau conna\u00eetre, une figure oubli\u00e9e \u00e0 propos de laquelle tout ou presque \u00e9tait in\u00e9dit : Gerald Oster, figure un peu fantasque de cette \u00e9poque, \u00e0 la c\u00e9l\u00e9brit\u00e9 aussi soudaine qu&#8217;\u00e9ph\u00e9m\u00e8re, autoproclam\u00e9 \u00ab P\u00e8re du Moir\u00e9 \u00bb, dont le r\u00f4le central est devenu une \u00e9vidence au fil des recherches et de l&#8217;\u00e9criture. Entre art et science, entre magie et cybern\u00e9tique, Magic moir\u00e9s est une piq\u00fbre de rappel surprenante de ces ann\u00e9es 1960 psych\u00e9d\u00e9liques.<\/p>\n","protected":false},"excerpt":{"rendered":"<p>Bien que l&#8217;effet moir\u00e9 soit nomm\u00e9 et d\u00e9crit d\u00e8s le d\u00e9but des ann\u00e9es 1960, il n&#8217;avait jamais constitu\u00e9 un objet de recherche en tant que tel, et cela en d\u00e9pit de la vogue r\u00e9cente des \u00e9tudes sur l&#8217;art optique et cin\u00e9tique. Cette lacune est aujourd&#8217;hui combl\u00e9e gr\u00e2ce \u00e0 cet essai monographique de l&#8217;historien de l&#8217;art [&hellip;]<\/p>\n","protected":false},"featured_media":33707,"template":"","meta":[],"product_cat":[55,2948,47,2953],"product_tag":[],"acf":[],"yoast_head":"<!-- This site is optimized with the Yoast SEO plugin v20.11 - https:\/\/yoast.com\/wordpress\/plugins\/seo\/ -->\n<title>MAGIC MOIR\u00c9S : ART ET SCIENCE DU MOIR\u00c9 SELON GERALD OSTER - Librairie 7L<\/title>\n<meta name=\"robots\" content=\"index, follow, max-snippet:-1, max-image-preview:large, max-video-preview:-1\" \/>\n<link rel=\"canonical\" href=\"https:\/\/librairie7l.com\/en\/produit\/magic-moires-art-et-science-du-moire-selon-gerald-oster\/\" \/>\n<meta property=\"og:locale\" content=\"en_US\" \/>\n<meta property=\"og:type\" content=\"article\" \/>\n<meta property=\"og:title\" content=\"MAGIC MOIR\u00c9S : ART ET SCIENCE DU MOIR\u00c9 SELON GERALD OSTER - Librairie 7L\" \/>\n<meta property=\"og:description\" content=\"Bien que l&#8217;effet moir\u00e9 soit nomm\u00e9 et d\u00e9crit d\u00e8s le d\u00e9but des ann\u00e9es 1960, il n&#8217;avait jamais constitu\u00e9 un objet de recherche en tant que tel, et cela en d\u00e9pit de la vogue r\u00e9cente des \u00e9tudes sur l&#8217;art optique et cin\u00e9tique. Cette lacune est aujourd&#8217;hui combl\u00e9e gr\u00e2ce \u00e0 cet essai monographique de l&#8217;historien de l&#8217;art [&hellip;]\" \/>\n<meta property=\"og:url\" content=\"https:\/\/librairie7l.com\/en\/produit\/magic-moires-art-et-science-du-moire-selon-gerald-oster\/\" \/>\n<meta property=\"og:site_name\" content=\"Librairie 7L\" \/>\n<meta property=\"article:modified_time\" content=\"2026-04-09T15:45:55+00:00\" \/>\n<meta property=\"og:image\" content=\"https:\/\/librairie7l.com\/wp-content\/uploads\/2022\/07\/9782865891443_1_75.jpg\" \/>\n\t<meta property=\"og:image:width\" content=\"327\" \/>\n\t<meta property=\"og:image:height\" content=\"500\" \/>\n\t<meta property=\"og:image:type\" content=\"image\/jpeg\" \/>\n<meta name=\"twitter:card\" content=\"summary_large_image\" \/>\n<meta name=\"twitter:label1\" content=\"Est. reading time\" \/>\n\t<meta name=\"twitter:data1\" content=\"1 minute\" \/>\n<script type=\"application\/ld+json\" class=\"yoast-schema-graph\">{\"@context\":\"https:\/\/schema.org\",\"@graph\":[{\"@type\":\"WebPage\",\"@id\":\"https:\/\/librairie7l.com\/en\/produit\/magic-moires-art-et-science-du-moire-selon-gerald-oster\/\",\"url\":\"https:\/\/librairie7l.com\/en\/produit\/magic-moires-art-et-science-du-moire-selon-gerald-oster\/\",\"name\":\"MAGIC MOIR\u00c9S : ART ET SCIENCE DU MOIR\u00c9 SELON GERALD OSTER - Librairie 7L\",\"isPartOf\":{\"@id\":\"https:\/\/librairie7l.com\/en\/#website\"},\"datePublished\":\"2023-05-10T10:43:31+00:00\",\"dateModified\":\"2026-04-09T15:45:55+00:00\",\"breadcrumb\":{\"@id\":\"https:\/\/librairie7l.com\/en\/produit\/magic-moires-art-et-science-du-moire-selon-gerald-oster\/#breadcrumb\"},\"inLanguage\":\"en-US\",\"potentialAction\":[{\"@type\":\"ReadAction\",\"target\":[\"https:\/\/librairie7l.com\/en\/produit\/magic-moires-art-et-science-du-moire-selon-gerald-oster\/\"]}]},{\"@type\":\"BreadcrumbList\",\"@id\":\"https:\/\/librairie7l.com\/en\/produit\/magic-moires-art-et-science-du-moire-selon-gerald-oster\/#breadcrumb\",\"itemListElement\":[{\"@type\":\"ListItem\",\"position\":1,\"name\":\"Accueil\",\"item\":\"https:\/\/librairie7l.com\/en\/\"},{\"@type\":\"ListItem\",\"position\":2,\"name\":\"Shop\",\"item\":\"https:\/\/librairie7l.com\/en\/shop\/\"},{\"@type\":\"ListItem\",\"position\":3,\"name\":\"MAGIC MOIR\u00c9S : ART ET SCIENCE DU MOIR\u00c9 SELON GERALD OSTER\"}]},{\"@type\":\"WebSite\",\"@id\":\"https:\/\/librairie7l.com\/en\/#website\",\"url\":\"https:\/\/librairie7l.com\/en\/\",\"name\":\"Librairie 7L\",\"description\":\"Librairie fond\u00e9e en 1999 par Karl Lagerfeld \u00e0 Paris\",\"publisher\":{\"@id\":\"https:\/\/librairie7l.com\/en\/#organization\"},\"potentialAction\":[{\"@type\":\"SearchAction\",\"target\":{\"@type\":\"EntryPoint\",\"urlTemplate\":\"https:\/\/librairie7l.com\/en\/?s={search_term_string}\"},\"query-input\":\"required name=search_term_string\"}],\"inLanguage\":\"en-US\"},{\"@type\":\"Organization\",\"@id\":\"https:\/\/librairie7l.com\/en\/#organization\",\"name\":\"Librairie 7L\",\"url\":\"https:\/\/librairie7l.com\/en\/\",\"logo\":{\"@type\":\"ImageObject\",\"inLanguage\":\"en-US\",\"@id\":\"https:\/\/librairie7l.com\/en\/#\/schema\/logo\/image\/\",\"url\":\"https:\/\/librairie7l.com\/wp-content\/uploads\/2022\/08\/logo-1.png\",\"contentUrl\":\"https:\/\/librairie7l.com\/wp-content\/uploads\/2022\/08\/logo-1.png\",\"width\":227,\"height\":301,\"caption\":\"Librairie 7L\"},\"image\":{\"@id\":\"https:\/\/librairie7l.com\/en\/#\/schema\/logo\/image\/\"}}]}<\/script>\n<!-- \/ Yoast SEO plugin. -->","yoast_head_json":{"title":"MAGIC MOIR\u00c9S : ART ET SCIENCE DU MOIR\u00c9 SELON GERALD OSTER - Librairie 7L","robots":{"index":"index","follow":"follow","max-snippet":"max-snippet:-1","max-image-preview":"max-image-preview:large","max-video-preview":"max-video-preview:-1"},"canonical":"https:\/\/librairie7l.com\/en\/produit\/magic-moires-art-et-science-du-moire-selon-gerald-oster\/","og_locale":"en_US","og_type":"article","og_title":"MAGIC MOIR\u00c9S : ART ET SCIENCE DU MOIR\u00c9 SELON GERALD OSTER - Librairie 7L","og_description":"Bien que l&#8217;effet moir\u00e9 soit nomm\u00e9 et d\u00e9crit d\u00e8s le d\u00e9but des ann\u00e9es 1960, il n&#8217;avait jamais constitu\u00e9 un objet de recherche en tant que tel, et cela en d\u00e9pit de la vogue r\u00e9cente des \u00e9tudes sur l&#8217;art optique et cin\u00e9tique. Cette lacune est aujourd&#8217;hui combl\u00e9e gr\u00e2ce \u00e0 cet essai monographique de l&#8217;historien de l&#8217;art [&hellip;]","og_url":"https:\/\/librairie7l.com\/en\/produit\/magic-moires-art-et-science-du-moire-selon-gerald-oster\/","og_site_name":"Librairie 7L","article_modified_time":"2026-04-09T15:45:55+00:00","og_image":[{"width":327,"height":500,"url":"https:\/\/librairie7l.com\/wp-content\/uploads\/2022\/07\/9782865891443_1_75.jpg","type":"image\/jpeg"}],"twitter_card":"summary_large_image","twitter_misc":{"Est. reading time":"1 minute"},"schema":{"@context":"https:\/\/schema.org","@graph":[{"@type":"WebPage","@id":"https:\/\/librairie7l.com\/en\/produit\/magic-moires-art-et-science-du-moire-selon-gerald-oster\/","url":"https:\/\/librairie7l.com\/en\/produit\/magic-moires-art-et-science-du-moire-selon-gerald-oster\/","name":"MAGIC MOIR\u00c9S : ART ET SCIENCE DU MOIR\u00c9 SELON GERALD OSTER - Librairie 7L","isPartOf":{"@id":"https:\/\/librairie7l.com\/en\/#website"},"datePublished":"2023-05-10T10:43:31+00:00","dateModified":"2026-04-09T15:45:55+00:00","breadcrumb":{"@id":"https:\/\/librairie7l.com\/en\/produit\/magic-moires-art-et-science-du-moire-selon-gerald-oster\/#breadcrumb"},"inLanguage":"en-US","potentialAction":[{"@type":"ReadAction","target":["https:\/\/librairie7l.com\/en\/produit\/magic-moires-art-et-science-du-moire-selon-gerald-oster\/"]}]},{"@type":"BreadcrumbList","@id":"https:\/\/librairie7l.com\/en\/produit\/magic-moires-art-et-science-du-moire-selon-gerald-oster\/#breadcrumb","itemListElement":[{"@type":"ListItem","position":1,"name":"Accueil","item":"https:\/\/librairie7l.com\/en\/"},{"@type":"ListItem","position":2,"name":"Shop","item":"https:\/\/librairie7l.com\/en\/shop\/"},{"@type":"ListItem","position":3,"name":"MAGIC MOIR\u00c9S : ART ET SCIENCE DU MOIR\u00c9 SELON GERALD OSTER"}]},{"@type":"WebSite","@id":"https:\/\/librairie7l.com\/en\/#website","url":"https:\/\/librairie7l.com\/en\/","name":"Librairie 7L","description":"Librairie fond\u00e9e en 1999 par Karl Lagerfeld \u00e0 Paris","publisher":{"@id":"https:\/\/librairie7l.com\/en\/#organization"},"potentialAction":[{"@type":"SearchAction","target":{"@type":"EntryPoint","urlTemplate":"https:\/\/librairie7l.com\/en\/?s={search_term_string}"},"query-input":"required name=search_term_string"}],"inLanguage":"en-US"},{"@type":"Organization","@id":"https:\/\/librairie7l.com\/en\/#organization","name":"Librairie 7L","url":"https:\/\/librairie7l.com\/en\/","logo":{"@type":"ImageObject","inLanguage":"en-US","@id":"https:\/\/librairie7l.com\/en\/#\/schema\/logo\/image\/","url":"https:\/\/librairie7l.com\/wp-content\/uploads\/2022\/08\/logo-1.png","contentUrl":"https:\/\/librairie7l.com\/wp-content\/uploads\/2022\/08\/logo-1.png","width":227,"height":301,"caption":"Librairie 7L"},"image":{"@id":"https:\/\/librairie7l.com\/en\/#\/schema\/logo\/image\/"}}]}},"_links":{"self":[{"href":"https:\/\/librairie7l.com\/en\/wp-json\/wp\/v2\/product\/26879"}],"collection":[{"href":"https:\/\/librairie7l.com\/en\/wp-json\/wp\/v2\/product"}],"about":[{"href":"https:\/\/librairie7l.com\/en\/wp-json\/wp\/v2\/types\/product"}],"wp:featuredmedia":[{"embeddable":true,"href":"https:\/\/librairie7l.com\/en\/wp-json\/wp\/v2\/media\/33707"}],"wp:attachment":[{"href":"https:\/\/librairie7l.com\/en\/wp-json\/wp\/v2\/media?parent=26879"}],"wp:term":[{"taxonomy":"product_cat","embeddable":true,"href":"https:\/\/librairie7l.com\/en\/wp-json\/wp\/v2\/product_cat?post=26879"},{"taxonomy":"product_tag","embeddable":true,"href":"https:\/\/librairie7l.com\/en\/wp-json\/wp\/v2\/product_tag?post=26879"}],"curies":[{"name":"wp","href":"https:\/\/api.w.org\/{rel}","templated":true}]}}