{"id":26887,"date":"2023-05-10T12:43:37","date_gmt":"2023-05-10T10:43:37","guid":{"rendered":"https:\/\/librairie7l.com\/?post_type=product&#038;p=26887"},"modified":"2026-04-30T04:13:28","modified_gmt":"2026-04-30T02:13:28","slug":"brancusi-et-ses-muses","status":"publish","type":"product","link":"https:\/\/librairie7l.com\/en\/produit\/brancusi-et-ses-muses\/","title":{"rendered":"BRANCUSI ET SES MUSES"},"content":{"rendered":"<p>Brancusi apparait dans le monde de l&#8217;art comme un personnage singulier dont l&#8217;oeuvre impressionnait tant par la puret\u00e9 des formes et la modernit\u00e9 que par une forme d&#8217;archa\u00efsme difficile \u00e0 caract\u00e9riser. En r\u00e9volutionnant la sculpture du XXe si\u00e8cle, l&#8217;artiste roumain a ouvert un vaste d\u00e9bat sur l&#8217;art moderne qui reste toujours d&#8217;actualit\u00e9, sa cr\u00e9ation \u00e9tant le sujet de multiples \u00e9tudes. Ainsi toute l&#8217;oeuvre de Brancusi a \u00e9te marqu\u00e9e par les figures des femmes qui ont accompagn\u00e9 chacune des \u00e9tapes de sa vie. Elles font int\u00e9gralement partie de sa cr\u00e9ation et de sa d\u00e9marche d&#8217;artiste qui a toujours tent\u00e9 de saisir l&#8217;essence m\u00eame de leur personnalit\u00e9. Tr\u00e8s appr\u00e9ci\u00e9 des femmes en g\u00e9n\u00e9ral, s\u00e9ducteur mais ami fid\u00e8le, il exercait une esp\u00e8ce de magn\u00e9tisme aupr\u00e8s de celles qui ont fr\u00e9quent\u00e9 son atelier, et inspir\u00e9 sa sculpture, \u00e9changeant avec lui une abondante correspondance. Brancusi et ses muses explore la nature de cette inspiration \u00e9voquant ainsi amies, ma\u00eetresses, et m\u00e9c\u00e8nes comme la danseuse Suisse, Marthe Lebherz et la pianiste anglaise, Vera Moore. Margit Pogany, L\u00e9onie Ricou, Eileen Lane, la baronne Ren\u00e9e-Irana Frachon, Agnes E. Meyer and ses quatre filles Marina Chaliapin, Nancy Cunard, Beatrice Wood, Mina Loy, Lizica and Irina Codreanu ont toutes inspir\u00e9 des oeuvres majeures de la sculpture moderne. C&#8217;est le sujet de cet ouvrage qui apporte un \u00e9clairage in\u00e9dit sur le plus grand sculpteur du XXe si\u00e8cle. Un tel ouvrage s&#8217;adresse autant aux sp\u00e9cialistes d&#8217;histoire de l&#8217;art qu&#8217; \u00e0 un public plus large int\u00e9ress\u00e9 par la vie artistique en France au d\u00e9but du XXe si\u00e8cle. Conservatrice honoraire au centre Georges Pompidou, Donia Lemny a assur\u00e9 la publication des archives Brancusi ainsi que le commissariat de nombreuses expositions consacr\u00e9es \u00e0 l&#8217;artiste roumain, \u00e0 l&#8217;Atelier Brancusi du mus\u00e9e. Elle a d\u00e9j\u00e0 publi\u00e9 Brancusi, la chose vraie, aux \u00e9ditions Gourcuff Gradenigo.<\/p>\n","protected":false},"excerpt":{"rendered":"<p>Brancusi apparait dans le monde de l&#8217;art comme un personnage singulier dont l&#8217;oeuvre impressionnait tant par la puret\u00e9 des formes et la modernit\u00e9 que par une forme d&#8217;archa\u00efsme difficile \u00e0 caract\u00e9riser. En r\u00e9volutionnant la sculpture du XXe si\u00e8cle, l&#8217;artiste roumain a ouvert un vaste d\u00e9bat sur l&#8217;art moderne qui reste toujours d&#8217;actualit\u00e9, sa cr\u00e9ation \u00e9tant [&hellip;]<\/p>\n","protected":false},"featured_media":33683,"template":"","meta":[],"product_cat":[55,2948,47,2953],"product_tag":[],"acf":[],"yoast_head":"<!-- This site is optimized with the Yoast SEO plugin v20.11 - https:\/\/yoast.com\/wordpress\/plugins\/seo\/ -->\n<title>BRANCUSI ET SES MUSES - Librairie 7L<\/title>\n<meta name=\"robots\" content=\"index, follow, max-snippet:-1, max-image-preview:large, max-video-preview:-1\" \/>\n<link rel=\"canonical\" href=\"https:\/\/librairie7l.com\/en\/produit\/brancusi-et-ses-muses\/\" \/>\n<meta property=\"og:locale\" content=\"en_US\" \/>\n<meta property=\"og:type\" content=\"article\" \/>\n<meta property=\"og:title\" content=\"BRANCUSI ET SES MUSES - Librairie 7L\" \/>\n<meta property=\"og:description\" content=\"Brancusi apparait dans le monde de l&#8217;art comme un personnage singulier dont l&#8217;oeuvre impressionnait tant par la puret\u00e9 des formes et la modernit\u00e9 que par une forme d&#8217;archa\u00efsme difficile \u00e0 caract\u00e9riser. En r\u00e9volutionnant la sculpture du XXe si\u00e8cle, l&#8217;artiste roumain a ouvert un vaste d\u00e9bat sur l&#8217;art moderne qui reste toujours d&#8217;actualit\u00e9, sa cr\u00e9ation \u00e9tant [&hellip;]\" \/>\n<meta property=\"og:url\" content=\"https:\/\/librairie7l.com\/en\/produit\/brancusi-et-ses-muses\/\" \/>\n<meta property=\"og:site_name\" content=\"Librairie 7L\" \/>\n<meta property=\"article:modified_time\" content=\"2026-04-30T02:13:28+00:00\" \/>\n<meta property=\"og:image\" content=\"https:\/\/librairie7l.com\/wp-content\/uploads\/2022\/10\/9782353403783_1_75.jpg\" \/>\n\t<meta property=\"og:image:width\" content=\"347\" \/>\n\t<meta property=\"og:image:height\" content=\"500\" \/>\n\t<meta property=\"og:image:type\" content=\"image\/jpeg\" \/>\n<meta name=\"twitter:card\" content=\"summary_large_image\" \/>\n<meta name=\"twitter:label1\" content=\"Est. reading time\" \/>\n\t<meta name=\"twitter:data1\" content=\"2 minutes\" \/>\n<script type=\"application\/ld+json\" class=\"yoast-schema-graph\">{\"@context\":\"https:\/\/schema.org\",\"@graph\":[{\"@type\":\"WebPage\",\"@id\":\"https:\/\/librairie7l.com\/en\/produit\/brancusi-et-ses-muses\/\",\"url\":\"https:\/\/librairie7l.com\/en\/produit\/brancusi-et-ses-muses\/\",\"name\":\"BRANCUSI ET SES MUSES - Librairie 7L\",\"isPartOf\":{\"@id\":\"https:\/\/librairie7l.com\/en\/#website\"},\"datePublished\":\"2023-05-10T10:43:37+00:00\",\"dateModified\":\"2026-04-30T02:13:28+00:00\",\"breadcrumb\":{\"@id\":\"https:\/\/librairie7l.com\/en\/produit\/brancusi-et-ses-muses\/#breadcrumb\"},\"inLanguage\":\"en-US\",\"potentialAction\":[{\"@type\":\"ReadAction\",\"target\":[\"https:\/\/librairie7l.com\/en\/produit\/brancusi-et-ses-muses\/\"]}]},{\"@type\":\"BreadcrumbList\",\"@id\":\"https:\/\/librairie7l.com\/en\/produit\/brancusi-et-ses-muses\/#breadcrumb\",\"itemListElement\":[{\"@type\":\"ListItem\",\"position\":1,\"name\":\"Accueil\",\"item\":\"https:\/\/librairie7l.com\/en\/\"},{\"@type\":\"ListItem\",\"position\":2,\"name\":\"Shop\",\"item\":\"https:\/\/librairie7l.com\/en\/shop\/\"},{\"@type\":\"ListItem\",\"position\":3,\"name\":\"BRANCUSI ET SES MUSES\"}]},{\"@type\":\"WebSite\",\"@id\":\"https:\/\/librairie7l.com\/en\/#website\",\"url\":\"https:\/\/librairie7l.com\/en\/\",\"name\":\"Librairie 7L\",\"description\":\"Librairie fond\u00e9e en 1999 par Karl Lagerfeld \u00e0 Paris\",\"publisher\":{\"@id\":\"https:\/\/librairie7l.com\/en\/#organization\"},\"potentialAction\":[{\"@type\":\"SearchAction\",\"target\":{\"@type\":\"EntryPoint\",\"urlTemplate\":\"https:\/\/librairie7l.com\/en\/?s={search_term_string}\"},\"query-input\":\"required name=search_term_string\"}],\"inLanguage\":\"en-US\"},{\"@type\":\"Organization\",\"@id\":\"https:\/\/librairie7l.com\/en\/#organization\",\"name\":\"Librairie 7L\",\"url\":\"https:\/\/librairie7l.com\/en\/\",\"logo\":{\"@type\":\"ImageObject\",\"inLanguage\":\"en-US\",\"@id\":\"https:\/\/librairie7l.com\/en\/#\/schema\/logo\/image\/\",\"url\":\"https:\/\/librairie7l.com\/wp-content\/uploads\/2022\/08\/logo-1.png\",\"contentUrl\":\"https:\/\/librairie7l.com\/wp-content\/uploads\/2022\/08\/logo-1.png\",\"width\":227,\"height\":301,\"caption\":\"Librairie 7L\"},\"image\":{\"@id\":\"https:\/\/librairie7l.com\/en\/#\/schema\/logo\/image\/\"}}]}<\/script>\n<!-- \/ Yoast SEO plugin. -->","yoast_head_json":{"title":"BRANCUSI ET SES MUSES - Librairie 7L","robots":{"index":"index","follow":"follow","max-snippet":"max-snippet:-1","max-image-preview":"max-image-preview:large","max-video-preview":"max-video-preview:-1"},"canonical":"https:\/\/librairie7l.com\/en\/produit\/brancusi-et-ses-muses\/","og_locale":"en_US","og_type":"article","og_title":"BRANCUSI ET SES MUSES - Librairie 7L","og_description":"Brancusi apparait dans le monde de l&#8217;art comme un personnage singulier dont l&#8217;oeuvre impressionnait tant par la puret\u00e9 des formes et la modernit\u00e9 que par une forme d&#8217;archa\u00efsme difficile \u00e0 caract\u00e9riser. En r\u00e9volutionnant la sculpture du XXe si\u00e8cle, l&#8217;artiste roumain a ouvert un vaste d\u00e9bat sur l&#8217;art moderne qui reste toujours d&#8217;actualit\u00e9, sa cr\u00e9ation \u00e9tant [&hellip;]","og_url":"https:\/\/librairie7l.com\/en\/produit\/brancusi-et-ses-muses\/","og_site_name":"Librairie 7L","article_modified_time":"2026-04-30T02:13:28+00:00","og_image":[{"width":347,"height":500,"url":"https:\/\/librairie7l.com\/wp-content\/uploads\/2022\/10\/9782353403783_1_75.jpg","type":"image\/jpeg"}],"twitter_card":"summary_large_image","twitter_misc":{"Est. reading time":"2 minutes"},"schema":{"@context":"https:\/\/schema.org","@graph":[{"@type":"WebPage","@id":"https:\/\/librairie7l.com\/en\/produit\/brancusi-et-ses-muses\/","url":"https:\/\/librairie7l.com\/en\/produit\/brancusi-et-ses-muses\/","name":"BRANCUSI ET SES MUSES - Librairie 7L","isPartOf":{"@id":"https:\/\/librairie7l.com\/en\/#website"},"datePublished":"2023-05-10T10:43:37+00:00","dateModified":"2026-04-30T02:13:28+00:00","breadcrumb":{"@id":"https:\/\/librairie7l.com\/en\/produit\/brancusi-et-ses-muses\/#breadcrumb"},"inLanguage":"en-US","potentialAction":[{"@type":"ReadAction","target":["https:\/\/librairie7l.com\/en\/produit\/brancusi-et-ses-muses\/"]}]},{"@type":"BreadcrumbList","@id":"https:\/\/librairie7l.com\/en\/produit\/brancusi-et-ses-muses\/#breadcrumb","itemListElement":[{"@type":"ListItem","position":1,"name":"Accueil","item":"https:\/\/librairie7l.com\/en\/"},{"@type":"ListItem","position":2,"name":"Shop","item":"https:\/\/librairie7l.com\/en\/shop\/"},{"@type":"ListItem","position":3,"name":"BRANCUSI ET SES MUSES"}]},{"@type":"WebSite","@id":"https:\/\/librairie7l.com\/en\/#website","url":"https:\/\/librairie7l.com\/en\/","name":"Librairie 7L","description":"Librairie fond\u00e9e en 1999 par Karl Lagerfeld \u00e0 Paris","publisher":{"@id":"https:\/\/librairie7l.com\/en\/#organization"},"potentialAction":[{"@type":"SearchAction","target":{"@type":"EntryPoint","urlTemplate":"https:\/\/librairie7l.com\/en\/?s={search_term_string}"},"query-input":"required name=search_term_string"}],"inLanguage":"en-US"},{"@type":"Organization","@id":"https:\/\/librairie7l.com\/en\/#organization","name":"Librairie 7L","url":"https:\/\/librairie7l.com\/en\/","logo":{"@type":"ImageObject","inLanguage":"en-US","@id":"https:\/\/librairie7l.com\/en\/#\/schema\/logo\/image\/","url":"https:\/\/librairie7l.com\/wp-content\/uploads\/2022\/08\/logo-1.png","contentUrl":"https:\/\/librairie7l.com\/wp-content\/uploads\/2022\/08\/logo-1.png","width":227,"height":301,"caption":"Librairie 7L"},"image":{"@id":"https:\/\/librairie7l.com\/en\/#\/schema\/logo\/image\/"}}]}},"_links":{"self":[{"href":"https:\/\/librairie7l.com\/en\/wp-json\/wp\/v2\/product\/26887"}],"collection":[{"href":"https:\/\/librairie7l.com\/en\/wp-json\/wp\/v2\/product"}],"about":[{"href":"https:\/\/librairie7l.com\/en\/wp-json\/wp\/v2\/types\/product"}],"wp:featuredmedia":[{"embeddable":true,"href":"https:\/\/librairie7l.com\/en\/wp-json\/wp\/v2\/media\/33683"}],"wp:attachment":[{"href":"https:\/\/librairie7l.com\/en\/wp-json\/wp\/v2\/media?parent=26887"}],"wp:term":[{"taxonomy":"product_cat","embeddable":true,"href":"https:\/\/librairie7l.com\/en\/wp-json\/wp\/v2\/product_cat?post=26887"},{"taxonomy":"product_tag","embeddable":true,"href":"https:\/\/librairie7l.com\/en\/wp-json\/wp\/v2\/product_tag?post=26887"}],"curies":[{"name":"wp","href":"https:\/\/api.w.org\/{rel}","templated":true}]}}