{"id":26899,"date":"2023-05-10T12:44:17","date_gmt":"2023-05-10T10:44:17","guid":{"rendered":"https:\/\/librairie7l.com\/?post_type=product&#038;p=26899"},"modified":"2026-04-13T14:57:16","modified_gmt":"2026-04-13T12:57:16","slug":"12-place-vendome","status":"publish","type":"product","link":"https:\/\/librairie7l.com\/en\/produit\/12-place-vendome\/","title":{"rendered":"12 PLACE VEND\u00d4ME"},"content":{"rendered":"<p>Coeur battant de la Maison Chaumet depuis 1907, le 12 Vend\u00f4me r\u00e9sume \u00e0 lui seul la quintessence du c\u00e9l\u00e8bre joaillier. Du magasin aux ateliers de Haute Joaillerie, en passant par les salons class\u00e9s, ce lieu unique raconte 240 ans d&#8217;Histoire et d&#8217;histoires, depuis les origines de la Maison fond\u00e9e par Marie-\u00c9tienne Nitot et son fils Fran\u00e7ois-Regnault. Fournisseurs attitr\u00e9s de Napol\u00e9on Ier et de Jos\u00e9phine, v\u00e9ritable ic\u00f4ne et inspiratrice de Chaumet, ils s&#8217;installent sur la mythique place Vend\u00f4me d\u00e8s 1812, et ornent les t\u00eates couronn\u00e9es de leurs plus beaux diad\u00e8mes et parures. La r\u00e9cente restauration de l&#8217;h\u00f4tel Baudard de Sainte-James invite le lecteur, \u00e0 travers une plong\u00e9e unique dans les coulisses du merveilleux, \u00e0 d\u00e9couvrir les secrets et l&#8217;\u00e2me d&#8217;une Maison qui ne cesse de se renouveler par ses cr\u00e9ations virtuoses.<\/p>\n","protected":false},"excerpt":{"rendered":"<p>Coeur battant de la Maison Chaumet depuis 1907, le 12 Vend\u00f4me r\u00e9sume \u00e0 lui seul la quintessence du c\u00e9l\u00e8bre joaillier. Du magasin aux ateliers de Haute Joaillerie, en passant par les salons class\u00e9s, ce lieu unique raconte 240 ans d&#8217;Histoire et d&#8217;histoires, depuis les origines de la Maison fond\u00e9e par Marie-\u00c9tienne Nitot et son fils [&hellip;]<\/p>\n","protected":false},"featured_media":26897,"template":"","meta":[],"product_cat":[55,2948,2957,19],"product_tag":[],"acf":[],"yoast_head":"<!-- This site is optimized with the Yoast SEO plugin v20.11 - https:\/\/yoast.com\/wordpress\/plugins\/seo\/ -->\n<title>12 PLACE VEND\u00d4ME - Librairie 7L<\/title>\n<meta name=\"robots\" content=\"index, follow, max-snippet:-1, max-image-preview:large, max-video-preview:-1\" \/>\n<link rel=\"canonical\" href=\"https:\/\/librairie7l.com\/en\/produit\/12-place-vendome\/\" \/>\n<meta property=\"og:locale\" content=\"en_US\" \/>\n<meta property=\"og:type\" content=\"article\" \/>\n<meta property=\"og:title\" content=\"12 PLACE VEND\u00d4ME - Librairie 7L\" \/>\n<meta property=\"og:description\" content=\"Coeur battant de la Maison Chaumet depuis 1907, le 12 Vend\u00f4me r\u00e9sume \u00e0 lui seul la quintessence du c\u00e9l\u00e8bre joaillier. Du magasin aux ateliers de Haute Joaillerie, en passant par les salons class\u00e9s, ce lieu unique raconte 240 ans d&#8217;Histoire et d&#8217;histoires, depuis les origines de la Maison fond\u00e9e par Marie-\u00c9tienne Nitot et son fils [&hellip;]\" \/>\n<meta property=\"og:url\" content=\"https:\/\/librairie7l.com\/en\/produit\/12-place-vendome\/\" \/>\n<meta property=\"og:site_name\" content=\"Librairie 7L\" \/>\n<meta property=\"article:modified_time\" content=\"2026-04-13T12:57:16+00:00\" \/>\n<meta property=\"og:image\" content=\"https:\/\/librairie7l.com\/wp-content\/uploads\/2022\/04\/9782072984105_1_75.jpg\" \/>\n\t<meta property=\"og:image:width\" content=\"600\" \/>\n\t<meta property=\"og:image:height\" content=\"789\" \/>\n\t<meta property=\"og:image:type\" content=\"image\/jpeg\" \/>\n<meta name=\"twitter:card\" content=\"summary_large_image\" \/>\n<meta name=\"twitter:label1\" content=\"Est. reading time\" \/>\n\t<meta name=\"twitter:data1\" content=\"1 minute\" \/>\n<script type=\"application\/ld+json\" class=\"yoast-schema-graph\">{\"@context\":\"https:\/\/schema.org\",\"@graph\":[{\"@type\":\"WebPage\",\"@id\":\"https:\/\/librairie7l.com\/en\/produit\/12-place-vendome\/\",\"url\":\"https:\/\/librairie7l.com\/en\/produit\/12-place-vendome\/\",\"name\":\"12 PLACE VEND\u00d4ME - Librairie 7L\",\"isPartOf\":{\"@id\":\"https:\/\/librairie7l.com\/en\/#website\"},\"datePublished\":\"2023-05-10T10:44:17+00:00\",\"dateModified\":\"2026-04-13T12:57:16+00:00\",\"breadcrumb\":{\"@id\":\"https:\/\/librairie7l.com\/en\/produit\/12-place-vendome\/#breadcrumb\"},\"inLanguage\":\"en-US\",\"potentialAction\":[{\"@type\":\"ReadAction\",\"target\":[\"https:\/\/librairie7l.com\/en\/produit\/12-place-vendome\/\"]}]},{\"@type\":\"BreadcrumbList\",\"@id\":\"https:\/\/librairie7l.com\/en\/produit\/12-place-vendome\/#breadcrumb\",\"itemListElement\":[{\"@type\":\"ListItem\",\"position\":1,\"name\":\"Accueil\",\"item\":\"https:\/\/librairie7l.com\/en\/\"},{\"@type\":\"ListItem\",\"position\":2,\"name\":\"Shop\",\"item\":\"https:\/\/librairie7l.com\/en\/shop\/\"},{\"@type\":\"ListItem\",\"position\":3,\"name\":\"12 PLACE VEND\u00d4ME\"}]},{\"@type\":\"WebSite\",\"@id\":\"https:\/\/librairie7l.com\/en\/#website\",\"url\":\"https:\/\/librairie7l.com\/en\/\",\"name\":\"Librairie 7L\",\"description\":\"Librairie fond\u00e9e en 1999 par Karl Lagerfeld \u00e0 Paris\",\"publisher\":{\"@id\":\"https:\/\/librairie7l.com\/en\/#organization\"},\"potentialAction\":[{\"@type\":\"SearchAction\",\"target\":{\"@type\":\"EntryPoint\",\"urlTemplate\":\"https:\/\/librairie7l.com\/en\/?s={search_term_string}\"},\"query-input\":\"required name=search_term_string\"}],\"inLanguage\":\"en-US\"},{\"@type\":\"Organization\",\"@id\":\"https:\/\/librairie7l.com\/en\/#organization\",\"name\":\"Librairie 7L\",\"url\":\"https:\/\/librairie7l.com\/en\/\",\"logo\":{\"@type\":\"ImageObject\",\"inLanguage\":\"en-US\",\"@id\":\"https:\/\/librairie7l.com\/en\/#\/schema\/logo\/image\/\",\"url\":\"https:\/\/librairie7l.com\/wp-content\/uploads\/2022\/08\/logo-1.png\",\"contentUrl\":\"https:\/\/librairie7l.com\/wp-content\/uploads\/2022\/08\/logo-1.png\",\"width\":227,\"height\":301,\"caption\":\"Librairie 7L\"},\"image\":{\"@id\":\"https:\/\/librairie7l.com\/en\/#\/schema\/logo\/image\/\"}}]}<\/script>\n<!-- \/ Yoast SEO plugin. -->","yoast_head_json":{"title":"12 PLACE VEND\u00d4ME - Librairie 7L","robots":{"index":"index","follow":"follow","max-snippet":"max-snippet:-1","max-image-preview":"max-image-preview:large","max-video-preview":"max-video-preview:-1"},"canonical":"https:\/\/librairie7l.com\/en\/produit\/12-place-vendome\/","og_locale":"en_US","og_type":"article","og_title":"12 PLACE VEND\u00d4ME - Librairie 7L","og_description":"Coeur battant de la Maison Chaumet depuis 1907, le 12 Vend\u00f4me r\u00e9sume \u00e0 lui seul la quintessence du c\u00e9l\u00e8bre joaillier. Du magasin aux ateliers de Haute Joaillerie, en passant par les salons class\u00e9s, ce lieu unique raconte 240 ans d&#8217;Histoire et d&#8217;histoires, depuis les origines de la Maison fond\u00e9e par Marie-\u00c9tienne Nitot et son fils [&hellip;]","og_url":"https:\/\/librairie7l.com\/en\/produit\/12-place-vendome\/","og_site_name":"Librairie 7L","article_modified_time":"2026-04-13T12:57:16+00:00","og_image":[{"width":600,"height":789,"url":"https:\/\/librairie7l.com\/wp-content\/uploads\/2022\/04\/9782072984105_1_75.jpg","type":"image\/jpeg"}],"twitter_card":"summary_large_image","twitter_misc":{"Est. reading time":"1 minute"},"schema":{"@context":"https:\/\/schema.org","@graph":[{"@type":"WebPage","@id":"https:\/\/librairie7l.com\/en\/produit\/12-place-vendome\/","url":"https:\/\/librairie7l.com\/en\/produit\/12-place-vendome\/","name":"12 PLACE VEND\u00d4ME - Librairie 7L","isPartOf":{"@id":"https:\/\/librairie7l.com\/en\/#website"},"datePublished":"2023-05-10T10:44:17+00:00","dateModified":"2026-04-13T12:57:16+00:00","breadcrumb":{"@id":"https:\/\/librairie7l.com\/en\/produit\/12-place-vendome\/#breadcrumb"},"inLanguage":"en-US","potentialAction":[{"@type":"ReadAction","target":["https:\/\/librairie7l.com\/en\/produit\/12-place-vendome\/"]}]},{"@type":"BreadcrumbList","@id":"https:\/\/librairie7l.com\/en\/produit\/12-place-vendome\/#breadcrumb","itemListElement":[{"@type":"ListItem","position":1,"name":"Accueil","item":"https:\/\/librairie7l.com\/en\/"},{"@type":"ListItem","position":2,"name":"Shop","item":"https:\/\/librairie7l.com\/en\/shop\/"},{"@type":"ListItem","position":3,"name":"12 PLACE VEND\u00d4ME"}]},{"@type":"WebSite","@id":"https:\/\/librairie7l.com\/en\/#website","url":"https:\/\/librairie7l.com\/en\/","name":"Librairie 7L","description":"Librairie fond\u00e9e en 1999 par Karl Lagerfeld \u00e0 Paris","publisher":{"@id":"https:\/\/librairie7l.com\/en\/#organization"},"potentialAction":[{"@type":"SearchAction","target":{"@type":"EntryPoint","urlTemplate":"https:\/\/librairie7l.com\/en\/?s={search_term_string}"},"query-input":"required name=search_term_string"}],"inLanguage":"en-US"},{"@type":"Organization","@id":"https:\/\/librairie7l.com\/en\/#organization","name":"Librairie 7L","url":"https:\/\/librairie7l.com\/en\/","logo":{"@type":"ImageObject","inLanguage":"en-US","@id":"https:\/\/librairie7l.com\/en\/#\/schema\/logo\/image\/","url":"https:\/\/librairie7l.com\/wp-content\/uploads\/2022\/08\/logo-1.png","contentUrl":"https:\/\/librairie7l.com\/wp-content\/uploads\/2022\/08\/logo-1.png","width":227,"height":301,"caption":"Librairie 7L"},"image":{"@id":"https:\/\/librairie7l.com\/en\/#\/schema\/logo\/image\/"}}]}},"_links":{"self":[{"href":"https:\/\/librairie7l.com\/en\/wp-json\/wp\/v2\/product\/26899"}],"collection":[{"href":"https:\/\/librairie7l.com\/en\/wp-json\/wp\/v2\/product"}],"about":[{"href":"https:\/\/librairie7l.com\/en\/wp-json\/wp\/v2\/types\/product"}],"wp:featuredmedia":[{"embeddable":true,"href":"https:\/\/librairie7l.com\/en\/wp-json\/wp\/v2\/media\/26897"}],"wp:attachment":[{"href":"https:\/\/librairie7l.com\/en\/wp-json\/wp\/v2\/media?parent=26899"}],"wp:term":[{"taxonomy":"product_cat","embeddable":true,"href":"https:\/\/librairie7l.com\/en\/wp-json\/wp\/v2\/product_cat?post=26899"},{"taxonomy":"product_tag","embeddable":true,"href":"https:\/\/librairie7l.com\/en\/wp-json\/wp\/v2\/product_tag?post=26899"}],"curies":[{"name":"wp","href":"https:\/\/api.w.org\/{rel}","templated":true}]}}