{"id":26915,"date":"2023-05-10T12:44:39","date_gmt":"2023-05-10T10:44:39","guid":{"rendered":"https:\/\/librairie7l.com\/?post_type=product&#038;p=26915"},"modified":"2026-04-17T20:55:04","modified_gmt":"2026-04-17T18:55:04","slug":"architecture-description-et-vocabulaire-methodiques","status":"publish","type":"product","link":"https:\/\/librairie7l.com\/en\/produit\/architecture-description-et-vocabulaire-methodiques\/","title":{"rendered":"ARCHITECTURE ; DESCRIPTION ET VOCABULAIRE M\u00c9THODIQUES"},"content":{"rendered":"<p>Fleuron de la collection, Architecture, m\u00e9thode et vocabulaire de Jean-Marie P\u00e9rouse de Montclos fait autorit\u00e9 en la mati\u00e8re, depuis sa premi\u00e8re \u00e9dition en 1972. Unique au monde, il fait aujourd&#8217;hui l&#8217;objet d&#8217;une nouvelle \u00e9dition avec un texte revu et enrichi par l&#8217;auteur et une iconographie g\u00e9n\u00e9reusement augment\u00e9e et ouverte \u00e0 la couleur. Ainsi, une relation \u00e9troite est \u00e9tablie entre le texte et l&#8217;image, tandis que l&#8217;appareil de notes pr\u00e9cise les r\u00e9f\u00e9rences historiques et bibliographiques.<br \/>\nPlus de 1 200 illustrations viennent ainsi illustrer quelque 1 200 termes d&#8217;architecture class\u00e9s en trois parties : le vocabulaire g\u00e9n\u00e9ral (de la repr\u00e9sentation \u00e0 la construction), les diff\u00e9rentes parties d&#8217;un \u00e9difice (de ses fondations au d\u00e9cor, en passant par les baies, les couvertures, les escaliers, etc.) et enfin les diff\u00e9rents genres d&#8217;\u00e9difices (religieux, public, militaire, etc.). <\/p>\n<p>Historien de l&#8217;architecture fran\u00e7ais, enseignant, Jean-Marie P\u00e9rouse de Montclos fut le premier chercheur recrut\u00e9 par Andr\u00e9 Malraux et Andr\u00e9 Chastel pour l&#8217;Inventaire g\u00e9n\u00e9ral des monuments et des richesses artistiques de la France en 1964 ; il y dirigea pendant vingt ans les recherches scientifiques et documentaires et en pr\u00e9sida la commission nationale. Il est l&#8217;auteur de nombreux articles et de plusieurs ouvrages sur l&#8217;architecture de l&#8217;\u00e9poque moderne.<\/p>\n<p>&#8211; Le v\u00e9ritable best-seller de la collection depuis pr\u00e8s de quarante ans.<br \/>\n&#8211; Un ouvrage fondamental, tant pour les amateurs d&#8217;architecture ou les \u00e9tudiants que pour les passionn\u00e9s de beaux livres d&#8217;art.<br \/>\n&#8211; Une nouvelle \u00e9dition avec un texte revu et enrichi et une iconographie g\u00e9n\u00e9reusement augment\u00e9e et ouverte \u00e0 la couleur.<\/p>\n","protected":false},"excerpt":{"rendered":"<p>Fleuron de la collection, Architecture, m\u00e9thode et vocabulaire de Jean-Marie P\u00e9rouse de Montclos fait autorit\u00e9 en la mati\u00e8re, depuis sa premi\u00e8re \u00e9dition en 1972. Unique au monde, il fait aujourd&#8217;hui l&#8217;objet d&#8217;une nouvelle \u00e9dition avec un texte revu et enrichi par l&#8217;auteur et une iconographie g\u00e9n\u00e9reusement augment\u00e9e et ouverte \u00e0 la couleur. Ainsi, une relation [&hellip;]<\/p>\n","protected":false},"featured_media":26913,"template":"","meta":[],"product_cat":[55,2948,22,2950],"product_tag":[],"acf":[],"yoast_head":"<!-- This site is optimized with the Yoast SEO plugin v20.11 - https:\/\/yoast.com\/wordpress\/plugins\/seo\/ -->\n<title>ARCHITECTURE ; DESCRIPTION ET VOCABULAIRE M\u00c9THODIQUES - Librairie 7L<\/title>\n<meta name=\"robots\" content=\"index, follow, max-snippet:-1, max-image-preview:large, max-video-preview:-1\" \/>\n<link rel=\"canonical\" href=\"https:\/\/librairie7l.com\/en\/produit\/architecture-description-et-vocabulaire-methodiques\/\" \/>\n<meta property=\"og:locale\" content=\"en_US\" \/>\n<meta property=\"og:type\" content=\"article\" \/>\n<meta property=\"og:title\" content=\"ARCHITECTURE ; DESCRIPTION ET VOCABULAIRE M\u00c9THODIQUES - Librairie 7L\" \/>\n<meta property=\"og:description\" content=\"Fleuron de la collection, Architecture, m\u00e9thode et vocabulaire de Jean-Marie P\u00e9rouse de Montclos fait autorit\u00e9 en la mati\u00e8re, depuis sa premi\u00e8re \u00e9dition en 1972. Unique au monde, il fait aujourd&#8217;hui l&#8217;objet d&#8217;une nouvelle \u00e9dition avec un texte revu et enrichi par l&#8217;auteur et une iconographie g\u00e9n\u00e9reusement augment\u00e9e et ouverte \u00e0 la couleur. Ainsi, une relation [&hellip;]\" \/>\n<meta property=\"og:url\" content=\"https:\/\/librairie7l.com\/en\/produit\/architecture-description-et-vocabulaire-methodiques\/\" \/>\n<meta property=\"og:site_name\" content=\"Librairie 7L\" \/>\n<meta property=\"article:modified_time\" content=\"2026-04-17T18:55:04+00:00\" \/>\n<meta property=\"og:image\" content=\"https:\/\/librairie7l.com\/wp-content\/uploads\/2010\/12\/9782757701249_1_75.jpg\" \/>\n\t<meta property=\"og:image:width\" content=\"400\" \/>\n\t<meta property=\"og:image:height\" content=\"569\" \/>\n\t<meta property=\"og:image:type\" content=\"image\/jpeg\" \/>\n<meta name=\"twitter:card\" content=\"summary_large_image\" \/>\n<meta name=\"twitter:label1\" content=\"Est. reading time\" \/>\n\t<meta name=\"twitter:data1\" content=\"1 minute\" \/>\n<script type=\"application\/ld+json\" class=\"yoast-schema-graph\">{\"@context\":\"https:\/\/schema.org\",\"@graph\":[{\"@type\":\"WebPage\",\"@id\":\"https:\/\/librairie7l.com\/en\/produit\/architecture-description-et-vocabulaire-methodiques\/\",\"url\":\"https:\/\/librairie7l.com\/en\/produit\/architecture-description-et-vocabulaire-methodiques\/\",\"name\":\"ARCHITECTURE ; DESCRIPTION ET VOCABULAIRE M\u00c9THODIQUES - Librairie 7L\",\"isPartOf\":{\"@id\":\"https:\/\/librairie7l.com\/en\/#website\"},\"datePublished\":\"2023-05-10T10:44:39+00:00\",\"dateModified\":\"2026-04-17T18:55:04+00:00\",\"breadcrumb\":{\"@id\":\"https:\/\/librairie7l.com\/en\/produit\/architecture-description-et-vocabulaire-methodiques\/#breadcrumb\"},\"inLanguage\":\"en-US\",\"potentialAction\":[{\"@type\":\"ReadAction\",\"target\":[\"https:\/\/librairie7l.com\/en\/produit\/architecture-description-et-vocabulaire-methodiques\/\"]}]},{\"@type\":\"BreadcrumbList\",\"@id\":\"https:\/\/librairie7l.com\/en\/produit\/architecture-description-et-vocabulaire-methodiques\/#breadcrumb\",\"itemListElement\":[{\"@type\":\"ListItem\",\"position\":1,\"name\":\"Accueil\",\"item\":\"https:\/\/librairie7l.com\/en\/\"},{\"@type\":\"ListItem\",\"position\":2,\"name\":\"Shop\",\"item\":\"https:\/\/librairie7l.com\/en\/shop\/\"},{\"@type\":\"ListItem\",\"position\":3,\"name\":\"ARCHITECTURE ; DESCRIPTION ET VOCABULAIRE M\u00c9THODIQUES\"}]},{\"@type\":\"WebSite\",\"@id\":\"https:\/\/librairie7l.com\/en\/#website\",\"url\":\"https:\/\/librairie7l.com\/en\/\",\"name\":\"Librairie 7L\",\"description\":\"Librairie fond\u00e9e en 1999 par Karl Lagerfeld \u00e0 Paris\",\"publisher\":{\"@id\":\"https:\/\/librairie7l.com\/en\/#organization\"},\"potentialAction\":[{\"@type\":\"SearchAction\",\"target\":{\"@type\":\"EntryPoint\",\"urlTemplate\":\"https:\/\/librairie7l.com\/en\/?s={search_term_string}\"},\"query-input\":\"required name=search_term_string\"}],\"inLanguage\":\"en-US\"},{\"@type\":\"Organization\",\"@id\":\"https:\/\/librairie7l.com\/en\/#organization\",\"name\":\"Librairie 7L\",\"url\":\"https:\/\/librairie7l.com\/en\/\",\"logo\":{\"@type\":\"ImageObject\",\"inLanguage\":\"en-US\",\"@id\":\"https:\/\/librairie7l.com\/en\/#\/schema\/logo\/image\/\",\"url\":\"https:\/\/librairie7l.com\/wp-content\/uploads\/2022\/08\/logo-1.png\",\"contentUrl\":\"https:\/\/librairie7l.com\/wp-content\/uploads\/2022\/08\/logo-1.png\",\"width\":227,\"height\":301,\"caption\":\"Librairie 7L\"},\"image\":{\"@id\":\"https:\/\/librairie7l.com\/en\/#\/schema\/logo\/image\/\"}}]}<\/script>\n<!-- \/ Yoast SEO plugin. -->","yoast_head_json":{"title":"ARCHITECTURE ; DESCRIPTION ET VOCABULAIRE M\u00c9THODIQUES - Librairie 7L","robots":{"index":"index","follow":"follow","max-snippet":"max-snippet:-1","max-image-preview":"max-image-preview:large","max-video-preview":"max-video-preview:-1"},"canonical":"https:\/\/librairie7l.com\/en\/produit\/architecture-description-et-vocabulaire-methodiques\/","og_locale":"en_US","og_type":"article","og_title":"ARCHITECTURE ; DESCRIPTION ET VOCABULAIRE M\u00c9THODIQUES - Librairie 7L","og_description":"Fleuron de la collection, Architecture, m\u00e9thode et vocabulaire de Jean-Marie P\u00e9rouse de Montclos fait autorit\u00e9 en la mati\u00e8re, depuis sa premi\u00e8re \u00e9dition en 1972. Unique au monde, il fait aujourd&#8217;hui l&#8217;objet d&#8217;une nouvelle \u00e9dition avec un texte revu et enrichi par l&#8217;auteur et une iconographie g\u00e9n\u00e9reusement augment\u00e9e et ouverte \u00e0 la couleur. Ainsi, une relation [&hellip;]","og_url":"https:\/\/librairie7l.com\/en\/produit\/architecture-description-et-vocabulaire-methodiques\/","og_site_name":"Librairie 7L","article_modified_time":"2026-04-17T18:55:04+00:00","og_image":[{"width":400,"height":569,"url":"https:\/\/librairie7l.com\/wp-content\/uploads\/2010\/12\/9782757701249_1_75.jpg","type":"image\/jpeg"}],"twitter_card":"summary_large_image","twitter_misc":{"Est. reading time":"1 minute"},"schema":{"@context":"https:\/\/schema.org","@graph":[{"@type":"WebPage","@id":"https:\/\/librairie7l.com\/en\/produit\/architecture-description-et-vocabulaire-methodiques\/","url":"https:\/\/librairie7l.com\/en\/produit\/architecture-description-et-vocabulaire-methodiques\/","name":"ARCHITECTURE ; DESCRIPTION ET VOCABULAIRE M\u00c9THODIQUES - Librairie 7L","isPartOf":{"@id":"https:\/\/librairie7l.com\/en\/#website"},"datePublished":"2023-05-10T10:44:39+00:00","dateModified":"2026-04-17T18:55:04+00:00","breadcrumb":{"@id":"https:\/\/librairie7l.com\/en\/produit\/architecture-description-et-vocabulaire-methodiques\/#breadcrumb"},"inLanguage":"en-US","potentialAction":[{"@type":"ReadAction","target":["https:\/\/librairie7l.com\/en\/produit\/architecture-description-et-vocabulaire-methodiques\/"]}]},{"@type":"BreadcrumbList","@id":"https:\/\/librairie7l.com\/en\/produit\/architecture-description-et-vocabulaire-methodiques\/#breadcrumb","itemListElement":[{"@type":"ListItem","position":1,"name":"Accueil","item":"https:\/\/librairie7l.com\/en\/"},{"@type":"ListItem","position":2,"name":"Shop","item":"https:\/\/librairie7l.com\/en\/shop\/"},{"@type":"ListItem","position":3,"name":"ARCHITECTURE ; DESCRIPTION ET VOCABULAIRE M\u00c9THODIQUES"}]},{"@type":"WebSite","@id":"https:\/\/librairie7l.com\/en\/#website","url":"https:\/\/librairie7l.com\/en\/","name":"Librairie 7L","description":"Librairie fond\u00e9e en 1999 par Karl Lagerfeld \u00e0 Paris","publisher":{"@id":"https:\/\/librairie7l.com\/en\/#organization"},"potentialAction":[{"@type":"SearchAction","target":{"@type":"EntryPoint","urlTemplate":"https:\/\/librairie7l.com\/en\/?s={search_term_string}"},"query-input":"required name=search_term_string"}],"inLanguage":"en-US"},{"@type":"Organization","@id":"https:\/\/librairie7l.com\/en\/#organization","name":"Librairie 7L","url":"https:\/\/librairie7l.com\/en\/","logo":{"@type":"ImageObject","inLanguage":"en-US","@id":"https:\/\/librairie7l.com\/en\/#\/schema\/logo\/image\/","url":"https:\/\/librairie7l.com\/wp-content\/uploads\/2022\/08\/logo-1.png","contentUrl":"https:\/\/librairie7l.com\/wp-content\/uploads\/2022\/08\/logo-1.png","width":227,"height":301,"caption":"Librairie 7L"},"image":{"@id":"https:\/\/librairie7l.com\/en\/#\/schema\/logo\/image\/"}}]}},"_links":{"self":[{"href":"https:\/\/librairie7l.com\/en\/wp-json\/wp\/v2\/product\/26915"}],"collection":[{"href":"https:\/\/librairie7l.com\/en\/wp-json\/wp\/v2\/product"}],"about":[{"href":"https:\/\/librairie7l.com\/en\/wp-json\/wp\/v2\/types\/product"}],"wp:featuredmedia":[{"embeddable":true,"href":"https:\/\/librairie7l.com\/en\/wp-json\/wp\/v2\/media\/26913"}],"wp:attachment":[{"href":"https:\/\/librairie7l.com\/en\/wp-json\/wp\/v2\/media?parent=26915"}],"wp:term":[{"taxonomy":"product_cat","embeddable":true,"href":"https:\/\/librairie7l.com\/en\/wp-json\/wp\/v2\/product_cat?post=26915"},{"taxonomy":"product_tag","embeddable":true,"href":"https:\/\/librairie7l.com\/en\/wp-json\/wp\/v2\/product_tag?post=26915"}],"curies":[{"name":"wp","href":"https:\/\/api.w.org\/{rel}","templated":true}]}}