{"id":26923,"date":"2023-05-10T12:45:13","date_gmt":"2023-05-10T10:45:13","guid":{"rendered":"https:\/\/librairie7l.com\/?post_type=product&#038;p=26923"},"modified":"2026-04-24T11:37:12","modified_gmt":"2026-04-24T09:37:12","slug":"hayao-miyazaki","status":"publish","type":"product","link":"https:\/\/librairie7l.com\/en\/produit\/hayao-miyazaki\/","title":{"rendered":"HAYAO MIYAZAKI"},"content":{"rendered":"<p>Ce livre est publi\u00e9 \u00e0 l&#8217;occasion de l&#8217;exposition inaugurale 2021 \u00e0 l&#8217;Academy Museum of Motion Pictures de Los Angeles, en collaboration avec le Studio Ghibli de Tokyo. Il pr\u00e9sente des centaines de mat\u00e9riaux de production originaux, principalement un tr\u00e8s grand nombre de dessins, et des oeuvres d&#8217;art jamais vues auparavant en dehors des archives du Studio Ghibli. Croquis de travail, dessins de personnages, storyboards, mises en page, arri\u00e8re-plans et films de production de ses d\u00e9buts de carri\u00e8re \u00e0 travers ses 11 longs m\u00e9trages, y compris Mon Voisin Totoro (1988), Kiki la Petite Sorci\u00e8re (1989), Princesse Mononok\u00e9 (1997), Le Voyage de Chihiro ( 2001) et Le Ch\u00e2teau Ambulant (2004), offrent un aper\u00e7u du processus cr\u00e9atif de Miyazaki et de ses techniques d&#8217;animation.<\/p>\n","protected":false},"excerpt":{"rendered":"<p>Ce livre est publi\u00e9 \u00e0 l&#8217;occasion de l&#8217;exposition inaugurale 2021 \u00e0 l&#8217;Academy Museum of Motion Pictures de Los Angeles, en collaboration avec le Studio Ghibli de Tokyo. Il pr\u00e9sente des centaines de mat\u00e9riaux de production originaux, principalement un tr\u00e8s grand nombre de dessins, et des oeuvres d&#8217;art jamais vues auparavant en dehors des archives du [&hellip;]<\/p>\n","protected":false},"featured_media":26921,"template":"","meta":[],"product_cat":[55,2948,18,2952],"product_tag":[],"acf":[],"yoast_head":"<!-- This site is optimized with the Yoast SEO plugin v20.11 - https:\/\/yoast.com\/wordpress\/plugins\/seo\/ -->\n<title>HAYAO MIYAZAKI - Librairie 7L<\/title>\n<meta name=\"robots\" content=\"index, follow, max-snippet:-1, max-image-preview:large, max-video-preview:-1\" \/>\n<link rel=\"canonical\" href=\"https:\/\/librairie7l.com\/en\/produit\/hayao-miyazaki\/\" \/>\n<meta property=\"og:locale\" content=\"en_US\" \/>\n<meta property=\"og:type\" content=\"article\" \/>\n<meta property=\"og:title\" content=\"HAYAO MIYAZAKI - Librairie 7L\" \/>\n<meta property=\"og:description\" content=\"Ce livre est publi\u00e9 \u00e0 l&#8217;occasion de l&#8217;exposition inaugurale 2021 \u00e0 l&#8217;Academy Museum of Motion Pictures de Los Angeles, en collaboration avec le Studio Ghibli de Tokyo. Il pr\u00e9sente des centaines de mat\u00e9riaux de production originaux, principalement un tr\u00e8s grand nombre de dessins, et des oeuvres d&#8217;art jamais vues auparavant en dehors des archives du [&hellip;]\" \/>\n<meta property=\"og:url\" content=\"https:\/\/librairie7l.com\/en\/produit\/hayao-miyazaki\/\" \/>\n<meta property=\"og:site_name\" content=\"Librairie 7L\" \/>\n<meta property=\"article:modified_time\" content=\"2026-04-24T09:37:12+00:00\" \/>\n<meta property=\"og:image\" content=\"https:\/\/librairie7l.com\/wp-content\/uploads\/2021\/01\/9781942884811_1_75.jpg\" \/>\n\t<meta property=\"og:image:width\" content=\"419\" \/>\n\t<meta property=\"og:image:height\" content=\"500\" \/>\n\t<meta property=\"og:image:type\" content=\"image\/jpeg\" \/>\n<meta name=\"twitter:card\" content=\"summary_large_image\" \/>\n<meta name=\"twitter:label1\" content=\"Est. reading time\" \/>\n\t<meta name=\"twitter:data1\" content=\"1 minute\" \/>\n<script type=\"application\/ld+json\" class=\"yoast-schema-graph\">{\"@context\":\"https:\/\/schema.org\",\"@graph\":[{\"@type\":\"WebPage\",\"@id\":\"https:\/\/librairie7l.com\/en\/produit\/hayao-miyazaki\/\",\"url\":\"https:\/\/librairie7l.com\/en\/produit\/hayao-miyazaki\/\",\"name\":\"HAYAO MIYAZAKI - Librairie 7L\",\"isPartOf\":{\"@id\":\"https:\/\/librairie7l.com\/en\/#website\"},\"datePublished\":\"2023-05-10T10:45:13+00:00\",\"dateModified\":\"2026-04-24T09:37:12+00:00\",\"breadcrumb\":{\"@id\":\"https:\/\/librairie7l.com\/en\/produit\/hayao-miyazaki\/#breadcrumb\"},\"inLanguage\":\"en-US\",\"potentialAction\":[{\"@type\":\"ReadAction\",\"target\":[\"https:\/\/librairie7l.com\/en\/produit\/hayao-miyazaki\/\"]}]},{\"@type\":\"BreadcrumbList\",\"@id\":\"https:\/\/librairie7l.com\/en\/produit\/hayao-miyazaki\/#breadcrumb\",\"itemListElement\":[{\"@type\":\"ListItem\",\"position\":1,\"name\":\"Accueil\",\"item\":\"https:\/\/librairie7l.com\/en\/\"},{\"@type\":\"ListItem\",\"position\":2,\"name\":\"Shop\",\"item\":\"https:\/\/librairie7l.com\/en\/shop\/\"},{\"@type\":\"ListItem\",\"position\":3,\"name\":\"HAYAO MIYAZAKI\"}]},{\"@type\":\"WebSite\",\"@id\":\"https:\/\/librairie7l.com\/en\/#website\",\"url\":\"https:\/\/librairie7l.com\/en\/\",\"name\":\"Librairie 7L\",\"description\":\"Librairie fond\u00e9e en 1999 par Karl Lagerfeld \u00e0 Paris\",\"publisher\":{\"@id\":\"https:\/\/librairie7l.com\/en\/#organization\"},\"potentialAction\":[{\"@type\":\"SearchAction\",\"target\":{\"@type\":\"EntryPoint\",\"urlTemplate\":\"https:\/\/librairie7l.com\/en\/?s={search_term_string}\"},\"query-input\":\"required name=search_term_string\"}],\"inLanguage\":\"en-US\"},{\"@type\":\"Organization\",\"@id\":\"https:\/\/librairie7l.com\/en\/#organization\",\"name\":\"Librairie 7L\",\"url\":\"https:\/\/librairie7l.com\/en\/\",\"logo\":{\"@type\":\"ImageObject\",\"inLanguage\":\"en-US\",\"@id\":\"https:\/\/librairie7l.com\/en\/#\/schema\/logo\/image\/\",\"url\":\"https:\/\/librairie7l.com\/wp-content\/uploads\/2022\/08\/logo-1.png\",\"contentUrl\":\"https:\/\/librairie7l.com\/wp-content\/uploads\/2022\/08\/logo-1.png\",\"width\":227,\"height\":301,\"caption\":\"Librairie 7L\"},\"image\":{\"@id\":\"https:\/\/librairie7l.com\/en\/#\/schema\/logo\/image\/\"}}]}<\/script>\n<!-- \/ Yoast SEO plugin. -->","yoast_head_json":{"title":"HAYAO MIYAZAKI - Librairie 7L","robots":{"index":"index","follow":"follow","max-snippet":"max-snippet:-1","max-image-preview":"max-image-preview:large","max-video-preview":"max-video-preview:-1"},"canonical":"https:\/\/librairie7l.com\/en\/produit\/hayao-miyazaki\/","og_locale":"en_US","og_type":"article","og_title":"HAYAO MIYAZAKI - Librairie 7L","og_description":"Ce livre est publi\u00e9 \u00e0 l&#8217;occasion de l&#8217;exposition inaugurale 2021 \u00e0 l&#8217;Academy Museum of Motion Pictures de Los Angeles, en collaboration avec le Studio Ghibli de Tokyo. Il pr\u00e9sente des centaines de mat\u00e9riaux de production originaux, principalement un tr\u00e8s grand nombre de dessins, et des oeuvres d&#8217;art jamais vues auparavant en dehors des archives du [&hellip;]","og_url":"https:\/\/librairie7l.com\/en\/produit\/hayao-miyazaki\/","og_site_name":"Librairie 7L","article_modified_time":"2026-04-24T09:37:12+00:00","og_image":[{"width":419,"height":500,"url":"https:\/\/librairie7l.com\/wp-content\/uploads\/2021\/01\/9781942884811_1_75.jpg","type":"image\/jpeg"}],"twitter_card":"summary_large_image","twitter_misc":{"Est. reading time":"1 minute"},"schema":{"@context":"https:\/\/schema.org","@graph":[{"@type":"WebPage","@id":"https:\/\/librairie7l.com\/en\/produit\/hayao-miyazaki\/","url":"https:\/\/librairie7l.com\/en\/produit\/hayao-miyazaki\/","name":"HAYAO MIYAZAKI - Librairie 7L","isPartOf":{"@id":"https:\/\/librairie7l.com\/en\/#website"},"datePublished":"2023-05-10T10:45:13+00:00","dateModified":"2026-04-24T09:37:12+00:00","breadcrumb":{"@id":"https:\/\/librairie7l.com\/en\/produit\/hayao-miyazaki\/#breadcrumb"},"inLanguage":"en-US","potentialAction":[{"@type":"ReadAction","target":["https:\/\/librairie7l.com\/en\/produit\/hayao-miyazaki\/"]}]},{"@type":"BreadcrumbList","@id":"https:\/\/librairie7l.com\/en\/produit\/hayao-miyazaki\/#breadcrumb","itemListElement":[{"@type":"ListItem","position":1,"name":"Accueil","item":"https:\/\/librairie7l.com\/en\/"},{"@type":"ListItem","position":2,"name":"Shop","item":"https:\/\/librairie7l.com\/en\/shop\/"},{"@type":"ListItem","position":3,"name":"HAYAO MIYAZAKI"}]},{"@type":"WebSite","@id":"https:\/\/librairie7l.com\/en\/#website","url":"https:\/\/librairie7l.com\/en\/","name":"Librairie 7L","description":"Librairie fond\u00e9e en 1999 par Karl Lagerfeld \u00e0 Paris","publisher":{"@id":"https:\/\/librairie7l.com\/en\/#organization"},"potentialAction":[{"@type":"SearchAction","target":{"@type":"EntryPoint","urlTemplate":"https:\/\/librairie7l.com\/en\/?s={search_term_string}"},"query-input":"required name=search_term_string"}],"inLanguage":"en-US"},{"@type":"Organization","@id":"https:\/\/librairie7l.com\/en\/#organization","name":"Librairie 7L","url":"https:\/\/librairie7l.com\/en\/","logo":{"@type":"ImageObject","inLanguage":"en-US","@id":"https:\/\/librairie7l.com\/en\/#\/schema\/logo\/image\/","url":"https:\/\/librairie7l.com\/wp-content\/uploads\/2022\/08\/logo-1.png","contentUrl":"https:\/\/librairie7l.com\/wp-content\/uploads\/2022\/08\/logo-1.png","width":227,"height":301,"caption":"Librairie 7L"},"image":{"@id":"https:\/\/librairie7l.com\/en\/#\/schema\/logo\/image\/"}}]}},"_links":{"self":[{"href":"https:\/\/librairie7l.com\/en\/wp-json\/wp\/v2\/product\/26923"}],"collection":[{"href":"https:\/\/librairie7l.com\/en\/wp-json\/wp\/v2\/product"}],"about":[{"href":"https:\/\/librairie7l.com\/en\/wp-json\/wp\/v2\/types\/product"}],"wp:featuredmedia":[{"embeddable":true,"href":"https:\/\/librairie7l.com\/en\/wp-json\/wp\/v2\/media\/26921"}],"wp:attachment":[{"href":"https:\/\/librairie7l.com\/en\/wp-json\/wp\/v2\/media?parent=26923"}],"wp:term":[{"taxonomy":"product_cat","embeddable":true,"href":"https:\/\/librairie7l.com\/en\/wp-json\/wp\/v2\/product_cat?post=26923"},{"taxonomy":"product_tag","embeddable":true,"href":"https:\/\/librairie7l.com\/en\/wp-json\/wp\/v2\/product_tag?post=26923"}],"curies":[{"name":"wp","href":"https:\/\/api.w.org\/{rel}","templated":true}]}}