{"id":26935,"date":"2023-05-10T12:45:23","date_gmt":"2023-05-10T10:45:23","guid":{"rendered":"https:\/\/librairie7l.com\/?post_type=product&#038;p=26935"},"modified":"2026-04-06T12:06:25","modified_gmt":"2026-04-06T10:06:25","slug":"bijoux-lorfevre-et-le-peintre","status":"publish","type":"product","link":"https:\/\/librairie7l.com\/en\/produit\/bijoux-lorfevre-et-le-peintre\/","title":{"rendered":"BIJOUX : L&#8217;ORF\u00c8VRE ET LE PEINTRE"},"content":{"rendered":"<p>De la haute Antiquit\u00e9 au d\u00e9but du XX\u00e8me si\u00e8cle, le bijou repr\u00e9sent\u00e9 en peinture t\u00e9moigne des savoir-faire conjugu\u00e9s de l&#8217;orf\u00e8vre et du peintre, l&#8217;un l&#8217;utilisant comme symbole, l&#8217;autre comme t\u00e9moignage de mode. Extraire le bijou du tableau, c&#8217;est \u00e9voquer le reflet d&#8217;une \u00e9poque, le voyage des gemmes, l&#8217;engouement de la mode et du luxe ainsi qu&#8217;un langage plus secret de l&#8217;ordre du symbole et de l&#8217;all\u00e9gorie.<br \/>\nLe livre se d\u00e9compose en huit chapitres chronologiques :<br \/>\n&#8211; le langage des principales pierres pr\u00e9cieuses ;<br \/>\n&#8211; quelques exemples dans l&#8217;Antiquit\u00e9 : br\u00e8ve histoire de Saint \u00c9loi, le patron des orf\u00e8vres et sa repr\u00e9sentation dans la peinture ;<br \/>\n&#8211; Le Gothique ;<br \/>\n&#8211; Renaissance et Baroque ;<br \/>\n&#8211; Le Si\u00e8cle des lumi\u00e8res ;<br \/>\n&#8211; le Romantisme, l&#8217;Art Nouveau et le Second Empire ;<br \/>\n&#8211; le d\u00e9but du XX\u00e8me si\u00e8cle ;<br \/>\nR\u00e9dig\u00e9 avec une grande rigueur scientifique mais \u00e0 l&#8217;attention d&#8217;un large public avant tout, cet ouvrage est le fruit d&#8217;une double exp\u00e9rience d&#8217;historienne de l&#8217;art et d&#8217;historienne du bijou.<br \/>\nJamais trait\u00e9 auparavant, ce sujet pr\u00e9sente l&#8217;originalit\u00e9 de la pr\u00e9sentation en transversalit\u00e9 toutes \u00e9poques confondues de bijoux port\u00e9s par tout type de personnes. Bijoux royaux, r\u00e9galias et bijoux religieux ne font pas partie du propos.<\/p>\n","protected":false},"excerpt":{"rendered":"<p>De la haute Antiquit\u00e9 au d\u00e9but du XX\u00e8me si\u00e8cle, le bijou repr\u00e9sent\u00e9 en peinture t\u00e9moigne des savoir-faire conjugu\u00e9s de l&#8217;orf\u00e8vre et du peintre, l&#8217;un l&#8217;utilisant comme symbole, l&#8217;autre comme t\u00e9moignage de mode. Extraire le bijou du tableau, c&#8217;est \u00e9voquer le reflet d&#8217;une \u00e9poque, le voyage des gemmes, l&#8217;engouement de la mode et du luxe ainsi [&hellip;]<\/p>\n","protected":false},"featured_media":26933,"template":"","meta":[],"product_cat":[55,2948,2957,19],"product_tag":[],"acf":[],"yoast_head":"<!-- This site is optimized with the Yoast SEO plugin v20.11 - https:\/\/yoast.com\/wordpress\/plugins\/seo\/ -->\n<title>BIJOUX : L&#039;ORF\u00c8VRE ET LE PEINTRE - Librairie 7L<\/title>\n<meta name=\"robots\" content=\"index, follow, max-snippet:-1, max-image-preview:large, max-video-preview:-1\" \/>\n<link rel=\"canonical\" href=\"https:\/\/librairie7l.com\/en\/produit\/bijoux-lorfevre-et-le-peintre\/\" \/>\n<meta property=\"og:locale\" content=\"en_US\" \/>\n<meta property=\"og:type\" content=\"article\" \/>\n<meta property=\"og:title\" content=\"BIJOUX : L&#039;ORF\u00c8VRE ET LE PEINTRE - Librairie 7L\" \/>\n<meta property=\"og:description\" content=\"De la haute Antiquit\u00e9 au d\u00e9but du XX\u00e8me si\u00e8cle, le bijou repr\u00e9sent\u00e9 en peinture t\u00e9moigne des savoir-faire conjugu\u00e9s de l&#8217;orf\u00e8vre et du peintre, l&#8217;un l&#8217;utilisant comme symbole, l&#8217;autre comme t\u00e9moignage de mode. Extraire le bijou du tableau, c&#8217;est \u00e9voquer le reflet d&#8217;une \u00e9poque, le voyage des gemmes, l&#8217;engouement de la mode et du luxe ainsi [&hellip;]\" \/>\n<meta property=\"og:url\" content=\"https:\/\/librairie7l.com\/en\/produit\/bijoux-lorfevre-et-le-peintre\/\" \/>\n<meta property=\"og:site_name\" content=\"Librairie 7L\" \/>\n<meta property=\"article:modified_time\" content=\"2026-04-06T10:06:25+00:00\" \/>\n<meta property=\"og:image\" content=\"https:\/\/librairie7l.com\/wp-content\/uploads\/2022\/06\/9782848115627_1_75.jpg\" \/>\n\t<meta property=\"og:image:width\" content=\"600\" \/>\n\t<meta property=\"og:image:height\" content=\"756\" \/>\n\t<meta property=\"og:image:type\" content=\"image\/jpeg\" \/>\n<meta name=\"twitter:card\" content=\"summary_large_image\" \/>\n<meta name=\"twitter:label1\" content=\"Est. reading time\" \/>\n\t<meta name=\"twitter:data1\" content=\"1 minute\" \/>\n<script type=\"application\/ld+json\" class=\"yoast-schema-graph\">{\"@context\":\"https:\/\/schema.org\",\"@graph\":[{\"@type\":\"WebPage\",\"@id\":\"https:\/\/librairie7l.com\/en\/produit\/bijoux-lorfevre-et-le-peintre\/\",\"url\":\"https:\/\/librairie7l.com\/en\/produit\/bijoux-lorfevre-et-le-peintre\/\",\"name\":\"BIJOUX : L'ORF\u00c8VRE ET LE PEINTRE - Librairie 7L\",\"isPartOf\":{\"@id\":\"https:\/\/librairie7l.com\/en\/#website\"},\"datePublished\":\"2023-05-10T10:45:23+00:00\",\"dateModified\":\"2026-04-06T10:06:25+00:00\",\"breadcrumb\":{\"@id\":\"https:\/\/librairie7l.com\/en\/produit\/bijoux-lorfevre-et-le-peintre\/#breadcrumb\"},\"inLanguage\":\"en-US\",\"potentialAction\":[{\"@type\":\"ReadAction\",\"target\":[\"https:\/\/librairie7l.com\/en\/produit\/bijoux-lorfevre-et-le-peintre\/\"]}]},{\"@type\":\"BreadcrumbList\",\"@id\":\"https:\/\/librairie7l.com\/en\/produit\/bijoux-lorfevre-et-le-peintre\/#breadcrumb\",\"itemListElement\":[{\"@type\":\"ListItem\",\"position\":1,\"name\":\"Accueil\",\"item\":\"https:\/\/librairie7l.com\/en\/\"},{\"@type\":\"ListItem\",\"position\":2,\"name\":\"Shop\",\"item\":\"https:\/\/librairie7l.com\/en\/shop\/\"},{\"@type\":\"ListItem\",\"position\":3,\"name\":\"BIJOUX : L&#8217;ORF\u00c8VRE ET LE PEINTRE\"}]},{\"@type\":\"WebSite\",\"@id\":\"https:\/\/librairie7l.com\/en\/#website\",\"url\":\"https:\/\/librairie7l.com\/en\/\",\"name\":\"Librairie 7L\",\"description\":\"Librairie fond\u00e9e en 1999 par Karl Lagerfeld \u00e0 Paris\",\"publisher\":{\"@id\":\"https:\/\/librairie7l.com\/en\/#organization\"},\"potentialAction\":[{\"@type\":\"SearchAction\",\"target\":{\"@type\":\"EntryPoint\",\"urlTemplate\":\"https:\/\/librairie7l.com\/en\/?s={search_term_string}\"},\"query-input\":\"required name=search_term_string\"}],\"inLanguage\":\"en-US\"},{\"@type\":\"Organization\",\"@id\":\"https:\/\/librairie7l.com\/en\/#organization\",\"name\":\"Librairie 7L\",\"url\":\"https:\/\/librairie7l.com\/en\/\",\"logo\":{\"@type\":\"ImageObject\",\"inLanguage\":\"en-US\",\"@id\":\"https:\/\/librairie7l.com\/en\/#\/schema\/logo\/image\/\",\"url\":\"https:\/\/librairie7l.com\/wp-content\/uploads\/2022\/08\/logo-1.png\",\"contentUrl\":\"https:\/\/librairie7l.com\/wp-content\/uploads\/2022\/08\/logo-1.png\",\"width\":227,\"height\":301,\"caption\":\"Librairie 7L\"},\"image\":{\"@id\":\"https:\/\/librairie7l.com\/en\/#\/schema\/logo\/image\/\"}}]}<\/script>\n<!-- \/ Yoast SEO plugin. -->","yoast_head_json":{"title":"BIJOUX : L'ORF\u00c8VRE ET LE PEINTRE - Librairie 7L","robots":{"index":"index","follow":"follow","max-snippet":"max-snippet:-1","max-image-preview":"max-image-preview:large","max-video-preview":"max-video-preview:-1"},"canonical":"https:\/\/librairie7l.com\/en\/produit\/bijoux-lorfevre-et-le-peintre\/","og_locale":"en_US","og_type":"article","og_title":"BIJOUX : L'ORF\u00c8VRE ET LE PEINTRE - Librairie 7L","og_description":"De la haute Antiquit\u00e9 au d\u00e9but du XX\u00e8me si\u00e8cle, le bijou repr\u00e9sent\u00e9 en peinture t\u00e9moigne des savoir-faire conjugu\u00e9s de l&#8217;orf\u00e8vre et du peintre, l&#8217;un l&#8217;utilisant comme symbole, l&#8217;autre comme t\u00e9moignage de mode. Extraire le bijou du tableau, c&#8217;est \u00e9voquer le reflet d&#8217;une \u00e9poque, le voyage des gemmes, l&#8217;engouement de la mode et du luxe ainsi [&hellip;]","og_url":"https:\/\/librairie7l.com\/en\/produit\/bijoux-lorfevre-et-le-peintre\/","og_site_name":"Librairie 7L","article_modified_time":"2026-04-06T10:06:25+00:00","og_image":[{"width":600,"height":756,"url":"https:\/\/librairie7l.com\/wp-content\/uploads\/2022\/06\/9782848115627_1_75.jpg","type":"image\/jpeg"}],"twitter_card":"summary_large_image","twitter_misc":{"Est. reading time":"1 minute"},"schema":{"@context":"https:\/\/schema.org","@graph":[{"@type":"WebPage","@id":"https:\/\/librairie7l.com\/en\/produit\/bijoux-lorfevre-et-le-peintre\/","url":"https:\/\/librairie7l.com\/en\/produit\/bijoux-lorfevre-et-le-peintre\/","name":"BIJOUX : L'ORF\u00c8VRE ET LE PEINTRE - Librairie 7L","isPartOf":{"@id":"https:\/\/librairie7l.com\/en\/#website"},"datePublished":"2023-05-10T10:45:23+00:00","dateModified":"2026-04-06T10:06:25+00:00","breadcrumb":{"@id":"https:\/\/librairie7l.com\/en\/produit\/bijoux-lorfevre-et-le-peintre\/#breadcrumb"},"inLanguage":"en-US","potentialAction":[{"@type":"ReadAction","target":["https:\/\/librairie7l.com\/en\/produit\/bijoux-lorfevre-et-le-peintre\/"]}]},{"@type":"BreadcrumbList","@id":"https:\/\/librairie7l.com\/en\/produit\/bijoux-lorfevre-et-le-peintre\/#breadcrumb","itemListElement":[{"@type":"ListItem","position":1,"name":"Accueil","item":"https:\/\/librairie7l.com\/en\/"},{"@type":"ListItem","position":2,"name":"Shop","item":"https:\/\/librairie7l.com\/en\/shop\/"},{"@type":"ListItem","position":3,"name":"BIJOUX : L&#8217;ORF\u00c8VRE ET LE PEINTRE"}]},{"@type":"WebSite","@id":"https:\/\/librairie7l.com\/en\/#website","url":"https:\/\/librairie7l.com\/en\/","name":"Librairie 7L","description":"Librairie fond\u00e9e en 1999 par Karl Lagerfeld \u00e0 Paris","publisher":{"@id":"https:\/\/librairie7l.com\/en\/#organization"},"potentialAction":[{"@type":"SearchAction","target":{"@type":"EntryPoint","urlTemplate":"https:\/\/librairie7l.com\/en\/?s={search_term_string}"},"query-input":"required name=search_term_string"}],"inLanguage":"en-US"},{"@type":"Organization","@id":"https:\/\/librairie7l.com\/en\/#organization","name":"Librairie 7L","url":"https:\/\/librairie7l.com\/en\/","logo":{"@type":"ImageObject","inLanguage":"en-US","@id":"https:\/\/librairie7l.com\/en\/#\/schema\/logo\/image\/","url":"https:\/\/librairie7l.com\/wp-content\/uploads\/2022\/08\/logo-1.png","contentUrl":"https:\/\/librairie7l.com\/wp-content\/uploads\/2022\/08\/logo-1.png","width":227,"height":301,"caption":"Librairie 7L"},"image":{"@id":"https:\/\/librairie7l.com\/en\/#\/schema\/logo\/image\/"}}]}},"_links":{"self":[{"href":"https:\/\/librairie7l.com\/en\/wp-json\/wp\/v2\/product\/26935"}],"collection":[{"href":"https:\/\/librairie7l.com\/en\/wp-json\/wp\/v2\/product"}],"about":[{"href":"https:\/\/librairie7l.com\/en\/wp-json\/wp\/v2\/types\/product"}],"wp:featuredmedia":[{"embeddable":true,"href":"https:\/\/librairie7l.com\/en\/wp-json\/wp\/v2\/media\/26933"}],"wp:attachment":[{"href":"https:\/\/librairie7l.com\/en\/wp-json\/wp\/v2\/media?parent=26935"}],"wp:term":[{"taxonomy":"product_cat","embeddable":true,"href":"https:\/\/librairie7l.com\/en\/wp-json\/wp\/v2\/product_cat?post=26935"},{"taxonomy":"product_tag","embeddable":true,"href":"https:\/\/librairie7l.com\/en\/wp-json\/wp\/v2\/product_tag?post=26935"}],"curies":[{"name":"wp","href":"https:\/\/api.w.org\/{rel}","templated":true}]}}