{"id":26943,"date":"2023-05-10T12:45:40","date_gmt":"2023-05-10T10:45:40","guid":{"rendered":"https:\/\/librairie7l.com\/?post_type=product&#038;p=26943"},"modified":"2026-04-07T14:28:51","modified_gmt":"2026-04-07T12:28:51","slug":"moyen-age-chretiente-et-islam","status":"publish","type":"product","link":"https:\/\/librairie7l.com\/en\/produit\/moyen-age-chretiente-et-islam\/","title":{"rendered":"MOYEN \u00c2GE ; CHR\u00c9TIENT\u00c9 ET ISLAM"},"content":{"rendered":"<p>M\u00c9THODOLOGIE &#8211; Jalons pour l&#8217;\u00e9tude de l&#8217;architecture romane &#8211; L&#8217;architecture gothique : les \u00e9l\u00e9ments d&#8217;un syst\u00e8me coh\u00e9rent &#8211; Diversit\u00e9 de la sculpture romane &#8211; La sculpture gothique (XII? &#8211; XV? si\u00e8cle) : les mutations de l&#8217;image monumentale &#8211; La peinture romane : l&#8217;\u00e9glise et son d\u00e9cor peint &#8211; L&#8217;enluminure gothique : le texte, son d\u00e9cor et son illustration &#8211; Iconographie et symbolisme &#8211; Comprendre l&#8217;art byzantin &#8211; Construire une \u00e9glise byzantine &#8211; Patronage et production en terre d&#8217;Islam &#8211; De l&#8217;art \u00abislamique\u00bb aux arts des pays d&#8217;Islam. L&#8217;ART DE BYZANCE &#8211; L&#8217;architecture : de Constantin le Grand \u00e0 la fin de l&#8217;empire &#8211; L&#8217;empereur et sa capitale &#8211; La cour et les puissants &#8211; L&#8217;\u00e9glise protobyzantine et son d\u00e9cor &#8211; Nature et enjeux de l&#8217;image &#8211; Le d\u00e9cor des \u00e9glises apr\u00e8s l&#8217;iconoclasme &#8211; Le d\u00e9veloppement de l&#8217;ic\u00f4ne &#8211; La tradition byzantine. L&#8217;ART DE L&#8217;OCCIDENT Le haut Moyen \u00c2ge et l&#8217;art roman &#8211; L&#8217;art m\u00e9rovingien : sous le signe de la continuit\u00e9 &#8211; Le go\u00fbt de l&#8217;ornement dans les royaumes barbares &#8211; L&#8217;architecture \u00e0 l&#8217;\u00e9poque carolingienne &#8211; Enluminure et arts pr\u00e9cieux \u00e0 l&#8217;\u00e9poque carolingienne &#8211; L&#8217;architecture et son d\u00e9cor autour de l&#8217;an mil &#8211; Enluminure et arts pr\u00e9cieux autour de l&#8217;an mil &#8211; L&#8217;\u00e9glise romane : ordres monastiques et p\u00e8lerinages &#8211; L&#8217;\u00e9glise romane : diversit\u00e9 formelle et r\u00e9gionale &#8211; La sculpture romane &#8211; La peinture romane &#8211; Les arts pr\u00e9cieux \u00e0 l&#8217;\u00e9poque romane &#8211; L&#8217;architecture civile et militaire. L&#8217;ART DE L&#8217;OCCIDENT L&#8217;art gothique et la fin du Moyen \u00c2ge &#8211; L&#8217;architecture gothique : des origines au d\u00e9but du XIII? si\u00e8cle &#8211; Le gothique rayonnant &#8211; La sculpture gothique &#8211; La peinture gothique aux XIII? et XIV? si\u00e8cles &#8211; Le Trecento &#8211; L&#8217;Europe \u00e0 la fin du Moyen \u00c2ge &#8211; Les nouvelles images &#8211; Le gothique tardif 1350-1500 &#8211; Les arts pr\u00e9cieux &#8211; De l&#8217;art courtois au r\u00e9alisme flamand &#8211; La peinture hors des Flandres &#8211; L&#8217;architecture civile et militaire. L&#8217;ART DE L&#8217;ISLAM &#8211; La culture \u00e9trusco-italique &#8211; L&#8217;art omeyyade : la gen\u00e8se de l&#8217;art islamique &#8211; L&#8217;art imp\u00e9rial abbasside (750-945) &#8211; L&#8217;art des provinces (IX? &#8211; X? si\u00e8cles) &#8211; Les Seldjoukides d&#8217;Iran et d&#8217;Anatolie &#8211; Les Fatimides et le Proche-Orient arabe &#8211; L&#8217;Occident islamique (XI? &#8211; XV&amp;esup si\u00e8cle) &#8211; Les Mamelouks (1250-1517) &#8211; Les Mongols et les Timourides.<\/p>\n","protected":false},"excerpt":{"rendered":"<p>M\u00c9THODOLOGIE &#8211; Jalons pour l&#8217;\u00e9tude de l&#8217;architecture romane &#8211; L&#8217;architecture gothique : les \u00e9l\u00e9ments d&#8217;un syst\u00e8me coh\u00e9rent &#8211; Diversit\u00e9 de la sculpture romane &#8211; La sculpture gothique (XII? &#8211; XV? si\u00e8cle) : les mutations de l&#8217;image monumentale &#8211; La peinture romane : l&#8217;\u00e9glise et son d\u00e9cor peint &#8211; L&#8217;enluminure gothique : le texte, son d\u00e9cor [&hellip;]<\/p>\n","protected":false},"featured_media":26941,"template":"","meta":[],"product_cat":[2948,2953],"product_tag":[],"acf":[],"yoast_head":"<!-- This site is optimized with the Yoast SEO plugin v20.11 - https:\/\/yoast.com\/wordpress\/plugins\/seo\/ -->\n<title>MOYEN \u00c2GE ; CHR\u00c9TIENT\u00c9 ET ISLAM - Librairie 7L<\/title>\n<meta name=\"robots\" content=\"index, follow, max-snippet:-1, max-image-preview:large, max-video-preview:-1\" \/>\n<link rel=\"canonical\" href=\"https:\/\/librairie7l.com\/en\/produit\/moyen-age-chretiente-et-islam\/\" \/>\n<meta property=\"og:locale\" content=\"en_US\" \/>\n<meta property=\"og:type\" content=\"article\" \/>\n<meta property=\"og:title\" content=\"MOYEN \u00c2GE ; CHR\u00c9TIENT\u00c9 ET ISLAM - Librairie 7L\" \/>\n<meta property=\"og:description\" content=\"M\u00c9THODOLOGIE &#8211; Jalons pour l&#8217;\u00e9tude de l&#8217;architecture romane &#8211; L&#8217;architecture gothique : les \u00e9l\u00e9ments d&#8217;un syst\u00e8me coh\u00e9rent &#8211; Diversit\u00e9 de la sculpture romane &#8211; La sculpture gothique (XII? &#8211; XV? si\u00e8cle) : les mutations de l&#8217;image monumentale &#8211; La peinture romane : l&#8217;\u00e9glise et son d\u00e9cor peint &#8211; L&#8217;enluminure gothique : le texte, son d\u00e9cor [&hellip;]\" \/>\n<meta property=\"og:url\" content=\"https:\/\/librairie7l.com\/en\/produit\/moyen-age-chretiente-et-islam\/\" \/>\n<meta property=\"og:site_name\" content=\"Librairie 7L\" \/>\n<meta property=\"article:modified_time\" content=\"2026-04-07T12:28:51+00:00\" \/>\n<meta property=\"og:image\" content=\"https:\/\/librairie7l.com\/wp-content\/uploads\/2021\/12\/9782080279347_1_75.jpg\" \/>\n\t<meta property=\"og:image:width\" content=\"600\" \/>\n\t<meta property=\"og:image:height\" content=\"798\" \/>\n\t<meta property=\"og:image:type\" content=\"image\/jpeg\" \/>\n<meta name=\"twitter:card\" content=\"summary_large_image\" \/>\n<meta name=\"twitter:label1\" content=\"Est. reading time\" \/>\n\t<meta name=\"twitter:data1\" content=\"2 minutes\" \/>\n<script type=\"application\/ld+json\" class=\"yoast-schema-graph\">{\"@context\":\"https:\/\/schema.org\",\"@graph\":[{\"@type\":\"WebPage\",\"@id\":\"https:\/\/librairie7l.com\/en\/produit\/moyen-age-chretiente-et-islam\/\",\"url\":\"https:\/\/librairie7l.com\/en\/produit\/moyen-age-chretiente-et-islam\/\",\"name\":\"MOYEN \u00c2GE ; CHR\u00c9TIENT\u00c9 ET ISLAM - Librairie 7L\",\"isPartOf\":{\"@id\":\"https:\/\/librairie7l.com\/en\/#website\"},\"datePublished\":\"2023-05-10T10:45:40+00:00\",\"dateModified\":\"2026-04-07T12:28:51+00:00\",\"breadcrumb\":{\"@id\":\"https:\/\/librairie7l.com\/en\/produit\/moyen-age-chretiente-et-islam\/#breadcrumb\"},\"inLanguage\":\"en-US\",\"potentialAction\":[{\"@type\":\"ReadAction\",\"target\":[\"https:\/\/librairie7l.com\/en\/produit\/moyen-age-chretiente-et-islam\/\"]}]},{\"@type\":\"BreadcrumbList\",\"@id\":\"https:\/\/librairie7l.com\/en\/produit\/moyen-age-chretiente-et-islam\/#breadcrumb\",\"itemListElement\":[{\"@type\":\"ListItem\",\"position\":1,\"name\":\"Accueil\",\"item\":\"https:\/\/librairie7l.com\/en\/\"},{\"@type\":\"ListItem\",\"position\":2,\"name\":\"Shop\",\"item\":\"https:\/\/librairie7l.com\/en\/shop\/\"},{\"@type\":\"ListItem\",\"position\":3,\"name\":\"MOYEN \u00c2GE ; CHR\u00c9TIENT\u00c9 ET ISLAM\"}]},{\"@type\":\"WebSite\",\"@id\":\"https:\/\/librairie7l.com\/en\/#website\",\"url\":\"https:\/\/librairie7l.com\/en\/\",\"name\":\"Librairie 7L\",\"description\":\"Librairie fond\u00e9e en 1999 par Karl Lagerfeld \u00e0 Paris\",\"publisher\":{\"@id\":\"https:\/\/librairie7l.com\/en\/#organization\"},\"potentialAction\":[{\"@type\":\"SearchAction\",\"target\":{\"@type\":\"EntryPoint\",\"urlTemplate\":\"https:\/\/librairie7l.com\/en\/?s={search_term_string}\"},\"query-input\":\"required name=search_term_string\"}],\"inLanguage\":\"en-US\"},{\"@type\":\"Organization\",\"@id\":\"https:\/\/librairie7l.com\/en\/#organization\",\"name\":\"Librairie 7L\",\"url\":\"https:\/\/librairie7l.com\/en\/\",\"logo\":{\"@type\":\"ImageObject\",\"inLanguage\":\"en-US\",\"@id\":\"https:\/\/librairie7l.com\/en\/#\/schema\/logo\/image\/\",\"url\":\"https:\/\/librairie7l.com\/wp-content\/uploads\/2022\/08\/logo-1.png\",\"contentUrl\":\"https:\/\/librairie7l.com\/wp-content\/uploads\/2022\/08\/logo-1.png\",\"width\":227,\"height\":301,\"caption\":\"Librairie 7L\"},\"image\":{\"@id\":\"https:\/\/librairie7l.com\/en\/#\/schema\/logo\/image\/\"}}]}<\/script>\n<!-- \/ Yoast SEO plugin. -->","yoast_head_json":{"title":"MOYEN \u00c2GE ; CHR\u00c9TIENT\u00c9 ET ISLAM - Librairie 7L","robots":{"index":"index","follow":"follow","max-snippet":"max-snippet:-1","max-image-preview":"max-image-preview:large","max-video-preview":"max-video-preview:-1"},"canonical":"https:\/\/librairie7l.com\/en\/produit\/moyen-age-chretiente-et-islam\/","og_locale":"en_US","og_type":"article","og_title":"MOYEN \u00c2GE ; CHR\u00c9TIENT\u00c9 ET ISLAM - Librairie 7L","og_description":"M\u00c9THODOLOGIE &#8211; Jalons pour l&#8217;\u00e9tude de l&#8217;architecture romane &#8211; L&#8217;architecture gothique : les \u00e9l\u00e9ments d&#8217;un syst\u00e8me coh\u00e9rent &#8211; Diversit\u00e9 de la sculpture romane &#8211; La sculpture gothique (XII? &#8211; XV? si\u00e8cle) : les mutations de l&#8217;image monumentale &#8211; La peinture romane : l&#8217;\u00e9glise et son d\u00e9cor peint &#8211; L&#8217;enluminure gothique : le texte, son d\u00e9cor [&hellip;]","og_url":"https:\/\/librairie7l.com\/en\/produit\/moyen-age-chretiente-et-islam\/","og_site_name":"Librairie 7L","article_modified_time":"2026-04-07T12:28:51+00:00","og_image":[{"width":600,"height":798,"url":"https:\/\/librairie7l.com\/wp-content\/uploads\/2021\/12\/9782080279347_1_75.jpg","type":"image\/jpeg"}],"twitter_card":"summary_large_image","twitter_misc":{"Est. reading time":"2 minutes"},"schema":{"@context":"https:\/\/schema.org","@graph":[{"@type":"WebPage","@id":"https:\/\/librairie7l.com\/en\/produit\/moyen-age-chretiente-et-islam\/","url":"https:\/\/librairie7l.com\/en\/produit\/moyen-age-chretiente-et-islam\/","name":"MOYEN \u00c2GE ; CHR\u00c9TIENT\u00c9 ET ISLAM - Librairie 7L","isPartOf":{"@id":"https:\/\/librairie7l.com\/en\/#website"},"datePublished":"2023-05-10T10:45:40+00:00","dateModified":"2026-04-07T12:28:51+00:00","breadcrumb":{"@id":"https:\/\/librairie7l.com\/en\/produit\/moyen-age-chretiente-et-islam\/#breadcrumb"},"inLanguage":"en-US","potentialAction":[{"@type":"ReadAction","target":["https:\/\/librairie7l.com\/en\/produit\/moyen-age-chretiente-et-islam\/"]}]},{"@type":"BreadcrumbList","@id":"https:\/\/librairie7l.com\/en\/produit\/moyen-age-chretiente-et-islam\/#breadcrumb","itemListElement":[{"@type":"ListItem","position":1,"name":"Accueil","item":"https:\/\/librairie7l.com\/en\/"},{"@type":"ListItem","position":2,"name":"Shop","item":"https:\/\/librairie7l.com\/en\/shop\/"},{"@type":"ListItem","position":3,"name":"MOYEN \u00c2GE ; CHR\u00c9TIENT\u00c9 ET ISLAM"}]},{"@type":"WebSite","@id":"https:\/\/librairie7l.com\/en\/#website","url":"https:\/\/librairie7l.com\/en\/","name":"Librairie 7L","description":"Librairie fond\u00e9e en 1999 par Karl Lagerfeld \u00e0 Paris","publisher":{"@id":"https:\/\/librairie7l.com\/en\/#organization"},"potentialAction":[{"@type":"SearchAction","target":{"@type":"EntryPoint","urlTemplate":"https:\/\/librairie7l.com\/en\/?s={search_term_string}"},"query-input":"required name=search_term_string"}],"inLanguage":"en-US"},{"@type":"Organization","@id":"https:\/\/librairie7l.com\/en\/#organization","name":"Librairie 7L","url":"https:\/\/librairie7l.com\/en\/","logo":{"@type":"ImageObject","inLanguage":"en-US","@id":"https:\/\/librairie7l.com\/en\/#\/schema\/logo\/image\/","url":"https:\/\/librairie7l.com\/wp-content\/uploads\/2022\/08\/logo-1.png","contentUrl":"https:\/\/librairie7l.com\/wp-content\/uploads\/2022\/08\/logo-1.png","width":227,"height":301,"caption":"Librairie 7L"},"image":{"@id":"https:\/\/librairie7l.com\/en\/#\/schema\/logo\/image\/"}}]}},"_links":{"self":[{"href":"https:\/\/librairie7l.com\/en\/wp-json\/wp\/v2\/product\/26943"}],"collection":[{"href":"https:\/\/librairie7l.com\/en\/wp-json\/wp\/v2\/product"}],"about":[{"href":"https:\/\/librairie7l.com\/en\/wp-json\/wp\/v2\/types\/product"}],"wp:featuredmedia":[{"embeddable":true,"href":"https:\/\/librairie7l.com\/en\/wp-json\/wp\/v2\/media\/26941"}],"wp:attachment":[{"href":"https:\/\/librairie7l.com\/en\/wp-json\/wp\/v2\/media?parent=26943"}],"wp:term":[{"taxonomy":"product_cat","embeddable":true,"href":"https:\/\/librairie7l.com\/en\/wp-json\/wp\/v2\/product_cat?post=26943"},{"taxonomy":"product_tag","embeddable":true,"href":"https:\/\/librairie7l.com\/en\/wp-json\/wp\/v2\/product_tag?post=26943"}],"curies":[{"name":"wp","href":"https:\/\/api.w.org\/{rel}","templated":true}]}}