{"id":26947,"date":"2023-05-10T12:45:47","date_gmt":"2023-05-10T10:45:47","guid":{"rendered":"https:\/\/librairie7l.com\/?post_type=product&#038;p=26947"},"modified":"2026-05-05T08:28:51","modified_gmt":"2026-05-05T06:28:51","slug":"art-et-decoration-une-revue-entre-deux-siecles-1897-1914-de-lart-nouveau-a-un-art-decoratif-moderne-2","status":"publish","type":"product","link":"https:\/\/librairie7l.com\/en\/produit\/art-et-decoration-une-revue-entre-deux-siecles-1897-1914-de-lart-nouveau-a-un-art-decoratif-moderne-2\/","title":{"rendered":"ART ET D\u00c9CORATION, UNE REVUE ENTRE DEUX SI\u00c8CLES (1897-1914) : DE L&#8217;ART NOUVEAU \u00c0 UN ART D\u00c9CORATIF MODERNE"},"content":{"rendered":"<p>En 1897, para\u00eet la premi\u00e8re revue parisienne consacr\u00e9e \u00e0 la critique des arts d\u00e9coratifs contemporains, Art et D\u00e9coration, publi\u00e9e par la Librairie centrale des beaux-arts. Jusqu&#8217;\u00e0 son interruption temporaire en 1914, elle reste fid\u00e8le aux engagements \u00e9nonc\u00e9s par son programme : accompagner le d\u00e9veloppement d&#8217;un art d\u00e9coratif fran\u00e7ais moderne. C&#8217;est pourquoi elle prend intens\u00e9ment part aux d\u00e9bats critiques, esth\u00e9tiques, th\u00e9oriques et id\u00e9ologiques qui sous-tendent l&#8217;actualit\u00e9 artistique, de l&#8217;\u00e9ph\u00e9m\u00e8re apog\u00e9e de l&#8217;Art nouveau aux pr\u00e9mices de l&#8217;Art d\u00e9co.<br \/>\n\u00c0 travers un parcours diachronique, d\u00e9termin\u00e9 par les \u00e9volutions de la vie artistique au passage du XX e si\u00e8cle, cet ouvrage analyse la complexit\u00e9 d&#8217;une p\u00e9riode singuli\u00e8rement riche, mais rarement abord\u00e9e pour elle-m\u00eame du point de vue de l&#8217;histoire des arts d\u00e9coratifs. D\u00e9cryptant l&#8217;action critique et th\u00e9orique d&#8217;Art et D\u00e9coration, il replace celle-ci au sein du champ \u00e9ditorial des revues d&#8217;art, explore l&#8217;implication de ses principaux acteurs, interroge la vocation militante de son discours critique et d\u00e9finit les contours de l&#8217;esth\u00e9tique d\u00e9corative \u00e9labor\u00e9e au fil de ses pages.<br \/>\nCe livre est issu d&#8217;une th\u00e8se de doctorat en histoire de l&#8217;art, laur\u00e9ate du Prix du Mus\u00e9e d&#8217;Orsay 2016.<\/p>\n","protected":false},"excerpt":{"rendered":"<p>En 1897, para\u00eet la premi\u00e8re revue parisienne consacr\u00e9e \u00e0 la critique des arts d\u00e9coratifs contemporains, Art et D\u00e9coration, publi\u00e9e par la Librairie centrale des beaux-arts. Jusqu&#8217;\u00e0 son interruption temporaire en 1914, elle reste fid\u00e8le aux engagements \u00e9nonc\u00e9s par son programme : accompagner le d\u00e9veloppement d&#8217;un art d\u00e9coratif fran\u00e7ais moderne. C&#8217;est pourquoi elle prend intens\u00e9ment part [&hellip;]<\/p>\n","protected":false},"featured_media":26945,"template":"","meta":[],"product_cat":[55,2948,46,2951],"product_tag":[],"acf":[],"yoast_head":"<!-- This site is optimized with the Yoast SEO plugin v20.11 - https:\/\/yoast.com\/wordpress\/plugins\/seo\/ -->\n<title>ART ET D\u00c9CORATION, UNE REVUE ENTRE DEUX SI\u00c8CLES (1897-1914) : DE L&#039;ART NOUVEAU \u00c0 UN ART D\u00c9CORATIF MODERNE - Librairie 7L<\/title>\n<meta name=\"robots\" content=\"index, follow, max-snippet:-1, max-image-preview:large, max-video-preview:-1\" \/>\n<link rel=\"canonical\" href=\"https:\/\/librairie7l.com\/en\/produit\/art-et-decoration-une-revue-entre-deux-siecles-1897-1914-de-lart-nouveau-a-un-art-decoratif-moderne-2\/\" \/>\n<meta property=\"og:locale\" content=\"en_US\" \/>\n<meta property=\"og:type\" content=\"article\" \/>\n<meta property=\"og:title\" content=\"ART ET D\u00c9CORATION, UNE REVUE ENTRE DEUX SI\u00c8CLES (1897-1914) : DE L&#039;ART NOUVEAU \u00c0 UN ART D\u00c9CORATIF MODERNE - Librairie 7L\" \/>\n<meta property=\"og:description\" content=\"En 1897, para\u00eet la premi\u00e8re revue parisienne consacr\u00e9e \u00e0 la critique des arts d\u00e9coratifs contemporains, Art et D\u00e9coration, publi\u00e9e par la Librairie centrale des beaux-arts. Jusqu&#8217;\u00e0 son interruption temporaire en 1914, elle reste fid\u00e8le aux engagements \u00e9nonc\u00e9s par son programme : accompagner le d\u00e9veloppement d&#8217;un art d\u00e9coratif fran\u00e7ais moderne. C&#8217;est pourquoi elle prend intens\u00e9ment part [&hellip;]\" \/>\n<meta property=\"og:url\" content=\"https:\/\/librairie7l.com\/en\/produit\/art-et-decoration-une-revue-entre-deux-siecles-1897-1914-de-lart-nouveau-a-un-art-decoratif-moderne-2\/\" \/>\n<meta property=\"og:site_name\" content=\"Librairie 7L\" \/>\n<meta property=\"article:modified_time\" content=\"2026-05-05T06:28:51+00:00\" \/>\n<meta property=\"og:image\" content=\"https:\/\/librairie7l.com\/wp-content\/uploads\/2021\/06\/9782362220555_1_75.jpg\" \/>\n\t<meta property=\"og:image:width\" content=\"600\" \/>\n\t<meta property=\"og:image:height\" content=\"879\" \/>\n\t<meta property=\"og:image:type\" content=\"image\/jpeg\" \/>\n<meta name=\"twitter:card\" content=\"summary_large_image\" \/>\n<meta name=\"twitter:label1\" content=\"Est. reading time\" \/>\n\t<meta name=\"twitter:data1\" content=\"1 minute\" \/>\n<script type=\"application\/ld+json\" class=\"yoast-schema-graph\">{\"@context\":\"https:\/\/schema.org\",\"@graph\":[{\"@type\":\"WebPage\",\"@id\":\"https:\/\/librairie7l.com\/en\/produit\/art-et-decoration-une-revue-entre-deux-siecles-1897-1914-de-lart-nouveau-a-un-art-decoratif-moderne-2\/\",\"url\":\"https:\/\/librairie7l.com\/en\/produit\/art-et-decoration-une-revue-entre-deux-siecles-1897-1914-de-lart-nouveau-a-un-art-decoratif-moderne-2\/\",\"name\":\"ART ET D\u00c9CORATION, UNE REVUE ENTRE DEUX SI\u00c8CLES (1897-1914) : DE L'ART NOUVEAU \u00c0 UN ART D\u00c9CORATIF MODERNE - Librairie 7L\",\"isPartOf\":{\"@id\":\"https:\/\/librairie7l.com\/en\/#website\"},\"datePublished\":\"2023-05-10T10:45:47+00:00\",\"dateModified\":\"2026-05-05T06:28:51+00:00\",\"breadcrumb\":{\"@id\":\"https:\/\/librairie7l.com\/en\/produit\/art-et-decoration-une-revue-entre-deux-siecles-1897-1914-de-lart-nouveau-a-un-art-decoratif-moderne-2\/#breadcrumb\"},\"inLanguage\":\"en-US\",\"potentialAction\":[{\"@type\":\"ReadAction\",\"target\":[\"https:\/\/librairie7l.com\/en\/produit\/art-et-decoration-une-revue-entre-deux-siecles-1897-1914-de-lart-nouveau-a-un-art-decoratif-moderne-2\/\"]}]},{\"@type\":\"BreadcrumbList\",\"@id\":\"https:\/\/librairie7l.com\/en\/produit\/art-et-decoration-une-revue-entre-deux-siecles-1897-1914-de-lart-nouveau-a-un-art-decoratif-moderne-2\/#breadcrumb\",\"itemListElement\":[{\"@type\":\"ListItem\",\"position\":1,\"name\":\"Accueil\",\"item\":\"https:\/\/librairie7l.com\/en\/\"},{\"@type\":\"ListItem\",\"position\":2,\"name\":\"Shop\",\"item\":\"https:\/\/librairie7l.com\/en\/shop\/\"},{\"@type\":\"ListItem\",\"position\":3,\"name\":\"ART ET D\u00c9CORATION, UNE REVUE ENTRE DEUX SI\u00c8CLES (1897-1914) : DE L&#8217;ART NOUVEAU \u00c0 UN ART D\u00c9CORATIF MODERNE\"}]},{\"@type\":\"WebSite\",\"@id\":\"https:\/\/librairie7l.com\/en\/#website\",\"url\":\"https:\/\/librairie7l.com\/en\/\",\"name\":\"Librairie 7L\",\"description\":\"Librairie fond\u00e9e en 1999 par Karl Lagerfeld \u00e0 Paris\",\"publisher\":{\"@id\":\"https:\/\/librairie7l.com\/en\/#organization\"},\"potentialAction\":[{\"@type\":\"SearchAction\",\"target\":{\"@type\":\"EntryPoint\",\"urlTemplate\":\"https:\/\/librairie7l.com\/en\/?s={search_term_string}\"},\"query-input\":\"required name=search_term_string\"}],\"inLanguage\":\"en-US\"},{\"@type\":\"Organization\",\"@id\":\"https:\/\/librairie7l.com\/en\/#organization\",\"name\":\"Librairie 7L\",\"url\":\"https:\/\/librairie7l.com\/en\/\",\"logo\":{\"@type\":\"ImageObject\",\"inLanguage\":\"en-US\",\"@id\":\"https:\/\/librairie7l.com\/en\/#\/schema\/logo\/image\/\",\"url\":\"https:\/\/librairie7l.com\/wp-content\/uploads\/2022\/08\/logo-1.png\",\"contentUrl\":\"https:\/\/librairie7l.com\/wp-content\/uploads\/2022\/08\/logo-1.png\",\"width\":227,\"height\":301,\"caption\":\"Librairie 7L\"},\"image\":{\"@id\":\"https:\/\/librairie7l.com\/en\/#\/schema\/logo\/image\/\"}}]}<\/script>\n<!-- \/ Yoast SEO plugin. -->","yoast_head_json":{"title":"ART ET D\u00c9CORATION, UNE REVUE ENTRE DEUX SI\u00c8CLES (1897-1914) : DE L'ART NOUVEAU \u00c0 UN ART D\u00c9CORATIF MODERNE - Librairie 7L","robots":{"index":"index","follow":"follow","max-snippet":"max-snippet:-1","max-image-preview":"max-image-preview:large","max-video-preview":"max-video-preview:-1"},"canonical":"https:\/\/librairie7l.com\/en\/produit\/art-et-decoration-une-revue-entre-deux-siecles-1897-1914-de-lart-nouveau-a-un-art-decoratif-moderne-2\/","og_locale":"en_US","og_type":"article","og_title":"ART ET D\u00c9CORATION, UNE REVUE ENTRE DEUX SI\u00c8CLES (1897-1914) : DE L'ART NOUVEAU \u00c0 UN ART D\u00c9CORATIF MODERNE - Librairie 7L","og_description":"En 1897, para\u00eet la premi\u00e8re revue parisienne consacr\u00e9e \u00e0 la critique des arts d\u00e9coratifs contemporains, Art et D\u00e9coration, publi\u00e9e par la Librairie centrale des beaux-arts. Jusqu&#8217;\u00e0 son interruption temporaire en 1914, elle reste fid\u00e8le aux engagements \u00e9nonc\u00e9s par son programme : accompagner le d\u00e9veloppement d&#8217;un art d\u00e9coratif fran\u00e7ais moderne. C&#8217;est pourquoi elle prend intens\u00e9ment part [&hellip;]","og_url":"https:\/\/librairie7l.com\/en\/produit\/art-et-decoration-une-revue-entre-deux-siecles-1897-1914-de-lart-nouveau-a-un-art-decoratif-moderne-2\/","og_site_name":"Librairie 7L","article_modified_time":"2026-05-05T06:28:51+00:00","og_image":[{"width":600,"height":879,"url":"https:\/\/librairie7l.com\/wp-content\/uploads\/2021\/06\/9782362220555_1_75.jpg","type":"image\/jpeg"}],"twitter_card":"summary_large_image","twitter_misc":{"Est. reading time":"1 minute"},"schema":{"@context":"https:\/\/schema.org","@graph":[{"@type":"WebPage","@id":"https:\/\/librairie7l.com\/en\/produit\/art-et-decoration-une-revue-entre-deux-siecles-1897-1914-de-lart-nouveau-a-un-art-decoratif-moderne-2\/","url":"https:\/\/librairie7l.com\/en\/produit\/art-et-decoration-une-revue-entre-deux-siecles-1897-1914-de-lart-nouveau-a-un-art-decoratif-moderne-2\/","name":"ART ET D\u00c9CORATION, UNE REVUE ENTRE DEUX SI\u00c8CLES (1897-1914) : DE L'ART NOUVEAU \u00c0 UN ART D\u00c9CORATIF MODERNE - Librairie 7L","isPartOf":{"@id":"https:\/\/librairie7l.com\/en\/#website"},"datePublished":"2023-05-10T10:45:47+00:00","dateModified":"2026-05-05T06:28:51+00:00","breadcrumb":{"@id":"https:\/\/librairie7l.com\/en\/produit\/art-et-decoration-une-revue-entre-deux-siecles-1897-1914-de-lart-nouveau-a-un-art-decoratif-moderne-2\/#breadcrumb"},"inLanguage":"en-US","potentialAction":[{"@type":"ReadAction","target":["https:\/\/librairie7l.com\/en\/produit\/art-et-decoration-une-revue-entre-deux-siecles-1897-1914-de-lart-nouveau-a-un-art-decoratif-moderne-2\/"]}]},{"@type":"BreadcrumbList","@id":"https:\/\/librairie7l.com\/en\/produit\/art-et-decoration-une-revue-entre-deux-siecles-1897-1914-de-lart-nouveau-a-un-art-decoratif-moderne-2\/#breadcrumb","itemListElement":[{"@type":"ListItem","position":1,"name":"Accueil","item":"https:\/\/librairie7l.com\/en\/"},{"@type":"ListItem","position":2,"name":"Shop","item":"https:\/\/librairie7l.com\/en\/shop\/"},{"@type":"ListItem","position":3,"name":"ART ET D\u00c9CORATION, UNE REVUE ENTRE DEUX SI\u00c8CLES (1897-1914) : DE L&#8217;ART NOUVEAU \u00c0 UN ART D\u00c9CORATIF MODERNE"}]},{"@type":"WebSite","@id":"https:\/\/librairie7l.com\/en\/#website","url":"https:\/\/librairie7l.com\/en\/","name":"Librairie 7L","description":"Librairie fond\u00e9e en 1999 par Karl Lagerfeld \u00e0 Paris","publisher":{"@id":"https:\/\/librairie7l.com\/en\/#organization"},"potentialAction":[{"@type":"SearchAction","target":{"@type":"EntryPoint","urlTemplate":"https:\/\/librairie7l.com\/en\/?s={search_term_string}"},"query-input":"required name=search_term_string"}],"inLanguage":"en-US"},{"@type":"Organization","@id":"https:\/\/librairie7l.com\/en\/#organization","name":"Librairie 7L","url":"https:\/\/librairie7l.com\/en\/","logo":{"@type":"ImageObject","inLanguage":"en-US","@id":"https:\/\/librairie7l.com\/en\/#\/schema\/logo\/image\/","url":"https:\/\/librairie7l.com\/wp-content\/uploads\/2022\/08\/logo-1.png","contentUrl":"https:\/\/librairie7l.com\/wp-content\/uploads\/2022\/08\/logo-1.png","width":227,"height":301,"caption":"Librairie 7L"},"image":{"@id":"https:\/\/librairie7l.com\/en\/#\/schema\/logo\/image\/"}}]}},"_links":{"self":[{"href":"https:\/\/librairie7l.com\/en\/wp-json\/wp\/v2\/product\/26947"}],"collection":[{"href":"https:\/\/librairie7l.com\/en\/wp-json\/wp\/v2\/product"}],"about":[{"href":"https:\/\/librairie7l.com\/en\/wp-json\/wp\/v2\/types\/product"}],"wp:featuredmedia":[{"embeddable":true,"href":"https:\/\/librairie7l.com\/en\/wp-json\/wp\/v2\/media\/26945"}],"wp:attachment":[{"href":"https:\/\/librairie7l.com\/en\/wp-json\/wp\/v2\/media?parent=26947"}],"wp:term":[{"taxonomy":"product_cat","embeddable":true,"href":"https:\/\/librairie7l.com\/en\/wp-json\/wp\/v2\/product_cat?post=26947"},{"taxonomy":"product_tag","embeddable":true,"href":"https:\/\/librairie7l.com\/en\/wp-json\/wp\/v2\/product_tag?post=26947"}],"curies":[{"name":"wp","href":"https:\/\/api.w.org\/{rel}","templated":true}]}}