{"id":26951,"date":"2023-05-10T12:45:56","date_gmt":"2023-05-10T10:45:56","guid":{"rendered":"https:\/\/librairie7l.com\/?post_type=product&#038;p=26951"},"modified":"2026-04-27T01:36:19","modified_gmt":"2026-04-26T23:36:19","slug":"la-mode-un-guide-pratique-de-reference","status":"publish","type":"product","link":"https:\/\/librairie7l.com\/en\/produit\/la-mode-un-guide-pratique-de-reference\/","title":{"rendered":"LA MODE, UN GUIDE PRATIQUE DE R\u00c9F\u00c9RENCE"},"content":{"rendered":"<p>Cet ouvrage est un guide indispensable pour les \u00e9tudiants et une r\u00e9f\u00e9rence de premier ordre pour les professionnels. Il accompagne les stylistes tout au long du processus de cr\u00e9ation, de la conception d&#8217;un v\u00eatement \u00e0 sa mise en vente.<br \/>\nCe manuel rassemble dans un format pratique toutes les informations et notions indispensables pour la planification et l&#8217;ex\u00e9cution de projets de mode, quelle que soit leur envergure. Mettant en relation les six grandes phases du cycle de la mode &#8211; recherche, montage de projet, conception, construction, constitution d&#8217;une client\u00e8le et \u00e9volution -, il propose aux cr\u00e9ateurs des strat\u00e9gies efficaces pour b\u00e2tir une collection coh\u00e9rente et transmettre leur vision.<\/p>\n","protected":false},"excerpt":{"rendered":"<p>Cet ouvrage est un guide indispensable pour les \u00e9tudiants et une r\u00e9f\u00e9rence de premier ordre pour les professionnels. Il accompagne les stylistes tout au long du processus de cr\u00e9ation, de la conception d&#8217;un v\u00eatement \u00e0 sa mise en vente. Ce manuel rassemble dans un format pratique toutes les informations et notions indispensables pour la planification [&hellip;]<\/p>\n","protected":false},"featured_media":26949,"template":"","meta":[],"product_cat":[55,2948,2957,19],"product_tag":[],"acf":[],"yoast_head":"<!-- This site is optimized with the Yoast SEO plugin v20.11 - https:\/\/yoast.com\/wordpress\/plugins\/seo\/ -->\n<title>LA MODE, UN GUIDE PRATIQUE DE R\u00c9F\u00c9RENCE - Librairie 7L<\/title>\n<meta name=\"robots\" content=\"index, follow, max-snippet:-1, max-image-preview:large, max-video-preview:-1\" \/>\n<link rel=\"canonical\" href=\"https:\/\/librairie7l.com\/en\/produit\/la-mode-un-guide-pratique-de-reference\/\" \/>\n<meta property=\"og:locale\" content=\"en_US\" \/>\n<meta property=\"og:type\" content=\"article\" \/>\n<meta property=\"og:title\" content=\"LA MODE, UN GUIDE PRATIQUE DE R\u00c9F\u00c9RENCE - Librairie 7L\" \/>\n<meta property=\"og:description\" content=\"Cet ouvrage est un guide indispensable pour les \u00e9tudiants et une r\u00e9f\u00e9rence de premier ordre pour les professionnels. Il accompagne les stylistes tout au long du processus de cr\u00e9ation, de la conception d&#8217;un v\u00eatement \u00e0 sa mise en vente. Ce manuel rassemble dans un format pratique toutes les informations et notions indispensables pour la planification [&hellip;]\" \/>\n<meta property=\"og:url\" content=\"https:\/\/librairie7l.com\/en\/produit\/la-mode-un-guide-pratique-de-reference\/\" \/>\n<meta property=\"og:site_name\" content=\"Librairie 7L\" \/>\n<meta property=\"article:modified_time\" content=\"2026-04-26T23:36:19+00:00\" \/>\n<meta property=\"og:image\" content=\"https:\/\/librairie7l.com\/wp-content\/uploads\/2021\/04\/9782350175133_1_75.jpg\" \/>\n\t<meta property=\"og:image:width\" content=\"549\" \/>\n\t<meta property=\"og:image:height\" content=\"787\" \/>\n\t<meta property=\"og:image:type\" content=\"image\/jpeg\" \/>\n<meta name=\"twitter:card\" content=\"summary_large_image\" \/>\n<meta name=\"twitter:label1\" content=\"Est. reading time\" \/>\n\t<meta name=\"twitter:data1\" content=\"1 minute\" \/>\n<script type=\"application\/ld+json\" class=\"yoast-schema-graph\">{\"@context\":\"https:\/\/schema.org\",\"@graph\":[{\"@type\":\"WebPage\",\"@id\":\"https:\/\/librairie7l.com\/en\/produit\/la-mode-un-guide-pratique-de-reference\/\",\"url\":\"https:\/\/librairie7l.com\/en\/produit\/la-mode-un-guide-pratique-de-reference\/\",\"name\":\"LA MODE, UN GUIDE PRATIQUE DE R\u00c9F\u00c9RENCE - Librairie 7L\",\"isPartOf\":{\"@id\":\"https:\/\/librairie7l.com\/en\/#website\"},\"datePublished\":\"2023-05-10T10:45:56+00:00\",\"dateModified\":\"2026-04-26T23:36:19+00:00\",\"breadcrumb\":{\"@id\":\"https:\/\/librairie7l.com\/en\/produit\/la-mode-un-guide-pratique-de-reference\/#breadcrumb\"},\"inLanguage\":\"en-US\",\"potentialAction\":[{\"@type\":\"ReadAction\",\"target\":[\"https:\/\/librairie7l.com\/en\/produit\/la-mode-un-guide-pratique-de-reference\/\"]}]},{\"@type\":\"BreadcrumbList\",\"@id\":\"https:\/\/librairie7l.com\/en\/produit\/la-mode-un-guide-pratique-de-reference\/#breadcrumb\",\"itemListElement\":[{\"@type\":\"ListItem\",\"position\":1,\"name\":\"Accueil\",\"item\":\"https:\/\/librairie7l.com\/en\/\"},{\"@type\":\"ListItem\",\"position\":2,\"name\":\"Shop\",\"item\":\"https:\/\/librairie7l.com\/en\/shop\/\"},{\"@type\":\"ListItem\",\"position\":3,\"name\":\"LA MODE, UN GUIDE PRATIQUE DE R\u00c9F\u00c9RENCE\"}]},{\"@type\":\"WebSite\",\"@id\":\"https:\/\/librairie7l.com\/en\/#website\",\"url\":\"https:\/\/librairie7l.com\/en\/\",\"name\":\"Librairie 7L\",\"description\":\"Librairie fond\u00e9e en 1999 par Karl Lagerfeld \u00e0 Paris\",\"publisher\":{\"@id\":\"https:\/\/librairie7l.com\/en\/#organization\"},\"potentialAction\":[{\"@type\":\"SearchAction\",\"target\":{\"@type\":\"EntryPoint\",\"urlTemplate\":\"https:\/\/librairie7l.com\/en\/?s={search_term_string}\"},\"query-input\":\"required name=search_term_string\"}],\"inLanguage\":\"en-US\"},{\"@type\":\"Organization\",\"@id\":\"https:\/\/librairie7l.com\/en\/#organization\",\"name\":\"Librairie 7L\",\"url\":\"https:\/\/librairie7l.com\/en\/\",\"logo\":{\"@type\":\"ImageObject\",\"inLanguage\":\"en-US\",\"@id\":\"https:\/\/librairie7l.com\/en\/#\/schema\/logo\/image\/\",\"url\":\"https:\/\/librairie7l.com\/wp-content\/uploads\/2022\/08\/logo-1.png\",\"contentUrl\":\"https:\/\/librairie7l.com\/wp-content\/uploads\/2022\/08\/logo-1.png\",\"width\":227,\"height\":301,\"caption\":\"Librairie 7L\"},\"image\":{\"@id\":\"https:\/\/librairie7l.com\/en\/#\/schema\/logo\/image\/\"}}]}<\/script>\n<!-- \/ Yoast SEO plugin. -->","yoast_head_json":{"title":"LA MODE, UN GUIDE PRATIQUE DE R\u00c9F\u00c9RENCE - Librairie 7L","robots":{"index":"index","follow":"follow","max-snippet":"max-snippet:-1","max-image-preview":"max-image-preview:large","max-video-preview":"max-video-preview:-1"},"canonical":"https:\/\/librairie7l.com\/en\/produit\/la-mode-un-guide-pratique-de-reference\/","og_locale":"en_US","og_type":"article","og_title":"LA MODE, UN GUIDE PRATIQUE DE R\u00c9F\u00c9RENCE - Librairie 7L","og_description":"Cet ouvrage est un guide indispensable pour les \u00e9tudiants et une r\u00e9f\u00e9rence de premier ordre pour les professionnels. Il accompagne les stylistes tout au long du processus de cr\u00e9ation, de la conception d&#8217;un v\u00eatement \u00e0 sa mise en vente. Ce manuel rassemble dans un format pratique toutes les informations et notions indispensables pour la planification [&hellip;]","og_url":"https:\/\/librairie7l.com\/en\/produit\/la-mode-un-guide-pratique-de-reference\/","og_site_name":"Librairie 7L","article_modified_time":"2026-04-26T23:36:19+00:00","og_image":[{"width":549,"height":787,"url":"https:\/\/librairie7l.com\/wp-content\/uploads\/2021\/04\/9782350175133_1_75.jpg","type":"image\/jpeg"}],"twitter_card":"summary_large_image","twitter_misc":{"Est. reading time":"1 minute"},"schema":{"@context":"https:\/\/schema.org","@graph":[{"@type":"WebPage","@id":"https:\/\/librairie7l.com\/en\/produit\/la-mode-un-guide-pratique-de-reference\/","url":"https:\/\/librairie7l.com\/en\/produit\/la-mode-un-guide-pratique-de-reference\/","name":"LA MODE, UN GUIDE PRATIQUE DE R\u00c9F\u00c9RENCE - Librairie 7L","isPartOf":{"@id":"https:\/\/librairie7l.com\/en\/#website"},"datePublished":"2023-05-10T10:45:56+00:00","dateModified":"2026-04-26T23:36:19+00:00","breadcrumb":{"@id":"https:\/\/librairie7l.com\/en\/produit\/la-mode-un-guide-pratique-de-reference\/#breadcrumb"},"inLanguage":"en-US","potentialAction":[{"@type":"ReadAction","target":["https:\/\/librairie7l.com\/en\/produit\/la-mode-un-guide-pratique-de-reference\/"]}]},{"@type":"BreadcrumbList","@id":"https:\/\/librairie7l.com\/en\/produit\/la-mode-un-guide-pratique-de-reference\/#breadcrumb","itemListElement":[{"@type":"ListItem","position":1,"name":"Accueil","item":"https:\/\/librairie7l.com\/en\/"},{"@type":"ListItem","position":2,"name":"Shop","item":"https:\/\/librairie7l.com\/en\/shop\/"},{"@type":"ListItem","position":3,"name":"LA MODE, UN GUIDE PRATIQUE DE R\u00c9F\u00c9RENCE"}]},{"@type":"WebSite","@id":"https:\/\/librairie7l.com\/en\/#website","url":"https:\/\/librairie7l.com\/en\/","name":"Librairie 7L","description":"Librairie fond\u00e9e en 1999 par Karl Lagerfeld \u00e0 Paris","publisher":{"@id":"https:\/\/librairie7l.com\/en\/#organization"},"potentialAction":[{"@type":"SearchAction","target":{"@type":"EntryPoint","urlTemplate":"https:\/\/librairie7l.com\/en\/?s={search_term_string}"},"query-input":"required name=search_term_string"}],"inLanguage":"en-US"},{"@type":"Organization","@id":"https:\/\/librairie7l.com\/en\/#organization","name":"Librairie 7L","url":"https:\/\/librairie7l.com\/en\/","logo":{"@type":"ImageObject","inLanguage":"en-US","@id":"https:\/\/librairie7l.com\/en\/#\/schema\/logo\/image\/","url":"https:\/\/librairie7l.com\/wp-content\/uploads\/2022\/08\/logo-1.png","contentUrl":"https:\/\/librairie7l.com\/wp-content\/uploads\/2022\/08\/logo-1.png","width":227,"height":301,"caption":"Librairie 7L"},"image":{"@id":"https:\/\/librairie7l.com\/en\/#\/schema\/logo\/image\/"}}]}},"_links":{"self":[{"href":"https:\/\/librairie7l.com\/en\/wp-json\/wp\/v2\/product\/26951"}],"collection":[{"href":"https:\/\/librairie7l.com\/en\/wp-json\/wp\/v2\/product"}],"about":[{"href":"https:\/\/librairie7l.com\/en\/wp-json\/wp\/v2\/types\/product"}],"wp:featuredmedia":[{"embeddable":true,"href":"https:\/\/librairie7l.com\/en\/wp-json\/wp\/v2\/media\/26949"}],"wp:attachment":[{"href":"https:\/\/librairie7l.com\/en\/wp-json\/wp\/v2\/media?parent=26951"}],"wp:term":[{"taxonomy":"product_cat","embeddable":true,"href":"https:\/\/librairie7l.com\/en\/wp-json\/wp\/v2\/product_cat?post=26951"},{"taxonomy":"product_tag","embeddable":true,"href":"https:\/\/librairie7l.com\/en\/wp-json\/wp\/v2\/product_tag?post=26951"}],"curies":[{"name":"wp","href":"https:\/\/api.w.org\/{rel}","templated":true}]}}