{"id":26967,"date":"2023-05-10T12:46:16","date_gmt":"2023-05-10T10:46:16","guid":{"rendered":"https:\/\/librairie7l.com\/?post_type=product&#038;p=26967"},"modified":"2026-04-07T14:28:58","modified_gmt":"2026-04-07T12:28:58","slug":"invisible","status":"publish","type":"product","link":"https:\/\/librairie7l.com\/en\/produit\/invisible\/","title":{"rendered":"INVISIBLE"},"content":{"rendered":"<p>Tout au long de ses soixante ann\u00e9es de carri\u00e8re, Franco Fontana a photographi\u00e9 ce que l&#8217;on  ne voit pas, r\u00e9ussissant \u00e0 fixer dans l&#8217;objectif une image \u00ab autre \u00bb, d\u00e9tach\u00e9e de la r\u00e9alit\u00e9, lib\u00e9r\u00e9e du sujet repr\u00e9sent\u00e9. Son travail sur la g\u00e9om\u00e9trie, les proportions et la composition lui a  permis d&#8217;atteindre par paliers une synth\u00e8se conceptuelle qui est \u00e0 la fois son langage personnel et sa manifestation formelle.<br \/>\nInvisible, volume de 168 pages comptant plus de 100 photographies, est le r\u00e9sultat d&#8217;une  exploration minutieuse des archives de l&#8217;artiste, qui a fait \u00e9merger des clich\u00e9s in\u00e9dits, allant  des recherches les plus exp\u00e9rimentales aux manifestations les plus libres de sa subjectivit\u00e9,  sans n\u00e9gliger pour autant les images iconiques qui ont rendu leur auteur c\u00e9l\u00e8bre dans le  monde entier.<br \/>\nCet album, compos\u00e9 avec un soin particulier, s&#8217;adresse \u00e0 ceux qui souhaitent avoir une vue  d&#8217;ensemble du parcours de l&#8217;auteur, mais aussi explorer cet espace int\u00e9rieur, au-del\u00e0 du r\u00e9el,  d\u00e9volu \u00e0 l&#8217;interpr\u00e9tation suggestive, \u00e0 la qu\u00eate de l&#8217;image en devenir, que seule la sensibilit\u00e9  visuelle du photographe sait recueillir et traduire en un clich\u00e9 unique et inimitable, de sorte  que l&#8217;invisible devient soudain visible.<\/p>\n","protected":false},"excerpt":{"rendered":"<p>Tout au long de ses soixante ann\u00e9es de carri\u00e8re, Franco Fontana a photographi\u00e9 ce que l&#8217;on ne voit pas, r\u00e9ussissant \u00e0 fixer dans l&#8217;objectif une image \u00ab autre \u00bb, d\u00e9tach\u00e9e de la r\u00e9alit\u00e9, lib\u00e9r\u00e9e du sujet repr\u00e9sent\u00e9. Son travail sur la g\u00e9om\u00e9trie, les proportions et la composition lui a permis d&#8217;atteindre par paliers une synth\u00e8se [&hellip;]<\/p>\n","protected":false},"featured_media":26965,"template":"","meta":[],"product_cat":[55,2948,2958,17],"product_tag":[],"acf":[],"yoast_head":"<!-- This site is optimized with the Yoast SEO plugin v20.11 - https:\/\/yoast.com\/wordpress\/plugins\/seo\/ -->\n<title>INVISIBLE - Librairie 7L<\/title>\n<meta name=\"robots\" content=\"index, follow, max-snippet:-1, max-image-preview:large, max-video-preview:-1\" \/>\n<link rel=\"canonical\" href=\"https:\/\/librairie7l.com\/en\/produit\/invisible\/\" \/>\n<meta property=\"og:locale\" content=\"en_US\" \/>\n<meta property=\"og:type\" content=\"article\" \/>\n<meta property=\"og:title\" content=\"INVISIBLE - Librairie 7L\" \/>\n<meta property=\"og:description\" content=\"Tout au long de ses soixante ann\u00e9es de carri\u00e8re, Franco Fontana a photographi\u00e9 ce que l&#8217;on ne voit pas, r\u00e9ussissant \u00e0 fixer dans l&#8217;objectif une image \u00ab autre \u00bb, d\u00e9tach\u00e9e de la r\u00e9alit\u00e9, lib\u00e9r\u00e9e du sujet repr\u00e9sent\u00e9. Son travail sur la g\u00e9om\u00e9trie, les proportions et la composition lui a permis d&#8217;atteindre par paliers une synth\u00e8se [&hellip;]\" \/>\n<meta property=\"og:url\" content=\"https:\/\/librairie7l.com\/en\/produit\/invisible\/\" \/>\n<meta property=\"og:site_name\" content=\"Librairie 7L\" \/>\n<meta property=\"article:modified_time\" content=\"2026-04-07T12:28:58+00:00\" \/>\n<meta property=\"og:image\" content=\"https:\/\/librairie7l.com\/wp-content\/uploads\/2022\/08\/9791254600276_1_75.jpg\" \/>\n\t<meta property=\"og:image:width\" content=\"373\" \/>\n\t<meta property=\"og:image:height\" content=\"465\" \/>\n\t<meta property=\"og:image:type\" content=\"image\/jpeg\" \/>\n<meta name=\"twitter:card\" content=\"summary_large_image\" \/>\n<meta name=\"twitter:label1\" content=\"Est. reading time\" \/>\n\t<meta name=\"twitter:data1\" content=\"1 minute\" \/>\n<script type=\"application\/ld+json\" class=\"yoast-schema-graph\">{\"@context\":\"https:\/\/schema.org\",\"@graph\":[{\"@type\":\"WebPage\",\"@id\":\"https:\/\/librairie7l.com\/en\/produit\/invisible\/\",\"url\":\"https:\/\/librairie7l.com\/en\/produit\/invisible\/\",\"name\":\"INVISIBLE - Librairie 7L\",\"isPartOf\":{\"@id\":\"https:\/\/librairie7l.com\/en\/#website\"},\"datePublished\":\"2023-05-10T10:46:16+00:00\",\"dateModified\":\"2026-04-07T12:28:58+00:00\",\"breadcrumb\":{\"@id\":\"https:\/\/librairie7l.com\/en\/produit\/invisible\/#breadcrumb\"},\"inLanguage\":\"en-US\",\"potentialAction\":[{\"@type\":\"ReadAction\",\"target\":[\"https:\/\/librairie7l.com\/en\/produit\/invisible\/\"]}]},{\"@type\":\"BreadcrumbList\",\"@id\":\"https:\/\/librairie7l.com\/en\/produit\/invisible\/#breadcrumb\",\"itemListElement\":[{\"@type\":\"ListItem\",\"position\":1,\"name\":\"Accueil\",\"item\":\"https:\/\/librairie7l.com\/en\/\"},{\"@type\":\"ListItem\",\"position\":2,\"name\":\"Shop\",\"item\":\"https:\/\/librairie7l.com\/en\/shop\/\"},{\"@type\":\"ListItem\",\"position\":3,\"name\":\"INVISIBLE\"}]},{\"@type\":\"WebSite\",\"@id\":\"https:\/\/librairie7l.com\/en\/#website\",\"url\":\"https:\/\/librairie7l.com\/en\/\",\"name\":\"Librairie 7L\",\"description\":\"Librairie fond\u00e9e en 1999 par Karl Lagerfeld \u00e0 Paris\",\"publisher\":{\"@id\":\"https:\/\/librairie7l.com\/en\/#organization\"},\"potentialAction\":[{\"@type\":\"SearchAction\",\"target\":{\"@type\":\"EntryPoint\",\"urlTemplate\":\"https:\/\/librairie7l.com\/en\/?s={search_term_string}\"},\"query-input\":\"required name=search_term_string\"}],\"inLanguage\":\"en-US\"},{\"@type\":\"Organization\",\"@id\":\"https:\/\/librairie7l.com\/en\/#organization\",\"name\":\"Librairie 7L\",\"url\":\"https:\/\/librairie7l.com\/en\/\",\"logo\":{\"@type\":\"ImageObject\",\"inLanguage\":\"en-US\",\"@id\":\"https:\/\/librairie7l.com\/en\/#\/schema\/logo\/image\/\",\"url\":\"https:\/\/librairie7l.com\/wp-content\/uploads\/2022\/08\/logo-1.png\",\"contentUrl\":\"https:\/\/librairie7l.com\/wp-content\/uploads\/2022\/08\/logo-1.png\",\"width\":227,\"height\":301,\"caption\":\"Librairie 7L\"},\"image\":{\"@id\":\"https:\/\/librairie7l.com\/en\/#\/schema\/logo\/image\/\"}}]}<\/script>\n<!-- \/ Yoast SEO plugin. -->","yoast_head_json":{"title":"INVISIBLE - Librairie 7L","robots":{"index":"index","follow":"follow","max-snippet":"max-snippet:-1","max-image-preview":"max-image-preview:large","max-video-preview":"max-video-preview:-1"},"canonical":"https:\/\/librairie7l.com\/en\/produit\/invisible\/","og_locale":"en_US","og_type":"article","og_title":"INVISIBLE - Librairie 7L","og_description":"Tout au long de ses soixante ann\u00e9es de carri\u00e8re, Franco Fontana a photographi\u00e9 ce que l&#8217;on ne voit pas, r\u00e9ussissant \u00e0 fixer dans l&#8217;objectif une image \u00ab autre \u00bb, d\u00e9tach\u00e9e de la r\u00e9alit\u00e9, lib\u00e9r\u00e9e du sujet repr\u00e9sent\u00e9. Son travail sur la g\u00e9om\u00e9trie, les proportions et la composition lui a permis d&#8217;atteindre par paliers une synth\u00e8se [&hellip;]","og_url":"https:\/\/librairie7l.com\/en\/produit\/invisible\/","og_site_name":"Librairie 7L","article_modified_time":"2026-04-07T12:28:58+00:00","og_image":[{"width":373,"height":465,"url":"https:\/\/librairie7l.com\/wp-content\/uploads\/2022\/08\/9791254600276_1_75.jpg","type":"image\/jpeg"}],"twitter_card":"summary_large_image","twitter_misc":{"Est. reading time":"1 minute"},"schema":{"@context":"https:\/\/schema.org","@graph":[{"@type":"WebPage","@id":"https:\/\/librairie7l.com\/en\/produit\/invisible\/","url":"https:\/\/librairie7l.com\/en\/produit\/invisible\/","name":"INVISIBLE - Librairie 7L","isPartOf":{"@id":"https:\/\/librairie7l.com\/en\/#website"},"datePublished":"2023-05-10T10:46:16+00:00","dateModified":"2026-04-07T12:28:58+00:00","breadcrumb":{"@id":"https:\/\/librairie7l.com\/en\/produit\/invisible\/#breadcrumb"},"inLanguage":"en-US","potentialAction":[{"@type":"ReadAction","target":["https:\/\/librairie7l.com\/en\/produit\/invisible\/"]}]},{"@type":"BreadcrumbList","@id":"https:\/\/librairie7l.com\/en\/produit\/invisible\/#breadcrumb","itemListElement":[{"@type":"ListItem","position":1,"name":"Accueil","item":"https:\/\/librairie7l.com\/en\/"},{"@type":"ListItem","position":2,"name":"Shop","item":"https:\/\/librairie7l.com\/en\/shop\/"},{"@type":"ListItem","position":3,"name":"INVISIBLE"}]},{"@type":"WebSite","@id":"https:\/\/librairie7l.com\/en\/#website","url":"https:\/\/librairie7l.com\/en\/","name":"Librairie 7L","description":"Librairie fond\u00e9e en 1999 par Karl Lagerfeld \u00e0 Paris","publisher":{"@id":"https:\/\/librairie7l.com\/en\/#organization"},"potentialAction":[{"@type":"SearchAction","target":{"@type":"EntryPoint","urlTemplate":"https:\/\/librairie7l.com\/en\/?s={search_term_string}"},"query-input":"required name=search_term_string"}],"inLanguage":"en-US"},{"@type":"Organization","@id":"https:\/\/librairie7l.com\/en\/#organization","name":"Librairie 7L","url":"https:\/\/librairie7l.com\/en\/","logo":{"@type":"ImageObject","inLanguage":"en-US","@id":"https:\/\/librairie7l.com\/en\/#\/schema\/logo\/image\/","url":"https:\/\/librairie7l.com\/wp-content\/uploads\/2022\/08\/logo-1.png","contentUrl":"https:\/\/librairie7l.com\/wp-content\/uploads\/2022\/08\/logo-1.png","width":227,"height":301,"caption":"Librairie 7L"},"image":{"@id":"https:\/\/librairie7l.com\/en\/#\/schema\/logo\/image\/"}}]}},"_links":{"self":[{"href":"https:\/\/librairie7l.com\/en\/wp-json\/wp\/v2\/product\/26967"}],"collection":[{"href":"https:\/\/librairie7l.com\/en\/wp-json\/wp\/v2\/product"}],"about":[{"href":"https:\/\/librairie7l.com\/en\/wp-json\/wp\/v2\/types\/product"}],"wp:featuredmedia":[{"embeddable":true,"href":"https:\/\/librairie7l.com\/en\/wp-json\/wp\/v2\/media\/26965"}],"wp:attachment":[{"href":"https:\/\/librairie7l.com\/en\/wp-json\/wp\/v2\/media?parent=26967"}],"wp:term":[{"taxonomy":"product_cat","embeddable":true,"href":"https:\/\/librairie7l.com\/en\/wp-json\/wp\/v2\/product_cat?post=26967"},{"taxonomy":"product_tag","embeddable":true,"href":"https:\/\/librairie7l.com\/en\/wp-json\/wp\/v2\/product_tag?post=26967"}],"curies":[{"name":"wp","href":"https:\/\/api.w.org\/{rel}","templated":true}]}}