{"id":26983,"date":"2023-05-10T12:46:44","date_gmt":"2023-05-10T10:46:44","guid":{"rendered":"https:\/\/librairie7l.com\/?post_type=product&#038;p=26983"},"modified":"2026-04-13T13:09:50","modified_gmt":"2026-04-13T11:09:50","slug":"epoque-contemporaine-xix-xxi-siecles","status":"publish","type":"product","link":"https:\/\/librairie7l.com\/en\/produit\/epoque-contemporaine-xix-xxi-siecles\/","title":{"rendered":"\u00c9POQUE CONTEMPORAINE, XIX-XXI SI\u00c8CLES"},"content":{"rendered":"<p>LES ROMANTISMES &#8211; Administrer &#8211; Apr\u00e8s le n\u00e9o-classicisme &#8211; Le premier romantisme &#8211; Le romantisme europ\u00e9en &#8211; \u00c9quiper et loger &#8211; L&#8217;orientalisme &#8211; Les r\u00e9volutions du paysage &#8211; Les premi\u00e8res r\u00e9sistances ; R\u00c9VOLUTIONS ET R\u00c9ACTIONS &#8211; \u00c9clectisme et historicisme &#8211; Le temps des scandales &#8211; L&#8217;impressionnisme &#8211; Naissance de la m\u00e9tropole &#8211; Apr\u00e8s l&#8217;impressionnisme &#8211; La r\u00e9action symboliste &#8211; Le symbolisme international- Le rationalisme. L&#8217;\u00c2GE DES AVANT-GARDES &#8211; Les ruptures de l&#8217;art nouveau &#8211; Le fauvisme &#8211; Picasso et Braque &#8211; Cubisme, futurisme et vorticisme &#8211; L&#8217;architecture de la 2e r\u00e9volution industrielle &#8211; La Br\u00fccke, le Blaue Reiter &#8211; L&#8217;abstraction \u00e0 Paris &#8211; La Russie. Du n\u00e9o-primitivisme au supr\u00e9matisme. ORDRES ET D\u00c9SORDRES &#8211; Images m\u00e9caniques &#8211; \u00abRetour \u00e0 l&#8217;ordre\u00bb en peinture ? &#8211; L&#8217;esprit Dada &#8211; L&#8217;abstraction &#8211; Le surr\u00e9alisme &#8211; Avant-garde et tradition &#8211; Le mouvement moderne &#8211; La nouvelle monumentalit\u00e9. LA MODERNIT\u00c9 : TRIOMPHE ET CRISE &#8211; Le logement et la ville &#8211; L&#8217;apr\u00e8s-guerre en Europe &#8211; L&#8217;\u00c9cole de New York &#8211; D&#8217;autres images &#8211; Le pop &#8211; Maturit\u00e9 des architectures modernes &#8211; Les ann\u00e9es th\u00e9oriques &#8211; L&#8217;architecture et le schisme post-moderne &#8211; Personnalisation de la vie artistique &#8211; \u00c9clatement des tendances.<\/p>\n","protected":false},"excerpt":{"rendered":"<p>LES ROMANTISMES &#8211; Administrer &#8211; Apr\u00e8s le n\u00e9o-classicisme &#8211; Le premier romantisme &#8211; Le romantisme europ\u00e9en &#8211; \u00c9quiper et loger &#8211; L&#8217;orientalisme &#8211; Les r\u00e9volutions du paysage &#8211; Les premi\u00e8res r\u00e9sistances ; R\u00c9VOLUTIONS ET R\u00c9ACTIONS &#8211; \u00c9clectisme et historicisme &#8211; Le temps des scandales &#8211; L&#8217;impressionnisme &#8211; Naissance de la m\u00e9tropole &#8211; Apr\u00e8s l&#8217;impressionnisme &#8211; [&hellip;]<\/p>\n","protected":false},"featured_media":26981,"template":"","meta":[],"product_cat":[55,2948,47,2953],"product_tag":[],"acf":[],"yoast_head":"<!-- This site is optimized with the Yoast SEO plugin v20.11 - https:\/\/yoast.com\/wordpress\/plugins\/seo\/ -->\n<title>\u00c9POQUE CONTEMPORAINE, XIX-XXI SI\u00c8CLES - Librairie 7L<\/title>\n<meta name=\"robots\" content=\"index, follow, max-snippet:-1, max-image-preview:large, max-video-preview:-1\" \/>\n<link rel=\"canonical\" href=\"https:\/\/librairie7l.com\/en\/produit\/epoque-contemporaine-xix-xxi-siecles\/\" \/>\n<meta property=\"og:locale\" content=\"en_US\" \/>\n<meta property=\"og:type\" content=\"article\" \/>\n<meta property=\"og:title\" content=\"\u00c9POQUE CONTEMPORAINE, XIX-XXI SI\u00c8CLES - Librairie 7L\" \/>\n<meta property=\"og:description\" content=\"LES ROMANTISMES &#8211; Administrer &#8211; Apr\u00e8s le n\u00e9o-classicisme &#8211; Le premier romantisme &#8211; Le romantisme europ\u00e9en &#8211; \u00c9quiper et loger &#8211; L&#8217;orientalisme &#8211; Les r\u00e9volutions du paysage &#8211; Les premi\u00e8res r\u00e9sistances ; R\u00c9VOLUTIONS ET R\u00c9ACTIONS &#8211; \u00c9clectisme et historicisme &#8211; Le temps des scandales &#8211; L&#8217;impressionnisme &#8211; Naissance de la m\u00e9tropole &#8211; Apr\u00e8s l&#8217;impressionnisme &#8211; [&hellip;]\" \/>\n<meta property=\"og:url\" content=\"https:\/\/librairie7l.com\/en\/produit\/epoque-contemporaine-xix-xxi-siecles\/\" \/>\n<meta property=\"og:site_name\" content=\"Librairie 7L\" \/>\n<meta property=\"article:modified_time\" content=\"2026-04-13T11:09:50+00:00\" \/>\n<meta property=\"og:image\" content=\"https:\/\/librairie7l.com\/wp-content\/uploads\/2021\/12\/9782080279644_1_75.jpg\" \/>\n\t<meta property=\"og:image:width\" content=\"600\" \/>\n\t<meta property=\"og:image:height\" content=\"798\" \/>\n\t<meta property=\"og:image:type\" content=\"image\/jpeg\" \/>\n<meta name=\"twitter:card\" content=\"summary_large_image\" \/>\n<meta name=\"twitter:label1\" content=\"Est. reading time\" \/>\n\t<meta name=\"twitter:data1\" content=\"1 minute\" \/>\n<script type=\"application\/ld+json\" class=\"yoast-schema-graph\">{\"@context\":\"https:\/\/schema.org\",\"@graph\":[{\"@type\":\"WebPage\",\"@id\":\"https:\/\/librairie7l.com\/en\/produit\/epoque-contemporaine-xix-xxi-siecles\/\",\"url\":\"https:\/\/librairie7l.com\/en\/produit\/epoque-contemporaine-xix-xxi-siecles\/\",\"name\":\"\u00c9POQUE CONTEMPORAINE, XIX-XXI SI\u00c8CLES - Librairie 7L\",\"isPartOf\":{\"@id\":\"https:\/\/librairie7l.com\/en\/#website\"},\"datePublished\":\"2023-05-10T10:46:44+00:00\",\"dateModified\":\"2026-04-13T11:09:50+00:00\",\"breadcrumb\":{\"@id\":\"https:\/\/librairie7l.com\/en\/produit\/epoque-contemporaine-xix-xxi-siecles\/#breadcrumb\"},\"inLanguage\":\"en-US\",\"potentialAction\":[{\"@type\":\"ReadAction\",\"target\":[\"https:\/\/librairie7l.com\/en\/produit\/epoque-contemporaine-xix-xxi-siecles\/\"]}]},{\"@type\":\"BreadcrumbList\",\"@id\":\"https:\/\/librairie7l.com\/en\/produit\/epoque-contemporaine-xix-xxi-siecles\/#breadcrumb\",\"itemListElement\":[{\"@type\":\"ListItem\",\"position\":1,\"name\":\"Accueil\",\"item\":\"https:\/\/librairie7l.com\/en\/\"},{\"@type\":\"ListItem\",\"position\":2,\"name\":\"Shop\",\"item\":\"https:\/\/librairie7l.com\/en\/shop\/\"},{\"@type\":\"ListItem\",\"position\":3,\"name\":\"\u00c9POQUE CONTEMPORAINE, XIX-XXI SI\u00c8CLES\"}]},{\"@type\":\"WebSite\",\"@id\":\"https:\/\/librairie7l.com\/en\/#website\",\"url\":\"https:\/\/librairie7l.com\/en\/\",\"name\":\"Librairie 7L\",\"description\":\"Librairie fond\u00e9e en 1999 par Karl Lagerfeld \u00e0 Paris\",\"publisher\":{\"@id\":\"https:\/\/librairie7l.com\/en\/#organization\"},\"potentialAction\":[{\"@type\":\"SearchAction\",\"target\":{\"@type\":\"EntryPoint\",\"urlTemplate\":\"https:\/\/librairie7l.com\/en\/?s={search_term_string}\"},\"query-input\":\"required name=search_term_string\"}],\"inLanguage\":\"en-US\"},{\"@type\":\"Organization\",\"@id\":\"https:\/\/librairie7l.com\/en\/#organization\",\"name\":\"Librairie 7L\",\"url\":\"https:\/\/librairie7l.com\/en\/\",\"logo\":{\"@type\":\"ImageObject\",\"inLanguage\":\"en-US\",\"@id\":\"https:\/\/librairie7l.com\/en\/#\/schema\/logo\/image\/\",\"url\":\"https:\/\/librairie7l.com\/wp-content\/uploads\/2022\/08\/logo-1.png\",\"contentUrl\":\"https:\/\/librairie7l.com\/wp-content\/uploads\/2022\/08\/logo-1.png\",\"width\":227,\"height\":301,\"caption\":\"Librairie 7L\"},\"image\":{\"@id\":\"https:\/\/librairie7l.com\/en\/#\/schema\/logo\/image\/\"}}]}<\/script>\n<!-- \/ Yoast SEO plugin. -->","yoast_head_json":{"title":"\u00c9POQUE CONTEMPORAINE, XIX-XXI SI\u00c8CLES - Librairie 7L","robots":{"index":"index","follow":"follow","max-snippet":"max-snippet:-1","max-image-preview":"max-image-preview:large","max-video-preview":"max-video-preview:-1"},"canonical":"https:\/\/librairie7l.com\/en\/produit\/epoque-contemporaine-xix-xxi-siecles\/","og_locale":"en_US","og_type":"article","og_title":"\u00c9POQUE CONTEMPORAINE, XIX-XXI SI\u00c8CLES - Librairie 7L","og_description":"LES ROMANTISMES &#8211; Administrer &#8211; Apr\u00e8s le n\u00e9o-classicisme &#8211; Le premier romantisme &#8211; Le romantisme europ\u00e9en &#8211; \u00c9quiper et loger &#8211; L&#8217;orientalisme &#8211; Les r\u00e9volutions du paysage &#8211; Les premi\u00e8res r\u00e9sistances ; R\u00c9VOLUTIONS ET R\u00c9ACTIONS &#8211; \u00c9clectisme et historicisme &#8211; Le temps des scandales &#8211; L&#8217;impressionnisme &#8211; Naissance de la m\u00e9tropole &#8211; Apr\u00e8s l&#8217;impressionnisme &#8211; [&hellip;]","og_url":"https:\/\/librairie7l.com\/en\/produit\/epoque-contemporaine-xix-xxi-siecles\/","og_site_name":"Librairie 7L","article_modified_time":"2026-04-13T11:09:50+00:00","og_image":[{"width":600,"height":798,"url":"https:\/\/librairie7l.com\/wp-content\/uploads\/2021\/12\/9782080279644_1_75.jpg","type":"image\/jpeg"}],"twitter_card":"summary_large_image","twitter_misc":{"Est. reading time":"1 minute"},"schema":{"@context":"https:\/\/schema.org","@graph":[{"@type":"WebPage","@id":"https:\/\/librairie7l.com\/en\/produit\/epoque-contemporaine-xix-xxi-siecles\/","url":"https:\/\/librairie7l.com\/en\/produit\/epoque-contemporaine-xix-xxi-siecles\/","name":"\u00c9POQUE CONTEMPORAINE, XIX-XXI SI\u00c8CLES - Librairie 7L","isPartOf":{"@id":"https:\/\/librairie7l.com\/en\/#website"},"datePublished":"2023-05-10T10:46:44+00:00","dateModified":"2026-04-13T11:09:50+00:00","breadcrumb":{"@id":"https:\/\/librairie7l.com\/en\/produit\/epoque-contemporaine-xix-xxi-siecles\/#breadcrumb"},"inLanguage":"en-US","potentialAction":[{"@type":"ReadAction","target":["https:\/\/librairie7l.com\/en\/produit\/epoque-contemporaine-xix-xxi-siecles\/"]}]},{"@type":"BreadcrumbList","@id":"https:\/\/librairie7l.com\/en\/produit\/epoque-contemporaine-xix-xxi-siecles\/#breadcrumb","itemListElement":[{"@type":"ListItem","position":1,"name":"Accueil","item":"https:\/\/librairie7l.com\/en\/"},{"@type":"ListItem","position":2,"name":"Shop","item":"https:\/\/librairie7l.com\/en\/shop\/"},{"@type":"ListItem","position":3,"name":"\u00c9POQUE CONTEMPORAINE, XIX-XXI SI\u00c8CLES"}]},{"@type":"WebSite","@id":"https:\/\/librairie7l.com\/en\/#website","url":"https:\/\/librairie7l.com\/en\/","name":"Librairie 7L","description":"Librairie fond\u00e9e en 1999 par Karl Lagerfeld \u00e0 Paris","publisher":{"@id":"https:\/\/librairie7l.com\/en\/#organization"},"potentialAction":[{"@type":"SearchAction","target":{"@type":"EntryPoint","urlTemplate":"https:\/\/librairie7l.com\/en\/?s={search_term_string}"},"query-input":"required name=search_term_string"}],"inLanguage":"en-US"},{"@type":"Organization","@id":"https:\/\/librairie7l.com\/en\/#organization","name":"Librairie 7L","url":"https:\/\/librairie7l.com\/en\/","logo":{"@type":"ImageObject","inLanguage":"en-US","@id":"https:\/\/librairie7l.com\/en\/#\/schema\/logo\/image\/","url":"https:\/\/librairie7l.com\/wp-content\/uploads\/2022\/08\/logo-1.png","contentUrl":"https:\/\/librairie7l.com\/wp-content\/uploads\/2022\/08\/logo-1.png","width":227,"height":301,"caption":"Librairie 7L"},"image":{"@id":"https:\/\/librairie7l.com\/en\/#\/schema\/logo\/image\/"}}]}},"_links":{"self":[{"href":"https:\/\/librairie7l.com\/en\/wp-json\/wp\/v2\/product\/26983"}],"collection":[{"href":"https:\/\/librairie7l.com\/en\/wp-json\/wp\/v2\/product"}],"about":[{"href":"https:\/\/librairie7l.com\/en\/wp-json\/wp\/v2\/types\/product"}],"wp:featuredmedia":[{"embeddable":true,"href":"https:\/\/librairie7l.com\/en\/wp-json\/wp\/v2\/media\/26981"}],"wp:attachment":[{"href":"https:\/\/librairie7l.com\/en\/wp-json\/wp\/v2\/media?parent=26983"}],"wp:term":[{"taxonomy":"product_cat","embeddable":true,"href":"https:\/\/librairie7l.com\/en\/wp-json\/wp\/v2\/product_cat?post=26983"},{"taxonomy":"product_tag","embeddable":true,"href":"https:\/\/librairie7l.com\/en\/wp-json\/wp\/v2\/product_tag?post=26983"}],"curies":[{"name":"wp","href":"https:\/\/api.w.org\/{rel}","templated":true}]}}