{"id":26987,"date":"2023-05-10T12:46:48","date_gmt":"2023-05-10T10:46:48","guid":{"rendered":"https:\/\/librairie7l.com\/?post_type=product&#038;p=26987"},"modified":"2026-04-06T07:12:54","modified_gmt":"2026-04-06T05:12:54","slug":"elsa-schiaparelli","status":"publish","type":"product","link":"https:\/\/librairie7l.com\/en\/produit\/elsa-schiaparelli\/","title":{"rendered":"SHOCKING : LES MONDES SURR\u00c9ALISTES D&#8217;ELSA SCHIAPARELLI"},"content":{"rendered":"<p>La couturi\u00e8re Elsa Schiaparelli (1890-1973) est, comme sa rivale Gabrielle Chanel, une figure essentielle de la mode parisienne de l&#8217;entre-deux-guerres. Schiaparelli cr\u00e9e une premi\u00e8re collection de sweaters en janvier 1927, apr\u00e8s avoir suivi l&#8217;exemple de son mentor, Paul Poiret. Ses chandails tricot\u00e9s, d\u00e9cor\u00e9s de motifs en trompe-l&#8217;oeil noir et blanc, rencontrent imm\u00e9diatement le succ\u00e8s en France et aux \u00c9tats-Unis. En 1935, l&#8217;emm\u00e9nagement de la maison Schiaparelli dans au n\u00b021 de la place Vend\u00f4me, d\u00e9cor\u00e9 par Jean-Michel Frank, accompagne le d\u00e9veloppement de collections \u00ab pour le sport, pour la ville, pour le soir \u00bb.<br \/>\nElsa Schiaparelli rencontre des artistes avec lesquels elle collabore \u00e9troitement : robe homard inspir\u00e9e par Salvador Dal\u00ed, collaborations avec Man Ray, Jean Cocteau, Christian B\u00e9rard, L\u00e9onor Fini&#8230; Elle est proche des artistes surr\u00e9alistes et ses cr\u00e9ations sont empreintes d&#8217;un esprit fantaisiste, ancr\u00e9 dans l&#8217;esprit de son temps par l&#8217;utilisation de mati\u00e8re innovantes. Le style \u00ab Schiap \u00bb se d\u00e9veloppe au cours des ann\u00e9es 1930. Ses collections les plus c\u00e9l\u00e8bres sont inspir\u00e9es des arts du spectacle (\u00ab Le Cirque \u00bb, \u00e9t\u00e9 1938) ou de la science (\u00ab Astrologie \u00bb, hiver 1938-1939). Schiaparelli lance en 1937 le parfum Shocking, associ\u00e9 \u00e0 la couleur rose shocking, devenue la signature des cr\u00e9ations de la maison.<br \/>\nCe livre, en plus de proposer des textes illustr\u00e9s de photographies d&#8217;\u00e9poque, de dessins, et de documents parus dans Harper&#8217;s Bazaar ou Vogue, pr\u00e9sente une s\u00e9lection de chefs-d&#8217;oeuvre de la collection du mus\u00e9e des Arts d\u00e9coratifs photographi\u00e9s par l&#8217;artiste plasticienne Val\u00e9rie Belin et comment\u00e9s en d\u00e9tail. Un catalogue raisonn\u00e9 reproduit les 120 v\u00eatements et accessoires du fonds Schiaparelli, ainsi qu&#8217;une s\u00e9lection de ses dessins de collections de 1933 \u00e0 1953, parmi les 6 200 que conserve le mus\u00e9e.<\/p>\n","protected":false},"excerpt":{"rendered":"<p>La couturi\u00e8re Elsa Schiaparelli (1890-1973) est, comme sa rivale Gabrielle Chanel, une figure essentielle de la mode parisienne de l&#8217;entre-deux-guerres. Schiaparelli cr\u00e9e une premi\u00e8re collection de sweaters en janvier 1927, apr\u00e8s avoir suivi l&#8217;exemple de son mentor, Paul Poiret. Ses chandails tricot\u00e9s, d\u00e9cor\u00e9s de motifs en trompe-l&#8217;oeil noir et blanc, rencontrent imm\u00e9diatement le succ\u00e8s en [&hellip;]<\/p>\n","protected":false},"featured_media":26985,"template":"","meta":[],"product_cat":[55,2948,2957,19],"product_tag":[],"acf":[],"yoast_head":"<!-- This site is optimized with the Yoast SEO plugin v20.11 - https:\/\/yoast.com\/wordpress\/plugins\/seo\/ -->\n<title>SHOCKING : LES MONDES SURR\u00c9ALISTES D&#039;ELSA SCHIAPARELLI - Librairie 7L<\/title>\n<meta name=\"robots\" content=\"index, follow, max-snippet:-1, max-image-preview:large, max-video-preview:-1\" \/>\n<link rel=\"canonical\" href=\"https:\/\/librairie7l.com\/en\/produit\/elsa-schiaparelli\/\" \/>\n<meta property=\"og:locale\" content=\"en_US\" \/>\n<meta property=\"og:type\" content=\"article\" \/>\n<meta property=\"og:title\" content=\"SHOCKING : LES MONDES SURR\u00c9ALISTES D&#039;ELSA SCHIAPARELLI - Librairie 7L\" \/>\n<meta property=\"og:description\" content=\"La couturi\u00e8re Elsa Schiaparelli (1890-1973) est, comme sa rivale Gabrielle Chanel, une figure essentielle de la mode parisienne de l&#8217;entre-deux-guerres. Schiaparelli cr\u00e9e une premi\u00e8re collection de sweaters en janvier 1927, apr\u00e8s avoir suivi l&#8217;exemple de son mentor, Paul Poiret. Ses chandails tricot\u00e9s, d\u00e9cor\u00e9s de motifs en trompe-l&#8217;oeil noir et blanc, rencontrent imm\u00e9diatement le succ\u00e8s en [&hellip;]\" \/>\n<meta property=\"og:url\" content=\"https:\/\/librairie7l.com\/en\/produit\/elsa-schiaparelli\/\" \/>\n<meta property=\"og:site_name\" content=\"Librairie 7L\" \/>\n<meta property=\"article:modified_time\" content=\"2026-04-06T05:12:54+00:00\" \/>\n<meta property=\"og:image\" content=\"https:\/\/librairie7l.com\/wp-content\/uploads\/2021\/12\/9782383140009_1_75.jpg\" \/>\n\t<meta property=\"og:image:width\" content=\"286\" \/>\n\t<meta property=\"og:image:height\" content=\"364\" \/>\n\t<meta property=\"og:image:type\" content=\"image\/jpeg\" \/>\n<meta name=\"twitter:card\" content=\"summary_large_image\" \/>\n<meta name=\"twitter:label1\" content=\"Est. reading time\" \/>\n\t<meta name=\"twitter:data1\" content=\"1 minute\" \/>\n<script type=\"application\/ld+json\" class=\"yoast-schema-graph\">{\"@context\":\"https:\/\/schema.org\",\"@graph\":[{\"@type\":\"WebPage\",\"@id\":\"https:\/\/librairie7l.com\/en\/produit\/elsa-schiaparelli\/\",\"url\":\"https:\/\/librairie7l.com\/en\/produit\/elsa-schiaparelli\/\",\"name\":\"SHOCKING : LES MONDES SURR\u00c9ALISTES D'ELSA SCHIAPARELLI - Librairie 7L\",\"isPartOf\":{\"@id\":\"https:\/\/librairie7l.com\/en\/#website\"},\"datePublished\":\"2023-05-10T10:46:48+00:00\",\"dateModified\":\"2026-04-06T05:12:54+00:00\",\"breadcrumb\":{\"@id\":\"https:\/\/librairie7l.com\/en\/produit\/elsa-schiaparelli\/#breadcrumb\"},\"inLanguage\":\"en-US\",\"potentialAction\":[{\"@type\":\"ReadAction\",\"target\":[\"https:\/\/librairie7l.com\/en\/produit\/elsa-schiaparelli\/\"]}]},{\"@type\":\"BreadcrumbList\",\"@id\":\"https:\/\/librairie7l.com\/en\/produit\/elsa-schiaparelli\/#breadcrumb\",\"itemListElement\":[{\"@type\":\"ListItem\",\"position\":1,\"name\":\"Accueil\",\"item\":\"https:\/\/librairie7l.com\/en\/\"},{\"@type\":\"ListItem\",\"position\":2,\"name\":\"Shop\",\"item\":\"https:\/\/librairie7l.com\/en\/shop\/\"},{\"@type\":\"ListItem\",\"position\":3,\"name\":\"SHOCKING : LES MONDES SURR\u00c9ALISTES D&#8217;ELSA SCHIAPARELLI\"}]},{\"@type\":\"WebSite\",\"@id\":\"https:\/\/librairie7l.com\/en\/#website\",\"url\":\"https:\/\/librairie7l.com\/en\/\",\"name\":\"Librairie 7L\",\"description\":\"Librairie fond\u00e9e en 1999 par Karl Lagerfeld \u00e0 Paris\",\"publisher\":{\"@id\":\"https:\/\/librairie7l.com\/en\/#organization\"},\"potentialAction\":[{\"@type\":\"SearchAction\",\"target\":{\"@type\":\"EntryPoint\",\"urlTemplate\":\"https:\/\/librairie7l.com\/en\/?s={search_term_string}\"},\"query-input\":\"required name=search_term_string\"}],\"inLanguage\":\"en-US\"},{\"@type\":\"Organization\",\"@id\":\"https:\/\/librairie7l.com\/en\/#organization\",\"name\":\"Librairie 7L\",\"url\":\"https:\/\/librairie7l.com\/en\/\",\"logo\":{\"@type\":\"ImageObject\",\"inLanguage\":\"en-US\",\"@id\":\"https:\/\/librairie7l.com\/en\/#\/schema\/logo\/image\/\",\"url\":\"https:\/\/librairie7l.com\/wp-content\/uploads\/2022\/08\/logo-1.png\",\"contentUrl\":\"https:\/\/librairie7l.com\/wp-content\/uploads\/2022\/08\/logo-1.png\",\"width\":227,\"height\":301,\"caption\":\"Librairie 7L\"},\"image\":{\"@id\":\"https:\/\/librairie7l.com\/en\/#\/schema\/logo\/image\/\"}}]}<\/script>\n<!-- \/ Yoast SEO plugin. -->","yoast_head_json":{"title":"SHOCKING : LES MONDES SURR\u00c9ALISTES D'ELSA SCHIAPARELLI - Librairie 7L","robots":{"index":"index","follow":"follow","max-snippet":"max-snippet:-1","max-image-preview":"max-image-preview:large","max-video-preview":"max-video-preview:-1"},"canonical":"https:\/\/librairie7l.com\/en\/produit\/elsa-schiaparelli\/","og_locale":"en_US","og_type":"article","og_title":"SHOCKING : LES MONDES SURR\u00c9ALISTES D'ELSA SCHIAPARELLI - Librairie 7L","og_description":"La couturi\u00e8re Elsa Schiaparelli (1890-1973) est, comme sa rivale Gabrielle Chanel, une figure essentielle de la mode parisienne de l&#8217;entre-deux-guerres. Schiaparelli cr\u00e9e une premi\u00e8re collection de sweaters en janvier 1927, apr\u00e8s avoir suivi l&#8217;exemple de son mentor, Paul Poiret. Ses chandails tricot\u00e9s, d\u00e9cor\u00e9s de motifs en trompe-l&#8217;oeil noir et blanc, rencontrent imm\u00e9diatement le succ\u00e8s en [&hellip;]","og_url":"https:\/\/librairie7l.com\/en\/produit\/elsa-schiaparelli\/","og_site_name":"Librairie 7L","article_modified_time":"2026-04-06T05:12:54+00:00","og_image":[{"width":286,"height":364,"url":"https:\/\/librairie7l.com\/wp-content\/uploads\/2021\/12\/9782383140009_1_75.jpg","type":"image\/jpeg"}],"twitter_card":"summary_large_image","twitter_misc":{"Est. reading time":"1 minute"},"schema":{"@context":"https:\/\/schema.org","@graph":[{"@type":"WebPage","@id":"https:\/\/librairie7l.com\/en\/produit\/elsa-schiaparelli\/","url":"https:\/\/librairie7l.com\/en\/produit\/elsa-schiaparelli\/","name":"SHOCKING : LES MONDES SURR\u00c9ALISTES D'ELSA SCHIAPARELLI - Librairie 7L","isPartOf":{"@id":"https:\/\/librairie7l.com\/en\/#website"},"datePublished":"2023-05-10T10:46:48+00:00","dateModified":"2026-04-06T05:12:54+00:00","breadcrumb":{"@id":"https:\/\/librairie7l.com\/en\/produit\/elsa-schiaparelli\/#breadcrumb"},"inLanguage":"en-US","potentialAction":[{"@type":"ReadAction","target":["https:\/\/librairie7l.com\/en\/produit\/elsa-schiaparelli\/"]}]},{"@type":"BreadcrumbList","@id":"https:\/\/librairie7l.com\/en\/produit\/elsa-schiaparelli\/#breadcrumb","itemListElement":[{"@type":"ListItem","position":1,"name":"Accueil","item":"https:\/\/librairie7l.com\/en\/"},{"@type":"ListItem","position":2,"name":"Shop","item":"https:\/\/librairie7l.com\/en\/shop\/"},{"@type":"ListItem","position":3,"name":"SHOCKING : LES MONDES SURR\u00c9ALISTES D&#8217;ELSA SCHIAPARELLI"}]},{"@type":"WebSite","@id":"https:\/\/librairie7l.com\/en\/#website","url":"https:\/\/librairie7l.com\/en\/","name":"Librairie 7L","description":"Librairie fond\u00e9e en 1999 par Karl Lagerfeld \u00e0 Paris","publisher":{"@id":"https:\/\/librairie7l.com\/en\/#organization"},"potentialAction":[{"@type":"SearchAction","target":{"@type":"EntryPoint","urlTemplate":"https:\/\/librairie7l.com\/en\/?s={search_term_string}"},"query-input":"required name=search_term_string"}],"inLanguage":"en-US"},{"@type":"Organization","@id":"https:\/\/librairie7l.com\/en\/#organization","name":"Librairie 7L","url":"https:\/\/librairie7l.com\/en\/","logo":{"@type":"ImageObject","inLanguage":"en-US","@id":"https:\/\/librairie7l.com\/en\/#\/schema\/logo\/image\/","url":"https:\/\/librairie7l.com\/wp-content\/uploads\/2022\/08\/logo-1.png","contentUrl":"https:\/\/librairie7l.com\/wp-content\/uploads\/2022\/08\/logo-1.png","width":227,"height":301,"caption":"Librairie 7L"},"image":{"@id":"https:\/\/librairie7l.com\/en\/#\/schema\/logo\/image\/"}}]}},"_links":{"self":[{"href":"https:\/\/librairie7l.com\/en\/wp-json\/wp\/v2\/product\/26987"}],"collection":[{"href":"https:\/\/librairie7l.com\/en\/wp-json\/wp\/v2\/product"}],"about":[{"href":"https:\/\/librairie7l.com\/en\/wp-json\/wp\/v2\/types\/product"}],"wp:featuredmedia":[{"embeddable":true,"href":"https:\/\/librairie7l.com\/en\/wp-json\/wp\/v2\/media\/26985"}],"wp:attachment":[{"href":"https:\/\/librairie7l.com\/en\/wp-json\/wp\/v2\/media?parent=26987"}],"wp:term":[{"taxonomy":"product_cat","embeddable":true,"href":"https:\/\/librairie7l.com\/en\/wp-json\/wp\/v2\/product_cat?post=26987"},{"taxonomy":"product_tag","embeddable":true,"href":"https:\/\/librairie7l.com\/en\/wp-json\/wp\/v2\/product_tag?post=26987"}],"curies":[{"name":"wp","href":"https:\/\/api.w.org\/{rel}","templated":true}]}}