{"id":27003,"date":"2023-05-10T12:47:07","date_gmt":"2023-05-10T10:47:07","guid":{"rendered":"https:\/\/librairie7l.com\/?post_type=product&#038;p=27003"},"modified":"2026-04-06T11:58:12","modified_gmt":"2026-04-06T09:58:12","slug":"chanel-n5","status":"publish","type":"product","link":"https:\/\/librairie7l.com\/en\/produit\/chanel-n5\/","title":{"rendered":"CHANEL N\u00b05"},"content":{"rendered":"<p>Le N\u00b0 5 &#8211; dont Marilyn Monroe a fait la promotion de mani\u00e8re spectaculaire &#8211; continue \u00e0 fasciner ses millions d&#8217;adeptes dans le monde entier. Cr\u00e9\u00e9 en 1921 par Gabrielle Chanel, il est l&#8217;un des premiers parfums \u00e9labor\u00e9 \u00e0 partir de composants synth\u00e9tiques. Visionnaire de la mode, Gabrielle Chanel voulait offrir \u00e0 la femme moderne un parfum in\u00e9dit, pr\u00e9sent\u00e9 dans une bouteille en verre minimaliste, qui allait elle aussi devenir iconique.<\/p>\n<p>L&#8217;ouvrage se compose de deux volumes : le premier est consacr\u00e9 aux d\u00e9buts du N\u00b0 5, de 1921 \u00e0 1945 ; le second au rayonnement exceptionnel du N\u00b0 5 devenu un v\u00e9ritable ph\u00e9nom\u00e8ne mondial, de 1945 \u00e0 nos jours. L&#8217;ouvrage raconte l&#8217;\u00e9volution du parfum, de sa composition, de sa fabrication et de sa commercialisation, donnant un acc\u00e8s sans pr\u00e9c\u00e9dent aux archives Chanel et la parole \u00e0 ceux qui sont, aujourd&#8217;hui, charg\u00e9s de perp\u00e9tuer cette fragrance.<\/p>\n","protected":false},"excerpt":{"rendered":"<p>Le N\u00b0 5 &#8211; dont Marilyn Monroe a fait la promotion de mani\u00e8re spectaculaire &#8211; continue \u00e0 fasciner ses millions d&#8217;adeptes dans le monde entier. Cr\u00e9\u00e9 en 1921 par Gabrielle Chanel, il est l&#8217;un des premiers parfums \u00e9labor\u00e9 \u00e0 partir de composants synth\u00e9tiques. Visionnaire de la mode, Gabrielle Chanel voulait offrir \u00e0 la femme moderne [&hellip;]<\/p>\n","protected":false},"featured_media":27001,"template":"","meta":[],"product_cat":[55,2948,2957,19],"product_tag":[],"acf":[],"yoast_head":"<!-- This site is optimized with the Yoast SEO plugin v20.11 - https:\/\/yoast.com\/wordpress\/plugins\/seo\/ -->\n<title>CHANEL N\u00b05 - Librairie 7L<\/title>\n<meta name=\"robots\" content=\"index, follow, max-snippet:-1, max-image-preview:large, max-video-preview:-1\" \/>\n<link rel=\"canonical\" href=\"https:\/\/librairie7l.com\/en\/produit\/chanel-n5\/\" \/>\n<meta property=\"og:locale\" content=\"en_US\" \/>\n<meta property=\"og:type\" content=\"article\" \/>\n<meta property=\"og:title\" content=\"CHANEL N\u00b05 - Librairie 7L\" \/>\n<meta property=\"og:description\" content=\"Le N\u00b0 5 &#8211; dont Marilyn Monroe a fait la promotion de mani\u00e8re spectaculaire &#8211; continue \u00e0 fasciner ses millions d&#8217;adeptes dans le monde entier. Cr\u00e9\u00e9 en 1921 par Gabrielle Chanel, il est l&#8217;un des premiers parfums \u00e9labor\u00e9 \u00e0 partir de composants synth\u00e9tiques. Visionnaire de la mode, Gabrielle Chanel voulait offrir \u00e0 la femme moderne [&hellip;]\" \/>\n<meta property=\"og:url\" content=\"https:\/\/librairie7l.com\/en\/produit\/chanel-n5\/\" \/>\n<meta property=\"og:site_name\" content=\"Librairie 7L\" \/>\n<meta property=\"article:modified_time\" content=\"2026-04-06T09:58:12+00:00\" \/>\n<meta property=\"og:image\" content=\"https:\/\/librairie7l.com\/wp-content\/uploads\/2021\/07\/9782732495910_1_75.jpg\" \/>\n\t<meta property=\"og:image:width\" content=\"600\" \/>\n\t<meta property=\"og:image:height\" content=\"773\" \/>\n\t<meta property=\"og:image:type\" content=\"image\/jpeg\" \/>\n<meta name=\"twitter:card\" content=\"summary_large_image\" \/>\n<meta name=\"twitter:label1\" content=\"Est. reading time\" \/>\n\t<meta name=\"twitter:data1\" content=\"1 minute\" \/>\n<script type=\"application\/ld+json\" class=\"yoast-schema-graph\">{\"@context\":\"https:\/\/schema.org\",\"@graph\":[{\"@type\":\"WebPage\",\"@id\":\"https:\/\/librairie7l.com\/en\/produit\/chanel-n5\/\",\"url\":\"https:\/\/librairie7l.com\/en\/produit\/chanel-n5\/\",\"name\":\"CHANEL N\u00b05 - Librairie 7L\",\"isPartOf\":{\"@id\":\"https:\/\/librairie7l.com\/en\/#website\"},\"datePublished\":\"2023-05-10T10:47:07+00:00\",\"dateModified\":\"2026-04-06T09:58:12+00:00\",\"breadcrumb\":{\"@id\":\"https:\/\/librairie7l.com\/en\/produit\/chanel-n5\/#breadcrumb\"},\"inLanguage\":\"en-US\",\"potentialAction\":[{\"@type\":\"ReadAction\",\"target\":[\"https:\/\/librairie7l.com\/en\/produit\/chanel-n5\/\"]}]},{\"@type\":\"BreadcrumbList\",\"@id\":\"https:\/\/librairie7l.com\/en\/produit\/chanel-n5\/#breadcrumb\",\"itemListElement\":[{\"@type\":\"ListItem\",\"position\":1,\"name\":\"Accueil\",\"item\":\"https:\/\/librairie7l.com\/en\/\"},{\"@type\":\"ListItem\",\"position\":2,\"name\":\"Shop\",\"item\":\"https:\/\/librairie7l.com\/en\/shop\/\"},{\"@type\":\"ListItem\",\"position\":3,\"name\":\"CHANEL N\u00b05\"}]},{\"@type\":\"WebSite\",\"@id\":\"https:\/\/librairie7l.com\/en\/#website\",\"url\":\"https:\/\/librairie7l.com\/en\/\",\"name\":\"Librairie 7L\",\"description\":\"Librairie fond\u00e9e en 1999 par Karl Lagerfeld \u00e0 Paris\",\"publisher\":{\"@id\":\"https:\/\/librairie7l.com\/en\/#organization\"},\"potentialAction\":[{\"@type\":\"SearchAction\",\"target\":{\"@type\":\"EntryPoint\",\"urlTemplate\":\"https:\/\/librairie7l.com\/en\/?s={search_term_string}\"},\"query-input\":\"required name=search_term_string\"}],\"inLanguage\":\"en-US\"},{\"@type\":\"Organization\",\"@id\":\"https:\/\/librairie7l.com\/en\/#organization\",\"name\":\"Librairie 7L\",\"url\":\"https:\/\/librairie7l.com\/en\/\",\"logo\":{\"@type\":\"ImageObject\",\"inLanguage\":\"en-US\",\"@id\":\"https:\/\/librairie7l.com\/en\/#\/schema\/logo\/image\/\",\"url\":\"https:\/\/librairie7l.com\/wp-content\/uploads\/2022\/08\/logo-1.png\",\"contentUrl\":\"https:\/\/librairie7l.com\/wp-content\/uploads\/2022\/08\/logo-1.png\",\"width\":227,\"height\":301,\"caption\":\"Librairie 7L\"},\"image\":{\"@id\":\"https:\/\/librairie7l.com\/en\/#\/schema\/logo\/image\/\"}}]}<\/script>\n<!-- \/ Yoast SEO plugin. -->","yoast_head_json":{"title":"CHANEL N\u00b05 - Librairie 7L","robots":{"index":"index","follow":"follow","max-snippet":"max-snippet:-1","max-image-preview":"max-image-preview:large","max-video-preview":"max-video-preview:-1"},"canonical":"https:\/\/librairie7l.com\/en\/produit\/chanel-n5\/","og_locale":"en_US","og_type":"article","og_title":"CHANEL N\u00b05 - Librairie 7L","og_description":"Le N\u00b0 5 &#8211; dont Marilyn Monroe a fait la promotion de mani\u00e8re spectaculaire &#8211; continue \u00e0 fasciner ses millions d&#8217;adeptes dans le monde entier. Cr\u00e9\u00e9 en 1921 par Gabrielle Chanel, il est l&#8217;un des premiers parfums \u00e9labor\u00e9 \u00e0 partir de composants synth\u00e9tiques. Visionnaire de la mode, Gabrielle Chanel voulait offrir \u00e0 la femme moderne [&hellip;]","og_url":"https:\/\/librairie7l.com\/en\/produit\/chanel-n5\/","og_site_name":"Librairie 7L","article_modified_time":"2026-04-06T09:58:12+00:00","og_image":[{"width":600,"height":773,"url":"https:\/\/librairie7l.com\/wp-content\/uploads\/2021\/07\/9782732495910_1_75.jpg","type":"image\/jpeg"}],"twitter_card":"summary_large_image","twitter_misc":{"Est. reading time":"1 minute"},"schema":{"@context":"https:\/\/schema.org","@graph":[{"@type":"WebPage","@id":"https:\/\/librairie7l.com\/en\/produit\/chanel-n5\/","url":"https:\/\/librairie7l.com\/en\/produit\/chanel-n5\/","name":"CHANEL N\u00b05 - Librairie 7L","isPartOf":{"@id":"https:\/\/librairie7l.com\/en\/#website"},"datePublished":"2023-05-10T10:47:07+00:00","dateModified":"2026-04-06T09:58:12+00:00","breadcrumb":{"@id":"https:\/\/librairie7l.com\/en\/produit\/chanel-n5\/#breadcrumb"},"inLanguage":"en-US","potentialAction":[{"@type":"ReadAction","target":["https:\/\/librairie7l.com\/en\/produit\/chanel-n5\/"]}]},{"@type":"BreadcrumbList","@id":"https:\/\/librairie7l.com\/en\/produit\/chanel-n5\/#breadcrumb","itemListElement":[{"@type":"ListItem","position":1,"name":"Accueil","item":"https:\/\/librairie7l.com\/en\/"},{"@type":"ListItem","position":2,"name":"Shop","item":"https:\/\/librairie7l.com\/en\/shop\/"},{"@type":"ListItem","position":3,"name":"CHANEL N\u00b05"}]},{"@type":"WebSite","@id":"https:\/\/librairie7l.com\/en\/#website","url":"https:\/\/librairie7l.com\/en\/","name":"Librairie 7L","description":"Librairie fond\u00e9e en 1999 par Karl Lagerfeld \u00e0 Paris","publisher":{"@id":"https:\/\/librairie7l.com\/en\/#organization"},"potentialAction":[{"@type":"SearchAction","target":{"@type":"EntryPoint","urlTemplate":"https:\/\/librairie7l.com\/en\/?s={search_term_string}"},"query-input":"required name=search_term_string"}],"inLanguage":"en-US"},{"@type":"Organization","@id":"https:\/\/librairie7l.com\/en\/#organization","name":"Librairie 7L","url":"https:\/\/librairie7l.com\/en\/","logo":{"@type":"ImageObject","inLanguage":"en-US","@id":"https:\/\/librairie7l.com\/en\/#\/schema\/logo\/image\/","url":"https:\/\/librairie7l.com\/wp-content\/uploads\/2022\/08\/logo-1.png","contentUrl":"https:\/\/librairie7l.com\/wp-content\/uploads\/2022\/08\/logo-1.png","width":227,"height":301,"caption":"Librairie 7L"},"image":{"@id":"https:\/\/librairie7l.com\/en\/#\/schema\/logo\/image\/"}}]}},"_links":{"self":[{"href":"https:\/\/librairie7l.com\/en\/wp-json\/wp\/v2\/product\/27003"}],"collection":[{"href":"https:\/\/librairie7l.com\/en\/wp-json\/wp\/v2\/product"}],"about":[{"href":"https:\/\/librairie7l.com\/en\/wp-json\/wp\/v2\/types\/product"}],"wp:featuredmedia":[{"embeddable":true,"href":"https:\/\/librairie7l.com\/en\/wp-json\/wp\/v2\/media\/27001"}],"wp:attachment":[{"href":"https:\/\/librairie7l.com\/en\/wp-json\/wp\/v2\/media?parent=27003"}],"wp:term":[{"taxonomy":"product_cat","embeddable":true,"href":"https:\/\/librairie7l.com\/en\/wp-json\/wp\/v2\/product_cat?post=27003"},{"taxonomy":"product_tag","embeddable":true,"href":"https:\/\/librairie7l.com\/en\/wp-json\/wp\/v2\/product_tag?post=27003"}],"curies":[{"name":"wp","href":"https:\/\/api.w.org\/{rel}","templated":true}]}}