{"id":27015,"date":"2023-05-10T12:47:31","date_gmt":"2023-05-10T10:47:31","guid":{"rendered":"https:\/\/librairie7l.com\/?post_type=product&#038;p=27015"},"modified":"2026-04-27T13:53:30","modified_gmt":"2026-04-27T11:53:30","slug":"cy-twombly","status":"publish","type":"product","link":"https:\/\/librairie7l.com\/en\/produit\/cy-twombly\/","title":{"rendered":"CY TWOMBLY"},"content":{"rendered":"<p>Ce nouveau &#8220;Cahier de la Collection Lambert&#8221;, un num\u00e9ro double, bilingue fran\u00e7ais-anglais, est consacr\u00e9 \u00e0 Cy Twombly (apr\u00e8s ceux consacr\u00e9s \u00e0 Niele Toroni, Nan Goldin, Rob Ryman, Sol Lewitt), artiste am\u00e9ricain parmi les plus reconnus, dont le travail est particuli\u00e8rement bien repr\u00e9sent\u00e9 dans la Collection Lambert, t\u00e9moignant de la complicit\u00e9 entre l&#8217;artiste et le collectionneur.<br \/>\nLa Collection Lambert est le t\u00e9moignage d&#8217;un marchand visionnaire, qui s&#8217;est passionn\u00e9 pour l&#8217;art minimal, l&#8217;art conceptuel et le land art avant de s&#8217;int\u00e9resser au retour de la peinture dans les ann\u00e9es 1980, puis \u00e0 la photographie, \u00e0 la vid\u00e9o et aux installations dans les ann\u00e9es 1990 et 2000.<\/p>\n","protected":false},"excerpt":{"rendered":"<p>Ce nouveau &#8220;Cahier de la Collection Lambert&#8221;, un num\u00e9ro double, bilingue fran\u00e7ais-anglais, est consacr\u00e9 \u00e0 Cy Twombly (apr\u00e8s ceux consacr\u00e9s \u00e0 Niele Toroni, Nan Goldin, Rob Ryman, Sol Lewitt), artiste am\u00e9ricain parmi les plus reconnus, dont le travail est particuli\u00e8rement bien repr\u00e9sent\u00e9 dans la Collection Lambert, t\u00e9moignant de la complicit\u00e9 entre l&#8217;artiste et le collectionneur. [&hellip;]<\/p>\n","protected":false},"featured_media":27013,"template":"","meta":[],"product_cat":[55,2948,47,2953],"product_tag":[],"acf":[],"yoast_head":"<!-- This site is optimized with the Yoast SEO plugin v20.11 - https:\/\/yoast.com\/wordpress\/plugins\/seo\/ -->\n<title>CY TWOMBLY - Librairie 7L<\/title>\n<meta name=\"robots\" content=\"index, follow, max-snippet:-1, max-image-preview:large, max-video-preview:-1\" \/>\n<link rel=\"canonical\" href=\"https:\/\/librairie7l.com\/en\/produit\/cy-twombly\/\" \/>\n<meta property=\"og:locale\" content=\"en_US\" \/>\n<meta property=\"og:type\" content=\"article\" \/>\n<meta property=\"og:title\" content=\"CY TWOMBLY - Librairie 7L\" \/>\n<meta property=\"og:description\" content=\"Ce nouveau &#8220;Cahier de la Collection Lambert&#8221;, un num\u00e9ro double, bilingue fran\u00e7ais-anglais, est consacr\u00e9 \u00e0 Cy Twombly (apr\u00e8s ceux consacr\u00e9s \u00e0 Niele Toroni, Nan Goldin, Rob Ryman, Sol Lewitt), artiste am\u00e9ricain parmi les plus reconnus, dont le travail est particuli\u00e8rement bien repr\u00e9sent\u00e9 dans la Collection Lambert, t\u00e9moignant de la complicit\u00e9 entre l&#8217;artiste et le collectionneur. [&hellip;]\" \/>\n<meta property=\"og:url\" content=\"https:\/\/librairie7l.com\/en\/produit\/cy-twombly\/\" \/>\n<meta property=\"og:site_name\" content=\"Librairie 7L\" \/>\n<meta property=\"article:modified_time\" content=\"2026-04-27T11:53:30+00:00\" \/>\n<meta property=\"og:image\" content=\"https:\/\/librairie7l.com\/wp-content\/uploads\/2022\/04\/9782330168711_1_75.jpg\" \/>\n\t<meta property=\"og:image:width\" content=\"600\" \/>\n\t<meta property=\"og:image:height\" content=\"837\" \/>\n\t<meta property=\"og:image:type\" content=\"image\/jpeg\" \/>\n<meta name=\"twitter:card\" content=\"summary_large_image\" \/>\n<meta name=\"twitter:label1\" content=\"Est. reading time\" \/>\n\t<meta name=\"twitter:data1\" content=\"1 minute\" \/>\n<script type=\"application\/ld+json\" class=\"yoast-schema-graph\">{\"@context\":\"https:\/\/schema.org\",\"@graph\":[{\"@type\":\"WebPage\",\"@id\":\"https:\/\/librairie7l.com\/en\/produit\/cy-twombly\/\",\"url\":\"https:\/\/librairie7l.com\/en\/produit\/cy-twombly\/\",\"name\":\"CY TWOMBLY - Librairie 7L\",\"isPartOf\":{\"@id\":\"https:\/\/librairie7l.com\/en\/#website\"},\"datePublished\":\"2023-05-10T10:47:31+00:00\",\"dateModified\":\"2026-04-27T11:53:30+00:00\",\"breadcrumb\":{\"@id\":\"https:\/\/librairie7l.com\/en\/produit\/cy-twombly\/#breadcrumb\"},\"inLanguage\":\"en-US\",\"potentialAction\":[{\"@type\":\"ReadAction\",\"target\":[\"https:\/\/librairie7l.com\/en\/produit\/cy-twombly\/\"]}]},{\"@type\":\"BreadcrumbList\",\"@id\":\"https:\/\/librairie7l.com\/en\/produit\/cy-twombly\/#breadcrumb\",\"itemListElement\":[{\"@type\":\"ListItem\",\"position\":1,\"name\":\"Accueil\",\"item\":\"https:\/\/librairie7l.com\/en\/\"},{\"@type\":\"ListItem\",\"position\":2,\"name\":\"Shop\",\"item\":\"https:\/\/librairie7l.com\/en\/shop\/\"},{\"@type\":\"ListItem\",\"position\":3,\"name\":\"CY TWOMBLY\"}]},{\"@type\":\"WebSite\",\"@id\":\"https:\/\/librairie7l.com\/en\/#website\",\"url\":\"https:\/\/librairie7l.com\/en\/\",\"name\":\"Librairie 7L\",\"description\":\"Librairie fond\u00e9e en 1999 par Karl Lagerfeld \u00e0 Paris\",\"publisher\":{\"@id\":\"https:\/\/librairie7l.com\/en\/#organization\"},\"potentialAction\":[{\"@type\":\"SearchAction\",\"target\":{\"@type\":\"EntryPoint\",\"urlTemplate\":\"https:\/\/librairie7l.com\/en\/?s={search_term_string}\"},\"query-input\":\"required name=search_term_string\"}],\"inLanguage\":\"en-US\"},{\"@type\":\"Organization\",\"@id\":\"https:\/\/librairie7l.com\/en\/#organization\",\"name\":\"Librairie 7L\",\"url\":\"https:\/\/librairie7l.com\/en\/\",\"logo\":{\"@type\":\"ImageObject\",\"inLanguage\":\"en-US\",\"@id\":\"https:\/\/librairie7l.com\/en\/#\/schema\/logo\/image\/\",\"url\":\"https:\/\/librairie7l.com\/wp-content\/uploads\/2022\/08\/logo-1.png\",\"contentUrl\":\"https:\/\/librairie7l.com\/wp-content\/uploads\/2022\/08\/logo-1.png\",\"width\":227,\"height\":301,\"caption\":\"Librairie 7L\"},\"image\":{\"@id\":\"https:\/\/librairie7l.com\/en\/#\/schema\/logo\/image\/\"}}]}<\/script>\n<!-- \/ Yoast SEO plugin. -->","yoast_head_json":{"title":"CY TWOMBLY - Librairie 7L","robots":{"index":"index","follow":"follow","max-snippet":"max-snippet:-1","max-image-preview":"max-image-preview:large","max-video-preview":"max-video-preview:-1"},"canonical":"https:\/\/librairie7l.com\/en\/produit\/cy-twombly\/","og_locale":"en_US","og_type":"article","og_title":"CY TWOMBLY - Librairie 7L","og_description":"Ce nouveau &#8220;Cahier de la Collection Lambert&#8221;, un num\u00e9ro double, bilingue fran\u00e7ais-anglais, est consacr\u00e9 \u00e0 Cy Twombly (apr\u00e8s ceux consacr\u00e9s \u00e0 Niele Toroni, Nan Goldin, Rob Ryman, Sol Lewitt), artiste am\u00e9ricain parmi les plus reconnus, dont le travail est particuli\u00e8rement bien repr\u00e9sent\u00e9 dans la Collection Lambert, t\u00e9moignant de la complicit\u00e9 entre l&#8217;artiste et le collectionneur. [&hellip;]","og_url":"https:\/\/librairie7l.com\/en\/produit\/cy-twombly\/","og_site_name":"Librairie 7L","article_modified_time":"2026-04-27T11:53:30+00:00","og_image":[{"width":600,"height":837,"url":"https:\/\/librairie7l.com\/wp-content\/uploads\/2022\/04\/9782330168711_1_75.jpg","type":"image\/jpeg"}],"twitter_card":"summary_large_image","twitter_misc":{"Est. reading time":"1 minute"},"schema":{"@context":"https:\/\/schema.org","@graph":[{"@type":"WebPage","@id":"https:\/\/librairie7l.com\/en\/produit\/cy-twombly\/","url":"https:\/\/librairie7l.com\/en\/produit\/cy-twombly\/","name":"CY TWOMBLY - Librairie 7L","isPartOf":{"@id":"https:\/\/librairie7l.com\/en\/#website"},"datePublished":"2023-05-10T10:47:31+00:00","dateModified":"2026-04-27T11:53:30+00:00","breadcrumb":{"@id":"https:\/\/librairie7l.com\/en\/produit\/cy-twombly\/#breadcrumb"},"inLanguage":"en-US","potentialAction":[{"@type":"ReadAction","target":["https:\/\/librairie7l.com\/en\/produit\/cy-twombly\/"]}]},{"@type":"BreadcrumbList","@id":"https:\/\/librairie7l.com\/en\/produit\/cy-twombly\/#breadcrumb","itemListElement":[{"@type":"ListItem","position":1,"name":"Accueil","item":"https:\/\/librairie7l.com\/en\/"},{"@type":"ListItem","position":2,"name":"Shop","item":"https:\/\/librairie7l.com\/en\/shop\/"},{"@type":"ListItem","position":3,"name":"CY TWOMBLY"}]},{"@type":"WebSite","@id":"https:\/\/librairie7l.com\/en\/#website","url":"https:\/\/librairie7l.com\/en\/","name":"Librairie 7L","description":"Librairie fond\u00e9e en 1999 par Karl Lagerfeld \u00e0 Paris","publisher":{"@id":"https:\/\/librairie7l.com\/en\/#organization"},"potentialAction":[{"@type":"SearchAction","target":{"@type":"EntryPoint","urlTemplate":"https:\/\/librairie7l.com\/en\/?s={search_term_string}"},"query-input":"required name=search_term_string"}],"inLanguage":"en-US"},{"@type":"Organization","@id":"https:\/\/librairie7l.com\/en\/#organization","name":"Librairie 7L","url":"https:\/\/librairie7l.com\/en\/","logo":{"@type":"ImageObject","inLanguage":"en-US","@id":"https:\/\/librairie7l.com\/en\/#\/schema\/logo\/image\/","url":"https:\/\/librairie7l.com\/wp-content\/uploads\/2022\/08\/logo-1.png","contentUrl":"https:\/\/librairie7l.com\/wp-content\/uploads\/2022\/08\/logo-1.png","width":227,"height":301,"caption":"Librairie 7L"},"image":{"@id":"https:\/\/librairie7l.com\/en\/#\/schema\/logo\/image\/"}}]}},"_links":{"self":[{"href":"https:\/\/librairie7l.com\/en\/wp-json\/wp\/v2\/product\/27015"}],"collection":[{"href":"https:\/\/librairie7l.com\/en\/wp-json\/wp\/v2\/product"}],"about":[{"href":"https:\/\/librairie7l.com\/en\/wp-json\/wp\/v2\/types\/product"}],"wp:featuredmedia":[{"embeddable":true,"href":"https:\/\/librairie7l.com\/en\/wp-json\/wp\/v2\/media\/27013"}],"wp:attachment":[{"href":"https:\/\/librairie7l.com\/en\/wp-json\/wp\/v2\/media?parent=27015"}],"wp:term":[{"taxonomy":"product_cat","embeddable":true,"href":"https:\/\/librairie7l.com\/en\/wp-json\/wp\/v2\/product_cat?post=27015"},{"taxonomy":"product_tag","embeddable":true,"href":"https:\/\/librairie7l.com\/en\/wp-json\/wp\/v2\/product_tag?post=27015"}],"curies":[{"name":"wp","href":"https:\/\/api.w.org\/{rel}","templated":true}]}}