{"id":27019,"date":"2023-05-10T18:09:58","date_gmt":"2023-05-10T16:09:58","guid":{"rendered":"https:\/\/librairie7l.com\/?post_type=product&#038;p=27019"},"modified":"2026-04-07T12:54:22","modified_gmt":"2026-04-07T10:54:22","slug":"rose-valland-lespionne-a-loeuvre-la-femme-qui-sauva-60-000-oeuvres-pillees-par-les-nazis","status":"publish","type":"product","link":"https:\/\/librairie7l.com\/en\/produit\/rose-valland-lespionne-a-loeuvre-la-femme-qui-sauva-60-000-oeuvres-pillees-par-les-nazis\/","title":{"rendered":"ROSE VALLAND, L&#8217;ESPIONNE \u00c0 L&#8217;OEUVRE : LA FEMME QUI SAUVA 60 000 OEUVRES PILL\u00c9ES PAR LES NAZIS"},"content":{"rendered":"<p>Le r\u00e9cit in\u00e9dit de la femme qui sauva soixante mille oeuvres d&#8217;art pill\u00e9es par les nazis.<br \/>\nCette femme a sauv\u00e9 plus de soixante mille oeuvres au lendemain de la Seconde Guerre mondiale. Mais personne ne conna\u00eet son nom : Rose Valland.<\/p>\n<p>Lorsque Goering d\u00e9barque \u00e0 Paris pour se servir parmi les collections spoli\u00e9es aux Juifs, elle est l\u00e0, qui espionne, fondue dans le d\u00e9cor, insoup\u00e7onnable. Elle voit et note tout. Les titres, les artistes, les propri\u00e9taires, les origines et les destinations. Au risque d&#8217;\u00eatre fusill\u00e9e ou d\u00e9port\u00e9e.<\/p>\n<p>Elle poursuit sa mission de justice jusqu&#8217;\u00e0 sa mort, mais son obsession du secret touche jusqu&#8217;\u00e0 sa vie priv\u00e9e, jug\u00e9e inavouable.<\/p>\n<p>Pour r\u00e9sister, il faut savoir dispara\u00eetre.<\/p>\n<p>Le roman de sa vie lui redonne sa place dans l&#8217;Histoire.<\/p>\n<p> Une biographie ardente, qui a l&#8217;allure d&#8217;un roman d&#8217;aventures  J\u00e9r\u00f4me Garcin,  L&#8217;Obs<\/p>\n","protected":false},"excerpt":{"rendered":"<p>Le r\u00e9cit in\u00e9dit de la femme qui sauva soixante mille oeuvres d&#8217;art pill\u00e9es par les nazis. Cette femme a sauv\u00e9 plus de soixante mille oeuvres au lendemain de la Seconde Guerre mondiale. Mais personne ne conna\u00eet son nom : Rose Valland. Lorsque Goering d\u00e9barque \u00e0 Paris pour se servir parmi les collections spoli\u00e9es aux Juifs, [&hellip;]<\/p>\n","protected":false},"featured_media":27018,"template":"","meta":[],"product_cat":[55,2948,47,2953],"product_tag":[],"acf":[],"yoast_head":"<!-- This site is optimized with the Yoast SEO plugin v20.11 - https:\/\/yoast.com\/wordpress\/plugins\/seo\/ -->\n<title>ROSE VALLAND, L&#039;ESPIONNE \u00c0 L&#039;OEUVRE : LA FEMME QUI SAUVA 60 000 OEUVRES PILL\u00c9ES PAR LES NAZIS - Librairie 7L<\/title>\n<meta name=\"robots\" content=\"index, follow, max-snippet:-1, max-image-preview:large, max-video-preview:-1\" \/>\n<link rel=\"canonical\" href=\"https:\/\/librairie7l.com\/en\/produit\/rose-valland-lespionne-a-loeuvre-la-femme-qui-sauva-60-000-oeuvres-pillees-par-les-nazis\/\" \/>\n<meta property=\"og:locale\" content=\"en_US\" \/>\n<meta property=\"og:type\" content=\"article\" \/>\n<meta property=\"og:title\" content=\"ROSE VALLAND, L&#039;ESPIONNE \u00c0 L&#039;OEUVRE : LA FEMME QUI SAUVA 60 000 OEUVRES PILL\u00c9ES PAR LES NAZIS - Librairie 7L\" \/>\n<meta property=\"og:description\" content=\"Le r\u00e9cit in\u00e9dit de la femme qui sauva soixante mille oeuvres d&#8217;art pill\u00e9es par les nazis. Cette femme a sauv\u00e9 plus de soixante mille oeuvres au lendemain de la Seconde Guerre mondiale. Mais personne ne conna\u00eet son nom : Rose Valland. Lorsque Goering d\u00e9barque \u00e0 Paris pour se servir parmi les collections spoli\u00e9es aux Juifs, [&hellip;]\" \/>\n<meta property=\"og:url\" content=\"https:\/\/librairie7l.com\/en\/produit\/rose-valland-lespionne-a-loeuvre-la-femme-qui-sauva-60-000-oeuvres-pillees-par-les-nazis\/\" \/>\n<meta property=\"og:site_name\" content=\"Librairie 7L\" \/>\n<meta property=\"article:modified_time\" content=\"2026-04-07T10:54:22+00:00\" \/>\n<meta property=\"og:image\" content=\"https:\/\/librairie7l.com\/wp-content\/uploads\/2023\/02\/9782221269473_1_75.jpg\" \/>\n\t<meta property=\"og:image:width\" content=\"400\" \/>\n\t<meta property=\"og:image:height\" content=\"637\" \/>\n\t<meta property=\"og:image:type\" content=\"image\/jpeg\" \/>\n<meta name=\"twitter:card\" content=\"summary_large_image\" \/>\n<meta name=\"twitter:label1\" content=\"Est. reading time\" \/>\n\t<meta name=\"twitter:data1\" content=\"1 minute\" \/>\n<script type=\"application\/ld+json\" class=\"yoast-schema-graph\">{\"@context\":\"https:\/\/schema.org\",\"@graph\":[{\"@type\":\"WebPage\",\"@id\":\"https:\/\/librairie7l.com\/en\/produit\/rose-valland-lespionne-a-loeuvre-la-femme-qui-sauva-60-000-oeuvres-pillees-par-les-nazis\/\",\"url\":\"https:\/\/librairie7l.com\/en\/produit\/rose-valland-lespionne-a-loeuvre-la-femme-qui-sauva-60-000-oeuvres-pillees-par-les-nazis\/\",\"name\":\"ROSE VALLAND, L'ESPIONNE \u00c0 L'OEUVRE : LA FEMME QUI SAUVA 60 000 OEUVRES PILL\u00c9ES PAR LES NAZIS - Librairie 7L\",\"isPartOf\":{\"@id\":\"https:\/\/librairie7l.com\/en\/#website\"},\"datePublished\":\"2023-05-10T16:09:58+00:00\",\"dateModified\":\"2026-04-07T10:54:22+00:00\",\"breadcrumb\":{\"@id\":\"https:\/\/librairie7l.com\/en\/produit\/rose-valland-lespionne-a-loeuvre-la-femme-qui-sauva-60-000-oeuvres-pillees-par-les-nazis\/#breadcrumb\"},\"inLanguage\":\"en-US\",\"potentialAction\":[{\"@type\":\"ReadAction\",\"target\":[\"https:\/\/librairie7l.com\/en\/produit\/rose-valland-lespionne-a-loeuvre-la-femme-qui-sauva-60-000-oeuvres-pillees-par-les-nazis\/\"]}]},{\"@type\":\"BreadcrumbList\",\"@id\":\"https:\/\/librairie7l.com\/en\/produit\/rose-valland-lespionne-a-loeuvre-la-femme-qui-sauva-60-000-oeuvres-pillees-par-les-nazis\/#breadcrumb\",\"itemListElement\":[{\"@type\":\"ListItem\",\"position\":1,\"name\":\"Accueil\",\"item\":\"https:\/\/librairie7l.com\/en\/\"},{\"@type\":\"ListItem\",\"position\":2,\"name\":\"Shop\",\"item\":\"https:\/\/librairie7l.com\/en\/shop\/\"},{\"@type\":\"ListItem\",\"position\":3,\"name\":\"ROSE VALLAND, L&#8217;ESPIONNE \u00c0 L&#8217;OEUVRE : LA FEMME QUI SAUVA 60 000 OEUVRES PILL\u00c9ES PAR LES NAZIS\"}]},{\"@type\":\"WebSite\",\"@id\":\"https:\/\/librairie7l.com\/en\/#website\",\"url\":\"https:\/\/librairie7l.com\/en\/\",\"name\":\"Librairie 7L\",\"description\":\"Librairie fond\u00e9e en 1999 par Karl Lagerfeld \u00e0 Paris\",\"publisher\":{\"@id\":\"https:\/\/librairie7l.com\/en\/#organization\"},\"potentialAction\":[{\"@type\":\"SearchAction\",\"target\":{\"@type\":\"EntryPoint\",\"urlTemplate\":\"https:\/\/librairie7l.com\/en\/?s={search_term_string}\"},\"query-input\":\"required name=search_term_string\"}],\"inLanguage\":\"en-US\"},{\"@type\":\"Organization\",\"@id\":\"https:\/\/librairie7l.com\/en\/#organization\",\"name\":\"Librairie 7L\",\"url\":\"https:\/\/librairie7l.com\/en\/\",\"logo\":{\"@type\":\"ImageObject\",\"inLanguage\":\"en-US\",\"@id\":\"https:\/\/librairie7l.com\/en\/#\/schema\/logo\/image\/\",\"url\":\"https:\/\/librairie7l.com\/wp-content\/uploads\/2022\/08\/logo-1.png\",\"contentUrl\":\"https:\/\/librairie7l.com\/wp-content\/uploads\/2022\/08\/logo-1.png\",\"width\":227,\"height\":301,\"caption\":\"Librairie 7L\"},\"image\":{\"@id\":\"https:\/\/librairie7l.com\/en\/#\/schema\/logo\/image\/\"}}]}<\/script>\n<!-- \/ Yoast SEO plugin. -->","yoast_head_json":{"title":"ROSE VALLAND, L'ESPIONNE \u00c0 L'OEUVRE : LA FEMME QUI SAUVA 60 000 OEUVRES PILL\u00c9ES PAR LES NAZIS - Librairie 7L","robots":{"index":"index","follow":"follow","max-snippet":"max-snippet:-1","max-image-preview":"max-image-preview:large","max-video-preview":"max-video-preview:-1"},"canonical":"https:\/\/librairie7l.com\/en\/produit\/rose-valland-lespionne-a-loeuvre-la-femme-qui-sauva-60-000-oeuvres-pillees-par-les-nazis\/","og_locale":"en_US","og_type":"article","og_title":"ROSE VALLAND, L'ESPIONNE \u00c0 L'OEUVRE : LA FEMME QUI SAUVA 60 000 OEUVRES PILL\u00c9ES PAR LES NAZIS - Librairie 7L","og_description":"Le r\u00e9cit in\u00e9dit de la femme qui sauva soixante mille oeuvres d&#8217;art pill\u00e9es par les nazis. Cette femme a sauv\u00e9 plus de soixante mille oeuvres au lendemain de la Seconde Guerre mondiale. Mais personne ne conna\u00eet son nom : Rose Valland. Lorsque Goering d\u00e9barque \u00e0 Paris pour se servir parmi les collections spoli\u00e9es aux Juifs, [&hellip;]","og_url":"https:\/\/librairie7l.com\/en\/produit\/rose-valland-lespionne-a-loeuvre-la-femme-qui-sauva-60-000-oeuvres-pillees-par-les-nazis\/","og_site_name":"Librairie 7L","article_modified_time":"2026-04-07T10:54:22+00:00","og_image":[{"width":400,"height":637,"url":"https:\/\/librairie7l.com\/wp-content\/uploads\/2023\/02\/9782221269473_1_75.jpg","type":"image\/jpeg"}],"twitter_card":"summary_large_image","twitter_misc":{"Est. reading time":"1 minute"},"schema":{"@context":"https:\/\/schema.org","@graph":[{"@type":"WebPage","@id":"https:\/\/librairie7l.com\/en\/produit\/rose-valland-lespionne-a-loeuvre-la-femme-qui-sauva-60-000-oeuvres-pillees-par-les-nazis\/","url":"https:\/\/librairie7l.com\/en\/produit\/rose-valland-lespionne-a-loeuvre-la-femme-qui-sauva-60-000-oeuvres-pillees-par-les-nazis\/","name":"ROSE VALLAND, L'ESPIONNE \u00c0 L'OEUVRE : LA FEMME QUI SAUVA 60 000 OEUVRES PILL\u00c9ES PAR LES NAZIS - Librairie 7L","isPartOf":{"@id":"https:\/\/librairie7l.com\/en\/#website"},"datePublished":"2023-05-10T16:09:58+00:00","dateModified":"2026-04-07T10:54:22+00:00","breadcrumb":{"@id":"https:\/\/librairie7l.com\/en\/produit\/rose-valland-lespionne-a-loeuvre-la-femme-qui-sauva-60-000-oeuvres-pillees-par-les-nazis\/#breadcrumb"},"inLanguage":"en-US","potentialAction":[{"@type":"ReadAction","target":["https:\/\/librairie7l.com\/en\/produit\/rose-valland-lespionne-a-loeuvre-la-femme-qui-sauva-60-000-oeuvres-pillees-par-les-nazis\/"]}]},{"@type":"BreadcrumbList","@id":"https:\/\/librairie7l.com\/en\/produit\/rose-valland-lespionne-a-loeuvre-la-femme-qui-sauva-60-000-oeuvres-pillees-par-les-nazis\/#breadcrumb","itemListElement":[{"@type":"ListItem","position":1,"name":"Accueil","item":"https:\/\/librairie7l.com\/en\/"},{"@type":"ListItem","position":2,"name":"Shop","item":"https:\/\/librairie7l.com\/en\/shop\/"},{"@type":"ListItem","position":3,"name":"ROSE VALLAND, L&#8217;ESPIONNE \u00c0 L&#8217;OEUVRE : LA FEMME QUI SAUVA 60 000 OEUVRES PILL\u00c9ES PAR LES NAZIS"}]},{"@type":"WebSite","@id":"https:\/\/librairie7l.com\/en\/#website","url":"https:\/\/librairie7l.com\/en\/","name":"Librairie 7L","description":"Librairie fond\u00e9e en 1999 par Karl Lagerfeld \u00e0 Paris","publisher":{"@id":"https:\/\/librairie7l.com\/en\/#organization"},"potentialAction":[{"@type":"SearchAction","target":{"@type":"EntryPoint","urlTemplate":"https:\/\/librairie7l.com\/en\/?s={search_term_string}"},"query-input":"required name=search_term_string"}],"inLanguage":"en-US"},{"@type":"Organization","@id":"https:\/\/librairie7l.com\/en\/#organization","name":"Librairie 7L","url":"https:\/\/librairie7l.com\/en\/","logo":{"@type":"ImageObject","inLanguage":"en-US","@id":"https:\/\/librairie7l.com\/en\/#\/schema\/logo\/image\/","url":"https:\/\/librairie7l.com\/wp-content\/uploads\/2022\/08\/logo-1.png","contentUrl":"https:\/\/librairie7l.com\/wp-content\/uploads\/2022\/08\/logo-1.png","width":227,"height":301,"caption":"Librairie 7L"},"image":{"@id":"https:\/\/librairie7l.com\/en\/#\/schema\/logo\/image\/"}}]}},"_links":{"self":[{"href":"https:\/\/librairie7l.com\/en\/wp-json\/wp\/v2\/product\/27019"}],"collection":[{"href":"https:\/\/librairie7l.com\/en\/wp-json\/wp\/v2\/product"}],"about":[{"href":"https:\/\/librairie7l.com\/en\/wp-json\/wp\/v2\/types\/product"}],"wp:featuredmedia":[{"embeddable":true,"href":"https:\/\/librairie7l.com\/en\/wp-json\/wp\/v2\/media\/27018"}],"wp:attachment":[{"href":"https:\/\/librairie7l.com\/en\/wp-json\/wp\/v2\/media?parent=27019"}],"wp:term":[{"taxonomy":"product_cat","embeddable":true,"href":"https:\/\/librairie7l.com\/en\/wp-json\/wp\/v2\/product_cat?post=27019"},{"taxonomy":"product_tag","embeddable":true,"href":"https:\/\/librairie7l.com\/en\/wp-json\/wp\/v2\/product_tag?post=27019"}],"curies":[{"name":"wp","href":"https:\/\/api.w.org\/{rel}","templated":true}]}}