{"id":27027,"date":"2023-05-10T12:48:15","date_gmt":"2023-05-10T10:48:15","guid":{"rendered":"https:\/\/librairie7l.com\/?post_type=product&#038;p=27027"},"modified":"2026-04-23T20:06:55","modified_gmt":"2026-04-23T18:06:55","slug":"le-chic-arts-decoratifs-et-mobilier-francais-de-1930-a-1960-2","status":"publish","type":"product","link":"https:\/\/librairie7l.com\/en\/produit\/le-chic-arts-decoratifs-et-mobilier-francais-de-1930-a-1960-2\/","title":{"rendered":"LE CHIC ! ARTS D\u00c9CORATIFS ET MOBILIER FRAN\u00c7AIS DE 1930 \u00c0 1960"},"content":{"rendered":"<p>Ambassadeur du Chic \u00e0 la fran\u00e7aise, le d\u00e9corateur des ann\u00e9es 1930 aux ann\u00e9es 1960 con\u00e7oit la d\u00e9coration comme un tout coh\u00e9rent, harmonieux. En v\u00e9ritable ensemblier, il orchestre les m\u00e9tiers d&#8217;art au service d&#8217;un projet global. Son savoir-faire se d\u00e9veloppe dans des lieux charg\u00e9s d&#8217;histoire our r\u00e9cemment construits dans lesquels il va tout \u00e0 la fois inscrire, affirmer son style et sa modernit\u00e9. Le Mobilier national lui consarcre en 2022 une importante r\u00e9trospective en puisant dans sa collection exceptionnelle, premi\u00e8re au monde pour ces d\u00e9cennies. Cette exposition rassemble des pi\u00e8ces uniques, d&#8217;une qualit\u00e9 et d&#8217;une diversit\u00e9 remarquables. Les auteurs dressent ici le portrait d&#8217;une p\u00e9riode artistique riche, \u00e0 la fois h\u00e9riti\u00e8re d&#8217;une tradition de luxe, mais aussi pr\u00e9curseur du design contemporain. Ils nous font d\u00e9couvrir les d\u00e9fis, les innovations et les modes de cette \u00e9poque, les grands moments et Expositions universelles, quelques figures embl\u00e9matiques tels Jules Leleu, Andr\u00e9 Arbus, Suzanne Guiguichon ou encore Colette Gueden. Sous l&#8217;\u00e9gide de commanditaires comme Jean Zay, Michelle et Vincent Auriol, ils nous permettent d&#8217;acc\u00e9der \u00e0 une s\u00e9rie de lieux incontournables des ambassades aux palais pr\u00e9sidentiels.<\/p>\n","protected":false},"excerpt":{"rendered":"<p>Ambassadeur du Chic \u00e0 la fran\u00e7aise, le d\u00e9corateur des ann\u00e9es 1930 aux ann\u00e9es 1960 con\u00e7oit la d\u00e9coration comme un tout coh\u00e9rent, harmonieux. En v\u00e9ritable ensemblier, il orchestre les m\u00e9tiers d&#8217;art au service d&#8217;un projet global. Son savoir-faire se d\u00e9veloppe dans des lieux charg\u00e9s d&#8217;histoire our r\u00e9cemment construits dans lesquels il va tout \u00e0 la fois [&hellip;]<\/p>\n","protected":false},"featured_media":27025,"template":"","meta":[],"product_cat":[55,2948,18,2952],"product_tag":[],"acf":[],"yoast_head":"<!-- This site is optimized with the Yoast SEO plugin v20.11 - https:\/\/yoast.com\/wordpress\/plugins\/seo\/ -->\n<title>LE CHIC ! ARTS D\u00c9CORATIFS ET MOBILIER FRAN\u00c7AIS DE 1930 \u00c0 1960 - Librairie 7L<\/title>\n<meta name=\"robots\" content=\"index, follow, max-snippet:-1, max-image-preview:large, max-video-preview:-1\" \/>\n<link rel=\"canonical\" href=\"https:\/\/librairie7l.com\/en\/produit\/le-chic-arts-decoratifs-et-mobilier-francais-de-1930-a-1960-2\/\" \/>\n<meta property=\"og:locale\" content=\"en_US\" \/>\n<meta property=\"og:type\" content=\"article\" \/>\n<meta property=\"og:title\" content=\"LE CHIC ! ARTS D\u00c9CORATIFS ET MOBILIER FRAN\u00c7AIS DE 1930 \u00c0 1960 - Librairie 7L\" \/>\n<meta property=\"og:description\" content=\"Ambassadeur du Chic \u00e0 la fran\u00e7aise, le d\u00e9corateur des ann\u00e9es 1930 aux ann\u00e9es 1960 con\u00e7oit la d\u00e9coration comme un tout coh\u00e9rent, harmonieux. En v\u00e9ritable ensemblier, il orchestre les m\u00e9tiers d&#8217;art au service d&#8217;un projet global. Son savoir-faire se d\u00e9veloppe dans des lieux charg\u00e9s d&#8217;histoire our r\u00e9cemment construits dans lesquels il va tout \u00e0 la fois [&hellip;]\" \/>\n<meta property=\"og:url\" content=\"https:\/\/librairie7l.com\/en\/produit\/le-chic-arts-decoratifs-et-mobilier-francais-de-1930-a-1960-2\/\" \/>\n<meta property=\"og:site_name\" content=\"Librairie 7L\" \/>\n<meta property=\"article:modified_time\" content=\"2026-04-23T18:06:55+00:00\" \/>\n<meta property=\"og:image\" content=\"https:\/\/librairie7l.com\/wp-content\/uploads\/2022\/02\/9789461617521_1_75.jpg\" \/>\n\t<meta property=\"og:image:width\" content=\"400\" \/>\n\t<meta property=\"og:image:height\" content=\"480\" \/>\n\t<meta property=\"og:image:type\" content=\"image\/jpeg\" \/>\n<meta name=\"twitter:card\" content=\"summary_large_image\" \/>\n<meta name=\"twitter:label1\" content=\"Est. reading time\" \/>\n\t<meta name=\"twitter:data1\" content=\"1 minute\" \/>\n<script type=\"application\/ld+json\" class=\"yoast-schema-graph\">{\"@context\":\"https:\/\/schema.org\",\"@graph\":[{\"@type\":\"WebPage\",\"@id\":\"https:\/\/librairie7l.com\/en\/produit\/le-chic-arts-decoratifs-et-mobilier-francais-de-1930-a-1960-2\/\",\"url\":\"https:\/\/librairie7l.com\/en\/produit\/le-chic-arts-decoratifs-et-mobilier-francais-de-1930-a-1960-2\/\",\"name\":\"LE CHIC ! ARTS D\u00c9CORATIFS ET MOBILIER FRAN\u00c7AIS DE 1930 \u00c0 1960 - Librairie 7L\",\"isPartOf\":{\"@id\":\"https:\/\/librairie7l.com\/en\/#website\"},\"datePublished\":\"2023-05-10T10:48:15+00:00\",\"dateModified\":\"2026-04-23T18:06:55+00:00\",\"breadcrumb\":{\"@id\":\"https:\/\/librairie7l.com\/en\/produit\/le-chic-arts-decoratifs-et-mobilier-francais-de-1930-a-1960-2\/#breadcrumb\"},\"inLanguage\":\"en-US\",\"potentialAction\":[{\"@type\":\"ReadAction\",\"target\":[\"https:\/\/librairie7l.com\/en\/produit\/le-chic-arts-decoratifs-et-mobilier-francais-de-1930-a-1960-2\/\"]}]},{\"@type\":\"BreadcrumbList\",\"@id\":\"https:\/\/librairie7l.com\/en\/produit\/le-chic-arts-decoratifs-et-mobilier-francais-de-1930-a-1960-2\/#breadcrumb\",\"itemListElement\":[{\"@type\":\"ListItem\",\"position\":1,\"name\":\"Accueil\",\"item\":\"https:\/\/librairie7l.com\/en\/\"},{\"@type\":\"ListItem\",\"position\":2,\"name\":\"Shop\",\"item\":\"https:\/\/librairie7l.com\/en\/shop\/\"},{\"@type\":\"ListItem\",\"position\":3,\"name\":\"LE CHIC ! ARTS D\u00c9CORATIFS ET MOBILIER FRAN\u00c7AIS DE 1930 \u00c0 1960\"}]},{\"@type\":\"WebSite\",\"@id\":\"https:\/\/librairie7l.com\/en\/#website\",\"url\":\"https:\/\/librairie7l.com\/en\/\",\"name\":\"Librairie 7L\",\"description\":\"Librairie fond\u00e9e en 1999 par Karl Lagerfeld \u00e0 Paris\",\"publisher\":{\"@id\":\"https:\/\/librairie7l.com\/en\/#organization\"},\"potentialAction\":[{\"@type\":\"SearchAction\",\"target\":{\"@type\":\"EntryPoint\",\"urlTemplate\":\"https:\/\/librairie7l.com\/en\/?s={search_term_string}\"},\"query-input\":\"required name=search_term_string\"}],\"inLanguage\":\"en-US\"},{\"@type\":\"Organization\",\"@id\":\"https:\/\/librairie7l.com\/en\/#organization\",\"name\":\"Librairie 7L\",\"url\":\"https:\/\/librairie7l.com\/en\/\",\"logo\":{\"@type\":\"ImageObject\",\"inLanguage\":\"en-US\",\"@id\":\"https:\/\/librairie7l.com\/en\/#\/schema\/logo\/image\/\",\"url\":\"https:\/\/librairie7l.com\/wp-content\/uploads\/2022\/08\/logo-1.png\",\"contentUrl\":\"https:\/\/librairie7l.com\/wp-content\/uploads\/2022\/08\/logo-1.png\",\"width\":227,\"height\":301,\"caption\":\"Librairie 7L\"},\"image\":{\"@id\":\"https:\/\/librairie7l.com\/en\/#\/schema\/logo\/image\/\"}}]}<\/script>\n<!-- \/ Yoast SEO plugin. -->","yoast_head_json":{"title":"LE CHIC ! ARTS D\u00c9CORATIFS ET MOBILIER FRAN\u00c7AIS DE 1930 \u00c0 1960 - Librairie 7L","robots":{"index":"index","follow":"follow","max-snippet":"max-snippet:-1","max-image-preview":"max-image-preview:large","max-video-preview":"max-video-preview:-1"},"canonical":"https:\/\/librairie7l.com\/en\/produit\/le-chic-arts-decoratifs-et-mobilier-francais-de-1930-a-1960-2\/","og_locale":"en_US","og_type":"article","og_title":"LE CHIC ! ARTS D\u00c9CORATIFS ET MOBILIER FRAN\u00c7AIS DE 1930 \u00c0 1960 - Librairie 7L","og_description":"Ambassadeur du Chic \u00e0 la fran\u00e7aise, le d\u00e9corateur des ann\u00e9es 1930 aux ann\u00e9es 1960 con\u00e7oit la d\u00e9coration comme un tout coh\u00e9rent, harmonieux. En v\u00e9ritable ensemblier, il orchestre les m\u00e9tiers d&#8217;art au service d&#8217;un projet global. Son savoir-faire se d\u00e9veloppe dans des lieux charg\u00e9s d&#8217;histoire our r\u00e9cemment construits dans lesquels il va tout \u00e0 la fois [&hellip;]","og_url":"https:\/\/librairie7l.com\/en\/produit\/le-chic-arts-decoratifs-et-mobilier-francais-de-1930-a-1960-2\/","og_site_name":"Librairie 7L","article_modified_time":"2026-04-23T18:06:55+00:00","og_image":[{"width":400,"height":480,"url":"https:\/\/librairie7l.com\/wp-content\/uploads\/2022\/02\/9789461617521_1_75.jpg","type":"image\/jpeg"}],"twitter_card":"summary_large_image","twitter_misc":{"Est. reading time":"1 minute"},"schema":{"@context":"https:\/\/schema.org","@graph":[{"@type":"WebPage","@id":"https:\/\/librairie7l.com\/en\/produit\/le-chic-arts-decoratifs-et-mobilier-francais-de-1930-a-1960-2\/","url":"https:\/\/librairie7l.com\/en\/produit\/le-chic-arts-decoratifs-et-mobilier-francais-de-1930-a-1960-2\/","name":"LE CHIC ! ARTS D\u00c9CORATIFS ET MOBILIER FRAN\u00c7AIS DE 1930 \u00c0 1960 - Librairie 7L","isPartOf":{"@id":"https:\/\/librairie7l.com\/en\/#website"},"datePublished":"2023-05-10T10:48:15+00:00","dateModified":"2026-04-23T18:06:55+00:00","breadcrumb":{"@id":"https:\/\/librairie7l.com\/en\/produit\/le-chic-arts-decoratifs-et-mobilier-francais-de-1930-a-1960-2\/#breadcrumb"},"inLanguage":"en-US","potentialAction":[{"@type":"ReadAction","target":["https:\/\/librairie7l.com\/en\/produit\/le-chic-arts-decoratifs-et-mobilier-francais-de-1930-a-1960-2\/"]}]},{"@type":"BreadcrumbList","@id":"https:\/\/librairie7l.com\/en\/produit\/le-chic-arts-decoratifs-et-mobilier-francais-de-1930-a-1960-2\/#breadcrumb","itemListElement":[{"@type":"ListItem","position":1,"name":"Accueil","item":"https:\/\/librairie7l.com\/en\/"},{"@type":"ListItem","position":2,"name":"Shop","item":"https:\/\/librairie7l.com\/en\/shop\/"},{"@type":"ListItem","position":3,"name":"LE CHIC ! ARTS D\u00c9CORATIFS ET MOBILIER FRAN\u00c7AIS DE 1930 \u00c0 1960"}]},{"@type":"WebSite","@id":"https:\/\/librairie7l.com\/en\/#website","url":"https:\/\/librairie7l.com\/en\/","name":"Librairie 7L","description":"Librairie fond\u00e9e en 1999 par Karl Lagerfeld \u00e0 Paris","publisher":{"@id":"https:\/\/librairie7l.com\/en\/#organization"},"potentialAction":[{"@type":"SearchAction","target":{"@type":"EntryPoint","urlTemplate":"https:\/\/librairie7l.com\/en\/?s={search_term_string}"},"query-input":"required name=search_term_string"}],"inLanguage":"en-US"},{"@type":"Organization","@id":"https:\/\/librairie7l.com\/en\/#organization","name":"Librairie 7L","url":"https:\/\/librairie7l.com\/en\/","logo":{"@type":"ImageObject","inLanguage":"en-US","@id":"https:\/\/librairie7l.com\/en\/#\/schema\/logo\/image\/","url":"https:\/\/librairie7l.com\/wp-content\/uploads\/2022\/08\/logo-1.png","contentUrl":"https:\/\/librairie7l.com\/wp-content\/uploads\/2022\/08\/logo-1.png","width":227,"height":301,"caption":"Librairie 7L"},"image":{"@id":"https:\/\/librairie7l.com\/en\/#\/schema\/logo\/image\/"}}]}},"_links":{"self":[{"href":"https:\/\/librairie7l.com\/en\/wp-json\/wp\/v2\/product\/27027"}],"collection":[{"href":"https:\/\/librairie7l.com\/en\/wp-json\/wp\/v2\/product"}],"about":[{"href":"https:\/\/librairie7l.com\/en\/wp-json\/wp\/v2\/types\/product"}],"wp:featuredmedia":[{"embeddable":true,"href":"https:\/\/librairie7l.com\/en\/wp-json\/wp\/v2\/media\/27025"}],"wp:attachment":[{"href":"https:\/\/librairie7l.com\/en\/wp-json\/wp\/v2\/media?parent=27027"}],"wp:term":[{"taxonomy":"product_cat","embeddable":true,"href":"https:\/\/librairie7l.com\/en\/wp-json\/wp\/v2\/product_cat?post=27027"},{"taxonomy":"product_tag","embeddable":true,"href":"https:\/\/librairie7l.com\/en\/wp-json\/wp\/v2\/product_tag?post=27027"}],"curies":[{"name":"wp","href":"https:\/\/api.w.org\/{rel}","templated":true}]}}