{"id":27035,"date":"2023-05-10T12:48:53","date_gmt":"2023-05-10T10:48:53","guid":{"rendered":"https:\/\/librairie7l.com\/?post_type=product&#038;p=27035"},"modified":"2026-04-07T13:56:57","modified_gmt":"2026-04-07T11:56:57","slug":"temps-modernes-xv-xviiie-siecles","status":"publish","type":"product","link":"https:\/\/librairie7l.com\/en\/produit\/temps-modernes-xv-xviiie-siecles\/","title":{"rendered":"TEMPS MODERNES, XV-XVIIIE SI\u00c8CLES"},"content":{"rendered":"<p>M\u00c9THODOLOGIE &#8211; Commenter une peinture : question de m\u00e9thode &#8211; Commenter une peinture : le sens &#8211; Commenter des sculptures &#8211; L&#8217;art du buste &#8211; Analyser une gravure &#8211; L&#8217;image et la lettre de l&#8217;estampe &#8211; Lire l&#8217;architecture &#8211; Lire une fa\u00e7ade. \u00c0 L&#8217;AUBE DES TEMPS MODERNES &#8211; La singularit\u00e9 florentine &#8211; Le nouveau cours de la peinture toscane &#8211; La diffusion de l&#8217;art nouveau &#8211; L&#8217;art des cours &#8211; Du nord au midi &#8211; Au temps de Laurent de M\u00e9dicis &#8211; Renaissance en Italie du nord. LA RENAISSANCE ACCOMPLIE &#8211; L&#8217;Europe s\u00e9duite &#8211; La question du classicisme \u00e0 Venise et \u00e0 Florence &#8211; \u00abRoma Instaurata\u00bb &#8211; La Renaissance nordique &#8211; La \u00abmani\u00e8re parfaite\u00bb et le mani\u00e9risme &#8211; D&#8217;une \u00e9cole de Fontainebleau \u00e0 l&#8217;autre &#8211; Triomphe des ordres d&#8217;architecture &#8211; Mani\u00e9rismes et Renaissance tardive &#8211; Luxe, faste et intimit\u00e9 &#8211; Une culture de l&#8217;image &#8211; L&#8217;Europe du nord et le mani\u00e9risme. RH\u00c9TORIQUE CLASSIQUE^prg&gt;- Autour de 1600 : r\u00e9forme et r\u00e9novation de la peinture &#8211; Rome, capitale europ\u00e9enne des arts &#8211; Paris : aux sources du classicisme &#8211; Les \u00e9coles du nord &#8211; Foyers et artistes &#8211; Les genres &#8211; Rh\u00e9torique architecturale &#8211; D\u00e9votions &#8211; Espaces publics, espaces priv\u00e9s &#8211; Paris, nouvelle Rome &#8211; L&#8217;architecture \u00e0 la fran\u00e7aise. L&#8217;\u00c9POQUE DES LUMI\u00c8RES &#8211; Tradition et \u00abgo\u00fbt moderne\u00bb &#8211; Crise et m\u00e9tamorphoses de la peinture &#8211; Sc\u00e9nographie urbaine et espaces paysagers &#8211; Rome, acad\u00e9mie de l&#8217;Europe &#8211; L&#8217;Antiquit\u00e9 et le renouveau classique &#8211; Les arts et le citoyen : la th\u00e9orie des Lumi\u00e8res &#8211; L&#8217;h\u00e9g\u00e9monie de la nature &#8211; Le sentiment mis en sc\u00e8ne &#8211; Les arts au service de l&#8217;Histoire &#8211; La r\u00e9volution et l&#8217;ordre, la raison et l&#8217;ombre.<\/p>\n","protected":false},"excerpt":{"rendered":"<p>M\u00c9THODOLOGIE &#8211; Commenter une peinture : question de m\u00e9thode &#8211; Commenter une peinture : le sens &#8211; Commenter des sculptures &#8211; L&#8217;art du buste &#8211; Analyser une gravure &#8211; L&#8217;image et la lettre de l&#8217;estampe &#8211; Lire l&#8217;architecture &#8211; Lire une fa\u00e7ade. \u00c0 L&#8217;AUBE DES TEMPS MODERNES &#8211; La singularit\u00e9 florentine &#8211; Le nouveau cours [&hellip;]<\/p>\n","protected":false},"featured_media":27033,"template":"","meta":[],"product_cat":[2948,2953],"product_tag":[],"acf":[],"yoast_head":"<!-- This site is optimized with the Yoast SEO plugin v20.11 - https:\/\/yoast.com\/wordpress\/plugins\/seo\/ -->\n<title>TEMPS MODERNES, XV-XVIIIE SI\u00c8CLES - Librairie 7L<\/title>\n<meta name=\"robots\" content=\"index, follow, max-snippet:-1, max-image-preview:large, max-video-preview:-1\" \/>\n<link rel=\"canonical\" href=\"https:\/\/librairie7l.com\/en\/produit\/temps-modernes-xv-xviiie-siecles\/\" \/>\n<meta property=\"og:locale\" content=\"en_US\" \/>\n<meta property=\"og:type\" content=\"article\" \/>\n<meta property=\"og:title\" content=\"TEMPS MODERNES, XV-XVIIIE SI\u00c8CLES - Librairie 7L\" \/>\n<meta property=\"og:description\" content=\"M\u00c9THODOLOGIE &#8211; Commenter une peinture : question de m\u00e9thode &#8211; Commenter une peinture : le sens &#8211; Commenter des sculptures &#8211; L&#8217;art du buste &#8211; Analyser une gravure &#8211; L&#8217;image et la lettre de l&#8217;estampe &#8211; Lire l&#8217;architecture &#8211; Lire une fa\u00e7ade. \u00c0 L&#8217;AUBE DES TEMPS MODERNES &#8211; La singularit\u00e9 florentine &#8211; Le nouveau cours [&hellip;]\" \/>\n<meta property=\"og:url\" content=\"https:\/\/librairie7l.com\/en\/produit\/temps-modernes-xv-xviiie-siecles\/\" \/>\n<meta property=\"og:site_name\" content=\"Librairie 7L\" \/>\n<meta property=\"article:modified_time\" content=\"2026-04-07T11:56:57+00:00\" \/>\n<meta property=\"og:image\" content=\"https:\/\/librairie7l.com\/wp-content\/uploads\/2021\/12\/9782080279354_1_75.jpg\" \/>\n\t<meta property=\"og:image:width\" content=\"600\" \/>\n\t<meta property=\"og:image:height\" content=\"798\" \/>\n\t<meta property=\"og:image:type\" content=\"image\/jpeg\" \/>\n<meta name=\"twitter:card\" content=\"summary_large_image\" \/>\n<meta name=\"twitter:label1\" content=\"Est. reading time\" \/>\n\t<meta name=\"twitter:data1\" content=\"1 minute\" \/>\n<script type=\"application\/ld+json\" class=\"yoast-schema-graph\">{\"@context\":\"https:\/\/schema.org\",\"@graph\":[{\"@type\":\"WebPage\",\"@id\":\"https:\/\/librairie7l.com\/en\/produit\/temps-modernes-xv-xviiie-siecles\/\",\"url\":\"https:\/\/librairie7l.com\/en\/produit\/temps-modernes-xv-xviiie-siecles\/\",\"name\":\"TEMPS MODERNES, XV-XVIIIE SI\u00c8CLES - Librairie 7L\",\"isPartOf\":{\"@id\":\"https:\/\/librairie7l.com\/en\/#website\"},\"datePublished\":\"2023-05-10T10:48:53+00:00\",\"dateModified\":\"2026-04-07T11:56:57+00:00\",\"breadcrumb\":{\"@id\":\"https:\/\/librairie7l.com\/en\/produit\/temps-modernes-xv-xviiie-siecles\/#breadcrumb\"},\"inLanguage\":\"en-US\",\"potentialAction\":[{\"@type\":\"ReadAction\",\"target\":[\"https:\/\/librairie7l.com\/en\/produit\/temps-modernes-xv-xviiie-siecles\/\"]}]},{\"@type\":\"BreadcrumbList\",\"@id\":\"https:\/\/librairie7l.com\/en\/produit\/temps-modernes-xv-xviiie-siecles\/#breadcrumb\",\"itemListElement\":[{\"@type\":\"ListItem\",\"position\":1,\"name\":\"Accueil\",\"item\":\"https:\/\/librairie7l.com\/en\/\"},{\"@type\":\"ListItem\",\"position\":2,\"name\":\"Shop\",\"item\":\"https:\/\/librairie7l.com\/en\/shop\/\"},{\"@type\":\"ListItem\",\"position\":3,\"name\":\"TEMPS MODERNES, XV-XVIIIE SI\u00c8CLES\"}]},{\"@type\":\"WebSite\",\"@id\":\"https:\/\/librairie7l.com\/en\/#website\",\"url\":\"https:\/\/librairie7l.com\/en\/\",\"name\":\"Librairie 7L\",\"description\":\"Librairie fond\u00e9e en 1999 par Karl Lagerfeld \u00e0 Paris\",\"publisher\":{\"@id\":\"https:\/\/librairie7l.com\/en\/#organization\"},\"potentialAction\":[{\"@type\":\"SearchAction\",\"target\":{\"@type\":\"EntryPoint\",\"urlTemplate\":\"https:\/\/librairie7l.com\/en\/?s={search_term_string}\"},\"query-input\":\"required name=search_term_string\"}],\"inLanguage\":\"en-US\"},{\"@type\":\"Organization\",\"@id\":\"https:\/\/librairie7l.com\/en\/#organization\",\"name\":\"Librairie 7L\",\"url\":\"https:\/\/librairie7l.com\/en\/\",\"logo\":{\"@type\":\"ImageObject\",\"inLanguage\":\"en-US\",\"@id\":\"https:\/\/librairie7l.com\/en\/#\/schema\/logo\/image\/\",\"url\":\"https:\/\/librairie7l.com\/wp-content\/uploads\/2022\/08\/logo-1.png\",\"contentUrl\":\"https:\/\/librairie7l.com\/wp-content\/uploads\/2022\/08\/logo-1.png\",\"width\":227,\"height\":301,\"caption\":\"Librairie 7L\"},\"image\":{\"@id\":\"https:\/\/librairie7l.com\/en\/#\/schema\/logo\/image\/\"}}]}<\/script>\n<!-- \/ Yoast SEO plugin. -->","yoast_head_json":{"title":"TEMPS MODERNES, XV-XVIIIE SI\u00c8CLES - Librairie 7L","robots":{"index":"index","follow":"follow","max-snippet":"max-snippet:-1","max-image-preview":"max-image-preview:large","max-video-preview":"max-video-preview:-1"},"canonical":"https:\/\/librairie7l.com\/en\/produit\/temps-modernes-xv-xviiie-siecles\/","og_locale":"en_US","og_type":"article","og_title":"TEMPS MODERNES, XV-XVIIIE SI\u00c8CLES - Librairie 7L","og_description":"M\u00c9THODOLOGIE &#8211; Commenter une peinture : question de m\u00e9thode &#8211; Commenter une peinture : le sens &#8211; Commenter des sculptures &#8211; L&#8217;art du buste &#8211; Analyser une gravure &#8211; L&#8217;image et la lettre de l&#8217;estampe &#8211; Lire l&#8217;architecture &#8211; Lire une fa\u00e7ade. \u00c0 L&#8217;AUBE DES TEMPS MODERNES &#8211; La singularit\u00e9 florentine &#8211; Le nouveau cours [&hellip;]","og_url":"https:\/\/librairie7l.com\/en\/produit\/temps-modernes-xv-xviiie-siecles\/","og_site_name":"Librairie 7L","article_modified_time":"2026-04-07T11:56:57+00:00","og_image":[{"width":600,"height":798,"url":"https:\/\/librairie7l.com\/wp-content\/uploads\/2021\/12\/9782080279354_1_75.jpg","type":"image\/jpeg"}],"twitter_card":"summary_large_image","twitter_misc":{"Est. reading time":"1 minute"},"schema":{"@context":"https:\/\/schema.org","@graph":[{"@type":"WebPage","@id":"https:\/\/librairie7l.com\/en\/produit\/temps-modernes-xv-xviiie-siecles\/","url":"https:\/\/librairie7l.com\/en\/produit\/temps-modernes-xv-xviiie-siecles\/","name":"TEMPS MODERNES, XV-XVIIIE SI\u00c8CLES - Librairie 7L","isPartOf":{"@id":"https:\/\/librairie7l.com\/en\/#website"},"datePublished":"2023-05-10T10:48:53+00:00","dateModified":"2026-04-07T11:56:57+00:00","breadcrumb":{"@id":"https:\/\/librairie7l.com\/en\/produit\/temps-modernes-xv-xviiie-siecles\/#breadcrumb"},"inLanguage":"en-US","potentialAction":[{"@type":"ReadAction","target":["https:\/\/librairie7l.com\/en\/produit\/temps-modernes-xv-xviiie-siecles\/"]}]},{"@type":"BreadcrumbList","@id":"https:\/\/librairie7l.com\/en\/produit\/temps-modernes-xv-xviiie-siecles\/#breadcrumb","itemListElement":[{"@type":"ListItem","position":1,"name":"Accueil","item":"https:\/\/librairie7l.com\/en\/"},{"@type":"ListItem","position":2,"name":"Shop","item":"https:\/\/librairie7l.com\/en\/shop\/"},{"@type":"ListItem","position":3,"name":"TEMPS MODERNES, XV-XVIIIE SI\u00c8CLES"}]},{"@type":"WebSite","@id":"https:\/\/librairie7l.com\/en\/#website","url":"https:\/\/librairie7l.com\/en\/","name":"Librairie 7L","description":"Librairie fond\u00e9e en 1999 par Karl Lagerfeld \u00e0 Paris","publisher":{"@id":"https:\/\/librairie7l.com\/en\/#organization"},"potentialAction":[{"@type":"SearchAction","target":{"@type":"EntryPoint","urlTemplate":"https:\/\/librairie7l.com\/en\/?s={search_term_string}"},"query-input":"required name=search_term_string"}],"inLanguage":"en-US"},{"@type":"Organization","@id":"https:\/\/librairie7l.com\/en\/#organization","name":"Librairie 7L","url":"https:\/\/librairie7l.com\/en\/","logo":{"@type":"ImageObject","inLanguage":"en-US","@id":"https:\/\/librairie7l.com\/en\/#\/schema\/logo\/image\/","url":"https:\/\/librairie7l.com\/wp-content\/uploads\/2022\/08\/logo-1.png","contentUrl":"https:\/\/librairie7l.com\/wp-content\/uploads\/2022\/08\/logo-1.png","width":227,"height":301,"caption":"Librairie 7L"},"image":{"@id":"https:\/\/librairie7l.com\/en\/#\/schema\/logo\/image\/"}}]}},"_links":{"self":[{"href":"https:\/\/librairie7l.com\/en\/wp-json\/wp\/v2\/product\/27035"}],"collection":[{"href":"https:\/\/librairie7l.com\/en\/wp-json\/wp\/v2\/product"}],"about":[{"href":"https:\/\/librairie7l.com\/en\/wp-json\/wp\/v2\/types\/product"}],"wp:featuredmedia":[{"embeddable":true,"href":"https:\/\/librairie7l.com\/en\/wp-json\/wp\/v2\/media\/27033"}],"wp:attachment":[{"href":"https:\/\/librairie7l.com\/en\/wp-json\/wp\/v2\/media?parent=27035"}],"wp:term":[{"taxonomy":"product_cat","embeddable":true,"href":"https:\/\/librairie7l.com\/en\/wp-json\/wp\/v2\/product_cat?post=27035"},{"taxonomy":"product_tag","embeddable":true,"href":"https:\/\/librairie7l.com\/en\/wp-json\/wp\/v2\/product_tag?post=27035"}],"curies":[{"name":"wp","href":"https:\/\/api.w.org\/{rel}","templated":true}]}}