{"id":27047,"date":"2023-05-10T12:49:28","date_gmt":"2023-05-10T10:49:28","guid":{"rendered":"https:\/\/librairie7l.com\/?post_type=product&#038;p=27047"},"modified":"2026-04-14T21:43:04","modified_gmt":"2026-04-14T19:43:04","slug":"le-design-japonais-depuis-1945","status":"publish","type":"product","link":"https:\/\/librairie7l.com\/en\/produit\/le-design-japonais-depuis-1945\/","title":{"rendered":"LE DESIGN JAPONAIS DEPUIS 1945"},"content":{"rendered":"<p>Pour les Japonais, le concept de design ne se limite pas aux seuls aspects fonctionnels ou mat\u00e9riels : il plonge ses racines dans des rituels et des pratiques cultures anciennes. Les objets sont le fruit d&#8217;une r\u00e9flexion. La rencontre des traditions artisanales et des innovations technologiques donne naissance \u00e0 des objets \u00e0 la fois utiles et d&#8217;une beaut\u00e9 intemporelle, qui encouragent \u00e0 leur tour l&#8217;invention de nouvelles formes et de nouvelles mati\u00e8res. Au-del\u00e0 des grandes ic\u00f4nes du design japonais &#8211; la bouteille de sauce soja Kikkoman, le tabouret papillon de Yanagi, le Walkman Sony &#8211; les produits et les objets n\u00e9s au Japon au cours des soixante-dix derni\u00e8res ann\u00e9es ravissent l&#8217;oeil et forcent l&#8217;admiration. En pr\u00e9sentant plus de 80 designers et des centaines d&#8217;objets, il restera pour longtemps l&#8217;ouvrage le plus complet sur le sujet.<\/p>\n","protected":false},"excerpt":{"rendered":"<p>Pour les Japonais, le concept de design ne se limite pas aux seuls aspects fonctionnels ou mat\u00e9riels : il plonge ses racines dans des rituels et des pratiques cultures anciennes. Les objets sont le fruit d&#8217;une r\u00e9flexion. La rencontre des traditions artisanales et des innovations technologiques donne naissance \u00e0 des objets \u00e0 la fois utiles [&hellip;]<\/p>\n","protected":false},"featured_media":27045,"template":"","meta":[],"product_cat":[55,2948,18,2952],"product_tag":[],"acf":[],"yoast_head":"<!-- This site is optimized with the Yoast SEO plugin v20.11 - https:\/\/yoast.com\/wordpress\/plugins\/seo\/ -->\n<title>LE DESIGN JAPONAIS DEPUIS 1945 - Librairie 7L<\/title>\n<meta name=\"robots\" content=\"index, follow, max-snippet:-1, max-image-preview:large, max-video-preview:-1\" \/>\n<link rel=\"canonical\" href=\"https:\/\/librairie7l.com\/en\/produit\/le-design-japonais-depuis-1945\/\" \/>\n<meta property=\"og:locale\" content=\"en_US\" \/>\n<meta property=\"og:type\" content=\"article\" \/>\n<meta property=\"og:title\" content=\"LE DESIGN JAPONAIS DEPUIS 1945 - Librairie 7L\" \/>\n<meta property=\"og:description\" content=\"Pour les Japonais, le concept de design ne se limite pas aux seuls aspects fonctionnels ou mat\u00e9riels : il plonge ses racines dans des rituels et des pratiques cultures anciennes. Les objets sont le fruit d&#8217;une r\u00e9flexion. La rencontre des traditions artisanales et des innovations technologiques donne naissance \u00e0 des objets \u00e0 la fois utiles [&hellip;]\" \/>\n<meta property=\"og:url\" content=\"https:\/\/librairie7l.com\/en\/produit\/le-design-japonais-depuis-1945\/\" \/>\n<meta property=\"og:site_name\" content=\"Librairie 7L\" \/>\n<meta property=\"article:modified_time\" content=\"2026-04-14T19:43:04+00:00\" \/>\n<meta property=\"og:image\" content=\"https:\/\/librairie7l.com\/wp-content\/uploads\/2020\/06\/9782732493299_1_75.jpg\" \/>\n\t<meta property=\"og:image:width\" content=\"373\" \/>\n\t<meta property=\"og:image:height\" content=\"300\" \/>\n\t<meta property=\"og:image:type\" content=\"image\/jpeg\" \/>\n<meta name=\"twitter:card\" content=\"summary_large_image\" \/>\n<meta name=\"twitter:label1\" content=\"Est. reading time\" \/>\n\t<meta name=\"twitter:data1\" content=\"1 minute\" \/>\n<script type=\"application\/ld+json\" class=\"yoast-schema-graph\">{\"@context\":\"https:\/\/schema.org\",\"@graph\":[{\"@type\":\"WebPage\",\"@id\":\"https:\/\/librairie7l.com\/en\/produit\/le-design-japonais-depuis-1945\/\",\"url\":\"https:\/\/librairie7l.com\/en\/produit\/le-design-japonais-depuis-1945\/\",\"name\":\"LE DESIGN JAPONAIS DEPUIS 1945 - Librairie 7L\",\"isPartOf\":{\"@id\":\"https:\/\/librairie7l.com\/en\/#website\"},\"datePublished\":\"2023-05-10T10:49:28+00:00\",\"dateModified\":\"2026-04-14T19:43:04+00:00\",\"breadcrumb\":{\"@id\":\"https:\/\/librairie7l.com\/en\/produit\/le-design-japonais-depuis-1945\/#breadcrumb\"},\"inLanguage\":\"en-US\",\"potentialAction\":[{\"@type\":\"ReadAction\",\"target\":[\"https:\/\/librairie7l.com\/en\/produit\/le-design-japonais-depuis-1945\/\"]}]},{\"@type\":\"BreadcrumbList\",\"@id\":\"https:\/\/librairie7l.com\/en\/produit\/le-design-japonais-depuis-1945\/#breadcrumb\",\"itemListElement\":[{\"@type\":\"ListItem\",\"position\":1,\"name\":\"Accueil\",\"item\":\"https:\/\/librairie7l.com\/en\/\"},{\"@type\":\"ListItem\",\"position\":2,\"name\":\"Shop\",\"item\":\"https:\/\/librairie7l.com\/en\/shop\/\"},{\"@type\":\"ListItem\",\"position\":3,\"name\":\"LE DESIGN JAPONAIS DEPUIS 1945\"}]},{\"@type\":\"WebSite\",\"@id\":\"https:\/\/librairie7l.com\/en\/#website\",\"url\":\"https:\/\/librairie7l.com\/en\/\",\"name\":\"Librairie 7L\",\"description\":\"Librairie fond\u00e9e en 1999 par Karl Lagerfeld \u00e0 Paris\",\"publisher\":{\"@id\":\"https:\/\/librairie7l.com\/en\/#organization\"},\"potentialAction\":[{\"@type\":\"SearchAction\",\"target\":{\"@type\":\"EntryPoint\",\"urlTemplate\":\"https:\/\/librairie7l.com\/en\/?s={search_term_string}\"},\"query-input\":\"required name=search_term_string\"}],\"inLanguage\":\"en-US\"},{\"@type\":\"Organization\",\"@id\":\"https:\/\/librairie7l.com\/en\/#organization\",\"name\":\"Librairie 7L\",\"url\":\"https:\/\/librairie7l.com\/en\/\",\"logo\":{\"@type\":\"ImageObject\",\"inLanguage\":\"en-US\",\"@id\":\"https:\/\/librairie7l.com\/en\/#\/schema\/logo\/image\/\",\"url\":\"https:\/\/librairie7l.com\/wp-content\/uploads\/2022\/08\/logo-1.png\",\"contentUrl\":\"https:\/\/librairie7l.com\/wp-content\/uploads\/2022\/08\/logo-1.png\",\"width\":227,\"height\":301,\"caption\":\"Librairie 7L\"},\"image\":{\"@id\":\"https:\/\/librairie7l.com\/en\/#\/schema\/logo\/image\/\"}}]}<\/script>\n<!-- \/ Yoast SEO plugin. -->","yoast_head_json":{"title":"LE DESIGN JAPONAIS DEPUIS 1945 - Librairie 7L","robots":{"index":"index","follow":"follow","max-snippet":"max-snippet:-1","max-image-preview":"max-image-preview:large","max-video-preview":"max-video-preview:-1"},"canonical":"https:\/\/librairie7l.com\/en\/produit\/le-design-japonais-depuis-1945\/","og_locale":"en_US","og_type":"article","og_title":"LE DESIGN JAPONAIS DEPUIS 1945 - Librairie 7L","og_description":"Pour les Japonais, le concept de design ne se limite pas aux seuls aspects fonctionnels ou mat\u00e9riels : il plonge ses racines dans des rituels et des pratiques cultures anciennes. Les objets sont le fruit d&#8217;une r\u00e9flexion. La rencontre des traditions artisanales et des innovations technologiques donne naissance \u00e0 des objets \u00e0 la fois utiles [&hellip;]","og_url":"https:\/\/librairie7l.com\/en\/produit\/le-design-japonais-depuis-1945\/","og_site_name":"Librairie 7L","article_modified_time":"2026-04-14T19:43:04+00:00","og_image":[{"width":373,"height":300,"url":"https:\/\/librairie7l.com\/wp-content\/uploads\/2020\/06\/9782732493299_1_75.jpg","type":"image\/jpeg"}],"twitter_card":"summary_large_image","twitter_misc":{"Est. reading time":"1 minute"},"schema":{"@context":"https:\/\/schema.org","@graph":[{"@type":"WebPage","@id":"https:\/\/librairie7l.com\/en\/produit\/le-design-japonais-depuis-1945\/","url":"https:\/\/librairie7l.com\/en\/produit\/le-design-japonais-depuis-1945\/","name":"LE DESIGN JAPONAIS DEPUIS 1945 - Librairie 7L","isPartOf":{"@id":"https:\/\/librairie7l.com\/en\/#website"},"datePublished":"2023-05-10T10:49:28+00:00","dateModified":"2026-04-14T19:43:04+00:00","breadcrumb":{"@id":"https:\/\/librairie7l.com\/en\/produit\/le-design-japonais-depuis-1945\/#breadcrumb"},"inLanguage":"en-US","potentialAction":[{"@type":"ReadAction","target":["https:\/\/librairie7l.com\/en\/produit\/le-design-japonais-depuis-1945\/"]}]},{"@type":"BreadcrumbList","@id":"https:\/\/librairie7l.com\/en\/produit\/le-design-japonais-depuis-1945\/#breadcrumb","itemListElement":[{"@type":"ListItem","position":1,"name":"Accueil","item":"https:\/\/librairie7l.com\/en\/"},{"@type":"ListItem","position":2,"name":"Shop","item":"https:\/\/librairie7l.com\/en\/shop\/"},{"@type":"ListItem","position":3,"name":"LE DESIGN JAPONAIS DEPUIS 1945"}]},{"@type":"WebSite","@id":"https:\/\/librairie7l.com\/en\/#website","url":"https:\/\/librairie7l.com\/en\/","name":"Librairie 7L","description":"Librairie fond\u00e9e en 1999 par Karl Lagerfeld \u00e0 Paris","publisher":{"@id":"https:\/\/librairie7l.com\/en\/#organization"},"potentialAction":[{"@type":"SearchAction","target":{"@type":"EntryPoint","urlTemplate":"https:\/\/librairie7l.com\/en\/?s={search_term_string}"},"query-input":"required name=search_term_string"}],"inLanguage":"en-US"},{"@type":"Organization","@id":"https:\/\/librairie7l.com\/en\/#organization","name":"Librairie 7L","url":"https:\/\/librairie7l.com\/en\/","logo":{"@type":"ImageObject","inLanguage":"en-US","@id":"https:\/\/librairie7l.com\/en\/#\/schema\/logo\/image\/","url":"https:\/\/librairie7l.com\/wp-content\/uploads\/2022\/08\/logo-1.png","contentUrl":"https:\/\/librairie7l.com\/wp-content\/uploads\/2022\/08\/logo-1.png","width":227,"height":301,"caption":"Librairie 7L"},"image":{"@id":"https:\/\/librairie7l.com\/en\/#\/schema\/logo\/image\/"}}]}},"_links":{"self":[{"href":"https:\/\/librairie7l.com\/en\/wp-json\/wp\/v2\/product\/27047"}],"collection":[{"href":"https:\/\/librairie7l.com\/en\/wp-json\/wp\/v2\/product"}],"about":[{"href":"https:\/\/librairie7l.com\/en\/wp-json\/wp\/v2\/types\/product"}],"wp:featuredmedia":[{"embeddable":true,"href":"https:\/\/librairie7l.com\/en\/wp-json\/wp\/v2\/media\/27045"}],"wp:attachment":[{"href":"https:\/\/librairie7l.com\/en\/wp-json\/wp\/v2\/media?parent=27047"}],"wp:term":[{"taxonomy":"product_cat","embeddable":true,"href":"https:\/\/librairie7l.com\/en\/wp-json\/wp\/v2\/product_cat?post=27047"},{"taxonomy":"product_tag","embeddable":true,"href":"https:\/\/librairie7l.com\/en\/wp-json\/wp\/v2\/product_tag?post=27047"}],"curies":[{"name":"wp","href":"https:\/\/api.w.org\/{rel}","templated":true}]}}