{"id":27051,"date":"2023-05-10T12:49:37","date_gmt":"2023-05-10T10:49:37","guid":{"rendered":"https:\/\/librairie7l.com\/?post_type=product&#038;p=27051"},"modified":"2026-04-11T02:42:46","modified_gmt":"2026-04-11T00:42:46","slug":"le-bouquin-de-la-mode","status":"publish","type":"product","link":"https:\/\/librairie7l.com\/en\/produit\/le-bouquin-de-la-mode\/","title":{"rendered":"LE BOUQUIN DE LA MODE"},"content":{"rendered":"<p>Le premier homme qui songea \u00e0 se couvrir inventa le v\u00eatement ; celui qui changea de v\u00eatement inventa la mode. Puis vint celui qui d\u00e9cida de mettre son nom sur sa cr\u00e9ation : il inventa la haute couture. Le grand couturier \u00e9tait n\u00e9 : Worth, le premier, au XIXe si\u00e8cle, puis Doucet, Poiret, Mme Gr\u00e8s, Chanel, Saint Laurent, Rykiel, Lacroix, Gaultier&#8230; Autour d&#8217;eux, et pour donner corps \u00e0 leurs fulgurances, s&#8217;organise le monde secret des maisons de couture avec leur hi\u00e9rarchie et leur savoir-faire. Au fil des d\u00e9cennies, suivant les al\u00e9as de l&#8217;histoire ou les innovations technologiques, les m\u00e9tamorphoses se succ\u00e8dent : les formes changent (avant de revenir), comme la silhouette des femmes dont la beaut\u00e9 est inlassablement c\u00e9l\u00e9br\u00e9e. C&#8217;est cet univers \u00e0 la fois exigeant et frivole que raconte Le Bouquin de la mode.<br \/>\n Con\u00e7u par Olivier Saillard et une \u00e9quipe de sp\u00e9cialistes, ce volume comprend aussi une anthologie de textes dont les plus anciens datent du XIVe si\u00e8cle et les plus audacieux du XXIe. Depuis toujours, les \u00e9crivains t\u00e9moignent de la mode de leur temps ; certains se sont efforc\u00e9s de la  syst\u00e9matiser , d&#8217;autres l&#8217;ont moqu\u00e9e ou magnifi\u00e9e. Elle est partout, se cache souvent dans le d\u00e9tail des accessoires, dans un sac qui prolonge le bras des filles, dans un bijou, un parfum, un maquillage. Parfois, la Mode prend la parole, et entame de savoureux dialogues avec la Vertu ou avec la Mort. Elle s&#8217;interroge alors sur ceux qui la font et ceux qui la suivent, elle, la reine du monde moderne.<\/p>\n","protected":false},"excerpt":{"rendered":"<p>Le premier homme qui songea \u00e0 se couvrir inventa le v\u00eatement ; celui qui changea de v\u00eatement inventa la mode. Puis vint celui qui d\u00e9cida de mettre son nom sur sa cr\u00e9ation : il inventa la haute couture. Le grand couturier \u00e9tait n\u00e9 : Worth, le premier, au XIXe si\u00e8cle, puis Doucet, Poiret, Mme Gr\u00e8s, [&hellip;]<\/p>\n","protected":false},"featured_media":27049,"template":"","meta":[],"product_cat":[55,2948,2957,19],"product_tag":[],"acf":[],"yoast_head":"<!-- This site is optimized with the Yoast SEO plugin v20.11 - https:\/\/yoast.com\/wordpress\/plugins\/seo\/ -->\n<title>LE BOUQUIN DE LA MODE - Librairie 7L<\/title>\n<meta name=\"robots\" content=\"index, follow, max-snippet:-1, max-image-preview:large, max-video-preview:-1\" \/>\n<link rel=\"canonical\" href=\"https:\/\/librairie7l.com\/en\/produit\/le-bouquin-de-la-mode\/\" \/>\n<meta property=\"og:locale\" content=\"en_US\" \/>\n<meta property=\"og:type\" content=\"article\" \/>\n<meta property=\"og:title\" content=\"LE BOUQUIN DE LA MODE - Librairie 7L\" \/>\n<meta property=\"og:description\" content=\"Le premier homme qui songea \u00e0 se couvrir inventa le v\u00eatement ; celui qui changea de v\u00eatement inventa la mode. Puis vint celui qui d\u00e9cida de mettre son nom sur sa cr\u00e9ation : il inventa la haute couture. Le grand couturier \u00e9tait n\u00e9 : Worth, le premier, au XIXe si\u00e8cle, puis Doucet, Poiret, Mme Gr\u00e8s, [&hellip;]\" \/>\n<meta property=\"og:url\" content=\"https:\/\/librairie7l.com\/en\/produit\/le-bouquin-de-la-mode\/\" \/>\n<meta property=\"og:site_name\" content=\"Librairie 7L\" \/>\n<meta property=\"article:modified_time\" content=\"2026-04-11T00:42:46+00:00\" \/>\n<meta property=\"og:image\" content=\"https:\/\/librairie7l.com\/wp-content\/uploads\/2019\/06\/9782221197288_1_75.jpg\" \/>\n\t<meta property=\"og:image:width\" content=\"400\" \/>\n\t<meta property=\"og:image:height\" content=\"600\" \/>\n\t<meta property=\"og:image:type\" content=\"image\/jpeg\" \/>\n<meta name=\"twitter:card\" content=\"summary_large_image\" \/>\n<meta name=\"twitter:label1\" content=\"Est. reading time\" \/>\n\t<meta name=\"twitter:data1\" content=\"1 minute\" \/>\n<script type=\"application\/ld+json\" class=\"yoast-schema-graph\">{\"@context\":\"https:\/\/schema.org\",\"@graph\":[{\"@type\":\"WebPage\",\"@id\":\"https:\/\/librairie7l.com\/en\/produit\/le-bouquin-de-la-mode\/\",\"url\":\"https:\/\/librairie7l.com\/en\/produit\/le-bouquin-de-la-mode\/\",\"name\":\"LE BOUQUIN DE LA MODE - Librairie 7L\",\"isPartOf\":{\"@id\":\"https:\/\/librairie7l.com\/en\/#website\"},\"datePublished\":\"2023-05-10T10:49:37+00:00\",\"dateModified\":\"2026-04-11T00:42:46+00:00\",\"breadcrumb\":{\"@id\":\"https:\/\/librairie7l.com\/en\/produit\/le-bouquin-de-la-mode\/#breadcrumb\"},\"inLanguage\":\"en-US\",\"potentialAction\":[{\"@type\":\"ReadAction\",\"target\":[\"https:\/\/librairie7l.com\/en\/produit\/le-bouquin-de-la-mode\/\"]}]},{\"@type\":\"BreadcrumbList\",\"@id\":\"https:\/\/librairie7l.com\/en\/produit\/le-bouquin-de-la-mode\/#breadcrumb\",\"itemListElement\":[{\"@type\":\"ListItem\",\"position\":1,\"name\":\"Accueil\",\"item\":\"https:\/\/librairie7l.com\/en\/\"},{\"@type\":\"ListItem\",\"position\":2,\"name\":\"Shop\",\"item\":\"https:\/\/librairie7l.com\/en\/shop\/\"},{\"@type\":\"ListItem\",\"position\":3,\"name\":\"LE BOUQUIN DE LA MODE\"}]},{\"@type\":\"WebSite\",\"@id\":\"https:\/\/librairie7l.com\/en\/#website\",\"url\":\"https:\/\/librairie7l.com\/en\/\",\"name\":\"Librairie 7L\",\"description\":\"Librairie fond\u00e9e en 1999 par Karl Lagerfeld \u00e0 Paris\",\"publisher\":{\"@id\":\"https:\/\/librairie7l.com\/en\/#organization\"},\"potentialAction\":[{\"@type\":\"SearchAction\",\"target\":{\"@type\":\"EntryPoint\",\"urlTemplate\":\"https:\/\/librairie7l.com\/en\/?s={search_term_string}\"},\"query-input\":\"required name=search_term_string\"}],\"inLanguage\":\"en-US\"},{\"@type\":\"Organization\",\"@id\":\"https:\/\/librairie7l.com\/en\/#organization\",\"name\":\"Librairie 7L\",\"url\":\"https:\/\/librairie7l.com\/en\/\",\"logo\":{\"@type\":\"ImageObject\",\"inLanguage\":\"en-US\",\"@id\":\"https:\/\/librairie7l.com\/en\/#\/schema\/logo\/image\/\",\"url\":\"https:\/\/librairie7l.com\/wp-content\/uploads\/2022\/08\/logo-1.png\",\"contentUrl\":\"https:\/\/librairie7l.com\/wp-content\/uploads\/2022\/08\/logo-1.png\",\"width\":227,\"height\":301,\"caption\":\"Librairie 7L\"},\"image\":{\"@id\":\"https:\/\/librairie7l.com\/en\/#\/schema\/logo\/image\/\"}}]}<\/script>\n<!-- \/ Yoast SEO plugin. -->","yoast_head_json":{"title":"LE BOUQUIN DE LA MODE - Librairie 7L","robots":{"index":"index","follow":"follow","max-snippet":"max-snippet:-1","max-image-preview":"max-image-preview:large","max-video-preview":"max-video-preview:-1"},"canonical":"https:\/\/librairie7l.com\/en\/produit\/le-bouquin-de-la-mode\/","og_locale":"en_US","og_type":"article","og_title":"LE BOUQUIN DE LA MODE - Librairie 7L","og_description":"Le premier homme qui songea \u00e0 se couvrir inventa le v\u00eatement ; celui qui changea de v\u00eatement inventa la mode. Puis vint celui qui d\u00e9cida de mettre son nom sur sa cr\u00e9ation : il inventa la haute couture. Le grand couturier \u00e9tait n\u00e9 : Worth, le premier, au XIXe si\u00e8cle, puis Doucet, Poiret, Mme Gr\u00e8s, [&hellip;]","og_url":"https:\/\/librairie7l.com\/en\/produit\/le-bouquin-de-la-mode\/","og_site_name":"Librairie 7L","article_modified_time":"2026-04-11T00:42:46+00:00","og_image":[{"width":400,"height":600,"url":"https:\/\/librairie7l.com\/wp-content\/uploads\/2019\/06\/9782221197288_1_75.jpg","type":"image\/jpeg"}],"twitter_card":"summary_large_image","twitter_misc":{"Est. reading time":"1 minute"},"schema":{"@context":"https:\/\/schema.org","@graph":[{"@type":"WebPage","@id":"https:\/\/librairie7l.com\/en\/produit\/le-bouquin-de-la-mode\/","url":"https:\/\/librairie7l.com\/en\/produit\/le-bouquin-de-la-mode\/","name":"LE BOUQUIN DE LA MODE - Librairie 7L","isPartOf":{"@id":"https:\/\/librairie7l.com\/en\/#website"},"datePublished":"2023-05-10T10:49:37+00:00","dateModified":"2026-04-11T00:42:46+00:00","breadcrumb":{"@id":"https:\/\/librairie7l.com\/en\/produit\/le-bouquin-de-la-mode\/#breadcrumb"},"inLanguage":"en-US","potentialAction":[{"@type":"ReadAction","target":["https:\/\/librairie7l.com\/en\/produit\/le-bouquin-de-la-mode\/"]}]},{"@type":"BreadcrumbList","@id":"https:\/\/librairie7l.com\/en\/produit\/le-bouquin-de-la-mode\/#breadcrumb","itemListElement":[{"@type":"ListItem","position":1,"name":"Accueil","item":"https:\/\/librairie7l.com\/en\/"},{"@type":"ListItem","position":2,"name":"Shop","item":"https:\/\/librairie7l.com\/en\/shop\/"},{"@type":"ListItem","position":3,"name":"LE BOUQUIN DE LA MODE"}]},{"@type":"WebSite","@id":"https:\/\/librairie7l.com\/en\/#website","url":"https:\/\/librairie7l.com\/en\/","name":"Librairie 7L","description":"Librairie fond\u00e9e en 1999 par Karl Lagerfeld \u00e0 Paris","publisher":{"@id":"https:\/\/librairie7l.com\/en\/#organization"},"potentialAction":[{"@type":"SearchAction","target":{"@type":"EntryPoint","urlTemplate":"https:\/\/librairie7l.com\/en\/?s={search_term_string}"},"query-input":"required name=search_term_string"}],"inLanguage":"en-US"},{"@type":"Organization","@id":"https:\/\/librairie7l.com\/en\/#organization","name":"Librairie 7L","url":"https:\/\/librairie7l.com\/en\/","logo":{"@type":"ImageObject","inLanguage":"en-US","@id":"https:\/\/librairie7l.com\/en\/#\/schema\/logo\/image\/","url":"https:\/\/librairie7l.com\/wp-content\/uploads\/2022\/08\/logo-1.png","contentUrl":"https:\/\/librairie7l.com\/wp-content\/uploads\/2022\/08\/logo-1.png","width":227,"height":301,"caption":"Librairie 7L"},"image":{"@id":"https:\/\/librairie7l.com\/en\/#\/schema\/logo\/image\/"}}]}},"_links":{"self":[{"href":"https:\/\/librairie7l.com\/en\/wp-json\/wp\/v2\/product\/27051"}],"collection":[{"href":"https:\/\/librairie7l.com\/en\/wp-json\/wp\/v2\/product"}],"about":[{"href":"https:\/\/librairie7l.com\/en\/wp-json\/wp\/v2\/types\/product"}],"wp:featuredmedia":[{"embeddable":true,"href":"https:\/\/librairie7l.com\/en\/wp-json\/wp\/v2\/media\/27049"}],"wp:attachment":[{"href":"https:\/\/librairie7l.com\/en\/wp-json\/wp\/v2\/media?parent=27051"}],"wp:term":[{"taxonomy":"product_cat","embeddable":true,"href":"https:\/\/librairie7l.com\/en\/wp-json\/wp\/v2\/product_cat?post=27051"},{"taxonomy":"product_tag","embeddable":true,"href":"https:\/\/librairie7l.com\/en\/wp-json\/wp\/v2\/product_tag?post=27051"}],"curies":[{"name":"wp","href":"https:\/\/api.w.org\/{rel}","templated":true}]}}