{"id":27059,"date":"2023-05-10T12:49:48","date_gmt":"2023-05-10T10:49:48","guid":{"rendered":"https:\/\/librairie7l.com\/?post_type=product&#038;p=27059"},"modified":"2026-04-14T12:05:52","modified_gmt":"2026-04-14T10:05:52","slug":"collectionneuses-rothschild-mecenes-et-donatrices-dexception","status":"publish","type":"product","link":"https:\/\/librairie7l.com\/en\/produit\/collectionneuses-rothschild-mecenes-et-donatrices-dexception\/","title":{"rendered":"COLLECTIONNEUSES ROTHSCHILD : M\u00c9C\u00c8NES ET DONATRICES D&#8217;EXCEPTION"},"content":{"rendered":"<p>Du 21 octobre 2022 au 26 f\u00e9vrier 2023, le mus\u00e9e de La Boverie pr\u00e9sente l&#8217;exposition \u00abCollectionneuses Rothschild. M\u00e9c\u00e8nes et donatrices d&#8217;exception\u00bb. Con\u00e7ue en partenariat avec le Mus\u00e9e du Louvre, elle emm\u00e8ne le visiteur dans l&#8217;univers de la famille Rothschild, et plus particuli\u00e8rement dans les collections de certaines femmes de la branche familiale fran\u00e7aise. Renouvelant un partenariat initi\u00e9 en 2016 avec le mus\u00e9e du Louvre (En plein air en 2016 et Viva Roma! en 2018), La Boverie inaugure avec cette exposition la th\u00e9matique 2022-2023 sur les collections.<\/p>\n","protected":false},"excerpt":{"rendered":"<p>Du 21 octobre 2022 au 26 f\u00e9vrier 2023, le mus\u00e9e de La Boverie pr\u00e9sente l&#8217;exposition \u00abCollectionneuses Rothschild. M\u00e9c\u00e8nes et donatrices d&#8217;exception\u00bb. Con\u00e7ue en partenariat avec le Mus\u00e9e du Louvre, elle emm\u00e8ne le visiteur dans l&#8217;univers de la famille Rothschild, et plus particuli\u00e8rement dans les collections de certaines femmes de la branche familiale fran\u00e7aise. Renouvelant un [&hellip;]<\/p>\n","protected":false},"featured_media":27057,"template":"","meta":[],"product_cat":[55,2948,47,2953],"product_tag":[],"acf":[],"yoast_head":"<!-- This site is optimized with the Yoast SEO plugin v20.11 - https:\/\/yoast.com\/wordpress\/plugins\/seo\/ -->\n<title>COLLECTIONNEUSES ROTHSCHILD : M\u00c9C\u00c8NES ET DONATRICES D&#039;EXCEPTION - Librairie 7L<\/title>\n<meta name=\"robots\" content=\"index, follow, max-snippet:-1, max-image-preview:large, max-video-preview:-1\" \/>\n<link rel=\"canonical\" href=\"https:\/\/librairie7l.com\/en\/produit\/collectionneuses-rothschild-mecenes-et-donatrices-dexception\/\" \/>\n<meta property=\"og:locale\" content=\"en_US\" \/>\n<meta property=\"og:type\" content=\"article\" \/>\n<meta property=\"og:title\" content=\"COLLECTIONNEUSES ROTHSCHILD : M\u00c9C\u00c8NES ET DONATRICES D&#039;EXCEPTION - Librairie 7L\" \/>\n<meta property=\"og:description\" content=\"Du 21 octobre 2022 au 26 f\u00e9vrier 2023, le mus\u00e9e de La Boverie pr\u00e9sente l&#8217;exposition \u00abCollectionneuses Rothschild. M\u00e9c\u00e8nes et donatrices d&#8217;exception\u00bb. Con\u00e7ue en partenariat avec le Mus\u00e9e du Louvre, elle emm\u00e8ne le visiteur dans l&#8217;univers de la famille Rothschild, et plus particuli\u00e8rement dans les collections de certaines femmes de la branche familiale fran\u00e7aise. Renouvelant un [&hellip;]\" \/>\n<meta property=\"og:url\" content=\"https:\/\/librairie7l.com\/en\/produit\/collectionneuses-rothschild-mecenes-et-donatrices-dexception\/\" \/>\n<meta property=\"og:site_name\" content=\"Librairie 7L\" \/>\n<meta property=\"article:modified_time\" content=\"2026-04-14T10:05:52+00:00\" \/>\n<meta property=\"og:image\" content=\"https:\/\/librairie7l.com\/wp-content\/uploads\/2022\/06\/9789464368079_1_75.jpg\" \/>\n\t<meta property=\"og:image:width\" content=\"266\" \/>\n\t<meta property=\"og:image:height\" content=\"339\" \/>\n\t<meta property=\"og:image:type\" content=\"image\/jpeg\" \/>\n<meta name=\"twitter:card\" content=\"summary_large_image\" \/>\n<script type=\"application\/ld+json\" class=\"yoast-schema-graph\">{\"@context\":\"https:\/\/schema.org\",\"@graph\":[{\"@type\":\"WebPage\",\"@id\":\"https:\/\/librairie7l.com\/en\/produit\/collectionneuses-rothschild-mecenes-et-donatrices-dexception\/\",\"url\":\"https:\/\/librairie7l.com\/en\/produit\/collectionneuses-rothschild-mecenes-et-donatrices-dexception\/\",\"name\":\"COLLECTIONNEUSES ROTHSCHILD : M\u00c9C\u00c8NES ET DONATRICES D'EXCEPTION - Librairie 7L\",\"isPartOf\":{\"@id\":\"https:\/\/librairie7l.com\/en\/#website\"},\"datePublished\":\"2023-05-10T10:49:48+00:00\",\"dateModified\":\"2026-04-14T10:05:52+00:00\",\"breadcrumb\":{\"@id\":\"https:\/\/librairie7l.com\/en\/produit\/collectionneuses-rothschild-mecenes-et-donatrices-dexception\/#breadcrumb\"},\"inLanguage\":\"en-US\",\"potentialAction\":[{\"@type\":\"ReadAction\",\"target\":[\"https:\/\/librairie7l.com\/en\/produit\/collectionneuses-rothschild-mecenes-et-donatrices-dexception\/\"]}]},{\"@type\":\"BreadcrumbList\",\"@id\":\"https:\/\/librairie7l.com\/en\/produit\/collectionneuses-rothschild-mecenes-et-donatrices-dexception\/#breadcrumb\",\"itemListElement\":[{\"@type\":\"ListItem\",\"position\":1,\"name\":\"Accueil\",\"item\":\"https:\/\/librairie7l.com\/en\/\"},{\"@type\":\"ListItem\",\"position\":2,\"name\":\"Shop\",\"item\":\"https:\/\/librairie7l.com\/en\/shop\/\"},{\"@type\":\"ListItem\",\"position\":3,\"name\":\"COLLECTIONNEUSES ROTHSCHILD : M\u00c9C\u00c8NES ET DONATRICES D&#8217;EXCEPTION\"}]},{\"@type\":\"WebSite\",\"@id\":\"https:\/\/librairie7l.com\/en\/#website\",\"url\":\"https:\/\/librairie7l.com\/en\/\",\"name\":\"Librairie 7L\",\"description\":\"Librairie fond\u00e9e en 1999 par Karl Lagerfeld \u00e0 Paris\",\"publisher\":{\"@id\":\"https:\/\/librairie7l.com\/en\/#organization\"},\"potentialAction\":[{\"@type\":\"SearchAction\",\"target\":{\"@type\":\"EntryPoint\",\"urlTemplate\":\"https:\/\/librairie7l.com\/en\/?s={search_term_string}\"},\"query-input\":\"required name=search_term_string\"}],\"inLanguage\":\"en-US\"},{\"@type\":\"Organization\",\"@id\":\"https:\/\/librairie7l.com\/en\/#organization\",\"name\":\"Librairie 7L\",\"url\":\"https:\/\/librairie7l.com\/en\/\",\"logo\":{\"@type\":\"ImageObject\",\"inLanguage\":\"en-US\",\"@id\":\"https:\/\/librairie7l.com\/en\/#\/schema\/logo\/image\/\",\"url\":\"https:\/\/librairie7l.com\/wp-content\/uploads\/2022\/08\/logo-1.png\",\"contentUrl\":\"https:\/\/librairie7l.com\/wp-content\/uploads\/2022\/08\/logo-1.png\",\"width\":227,\"height\":301,\"caption\":\"Librairie 7L\"},\"image\":{\"@id\":\"https:\/\/librairie7l.com\/en\/#\/schema\/logo\/image\/\"}}]}<\/script>\n<!-- \/ Yoast SEO plugin. -->","yoast_head_json":{"title":"COLLECTIONNEUSES ROTHSCHILD : M\u00c9C\u00c8NES ET DONATRICES D'EXCEPTION - Librairie 7L","robots":{"index":"index","follow":"follow","max-snippet":"max-snippet:-1","max-image-preview":"max-image-preview:large","max-video-preview":"max-video-preview:-1"},"canonical":"https:\/\/librairie7l.com\/en\/produit\/collectionneuses-rothschild-mecenes-et-donatrices-dexception\/","og_locale":"en_US","og_type":"article","og_title":"COLLECTIONNEUSES ROTHSCHILD : M\u00c9C\u00c8NES ET DONATRICES D'EXCEPTION - Librairie 7L","og_description":"Du 21 octobre 2022 au 26 f\u00e9vrier 2023, le mus\u00e9e de La Boverie pr\u00e9sente l&#8217;exposition \u00abCollectionneuses Rothschild. M\u00e9c\u00e8nes et donatrices d&#8217;exception\u00bb. Con\u00e7ue en partenariat avec le Mus\u00e9e du Louvre, elle emm\u00e8ne le visiteur dans l&#8217;univers de la famille Rothschild, et plus particuli\u00e8rement dans les collections de certaines femmes de la branche familiale fran\u00e7aise. Renouvelant un [&hellip;]","og_url":"https:\/\/librairie7l.com\/en\/produit\/collectionneuses-rothschild-mecenes-et-donatrices-dexception\/","og_site_name":"Librairie 7L","article_modified_time":"2026-04-14T10:05:52+00:00","og_image":[{"width":266,"height":339,"url":"https:\/\/librairie7l.com\/wp-content\/uploads\/2022\/06\/9789464368079_1_75.jpg","type":"image\/jpeg"}],"twitter_card":"summary_large_image","schema":{"@context":"https:\/\/schema.org","@graph":[{"@type":"WebPage","@id":"https:\/\/librairie7l.com\/en\/produit\/collectionneuses-rothschild-mecenes-et-donatrices-dexception\/","url":"https:\/\/librairie7l.com\/en\/produit\/collectionneuses-rothschild-mecenes-et-donatrices-dexception\/","name":"COLLECTIONNEUSES ROTHSCHILD : M\u00c9C\u00c8NES ET DONATRICES D'EXCEPTION - Librairie 7L","isPartOf":{"@id":"https:\/\/librairie7l.com\/en\/#website"},"datePublished":"2023-05-10T10:49:48+00:00","dateModified":"2026-04-14T10:05:52+00:00","breadcrumb":{"@id":"https:\/\/librairie7l.com\/en\/produit\/collectionneuses-rothschild-mecenes-et-donatrices-dexception\/#breadcrumb"},"inLanguage":"en-US","potentialAction":[{"@type":"ReadAction","target":["https:\/\/librairie7l.com\/en\/produit\/collectionneuses-rothschild-mecenes-et-donatrices-dexception\/"]}]},{"@type":"BreadcrumbList","@id":"https:\/\/librairie7l.com\/en\/produit\/collectionneuses-rothschild-mecenes-et-donatrices-dexception\/#breadcrumb","itemListElement":[{"@type":"ListItem","position":1,"name":"Accueil","item":"https:\/\/librairie7l.com\/en\/"},{"@type":"ListItem","position":2,"name":"Shop","item":"https:\/\/librairie7l.com\/en\/shop\/"},{"@type":"ListItem","position":3,"name":"COLLECTIONNEUSES ROTHSCHILD : M\u00c9C\u00c8NES ET DONATRICES D&#8217;EXCEPTION"}]},{"@type":"WebSite","@id":"https:\/\/librairie7l.com\/en\/#website","url":"https:\/\/librairie7l.com\/en\/","name":"Librairie 7L","description":"Librairie fond\u00e9e en 1999 par Karl Lagerfeld \u00e0 Paris","publisher":{"@id":"https:\/\/librairie7l.com\/en\/#organization"},"potentialAction":[{"@type":"SearchAction","target":{"@type":"EntryPoint","urlTemplate":"https:\/\/librairie7l.com\/en\/?s={search_term_string}"},"query-input":"required name=search_term_string"}],"inLanguage":"en-US"},{"@type":"Organization","@id":"https:\/\/librairie7l.com\/en\/#organization","name":"Librairie 7L","url":"https:\/\/librairie7l.com\/en\/","logo":{"@type":"ImageObject","inLanguage":"en-US","@id":"https:\/\/librairie7l.com\/en\/#\/schema\/logo\/image\/","url":"https:\/\/librairie7l.com\/wp-content\/uploads\/2022\/08\/logo-1.png","contentUrl":"https:\/\/librairie7l.com\/wp-content\/uploads\/2022\/08\/logo-1.png","width":227,"height":301,"caption":"Librairie 7L"},"image":{"@id":"https:\/\/librairie7l.com\/en\/#\/schema\/logo\/image\/"}}]}},"_links":{"self":[{"href":"https:\/\/librairie7l.com\/en\/wp-json\/wp\/v2\/product\/27059"}],"collection":[{"href":"https:\/\/librairie7l.com\/en\/wp-json\/wp\/v2\/product"}],"about":[{"href":"https:\/\/librairie7l.com\/en\/wp-json\/wp\/v2\/types\/product"}],"wp:featuredmedia":[{"embeddable":true,"href":"https:\/\/librairie7l.com\/en\/wp-json\/wp\/v2\/media\/27057"}],"wp:attachment":[{"href":"https:\/\/librairie7l.com\/en\/wp-json\/wp\/v2\/media?parent=27059"}],"wp:term":[{"taxonomy":"product_cat","embeddable":true,"href":"https:\/\/librairie7l.com\/en\/wp-json\/wp\/v2\/product_cat?post=27059"},{"taxonomy":"product_tag","embeddable":true,"href":"https:\/\/librairie7l.com\/en\/wp-json\/wp\/v2\/product_tag?post=27059"}],"curies":[{"name":"wp","href":"https:\/\/api.w.org\/{rel}","templated":true}]}}