{"id":27067,"date":"2023-05-10T12:50:08","date_gmt":"2023-05-10T10:50:08","guid":{"rendered":"https:\/\/librairie7l.com\/?post_type=product&#038;p=27067"},"modified":"2026-04-18T14:49:36","modified_gmt":"2026-04-18T12:49:36","slug":"a-designers-art","status":"publish","type":"product","link":"https:\/\/librairie7l.com\/en\/produit\/a-designers-art\/","title":{"rendered":"A DESIGNER&#8217;S ART"},"content":{"rendered":"<p>A Designer&#8217;s Art \u00abP aul Rand is an idealist and a realist, one who uses the language of the poet and the businessman. He thinks in terms of need and function . . . but his fantasy is boundless.\u00bb -L. Moholy-Nagy Paul Rand (1914 -96) was incontestably one of the leading graphic designers of the twentieth century. His pioneering work in the field of advertising design and typography exerted a profound influence on the design profession. Applying the lessons of modern art, particularly those of the Bauhaus, to art in the service of business, he almost single-handedly transformed \u00abcommercial art\u00bb from a practice that catered to the lowest common denominator of taste to one that asserted its place among the fine arts.<br \/>\nPaul Rand: A Designer&#8217;s Art brings together many of Rand&#8217;s best essays on design and a wide selection of his brilliant graphic work from the 1930s to the 1980s. This book reprises the essays from his classic 1947 text, Thoughts on Design, most of which were updated by Rand in 1984. It also covers his subsequent work in advertising design, corporate identity, design teaching, and typography- areas in which he created exemplary and inventive work. Among the topics he explores are the role of humor in design, the trademark (the most ubiquitous of Rand&#8217;s trademarks are those of IBM, ABC, UPS, and Westinghouse), design and the play instinct, the complexity of color, the role of symbols, the art of the package, and the politics of design. Each of the essays is illustrated with examples of Rand&#8217;s work-posters, book jackets, product advertisements, corporate trademarks, packaging, interiors-as well as the work of artists he admired.<br \/>\nFor the design student, teacher, professional designer, and, indeed, for anyone interested in the creative communication of ideas, Paul Rand: A Designer&#8217;s Art remains both provocative and enlightening.<br \/>\n\u00c0 travers 27 essais, Paul Rand donne \u00e0 voir ses m\u00e9thodes de travail et inspirations sous un angle privil\u00e9gi\u00e9. Il y d\u00e9taille les principes th\u00e9oriques qu&#8217;il s&#8217;est attach\u00e9 \u00e0 suivre et a tent\u00e9 d&#8217;appliquer tout au long de sa carri\u00e8re, mais revient \u00e9galement sur son rapport aux clients et sa perception du travail de commande en design graphique.<br \/>\n\u00c0 la diff\u00e9rence d&#8217;un grand nombre de monographies, le pr\u00e9sent ouvrage interroge la pratique du design sous l&#8217;angle de la r\u00e9flexion, et non uniquement sur le plan visuel.<br \/>\nIl en r\u00e9sulte ainsi un livre qui vise non seulement \u00e0 \u00eatre regard\u00e9, mais \u00e9galement \u00e0 \u00eatre lu. Chacun de ces essais m\u00eale r\u00e9f\u00e9rences artistiques et litt\u00e9raires et t\u00e9moigne de l&#8217;importance de la pluridisciplinarit\u00e9 dans le travail de Paul Rand.<br \/>\nL&#8217;ouvrage est l&#8217;unique source d&#8217;information de cette ampleur sur le travail de Paul Rand \u00e0 l&#8217;heure actuelle en France, ce livre a \u00e9t\u00e9 con\u00e7u par l&#8217;auteur comme \u00e9tant celui \u00e0 travers lequel il souhaitait synth\u00e9tiser l&#8217;ensemble de sa pratique. Il revient ainsi \u00e0 la fois sur son travail de design de logos pour des grandes marques, mais d\u00e9crit \u00e9galement ses projets de design de couvertures de livre ou de magazines pour des structures plus modestes.<br \/>\nCet inventaire non-exhaustif du travail de Paul Rand se r\u00e9v\u00e8le \u00eatre un v\u00e9ritable outil pour les \u00e9tudiants, enseignants et professionnels en design graphique soucieux de perfectionner leur pratique et de se questionner sur leur travail. Cet ouvrage s&#8217;attache en effet \u00e0 montrer comment certains principes fondamentaux et intemporels qui encadrent la pratique du design &#8211; comme ceux de l&#8217;\u00e9quilibre, l&#8217;harmonie des couleurs et la gestion de l&#8217;espace &#8211; peuvent \u00eatre d\u00e9tourn\u00e9s pour \u00eatre per\u00e7us sous un angle nouveau.<\/p>\n","protected":false},"excerpt":{"rendered":"<p>A Designer&#8217;s Art \u00abP aul Rand is an idealist and a realist, one who uses the language of the poet and the businessman. He thinks in terms of need and function . . . but his fantasy is boundless.\u00bb -L. Moholy-Nagy Paul Rand (1914 -96) was incontestably one of the leading graphic designers of the [&hellip;]<\/p>\n","protected":false},"featured_media":27065,"template":"","meta":[],"product_cat":[55,2948,18,2952],"product_tag":[],"acf":[],"yoast_head":"<!-- This site is optimized with the Yoast SEO plugin v20.11 - https:\/\/yoast.com\/wordpress\/plugins\/seo\/ -->\n<title>A DESIGNER&#039;S ART - Librairie 7L<\/title>\n<meta name=\"robots\" content=\"index, follow, max-snippet:-1, max-image-preview:large, max-video-preview:-1\" \/>\n<link rel=\"canonical\" href=\"https:\/\/librairie7l.com\/en\/produit\/a-designers-art\/\" \/>\n<meta property=\"og:locale\" content=\"en_US\" \/>\n<meta property=\"og:type\" content=\"article\" \/>\n<meta property=\"og:title\" content=\"A DESIGNER&#039;S ART - Librairie 7L\" \/>\n<meta property=\"og:description\" content=\"A Designer&#8217;s Art \u00abP aul Rand is an idealist and a realist, one who uses the language of the poet and the businessman. He thinks in terms of need and function . . . but his fantasy is boundless.\u00bb -L. Moholy-Nagy Paul Rand (1914 -96) was incontestably one of the leading graphic designers of the [&hellip;]\" \/>\n<meta property=\"og:url\" content=\"https:\/\/librairie7l.com\/en\/produit\/a-designers-art\/\" \/>\n<meta property=\"og:site_name\" content=\"Librairie 7L\" \/>\n<meta property=\"article:modified_time\" content=\"2026-04-18T12:49:36+00:00\" \/>\n<meta property=\"og:image\" content=\"https:\/\/librairie7l.com\/wp-content\/uploads\/2020\/09\/9782490077465_1_75.jpg\" \/>\n\t<meta property=\"og:image:width\" content=\"381\" \/>\n\t<meta property=\"og:image:height\" content=\"500\" \/>\n\t<meta property=\"og:image:type\" content=\"image\/jpeg\" \/>\n<meta name=\"twitter:card\" content=\"summary_large_image\" \/>\n<meta name=\"twitter:label1\" content=\"Est. reading time\" \/>\n\t<meta name=\"twitter:data1\" content=\"3 minutes\" \/>\n<script type=\"application\/ld+json\" class=\"yoast-schema-graph\">{\"@context\":\"https:\/\/schema.org\",\"@graph\":[{\"@type\":\"WebPage\",\"@id\":\"https:\/\/librairie7l.com\/en\/produit\/a-designers-art\/\",\"url\":\"https:\/\/librairie7l.com\/en\/produit\/a-designers-art\/\",\"name\":\"A DESIGNER'S ART - Librairie 7L\",\"isPartOf\":{\"@id\":\"https:\/\/librairie7l.com\/en\/#website\"},\"datePublished\":\"2023-05-10T10:50:08+00:00\",\"dateModified\":\"2026-04-18T12:49:36+00:00\",\"breadcrumb\":{\"@id\":\"https:\/\/librairie7l.com\/en\/produit\/a-designers-art\/#breadcrumb\"},\"inLanguage\":\"en-US\",\"potentialAction\":[{\"@type\":\"ReadAction\",\"target\":[\"https:\/\/librairie7l.com\/en\/produit\/a-designers-art\/\"]}]},{\"@type\":\"BreadcrumbList\",\"@id\":\"https:\/\/librairie7l.com\/en\/produit\/a-designers-art\/#breadcrumb\",\"itemListElement\":[{\"@type\":\"ListItem\",\"position\":1,\"name\":\"Accueil\",\"item\":\"https:\/\/librairie7l.com\/en\/\"},{\"@type\":\"ListItem\",\"position\":2,\"name\":\"Shop\",\"item\":\"https:\/\/librairie7l.com\/en\/shop\/\"},{\"@type\":\"ListItem\",\"position\":3,\"name\":\"A DESIGNER&#8217;S ART\"}]},{\"@type\":\"WebSite\",\"@id\":\"https:\/\/librairie7l.com\/en\/#website\",\"url\":\"https:\/\/librairie7l.com\/en\/\",\"name\":\"Librairie 7L\",\"description\":\"Librairie fond\u00e9e en 1999 par Karl Lagerfeld \u00e0 Paris\",\"publisher\":{\"@id\":\"https:\/\/librairie7l.com\/en\/#organization\"},\"potentialAction\":[{\"@type\":\"SearchAction\",\"target\":{\"@type\":\"EntryPoint\",\"urlTemplate\":\"https:\/\/librairie7l.com\/en\/?s={search_term_string}\"},\"query-input\":\"required name=search_term_string\"}],\"inLanguage\":\"en-US\"},{\"@type\":\"Organization\",\"@id\":\"https:\/\/librairie7l.com\/en\/#organization\",\"name\":\"Librairie 7L\",\"url\":\"https:\/\/librairie7l.com\/en\/\",\"logo\":{\"@type\":\"ImageObject\",\"inLanguage\":\"en-US\",\"@id\":\"https:\/\/librairie7l.com\/en\/#\/schema\/logo\/image\/\",\"url\":\"https:\/\/librairie7l.com\/wp-content\/uploads\/2022\/08\/logo-1.png\",\"contentUrl\":\"https:\/\/librairie7l.com\/wp-content\/uploads\/2022\/08\/logo-1.png\",\"width\":227,\"height\":301,\"caption\":\"Librairie 7L\"},\"image\":{\"@id\":\"https:\/\/librairie7l.com\/en\/#\/schema\/logo\/image\/\"}}]}<\/script>\n<!-- \/ Yoast SEO plugin. -->","yoast_head_json":{"title":"A DESIGNER'S ART - Librairie 7L","robots":{"index":"index","follow":"follow","max-snippet":"max-snippet:-1","max-image-preview":"max-image-preview:large","max-video-preview":"max-video-preview:-1"},"canonical":"https:\/\/librairie7l.com\/en\/produit\/a-designers-art\/","og_locale":"en_US","og_type":"article","og_title":"A DESIGNER'S ART - Librairie 7L","og_description":"A Designer&#8217;s Art \u00abP aul Rand is an idealist and a realist, one who uses the language of the poet and the businessman. He thinks in terms of need and function . . . but his fantasy is boundless.\u00bb -L. Moholy-Nagy Paul Rand (1914 -96) was incontestably one of the leading graphic designers of the [&hellip;]","og_url":"https:\/\/librairie7l.com\/en\/produit\/a-designers-art\/","og_site_name":"Librairie 7L","article_modified_time":"2026-04-18T12:49:36+00:00","og_image":[{"width":381,"height":500,"url":"https:\/\/librairie7l.com\/wp-content\/uploads\/2020\/09\/9782490077465_1_75.jpg","type":"image\/jpeg"}],"twitter_card":"summary_large_image","twitter_misc":{"Est. reading time":"3 minutes"},"schema":{"@context":"https:\/\/schema.org","@graph":[{"@type":"WebPage","@id":"https:\/\/librairie7l.com\/en\/produit\/a-designers-art\/","url":"https:\/\/librairie7l.com\/en\/produit\/a-designers-art\/","name":"A DESIGNER'S ART - Librairie 7L","isPartOf":{"@id":"https:\/\/librairie7l.com\/en\/#website"},"datePublished":"2023-05-10T10:50:08+00:00","dateModified":"2026-04-18T12:49:36+00:00","breadcrumb":{"@id":"https:\/\/librairie7l.com\/en\/produit\/a-designers-art\/#breadcrumb"},"inLanguage":"en-US","potentialAction":[{"@type":"ReadAction","target":["https:\/\/librairie7l.com\/en\/produit\/a-designers-art\/"]}]},{"@type":"BreadcrumbList","@id":"https:\/\/librairie7l.com\/en\/produit\/a-designers-art\/#breadcrumb","itemListElement":[{"@type":"ListItem","position":1,"name":"Accueil","item":"https:\/\/librairie7l.com\/en\/"},{"@type":"ListItem","position":2,"name":"Shop","item":"https:\/\/librairie7l.com\/en\/shop\/"},{"@type":"ListItem","position":3,"name":"A DESIGNER&#8217;S ART"}]},{"@type":"WebSite","@id":"https:\/\/librairie7l.com\/en\/#website","url":"https:\/\/librairie7l.com\/en\/","name":"Librairie 7L","description":"Librairie fond\u00e9e en 1999 par Karl Lagerfeld \u00e0 Paris","publisher":{"@id":"https:\/\/librairie7l.com\/en\/#organization"},"potentialAction":[{"@type":"SearchAction","target":{"@type":"EntryPoint","urlTemplate":"https:\/\/librairie7l.com\/en\/?s={search_term_string}"},"query-input":"required name=search_term_string"}],"inLanguage":"en-US"},{"@type":"Organization","@id":"https:\/\/librairie7l.com\/en\/#organization","name":"Librairie 7L","url":"https:\/\/librairie7l.com\/en\/","logo":{"@type":"ImageObject","inLanguage":"en-US","@id":"https:\/\/librairie7l.com\/en\/#\/schema\/logo\/image\/","url":"https:\/\/librairie7l.com\/wp-content\/uploads\/2022\/08\/logo-1.png","contentUrl":"https:\/\/librairie7l.com\/wp-content\/uploads\/2022\/08\/logo-1.png","width":227,"height":301,"caption":"Librairie 7L"},"image":{"@id":"https:\/\/librairie7l.com\/en\/#\/schema\/logo\/image\/"}}]}},"_links":{"self":[{"href":"https:\/\/librairie7l.com\/en\/wp-json\/wp\/v2\/product\/27067"}],"collection":[{"href":"https:\/\/librairie7l.com\/en\/wp-json\/wp\/v2\/product"}],"about":[{"href":"https:\/\/librairie7l.com\/en\/wp-json\/wp\/v2\/types\/product"}],"wp:featuredmedia":[{"embeddable":true,"href":"https:\/\/librairie7l.com\/en\/wp-json\/wp\/v2\/media\/27065"}],"wp:attachment":[{"href":"https:\/\/librairie7l.com\/en\/wp-json\/wp\/v2\/media?parent=27067"}],"wp:term":[{"taxonomy":"product_cat","embeddable":true,"href":"https:\/\/librairie7l.com\/en\/wp-json\/wp\/v2\/product_cat?post=27067"},{"taxonomy":"product_tag","embeddable":true,"href":"https:\/\/librairie7l.com\/en\/wp-json\/wp\/v2\/product_tag?post=27067"}],"curies":[{"name":"wp","href":"https:\/\/api.w.org\/{rel}","templated":true}]}}