{"id":27071,"date":"2023-05-10T12:50:18","date_gmt":"2023-05-10T10:50:18","guid":{"rendered":"https:\/\/librairie7l.com\/?post_type=product&#038;p=27071"},"modified":"2026-04-18T02:49:06","modified_gmt":"2026-04-18T00:49:06","slug":"david-hockney-une-histoire-des-images-2","status":"publish","type":"product","link":"https:\/\/librairie7l.com\/en\/produit\/david-hockney-une-histoire-des-images-2\/","title":{"rendered":"DAVID HOCKNEY : UNE HISTOIRE DES IMAGES"},"content":{"rendered":"<p>Fort de l&#8217;exp\u00e9rience d&#8217;une vie pass\u00e9e \u00e0 cr\u00e9er sans rel\u00e2che, David Hockney, en collaboration avec le critique d&#8217;art Martin Gayford, nous raconte comment et pourquoi nous produisons des images depuis des si\u00e8cles. Il rassemble une grande vari\u00e9t\u00e9 d&#8217;images, faisant tomber les barri\u00e8res entre regard savant et culture populaire. Sa grande qualit\u00e9 est de savoir tisser des liens inattendus mais toujours pertinents, de m\u00ealer les p\u00e9riodes et les supports pour nous raconter l&#8217;histoire des images avec une facilit\u00e9 surprenante et nous aider \u00e0 r\u00e9envisager des peintures qui nous semblaient famili\u00e8res. Cette nouvelle \u00e9dition enrichie d&#8217;un chapitre suppl\u00e9mentaire se pr\u00e9sente dans un format r\u00e9duit et maniable, plus propice \u00e0 la lecture.<\/p>\n","protected":false},"excerpt":{"rendered":"<p>Fort de l&#8217;exp\u00e9rience d&#8217;une vie pass\u00e9e \u00e0 cr\u00e9er sans rel\u00e2che, David Hockney, en collaboration avec le critique d&#8217;art Martin Gayford, nous raconte comment et pourquoi nous produisons des images depuis des si\u00e8cles. Il rassemble une grande vari\u00e9t\u00e9 d&#8217;images, faisant tomber les barri\u00e8res entre regard savant et culture populaire. Sa grande qualit\u00e9 est de savoir tisser [&hellip;]<\/p>\n","protected":false},"featured_media":27069,"template":"","meta":[],"product_cat":[55,2948,47,2953],"product_tag":[],"acf":[],"yoast_head":"<!-- This site is optimized with the Yoast SEO plugin v20.11 - https:\/\/yoast.com\/wordpress\/plugins\/seo\/ -->\n<title>DAVID HOCKNEY : UNE HISTOIRE DES IMAGES - Librairie 7L<\/title>\n<meta name=\"robots\" content=\"index, follow, max-snippet:-1, max-image-preview:large, max-video-preview:-1\" \/>\n<link rel=\"canonical\" href=\"https:\/\/librairie7l.com\/en\/produit\/david-hockney-une-histoire-des-images-2\/\" \/>\n<meta property=\"og:locale\" content=\"en_US\" \/>\n<meta property=\"og:type\" content=\"article\" \/>\n<meta property=\"og:title\" content=\"DAVID HOCKNEY : UNE HISTOIRE DES IMAGES - Librairie 7L\" \/>\n<meta property=\"og:description\" content=\"Fort de l&#8217;exp\u00e9rience d&#8217;une vie pass\u00e9e \u00e0 cr\u00e9er sans rel\u00e2che, David Hockney, en collaboration avec le critique d&#8217;art Martin Gayford, nous raconte comment et pourquoi nous produisons des images depuis des si\u00e8cles. Il rassemble une grande vari\u00e9t\u00e9 d&#8217;images, faisant tomber les barri\u00e8res entre regard savant et culture populaire. Sa grande qualit\u00e9 est de savoir tisser [&hellip;]\" \/>\n<meta property=\"og:url\" content=\"https:\/\/librairie7l.com\/en\/produit\/david-hockney-une-histoire-des-images-2\/\" \/>\n<meta property=\"og:site_name\" content=\"Librairie 7L\" \/>\n<meta property=\"article:modified_time\" content=\"2026-04-18T00:49:06+00:00\" \/>\n<meta property=\"og:image\" content=\"https:\/\/librairie7l.com\/wp-content\/uploads\/2021\/06\/9780500094433_1_75.jpg\" \/>\n\t<meta property=\"og:image:width\" content=\"352\" \/>\n\t<meta property=\"og:image:height\" content=\"500\" \/>\n\t<meta property=\"og:image:type\" content=\"image\/jpeg\" \/>\n<meta name=\"twitter:card\" content=\"summary_large_image\" \/>\n<meta name=\"twitter:label1\" content=\"Est. reading time\" \/>\n\t<meta name=\"twitter:data1\" content=\"1 minute\" \/>\n<script type=\"application\/ld+json\" class=\"yoast-schema-graph\">{\"@context\":\"https:\/\/schema.org\",\"@graph\":[{\"@type\":\"WebPage\",\"@id\":\"https:\/\/librairie7l.com\/en\/produit\/david-hockney-une-histoire-des-images-2\/\",\"url\":\"https:\/\/librairie7l.com\/en\/produit\/david-hockney-une-histoire-des-images-2\/\",\"name\":\"DAVID HOCKNEY : UNE HISTOIRE DES IMAGES - Librairie 7L\",\"isPartOf\":{\"@id\":\"https:\/\/librairie7l.com\/en\/#website\"},\"datePublished\":\"2023-05-10T10:50:18+00:00\",\"dateModified\":\"2026-04-18T00:49:06+00:00\",\"breadcrumb\":{\"@id\":\"https:\/\/librairie7l.com\/en\/produit\/david-hockney-une-histoire-des-images-2\/#breadcrumb\"},\"inLanguage\":\"en-US\",\"potentialAction\":[{\"@type\":\"ReadAction\",\"target\":[\"https:\/\/librairie7l.com\/en\/produit\/david-hockney-une-histoire-des-images-2\/\"]}]},{\"@type\":\"BreadcrumbList\",\"@id\":\"https:\/\/librairie7l.com\/en\/produit\/david-hockney-une-histoire-des-images-2\/#breadcrumb\",\"itemListElement\":[{\"@type\":\"ListItem\",\"position\":1,\"name\":\"Accueil\",\"item\":\"https:\/\/librairie7l.com\/en\/\"},{\"@type\":\"ListItem\",\"position\":2,\"name\":\"Shop\",\"item\":\"https:\/\/librairie7l.com\/en\/shop\/\"},{\"@type\":\"ListItem\",\"position\":3,\"name\":\"DAVID HOCKNEY : UNE HISTOIRE DES IMAGES\"}]},{\"@type\":\"WebSite\",\"@id\":\"https:\/\/librairie7l.com\/en\/#website\",\"url\":\"https:\/\/librairie7l.com\/en\/\",\"name\":\"Librairie 7L\",\"description\":\"Librairie fond\u00e9e en 1999 par Karl Lagerfeld \u00e0 Paris\",\"publisher\":{\"@id\":\"https:\/\/librairie7l.com\/en\/#organization\"},\"potentialAction\":[{\"@type\":\"SearchAction\",\"target\":{\"@type\":\"EntryPoint\",\"urlTemplate\":\"https:\/\/librairie7l.com\/en\/?s={search_term_string}\"},\"query-input\":\"required name=search_term_string\"}],\"inLanguage\":\"en-US\"},{\"@type\":\"Organization\",\"@id\":\"https:\/\/librairie7l.com\/en\/#organization\",\"name\":\"Librairie 7L\",\"url\":\"https:\/\/librairie7l.com\/en\/\",\"logo\":{\"@type\":\"ImageObject\",\"inLanguage\":\"en-US\",\"@id\":\"https:\/\/librairie7l.com\/en\/#\/schema\/logo\/image\/\",\"url\":\"https:\/\/librairie7l.com\/wp-content\/uploads\/2022\/08\/logo-1.png\",\"contentUrl\":\"https:\/\/librairie7l.com\/wp-content\/uploads\/2022\/08\/logo-1.png\",\"width\":227,\"height\":301,\"caption\":\"Librairie 7L\"},\"image\":{\"@id\":\"https:\/\/librairie7l.com\/en\/#\/schema\/logo\/image\/\"}}]}<\/script>\n<!-- \/ Yoast SEO plugin. -->","yoast_head_json":{"title":"DAVID HOCKNEY : UNE HISTOIRE DES IMAGES - Librairie 7L","robots":{"index":"index","follow":"follow","max-snippet":"max-snippet:-1","max-image-preview":"max-image-preview:large","max-video-preview":"max-video-preview:-1"},"canonical":"https:\/\/librairie7l.com\/en\/produit\/david-hockney-une-histoire-des-images-2\/","og_locale":"en_US","og_type":"article","og_title":"DAVID HOCKNEY : UNE HISTOIRE DES IMAGES - Librairie 7L","og_description":"Fort de l&#8217;exp\u00e9rience d&#8217;une vie pass\u00e9e \u00e0 cr\u00e9er sans rel\u00e2che, David Hockney, en collaboration avec le critique d&#8217;art Martin Gayford, nous raconte comment et pourquoi nous produisons des images depuis des si\u00e8cles. Il rassemble une grande vari\u00e9t\u00e9 d&#8217;images, faisant tomber les barri\u00e8res entre regard savant et culture populaire. Sa grande qualit\u00e9 est de savoir tisser [&hellip;]","og_url":"https:\/\/librairie7l.com\/en\/produit\/david-hockney-une-histoire-des-images-2\/","og_site_name":"Librairie 7L","article_modified_time":"2026-04-18T00:49:06+00:00","og_image":[{"width":352,"height":500,"url":"https:\/\/librairie7l.com\/wp-content\/uploads\/2021\/06\/9780500094433_1_75.jpg","type":"image\/jpeg"}],"twitter_card":"summary_large_image","twitter_misc":{"Est. reading time":"1 minute"},"schema":{"@context":"https:\/\/schema.org","@graph":[{"@type":"WebPage","@id":"https:\/\/librairie7l.com\/en\/produit\/david-hockney-une-histoire-des-images-2\/","url":"https:\/\/librairie7l.com\/en\/produit\/david-hockney-une-histoire-des-images-2\/","name":"DAVID HOCKNEY : UNE HISTOIRE DES IMAGES - Librairie 7L","isPartOf":{"@id":"https:\/\/librairie7l.com\/en\/#website"},"datePublished":"2023-05-10T10:50:18+00:00","dateModified":"2026-04-18T00:49:06+00:00","breadcrumb":{"@id":"https:\/\/librairie7l.com\/en\/produit\/david-hockney-une-histoire-des-images-2\/#breadcrumb"},"inLanguage":"en-US","potentialAction":[{"@type":"ReadAction","target":["https:\/\/librairie7l.com\/en\/produit\/david-hockney-une-histoire-des-images-2\/"]}]},{"@type":"BreadcrumbList","@id":"https:\/\/librairie7l.com\/en\/produit\/david-hockney-une-histoire-des-images-2\/#breadcrumb","itemListElement":[{"@type":"ListItem","position":1,"name":"Accueil","item":"https:\/\/librairie7l.com\/en\/"},{"@type":"ListItem","position":2,"name":"Shop","item":"https:\/\/librairie7l.com\/en\/shop\/"},{"@type":"ListItem","position":3,"name":"DAVID HOCKNEY : UNE HISTOIRE DES IMAGES"}]},{"@type":"WebSite","@id":"https:\/\/librairie7l.com\/en\/#website","url":"https:\/\/librairie7l.com\/en\/","name":"Librairie 7L","description":"Librairie fond\u00e9e en 1999 par Karl Lagerfeld \u00e0 Paris","publisher":{"@id":"https:\/\/librairie7l.com\/en\/#organization"},"potentialAction":[{"@type":"SearchAction","target":{"@type":"EntryPoint","urlTemplate":"https:\/\/librairie7l.com\/en\/?s={search_term_string}"},"query-input":"required name=search_term_string"}],"inLanguage":"en-US"},{"@type":"Organization","@id":"https:\/\/librairie7l.com\/en\/#organization","name":"Librairie 7L","url":"https:\/\/librairie7l.com\/en\/","logo":{"@type":"ImageObject","inLanguage":"en-US","@id":"https:\/\/librairie7l.com\/en\/#\/schema\/logo\/image\/","url":"https:\/\/librairie7l.com\/wp-content\/uploads\/2022\/08\/logo-1.png","contentUrl":"https:\/\/librairie7l.com\/wp-content\/uploads\/2022\/08\/logo-1.png","width":227,"height":301,"caption":"Librairie 7L"},"image":{"@id":"https:\/\/librairie7l.com\/en\/#\/schema\/logo\/image\/"}}]}},"_links":{"self":[{"href":"https:\/\/librairie7l.com\/en\/wp-json\/wp\/v2\/product\/27071"}],"collection":[{"href":"https:\/\/librairie7l.com\/en\/wp-json\/wp\/v2\/product"}],"about":[{"href":"https:\/\/librairie7l.com\/en\/wp-json\/wp\/v2\/types\/product"}],"wp:featuredmedia":[{"embeddable":true,"href":"https:\/\/librairie7l.com\/en\/wp-json\/wp\/v2\/media\/27069"}],"wp:attachment":[{"href":"https:\/\/librairie7l.com\/en\/wp-json\/wp\/v2\/media?parent=27071"}],"wp:term":[{"taxonomy":"product_cat","embeddable":true,"href":"https:\/\/librairie7l.com\/en\/wp-json\/wp\/v2\/product_cat?post=27071"},{"taxonomy":"product_tag","embeddable":true,"href":"https:\/\/librairie7l.com\/en\/wp-json\/wp\/v2\/product_tag?post=27071"}],"curies":[{"name":"wp","href":"https:\/\/api.w.org\/{rel}","templated":true}]}}