{"id":27107,"date":"2023-05-10T12:51:46","date_gmt":"2023-05-10T10:51:46","guid":{"rendered":"https:\/\/librairie7l.com\/?post_type=product&#038;p=27107"},"modified":"2026-04-09T02:22:06","modified_gmt":"2026-04-09T00:22:06","slug":"lherbier-merveilleux","status":"publish","type":"product","link":"https:\/\/librairie7l.com\/en\/produit\/lherbier-merveilleux\/","title":{"rendered":"L&#8217;HERBIER MERVEILLEUX"},"content":{"rendered":"<p>Dans cet ouvrage, Jean-Michel Othoniel r\u00e9v\u00e8le sa passion des fleurs en nous exposant leur langage secret et leur symbolique dans la peinture ancienne. Au d\u00e9tour des salles du mus\u00e9e Isabella Stewart Gardner Museum, Othoniel photographie les fleurs repr\u00e9sent\u00e9es dans les tapisseries, les ferronneries, les dentelles, les \u00e9l\u00e9ments d&#8217;architecture, le mobilier ou les tableaux de la collection, par exemple dans des chefs-d&#8217;oeuvre comme le Portrait de femme de Van Dyck et sa rose virginale, L&#8217;Annonciation de Piermatteo d&#8217;Amelia et son lys majestueux ou la Sainte Engracia de Bartolom\u00e9 Bermejo et sa palme mystique.<br \/>\nL&#8217;artiste travaille \u00e9galement sur la forme des v\u00e9g\u00e9taux pour cr\u00e9er des sculptures et des peintures. C&#8217;est le cas de la pivoine, omnipr\u00e9sente dans les collections du mus\u00e9e, qui lui inspire une sculpture monumentale et quatre peintures qui seront expos\u00e9es en 2015 \u00e0 l&#8217;Isabella Stewart Gardner Museum.<br \/>\nDans ce livre pr\u00e9cieux, qui se pr\u00e9sente comme un ab\u00e9c\u00e9daire nourri au fil des salles du mus\u00e9e de photographies montrant des d\u00e9tails de peintures, de dessins et de textes, Othoniel nous d\u00e9voile pour la premi\u00e8re fois le rapport direct qu&#8217;entretiennent ses nouvelles oeuvres sculpturales et picturales avec la symbolique cach\u00e9e des fleurs.<\/p>\n","protected":false},"excerpt":{"rendered":"<p>Dans cet ouvrage, Jean-Michel Othoniel r\u00e9v\u00e8le sa passion des fleurs en nous exposant leur langage secret et leur symbolique dans la peinture ancienne. Au d\u00e9tour des salles du mus\u00e9e Isabella Stewart Gardner Museum, Othoniel photographie les fleurs repr\u00e9sent\u00e9es dans les tapisseries, les ferronneries, les dentelles, les \u00e9l\u00e9ments d&#8217;architecture, le mobilier ou les tableaux de la [&hellip;]<\/p>\n","protected":false},"featured_media":27105,"template":"","meta":[],"product_cat":[55,2948,47,2953],"product_tag":[],"acf":[],"yoast_head":"<!-- This site is optimized with the Yoast SEO plugin v20.11 - https:\/\/yoast.com\/wordpress\/plugins\/seo\/ -->\n<title>L&#039;HERBIER MERVEILLEUX - Librairie 7L<\/title>\n<meta name=\"robots\" content=\"index, follow, max-snippet:-1, max-image-preview:large, max-video-preview:-1\" \/>\n<link rel=\"canonical\" href=\"https:\/\/librairie7l.com\/en\/produit\/lherbier-merveilleux\/\" \/>\n<meta property=\"og:locale\" content=\"en_US\" \/>\n<meta property=\"og:type\" content=\"article\" \/>\n<meta property=\"og:title\" content=\"L&#039;HERBIER MERVEILLEUX - Librairie 7L\" \/>\n<meta property=\"og:description\" content=\"Dans cet ouvrage, Jean-Michel Othoniel r\u00e9v\u00e8le sa passion des fleurs en nous exposant leur langage secret et leur symbolique dans la peinture ancienne. Au d\u00e9tour des salles du mus\u00e9e Isabella Stewart Gardner Museum, Othoniel photographie les fleurs repr\u00e9sent\u00e9es dans les tapisseries, les ferronneries, les dentelles, les \u00e9l\u00e9ments d&#8217;architecture, le mobilier ou les tableaux de la [&hellip;]\" \/>\n<meta property=\"og:url\" content=\"https:\/\/librairie7l.com\/en\/produit\/lherbier-merveilleux\/\" \/>\n<meta property=\"og:site_name\" content=\"Librairie 7L\" \/>\n<meta property=\"article:modified_time\" content=\"2026-04-09T00:22:06+00:00\" \/>\n<meta property=\"og:image\" content=\"https:\/\/librairie7l.com\/wp-content\/uploads\/2014\/11\/9782330047931_1_75.jpg\" \/>\n\t<meta property=\"og:image:width\" content=\"437\" \/>\n\t<meta property=\"og:image:height\" content=\"760\" \/>\n\t<meta property=\"og:image:type\" content=\"image\/jpeg\" \/>\n<meta name=\"twitter:card\" content=\"summary_large_image\" \/>\n<meta name=\"twitter:label1\" content=\"Est. reading time\" \/>\n\t<meta name=\"twitter:data1\" content=\"1 minute\" \/>\n<script type=\"application\/ld+json\" class=\"yoast-schema-graph\">{\"@context\":\"https:\/\/schema.org\",\"@graph\":[{\"@type\":\"WebPage\",\"@id\":\"https:\/\/librairie7l.com\/en\/produit\/lherbier-merveilleux\/\",\"url\":\"https:\/\/librairie7l.com\/en\/produit\/lherbier-merveilleux\/\",\"name\":\"L'HERBIER MERVEILLEUX - Librairie 7L\",\"isPartOf\":{\"@id\":\"https:\/\/librairie7l.com\/en\/#website\"},\"datePublished\":\"2023-05-10T10:51:46+00:00\",\"dateModified\":\"2026-04-09T00:22:06+00:00\",\"breadcrumb\":{\"@id\":\"https:\/\/librairie7l.com\/en\/produit\/lherbier-merveilleux\/#breadcrumb\"},\"inLanguage\":\"en-US\",\"potentialAction\":[{\"@type\":\"ReadAction\",\"target\":[\"https:\/\/librairie7l.com\/en\/produit\/lherbier-merveilleux\/\"]}]},{\"@type\":\"BreadcrumbList\",\"@id\":\"https:\/\/librairie7l.com\/en\/produit\/lherbier-merveilleux\/#breadcrumb\",\"itemListElement\":[{\"@type\":\"ListItem\",\"position\":1,\"name\":\"Accueil\",\"item\":\"https:\/\/librairie7l.com\/en\/\"},{\"@type\":\"ListItem\",\"position\":2,\"name\":\"Shop\",\"item\":\"https:\/\/librairie7l.com\/en\/shop\/\"},{\"@type\":\"ListItem\",\"position\":3,\"name\":\"L&#8217;HERBIER MERVEILLEUX\"}]},{\"@type\":\"WebSite\",\"@id\":\"https:\/\/librairie7l.com\/en\/#website\",\"url\":\"https:\/\/librairie7l.com\/en\/\",\"name\":\"Librairie 7L\",\"description\":\"Librairie fond\u00e9e en 1999 par Karl Lagerfeld \u00e0 Paris\",\"publisher\":{\"@id\":\"https:\/\/librairie7l.com\/en\/#organization\"},\"potentialAction\":[{\"@type\":\"SearchAction\",\"target\":{\"@type\":\"EntryPoint\",\"urlTemplate\":\"https:\/\/librairie7l.com\/en\/?s={search_term_string}\"},\"query-input\":\"required name=search_term_string\"}],\"inLanguage\":\"en-US\"},{\"@type\":\"Organization\",\"@id\":\"https:\/\/librairie7l.com\/en\/#organization\",\"name\":\"Librairie 7L\",\"url\":\"https:\/\/librairie7l.com\/en\/\",\"logo\":{\"@type\":\"ImageObject\",\"inLanguage\":\"en-US\",\"@id\":\"https:\/\/librairie7l.com\/en\/#\/schema\/logo\/image\/\",\"url\":\"https:\/\/librairie7l.com\/wp-content\/uploads\/2022\/08\/logo-1.png\",\"contentUrl\":\"https:\/\/librairie7l.com\/wp-content\/uploads\/2022\/08\/logo-1.png\",\"width\":227,\"height\":301,\"caption\":\"Librairie 7L\"},\"image\":{\"@id\":\"https:\/\/librairie7l.com\/en\/#\/schema\/logo\/image\/\"}}]}<\/script>\n<!-- \/ Yoast SEO plugin. -->","yoast_head_json":{"title":"L'HERBIER MERVEILLEUX - Librairie 7L","robots":{"index":"index","follow":"follow","max-snippet":"max-snippet:-1","max-image-preview":"max-image-preview:large","max-video-preview":"max-video-preview:-1"},"canonical":"https:\/\/librairie7l.com\/en\/produit\/lherbier-merveilleux\/","og_locale":"en_US","og_type":"article","og_title":"L'HERBIER MERVEILLEUX - Librairie 7L","og_description":"Dans cet ouvrage, Jean-Michel Othoniel r\u00e9v\u00e8le sa passion des fleurs en nous exposant leur langage secret et leur symbolique dans la peinture ancienne. Au d\u00e9tour des salles du mus\u00e9e Isabella Stewart Gardner Museum, Othoniel photographie les fleurs repr\u00e9sent\u00e9es dans les tapisseries, les ferronneries, les dentelles, les \u00e9l\u00e9ments d&#8217;architecture, le mobilier ou les tableaux de la [&hellip;]","og_url":"https:\/\/librairie7l.com\/en\/produit\/lherbier-merveilleux\/","og_site_name":"Librairie 7L","article_modified_time":"2026-04-09T00:22:06+00:00","og_image":[{"width":437,"height":760,"url":"https:\/\/librairie7l.com\/wp-content\/uploads\/2014\/11\/9782330047931_1_75.jpg","type":"image\/jpeg"}],"twitter_card":"summary_large_image","twitter_misc":{"Est. reading time":"1 minute"},"schema":{"@context":"https:\/\/schema.org","@graph":[{"@type":"WebPage","@id":"https:\/\/librairie7l.com\/en\/produit\/lherbier-merveilleux\/","url":"https:\/\/librairie7l.com\/en\/produit\/lherbier-merveilleux\/","name":"L'HERBIER MERVEILLEUX - Librairie 7L","isPartOf":{"@id":"https:\/\/librairie7l.com\/en\/#website"},"datePublished":"2023-05-10T10:51:46+00:00","dateModified":"2026-04-09T00:22:06+00:00","breadcrumb":{"@id":"https:\/\/librairie7l.com\/en\/produit\/lherbier-merveilleux\/#breadcrumb"},"inLanguage":"en-US","potentialAction":[{"@type":"ReadAction","target":["https:\/\/librairie7l.com\/en\/produit\/lherbier-merveilleux\/"]}]},{"@type":"BreadcrumbList","@id":"https:\/\/librairie7l.com\/en\/produit\/lherbier-merveilleux\/#breadcrumb","itemListElement":[{"@type":"ListItem","position":1,"name":"Accueil","item":"https:\/\/librairie7l.com\/en\/"},{"@type":"ListItem","position":2,"name":"Shop","item":"https:\/\/librairie7l.com\/en\/shop\/"},{"@type":"ListItem","position":3,"name":"L&#8217;HERBIER MERVEILLEUX"}]},{"@type":"WebSite","@id":"https:\/\/librairie7l.com\/en\/#website","url":"https:\/\/librairie7l.com\/en\/","name":"Librairie 7L","description":"Librairie fond\u00e9e en 1999 par Karl Lagerfeld \u00e0 Paris","publisher":{"@id":"https:\/\/librairie7l.com\/en\/#organization"},"potentialAction":[{"@type":"SearchAction","target":{"@type":"EntryPoint","urlTemplate":"https:\/\/librairie7l.com\/en\/?s={search_term_string}"},"query-input":"required name=search_term_string"}],"inLanguage":"en-US"},{"@type":"Organization","@id":"https:\/\/librairie7l.com\/en\/#organization","name":"Librairie 7L","url":"https:\/\/librairie7l.com\/en\/","logo":{"@type":"ImageObject","inLanguage":"en-US","@id":"https:\/\/librairie7l.com\/en\/#\/schema\/logo\/image\/","url":"https:\/\/librairie7l.com\/wp-content\/uploads\/2022\/08\/logo-1.png","contentUrl":"https:\/\/librairie7l.com\/wp-content\/uploads\/2022\/08\/logo-1.png","width":227,"height":301,"caption":"Librairie 7L"},"image":{"@id":"https:\/\/librairie7l.com\/en\/#\/schema\/logo\/image\/"}}]}},"_links":{"self":[{"href":"https:\/\/librairie7l.com\/en\/wp-json\/wp\/v2\/product\/27107"}],"collection":[{"href":"https:\/\/librairie7l.com\/en\/wp-json\/wp\/v2\/product"}],"about":[{"href":"https:\/\/librairie7l.com\/en\/wp-json\/wp\/v2\/types\/product"}],"wp:featuredmedia":[{"embeddable":true,"href":"https:\/\/librairie7l.com\/en\/wp-json\/wp\/v2\/media\/27105"}],"wp:attachment":[{"href":"https:\/\/librairie7l.com\/en\/wp-json\/wp\/v2\/media?parent=27107"}],"wp:term":[{"taxonomy":"product_cat","embeddable":true,"href":"https:\/\/librairie7l.com\/en\/wp-json\/wp\/v2\/product_cat?post=27107"},{"taxonomy":"product_tag","embeddable":true,"href":"https:\/\/librairie7l.com\/en\/wp-json\/wp\/v2\/product_tag?post=27107"}],"curies":[{"name":"wp","href":"https:\/\/api.w.org\/{rel}","templated":true}]}}