{"id":27115,"date":"2023-05-10T12:51:59","date_gmt":"2023-05-10T10:51:59","guid":{"rendered":"https:\/\/librairie7l.com\/?post_type=product&#038;p=27115"},"modified":"2026-04-11T02:44:11","modified_gmt":"2026-04-11T00:44:11","slug":"75-designers-pour-un-monde-durable","status":"publish","type":"product","link":"https:\/\/librairie7l.com\/en\/produit\/75-designers-pour-un-monde-durable\/","title":{"rendered":"75 DESIGNERS POUR UN MONDE DURABLE"},"content":{"rendered":"<p>Il y a urgence ! Le syst\u00e8me Terre est d\u00e9r\u00e9gl\u00e9.<\/p>\n<p>Face aux enjeux cruciaux du climat et \u00e0 la n\u00e9cessaire transformation de nos modes de vie, 75 designers agissent. En r\u00e9inventant l&#8217;id\u00e9e m\u00eame de la mati\u00e8re. En transformant des d\u00e9chets improbables en beaux objets. En s&#8217;appuyant sur les savoir-faire des territoires. En apportant des solutions in\u00e9dites pour am\u00e9liorer la qualit\u00e9 de l&#8217;eau, de l&#8217;air, de l&#8217;alimentation, pour favoriser le mieux-\u00eatre de tous, notamment des plus fragiles. Engag\u00e9s, militants, convaincus de leur responsabilit\u00e9 dans un monde aux ressources menac\u00e9es, certains designers invitent des bact\u00e9ries ou des champignons dans leurs projets. Une r\u00e9volution se dessine, bouleversant notre rapport \u00e0 la nature, ouvrant la voie \u00e0 des coproductions avec le vivant.<\/p>\n<p>Les designers r\u00e9unis dans cet ouvrage affirment ainsi toute la force du design devant les d\u00e9fis de notre \u00e9poque, tant environnementaux qu&#8217;\u00e9conomiques et sociaux. Ensemble, ils t\u00e9moignent d&#8217;une sensibilit\u00e9 anticipatrice, d&#8217;un imaginaire sans limite, et d&#8217;un bel humanisme. Un monde \u00e9merge inspir\u00e9 par une nouvelle \u00e8re, la n\u00f4tre, celle de l&#8217;anthropoc\u00e8ne. Soucieux de frugalit\u00e9, combattant le gaspillage, la pollution et l&#8217;exclusion sociale, ces designers cr\u00e9ent des promesses d&#8217;avenir.<\/p>\n","protected":false},"excerpt":{"rendered":"<p>Il y a urgence ! Le syst\u00e8me Terre est d\u00e9r\u00e9gl\u00e9. Face aux enjeux cruciaux du climat et \u00e0 la n\u00e9cessaire transformation de nos modes de vie, 75 designers agissent. En r\u00e9inventant l&#8217;id\u00e9e m\u00eame de la mati\u00e8re. En transformant des d\u00e9chets improbables en beaux objets. En s&#8217;appuyant sur les savoir-faire des territoires. En apportant des solutions [&hellip;]<\/p>\n","protected":false},"featured_media":32173,"template":"","meta":[],"product_cat":[55,2948,18,2952],"product_tag":[],"acf":[],"yoast_head":"<!-- This site is optimized with the Yoast SEO plugin v20.11 - https:\/\/yoast.com\/wordpress\/plugins\/seo\/ -->\n<title>75 DESIGNERS POUR UN MONDE DURABLE - Librairie 7L<\/title>\n<meta name=\"robots\" content=\"index, follow, max-snippet:-1, max-image-preview:large, max-video-preview:-1\" \/>\n<link rel=\"canonical\" href=\"https:\/\/librairie7l.com\/en\/produit\/75-designers-pour-un-monde-durable\/\" \/>\n<meta property=\"og:locale\" content=\"en_US\" \/>\n<meta property=\"og:type\" content=\"article\" \/>\n<meta property=\"og:title\" content=\"75 DESIGNERS POUR UN MONDE DURABLE - Librairie 7L\" \/>\n<meta property=\"og:description\" content=\"Il y a urgence ! Le syst\u00e8me Terre est d\u00e9r\u00e9gl\u00e9. Face aux enjeux cruciaux du climat et \u00e0 la n\u00e9cessaire transformation de nos modes de vie, 75 designers agissent. En r\u00e9inventant l&#8217;id\u00e9e m\u00eame de la mati\u00e8re. En transformant des d\u00e9chets improbables en beaux objets. En s&#8217;appuyant sur les savoir-faire des territoires. En apportant des solutions [&hellip;]\" \/>\n<meta property=\"og:url\" content=\"https:\/\/librairie7l.com\/en\/produit\/75-designers-pour-un-monde-durable\/\" \/>\n<meta property=\"og:site_name\" content=\"Librairie 7L\" \/>\n<meta property=\"article:modified_time\" content=\"2026-04-11T00:44:11+00:00\" \/>\n<meta property=\"og:image\" content=\"https:\/\/librairie7l.com\/wp-content\/uploads\/2019\/12\/9782732492483_1_75.jpg\" \/>\n\t<meta property=\"og:image:width\" content=\"400\" \/>\n\t<meta property=\"og:image:height\" content=\"514\" \/>\n\t<meta property=\"og:image:type\" content=\"image\/jpeg\" \/>\n<meta name=\"twitter:card\" content=\"summary_large_image\" \/>\n<meta name=\"twitter:label1\" content=\"Est. reading time\" \/>\n\t<meta name=\"twitter:data1\" content=\"1 minute\" \/>\n<script type=\"application\/ld+json\" class=\"yoast-schema-graph\">{\"@context\":\"https:\/\/schema.org\",\"@graph\":[{\"@type\":\"WebPage\",\"@id\":\"https:\/\/librairie7l.com\/en\/produit\/75-designers-pour-un-monde-durable\/\",\"url\":\"https:\/\/librairie7l.com\/en\/produit\/75-designers-pour-un-monde-durable\/\",\"name\":\"75 DESIGNERS POUR UN MONDE DURABLE - Librairie 7L\",\"isPartOf\":{\"@id\":\"https:\/\/librairie7l.com\/en\/#website\"},\"datePublished\":\"2023-05-10T10:51:59+00:00\",\"dateModified\":\"2026-04-11T00:44:11+00:00\",\"breadcrumb\":{\"@id\":\"https:\/\/librairie7l.com\/en\/produit\/75-designers-pour-un-monde-durable\/#breadcrumb\"},\"inLanguage\":\"en-US\",\"potentialAction\":[{\"@type\":\"ReadAction\",\"target\":[\"https:\/\/librairie7l.com\/en\/produit\/75-designers-pour-un-monde-durable\/\"]}]},{\"@type\":\"BreadcrumbList\",\"@id\":\"https:\/\/librairie7l.com\/en\/produit\/75-designers-pour-un-monde-durable\/#breadcrumb\",\"itemListElement\":[{\"@type\":\"ListItem\",\"position\":1,\"name\":\"Accueil\",\"item\":\"https:\/\/librairie7l.com\/en\/\"},{\"@type\":\"ListItem\",\"position\":2,\"name\":\"Shop\",\"item\":\"https:\/\/librairie7l.com\/en\/shop\/\"},{\"@type\":\"ListItem\",\"position\":3,\"name\":\"75 DESIGNERS POUR UN MONDE DURABLE\"}]},{\"@type\":\"WebSite\",\"@id\":\"https:\/\/librairie7l.com\/en\/#website\",\"url\":\"https:\/\/librairie7l.com\/en\/\",\"name\":\"Librairie 7L\",\"description\":\"Librairie fond\u00e9e en 1999 par Karl Lagerfeld \u00e0 Paris\",\"publisher\":{\"@id\":\"https:\/\/librairie7l.com\/en\/#organization\"},\"potentialAction\":[{\"@type\":\"SearchAction\",\"target\":{\"@type\":\"EntryPoint\",\"urlTemplate\":\"https:\/\/librairie7l.com\/en\/?s={search_term_string}\"},\"query-input\":\"required name=search_term_string\"}],\"inLanguage\":\"en-US\"},{\"@type\":\"Organization\",\"@id\":\"https:\/\/librairie7l.com\/en\/#organization\",\"name\":\"Librairie 7L\",\"url\":\"https:\/\/librairie7l.com\/en\/\",\"logo\":{\"@type\":\"ImageObject\",\"inLanguage\":\"en-US\",\"@id\":\"https:\/\/librairie7l.com\/en\/#\/schema\/logo\/image\/\",\"url\":\"https:\/\/librairie7l.com\/wp-content\/uploads\/2022\/08\/logo-1.png\",\"contentUrl\":\"https:\/\/librairie7l.com\/wp-content\/uploads\/2022\/08\/logo-1.png\",\"width\":227,\"height\":301,\"caption\":\"Librairie 7L\"},\"image\":{\"@id\":\"https:\/\/librairie7l.com\/en\/#\/schema\/logo\/image\/\"}}]}<\/script>\n<!-- \/ Yoast SEO plugin. -->","yoast_head_json":{"title":"75 DESIGNERS POUR UN MONDE DURABLE - Librairie 7L","robots":{"index":"index","follow":"follow","max-snippet":"max-snippet:-1","max-image-preview":"max-image-preview:large","max-video-preview":"max-video-preview:-1"},"canonical":"https:\/\/librairie7l.com\/en\/produit\/75-designers-pour-un-monde-durable\/","og_locale":"en_US","og_type":"article","og_title":"75 DESIGNERS POUR UN MONDE DURABLE - Librairie 7L","og_description":"Il y a urgence ! Le syst\u00e8me Terre est d\u00e9r\u00e9gl\u00e9. Face aux enjeux cruciaux du climat et \u00e0 la n\u00e9cessaire transformation de nos modes de vie, 75 designers agissent. En r\u00e9inventant l&#8217;id\u00e9e m\u00eame de la mati\u00e8re. En transformant des d\u00e9chets improbables en beaux objets. En s&#8217;appuyant sur les savoir-faire des territoires. En apportant des solutions [&hellip;]","og_url":"https:\/\/librairie7l.com\/en\/produit\/75-designers-pour-un-monde-durable\/","og_site_name":"Librairie 7L","article_modified_time":"2026-04-11T00:44:11+00:00","og_image":[{"width":400,"height":514,"url":"https:\/\/librairie7l.com\/wp-content\/uploads\/2019\/12\/9782732492483_1_75.jpg","type":"image\/jpeg"}],"twitter_card":"summary_large_image","twitter_misc":{"Est. reading time":"1 minute"},"schema":{"@context":"https:\/\/schema.org","@graph":[{"@type":"WebPage","@id":"https:\/\/librairie7l.com\/en\/produit\/75-designers-pour-un-monde-durable\/","url":"https:\/\/librairie7l.com\/en\/produit\/75-designers-pour-un-monde-durable\/","name":"75 DESIGNERS POUR UN MONDE DURABLE - Librairie 7L","isPartOf":{"@id":"https:\/\/librairie7l.com\/en\/#website"},"datePublished":"2023-05-10T10:51:59+00:00","dateModified":"2026-04-11T00:44:11+00:00","breadcrumb":{"@id":"https:\/\/librairie7l.com\/en\/produit\/75-designers-pour-un-monde-durable\/#breadcrumb"},"inLanguage":"en-US","potentialAction":[{"@type":"ReadAction","target":["https:\/\/librairie7l.com\/en\/produit\/75-designers-pour-un-monde-durable\/"]}]},{"@type":"BreadcrumbList","@id":"https:\/\/librairie7l.com\/en\/produit\/75-designers-pour-un-monde-durable\/#breadcrumb","itemListElement":[{"@type":"ListItem","position":1,"name":"Accueil","item":"https:\/\/librairie7l.com\/en\/"},{"@type":"ListItem","position":2,"name":"Shop","item":"https:\/\/librairie7l.com\/en\/shop\/"},{"@type":"ListItem","position":3,"name":"75 DESIGNERS POUR UN MONDE DURABLE"}]},{"@type":"WebSite","@id":"https:\/\/librairie7l.com\/en\/#website","url":"https:\/\/librairie7l.com\/en\/","name":"Librairie 7L","description":"Librairie fond\u00e9e en 1999 par Karl Lagerfeld \u00e0 Paris","publisher":{"@id":"https:\/\/librairie7l.com\/en\/#organization"},"potentialAction":[{"@type":"SearchAction","target":{"@type":"EntryPoint","urlTemplate":"https:\/\/librairie7l.com\/en\/?s={search_term_string}"},"query-input":"required name=search_term_string"}],"inLanguage":"en-US"},{"@type":"Organization","@id":"https:\/\/librairie7l.com\/en\/#organization","name":"Librairie 7L","url":"https:\/\/librairie7l.com\/en\/","logo":{"@type":"ImageObject","inLanguage":"en-US","@id":"https:\/\/librairie7l.com\/en\/#\/schema\/logo\/image\/","url":"https:\/\/librairie7l.com\/wp-content\/uploads\/2022\/08\/logo-1.png","contentUrl":"https:\/\/librairie7l.com\/wp-content\/uploads\/2022\/08\/logo-1.png","width":227,"height":301,"caption":"Librairie 7L"},"image":{"@id":"https:\/\/librairie7l.com\/en\/#\/schema\/logo\/image\/"}}]}},"_links":{"self":[{"href":"https:\/\/librairie7l.com\/en\/wp-json\/wp\/v2\/product\/27115"}],"collection":[{"href":"https:\/\/librairie7l.com\/en\/wp-json\/wp\/v2\/product"}],"about":[{"href":"https:\/\/librairie7l.com\/en\/wp-json\/wp\/v2\/types\/product"}],"wp:featuredmedia":[{"embeddable":true,"href":"https:\/\/librairie7l.com\/en\/wp-json\/wp\/v2\/media\/32173"}],"wp:attachment":[{"href":"https:\/\/librairie7l.com\/en\/wp-json\/wp\/v2\/media?parent=27115"}],"wp:term":[{"taxonomy":"product_cat","embeddable":true,"href":"https:\/\/librairie7l.com\/en\/wp-json\/wp\/v2\/product_cat?post=27115"},{"taxonomy":"product_tag","embeddable":true,"href":"https:\/\/librairie7l.com\/en\/wp-json\/wp\/v2\/product_tag?post=27115"}],"curies":[{"name":"wp","href":"https:\/\/api.w.org\/{rel}","templated":true}]}}