{"id":27147,"date":"2023-05-10T12:52:55","date_gmt":"2023-05-10T10:52:55","guid":{"rendered":"https:\/\/librairie7l.com\/?post_type=product&#038;p=27147"},"modified":"2026-04-16T20:58:56","modified_gmt":"2026-04-16T18:58:56","slug":"lalbum-de-marie-antoinette-recueil-des-vues-et-plans-du-petit-trianon","status":"publish","type":"product","link":"https:\/\/librairie7l.com\/en\/produit\/lalbum-de-marie-antoinette-recueil-des-vues-et-plans-du-petit-trianon\/","title":{"rendered":"L&#8217;ALBUM DE MARIE-ANTOINETTE : RECUEIL DES VUES ET PLANS DU PETIT TRIANON"},"content":{"rendered":"<p>D\u00e8s 1774, Marie-Antoinette prend possession du Petit Trianon dont elle redessine les jardins. Suivant la mode du temps, elle cr\u00e9e de toutes pi\u00e8ces un jardin anglais, ou anglo-chinois, \u00e9den au relief vallonn\u00e9 et aux \u00e9l\u00e9gantes fabriques. Avec une fiert\u00e9 de propri\u00e9taire, elle commande \u00e0 son architecte, Richard Mique, plusieurs grands recueils aquarell\u00e9s, v\u00e9ritables portraits de son nouveau domaine. Les subtiles aquarelles du peintre Claude Louis Ch\u00e2telet restituent l&#8217;atmosph\u00e8re enchant\u00e9e des lieux. \u00c9lisabeth Maisonnier, conservateur en chef au ch\u00e2teau de Versailles, responsable du cabinet des dessins, a choisi de reproduire ici l&#8217;exemplaire personnel de Marie-Antoinette, et lui consacre une \u00e9tude qui met en valeur la place particuli\u00e8re du Petit Trianon dans cette vogue des jardins anglais \u00e0 la fin du XVIIIe si\u00e8cle.<\/p>\n","protected":false},"excerpt":{"rendered":"<p>D\u00e8s 1774, Marie-Antoinette prend possession du Petit Trianon dont elle redessine les jardins. Suivant la mode du temps, elle cr\u00e9e de toutes pi\u00e8ces un jardin anglais, ou anglo-chinois, \u00e9den au relief vallonn\u00e9 et aux \u00e9l\u00e9gantes fabriques. Avec une fiert\u00e9 de propri\u00e9taire, elle commande \u00e0 son architecte, Richard Mique, plusieurs grands recueils aquarell\u00e9s, v\u00e9ritables portraits de [&hellip;]<\/p>\n","protected":false},"featured_media":27145,"template":"","meta":[],"product_cat":[55,2948,2956,23],"product_tag":[],"acf":[],"yoast_head":"<!-- This site is optimized with the Yoast SEO plugin v20.11 - https:\/\/yoast.com\/wordpress\/plugins\/seo\/ -->\n<title>L&#039;ALBUM DE MARIE-ANTOINETTE : RECUEIL DES VUES ET PLANS DU PETIT TRIANON - Librairie 7L<\/title>\n<meta name=\"robots\" content=\"index, follow, max-snippet:-1, max-image-preview:large, max-video-preview:-1\" \/>\n<link rel=\"canonical\" href=\"https:\/\/librairie7l.com\/en\/produit\/lalbum-de-marie-antoinette-recueil-des-vues-et-plans-du-petit-trianon\/\" \/>\n<meta property=\"og:locale\" content=\"en_US\" \/>\n<meta property=\"og:type\" content=\"article\" \/>\n<meta property=\"og:title\" content=\"L&#039;ALBUM DE MARIE-ANTOINETTE : RECUEIL DES VUES ET PLANS DU PETIT TRIANON - Librairie 7L\" \/>\n<meta property=\"og:description\" content=\"D\u00e8s 1774, Marie-Antoinette prend possession du Petit Trianon dont elle redessine les jardins. Suivant la mode du temps, elle cr\u00e9e de toutes pi\u00e8ces un jardin anglais, ou anglo-chinois, \u00e9den au relief vallonn\u00e9 et aux \u00e9l\u00e9gantes fabriques. Avec une fiert\u00e9 de propri\u00e9taire, elle commande \u00e0 son architecte, Richard Mique, plusieurs grands recueils aquarell\u00e9s, v\u00e9ritables portraits de [&hellip;]\" \/>\n<meta property=\"og:url\" content=\"https:\/\/librairie7l.com\/en\/produit\/lalbum-de-marie-antoinette-recueil-des-vues-et-plans-du-petit-trianon\/\" \/>\n<meta property=\"og:site_name\" content=\"Librairie 7L\" \/>\n<meta property=\"article:modified_time\" content=\"2026-04-16T18:58:56+00:00\" \/>\n<meta property=\"og:image\" content=\"https:\/\/librairie7l.com\/wp-content\/uploads\/2022\/07\/9782382030622_1_75.jpg\" \/>\n\t<meta property=\"og:image:width\" content=\"600\" \/>\n\t<meta property=\"og:image:height\" content=\"734\" \/>\n\t<meta property=\"og:image:type\" content=\"image\/jpeg\" \/>\n<meta name=\"twitter:card\" content=\"summary_large_image\" \/>\n<meta name=\"twitter:label1\" content=\"Est. reading time\" \/>\n\t<meta name=\"twitter:data1\" content=\"1 minute\" \/>\n<script type=\"application\/ld+json\" class=\"yoast-schema-graph\">{\"@context\":\"https:\/\/schema.org\",\"@graph\":[{\"@type\":\"WebPage\",\"@id\":\"https:\/\/librairie7l.com\/en\/produit\/lalbum-de-marie-antoinette-recueil-des-vues-et-plans-du-petit-trianon\/\",\"url\":\"https:\/\/librairie7l.com\/en\/produit\/lalbum-de-marie-antoinette-recueil-des-vues-et-plans-du-petit-trianon\/\",\"name\":\"L'ALBUM DE MARIE-ANTOINETTE : RECUEIL DES VUES ET PLANS DU PETIT TRIANON - Librairie 7L\",\"isPartOf\":{\"@id\":\"https:\/\/librairie7l.com\/en\/#website\"},\"datePublished\":\"2023-05-10T10:52:55+00:00\",\"dateModified\":\"2026-04-16T18:58:56+00:00\",\"breadcrumb\":{\"@id\":\"https:\/\/librairie7l.com\/en\/produit\/lalbum-de-marie-antoinette-recueil-des-vues-et-plans-du-petit-trianon\/#breadcrumb\"},\"inLanguage\":\"en-US\",\"potentialAction\":[{\"@type\":\"ReadAction\",\"target\":[\"https:\/\/librairie7l.com\/en\/produit\/lalbum-de-marie-antoinette-recueil-des-vues-et-plans-du-petit-trianon\/\"]}]},{\"@type\":\"BreadcrumbList\",\"@id\":\"https:\/\/librairie7l.com\/en\/produit\/lalbum-de-marie-antoinette-recueil-des-vues-et-plans-du-petit-trianon\/#breadcrumb\",\"itemListElement\":[{\"@type\":\"ListItem\",\"position\":1,\"name\":\"Accueil\",\"item\":\"https:\/\/librairie7l.com\/en\/\"},{\"@type\":\"ListItem\",\"position\":2,\"name\":\"Shop\",\"item\":\"https:\/\/librairie7l.com\/en\/shop\/\"},{\"@type\":\"ListItem\",\"position\":3,\"name\":\"L&#8217;ALBUM DE MARIE-ANTOINETTE : RECUEIL DES VUES ET PLANS DU PETIT TRIANON\"}]},{\"@type\":\"WebSite\",\"@id\":\"https:\/\/librairie7l.com\/en\/#website\",\"url\":\"https:\/\/librairie7l.com\/en\/\",\"name\":\"Librairie 7L\",\"description\":\"Librairie fond\u00e9e en 1999 par Karl Lagerfeld \u00e0 Paris\",\"publisher\":{\"@id\":\"https:\/\/librairie7l.com\/en\/#organization\"},\"potentialAction\":[{\"@type\":\"SearchAction\",\"target\":{\"@type\":\"EntryPoint\",\"urlTemplate\":\"https:\/\/librairie7l.com\/en\/?s={search_term_string}\"},\"query-input\":\"required name=search_term_string\"}],\"inLanguage\":\"en-US\"},{\"@type\":\"Organization\",\"@id\":\"https:\/\/librairie7l.com\/en\/#organization\",\"name\":\"Librairie 7L\",\"url\":\"https:\/\/librairie7l.com\/en\/\",\"logo\":{\"@type\":\"ImageObject\",\"inLanguage\":\"en-US\",\"@id\":\"https:\/\/librairie7l.com\/en\/#\/schema\/logo\/image\/\",\"url\":\"https:\/\/librairie7l.com\/wp-content\/uploads\/2022\/08\/logo-1.png\",\"contentUrl\":\"https:\/\/librairie7l.com\/wp-content\/uploads\/2022\/08\/logo-1.png\",\"width\":227,\"height\":301,\"caption\":\"Librairie 7L\"},\"image\":{\"@id\":\"https:\/\/librairie7l.com\/en\/#\/schema\/logo\/image\/\"}}]}<\/script>\n<!-- \/ Yoast SEO plugin. -->","yoast_head_json":{"title":"L'ALBUM DE MARIE-ANTOINETTE : RECUEIL DES VUES ET PLANS DU PETIT TRIANON - Librairie 7L","robots":{"index":"index","follow":"follow","max-snippet":"max-snippet:-1","max-image-preview":"max-image-preview:large","max-video-preview":"max-video-preview:-1"},"canonical":"https:\/\/librairie7l.com\/en\/produit\/lalbum-de-marie-antoinette-recueil-des-vues-et-plans-du-petit-trianon\/","og_locale":"en_US","og_type":"article","og_title":"L'ALBUM DE MARIE-ANTOINETTE : RECUEIL DES VUES ET PLANS DU PETIT TRIANON - Librairie 7L","og_description":"D\u00e8s 1774, Marie-Antoinette prend possession du Petit Trianon dont elle redessine les jardins. Suivant la mode du temps, elle cr\u00e9e de toutes pi\u00e8ces un jardin anglais, ou anglo-chinois, \u00e9den au relief vallonn\u00e9 et aux \u00e9l\u00e9gantes fabriques. Avec une fiert\u00e9 de propri\u00e9taire, elle commande \u00e0 son architecte, Richard Mique, plusieurs grands recueils aquarell\u00e9s, v\u00e9ritables portraits de [&hellip;]","og_url":"https:\/\/librairie7l.com\/en\/produit\/lalbum-de-marie-antoinette-recueil-des-vues-et-plans-du-petit-trianon\/","og_site_name":"Librairie 7L","article_modified_time":"2026-04-16T18:58:56+00:00","og_image":[{"width":600,"height":734,"url":"https:\/\/librairie7l.com\/wp-content\/uploads\/2022\/07\/9782382030622_1_75.jpg","type":"image\/jpeg"}],"twitter_card":"summary_large_image","twitter_misc":{"Est. reading time":"1 minute"},"schema":{"@context":"https:\/\/schema.org","@graph":[{"@type":"WebPage","@id":"https:\/\/librairie7l.com\/en\/produit\/lalbum-de-marie-antoinette-recueil-des-vues-et-plans-du-petit-trianon\/","url":"https:\/\/librairie7l.com\/en\/produit\/lalbum-de-marie-antoinette-recueil-des-vues-et-plans-du-petit-trianon\/","name":"L'ALBUM DE MARIE-ANTOINETTE : RECUEIL DES VUES ET PLANS DU PETIT TRIANON - Librairie 7L","isPartOf":{"@id":"https:\/\/librairie7l.com\/en\/#website"},"datePublished":"2023-05-10T10:52:55+00:00","dateModified":"2026-04-16T18:58:56+00:00","breadcrumb":{"@id":"https:\/\/librairie7l.com\/en\/produit\/lalbum-de-marie-antoinette-recueil-des-vues-et-plans-du-petit-trianon\/#breadcrumb"},"inLanguage":"en-US","potentialAction":[{"@type":"ReadAction","target":["https:\/\/librairie7l.com\/en\/produit\/lalbum-de-marie-antoinette-recueil-des-vues-et-plans-du-petit-trianon\/"]}]},{"@type":"BreadcrumbList","@id":"https:\/\/librairie7l.com\/en\/produit\/lalbum-de-marie-antoinette-recueil-des-vues-et-plans-du-petit-trianon\/#breadcrumb","itemListElement":[{"@type":"ListItem","position":1,"name":"Accueil","item":"https:\/\/librairie7l.com\/en\/"},{"@type":"ListItem","position":2,"name":"Shop","item":"https:\/\/librairie7l.com\/en\/shop\/"},{"@type":"ListItem","position":3,"name":"L&#8217;ALBUM DE MARIE-ANTOINETTE : RECUEIL DES VUES ET PLANS DU PETIT TRIANON"}]},{"@type":"WebSite","@id":"https:\/\/librairie7l.com\/en\/#website","url":"https:\/\/librairie7l.com\/en\/","name":"Librairie 7L","description":"Librairie fond\u00e9e en 1999 par Karl Lagerfeld \u00e0 Paris","publisher":{"@id":"https:\/\/librairie7l.com\/en\/#organization"},"potentialAction":[{"@type":"SearchAction","target":{"@type":"EntryPoint","urlTemplate":"https:\/\/librairie7l.com\/en\/?s={search_term_string}"},"query-input":"required name=search_term_string"}],"inLanguage":"en-US"},{"@type":"Organization","@id":"https:\/\/librairie7l.com\/en\/#organization","name":"Librairie 7L","url":"https:\/\/librairie7l.com\/en\/","logo":{"@type":"ImageObject","inLanguage":"en-US","@id":"https:\/\/librairie7l.com\/en\/#\/schema\/logo\/image\/","url":"https:\/\/librairie7l.com\/wp-content\/uploads\/2022\/08\/logo-1.png","contentUrl":"https:\/\/librairie7l.com\/wp-content\/uploads\/2022\/08\/logo-1.png","width":227,"height":301,"caption":"Librairie 7L"},"image":{"@id":"https:\/\/librairie7l.com\/en\/#\/schema\/logo\/image\/"}}]}},"_links":{"self":[{"href":"https:\/\/librairie7l.com\/en\/wp-json\/wp\/v2\/product\/27147"}],"collection":[{"href":"https:\/\/librairie7l.com\/en\/wp-json\/wp\/v2\/product"}],"about":[{"href":"https:\/\/librairie7l.com\/en\/wp-json\/wp\/v2\/types\/product"}],"wp:featuredmedia":[{"embeddable":true,"href":"https:\/\/librairie7l.com\/en\/wp-json\/wp\/v2\/media\/27145"}],"wp:attachment":[{"href":"https:\/\/librairie7l.com\/en\/wp-json\/wp\/v2\/media?parent=27147"}],"wp:term":[{"taxonomy":"product_cat","embeddable":true,"href":"https:\/\/librairie7l.com\/en\/wp-json\/wp\/v2\/product_cat?post=27147"},{"taxonomy":"product_tag","embeddable":true,"href":"https:\/\/librairie7l.com\/en\/wp-json\/wp\/v2\/product_tag?post=27147"}],"curies":[{"name":"wp","href":"https:\/\/api.w.org\/{rel}","templated":true}]}}