{"id":27167,"date":"2023-05-10T12:54:10","date_gmt":"2023-05-10T10:54:10","guid":{"rendered":"https:\/\/librairie7l.com\/?post_type=product&#038;p=27167"},"modified":"2026-04-27T04:56:06","modified_gmt":"2026-04-27T02:56:06","slug":"karl","status":"publish","type":"product","link":"https:\/\/librairie7l.com\/en\/produit\/karl\/","title":{"rendered":"KARL"},"content":{"rendered":"<p>Roi de l&#8217;autofiction, Karl Lagerfeld \u00e9tait le premier narrateur de sa propre vie. Le personnage ambivalent, qu&#8217;il a savamment \u00e9labor\u00e9, a pass\u00e9 quatre-vingt-cinq ans \u00e0 se r\u00e9inventer pour ne jamais regarder en arri\u00e8re, vers un pass\u00e9 trop terrifiant \u00e0 contempler. Cr\u00e9ateur inspir\u00e9, dot\u00e9 d&#8217;une culture immense, d\u00e9pensier jusqu&#8217;\u00e0 fr\u00f4ler la ruine, outrancier dans ses mani\u00e8res, insatiable dans le travail, asexu\u00e9 et hygi\u00e9niste, roi des piques et des bons mots, ultra-sensible et arrogant, solitaire rarement seul, b\u00eate m\u00e9diatique toujours \u00e0 la lisi\u00e8re du borderline, Karl Lagerfeld a eu plusieurs vies. Il a rajeuni, grossi, maigri, noy\u00e9 sa m\u00e9lancolie dans le travail apr\u00e8s la mort de son seul amour, Jacques de Bascher, dandy d\u00e9sinvolte et strict oppos\u00e9, qui suscita aussi la passion d\u00e9vorante d&#8217;Yves Saint Laurent et brisa la longue amiti\u00e9 des deux couturiers.<\/p>\n<p>Cette biographie raconte les multiples existences de cet homme hors norme et, \u00e0 travers elles, une histoire de la mode, qu&#8217;il a contribu\u00e9 \u00e0 r\u00e9volutionner. Elle est le fruit d&#8217;une longue enqu\u00eate commenc\u00e9e avec deux entretiens exclusifs accord\u00e9s \u00e0 l&#8217;auteure par Karl Lagerfeld lui-m\u00eame et enrichie par les t\u00e9moignages de ses proches et de nombreuses personnalit\u00e9s : la princesse de Hanovre, Bernard et H\u00e9l\u00e8ne Arnault, Silvia Fendi, Bruno Pavlovsky, Tom Ford, Alessandro Michele, Valentino, Carine Roitfeld, Claudia Schiff er, In\u00e8s de La Fressange, Linda Evangelista, Tadao Ando, Fran Lebowitz&#8230;<\/p>\n","protected":false},"excerpt":{"rendered":"<p>Roi de l&#8217;autofiction, Karl Lagerfeld \u00e9tait le premier narrateur de sa propre vie. Le personnage ambivalent, qu&#8217;il a savamment \u00e9labor\u00e9, a pass\u00e9 quatre-vingt-cinq ans \u00e0 se r\u00e9inventer pour ne jamais regarder en arri\u00e8re, vers un pass\u00e9 trop terrifiant \u00e0 contempler. Cr\u00e9ateur inspir\u00e9, dot\u00e9 d&#8217;une culture immense, d\u00e9pensier jusqu&#8217;\u00e0 fr\u00f4ler la ruine, outrancier dans ses mani\u00e8res, [&hellip;]<\/p>\n","protected":false},"featured_media":27165,"template":"","meta":[],"product_cat":[55,2948,2957,19],"product_tag":[],"acf":[],"yoast_head":"<!-- This site is optimized with the Yoast SEO plugin v20.11 - https:\/\/yoast.com\/wordpress\/plugins\/seo\/ -->\n<title>KARL - Librairie 7L<\/title>\n<meta name=\"robots\" content=\"index, follow, max-snippet:-1, max-image-preview:large, max-video-preview:-1\" \/>\n<link rel=\"canonical\" href=\"https:\/\/librairie7l.com\/en\/produit\/karl\/\" \/>\n<meta property=\"og:locale\" content=\"en_US\" \/>\n<meta property=\"og:type\" content=\"article\" \/>\n<meta property=\"og:title\" content=\"KARL - Librairie 7L\" \/>\n<meta property=\"og:description\" content=\"Roi de l&#8217;autofiction, Karl Lagerfeld \u00e9tait le premier narrateur de sa propre vie. Le personnage ambivalent, qu&#8217;il a savamment \u00e9labor\u00e9, a pass\u00e9 quatre-vingt-cinq ans \u00e0 se r\u00e9inventer pour ne jamais regarder en arri\u00e8re, vers un pass\u00e9 trop terrifiant \u00e0 contempler. Cr\u00e9ateur inspir\u00e9, dot\u00e9 d&#8217;une culture immense, d\u00e9pensier jusqu&#8217;\u00e0 fr\u00f4ler la ruine, outrancier dans ses mani\u00e8res, [&hellip;]\" \/>\n<meta property=\"og:url\" content=\"https:\/\/librairie7l.com\/en\/produit\/karl\/\" \/>\n<meta property=\"og:site_name\" content=\"Librairie 7L\" \/>\n<meta property=\"article:modified_time\" content=\"2026-04-27T02:56:06+00:00\" \/>\n<meta property=\"og:image\" content=\"https:\/\/librairie7l.com\/wp-content\/uploads\/2021\/04\/9782221255483_1_75.jpg\" \/>\n\t<meta property=\"og:image:width\" content=\"400\" \/>\n\t<meta property=\"og:image:height\" content=\"621\" \/>\n\t<meta property=\"og:image:type\" content=\"image\/jpeg\" \/>\n<meta name=\"twitter:card\" content=\"summary_large_image\" \/>\n<meta name=\"twitter:label1\" content=\"Est. reading time\" \/>\n\t<meta name=\"twitter:data1\" content=\"1 minute\" \/>\n<script type=\"application\/ld+json\" class=\"yoast-schema-graph\">{\"@context\":\"https:\/\/schema.org\",\"@graph\":[{\"@type\":\"WebPage\",\"@id\":\"https:\/\/librairie7l.com\/en\/produit\/karl\/\",\"url\":\"https:\/\/librairie7l.com\/en\/produit\/karl\/\",\"name\":\"KARL - Librairie 7L\",\"isPartOf\":{\"@id\":\"https:\/\/librairie7l.com\/en\/#website\"},\"datePublished\":\"2023-05-10T10:54:10+00:00\",\"dateModified\":\"2026-04-27T02:56:06+00:00\",\"breadcrumb\":{\"@id\":\"https:\/\/librairie7l.com\/en\/produit\/karl\/#breadcrumb\"},\"inLanguage\":\"en-US\",\"potentialAction\":[{\"@type\":\"ReadAction\",\"target\":[\"https:\/\/librairie7l.com\/en\/produit\/karl\/\"]}]},{\"@type\":\"BreadcrumbList\",\"@id\":\"https:\/\/librairie7l.com\/en\/produit\/karl\/#breadcrumb\",\"itemListElement\":[{\"@type\":\"ListItem\",\"position\":1,\"name\":\"Accueil\",\"item\":\"https:\/\/librairie7l.com\/en\/\"},{\"@type\":\"ListItem\",\"position\":2,\"name\":\"Shop\",\"item\":\"https:\/\/librairie7l.com\/en\/shop\/\"},{\"@type\":\"ListItem\",\"position\":3,\"name\":\"KARL\"}]},{\"@type\":\"WebSite\",\"@id\":\"https:\/\/librairie7l.com\/en\/#website\",\"url\":\"https:\/\/librairie7l.com\/en\/\",\"name\":\"Librairie 7L\",\"description\":\"Librairie fond\u00e9e en 1999 par Karl Lagerfeld \u00e0 Paris\",\"publisher\":{\"@id\":\"https:\/\/librairie7l.com\/en\/#organization\"},\"potentialAction\":[{\"@type\":\"SearchAction\",\"target\":{\"@type\":\"EntryPoint\",\"urlTemplate\":\"https:\/\/librairie7l.com\/en\/?s={search_term_string}\"},\"query-input\":\"required name=search_term_string\"}],\"inLanguage\":\"en-US\"},{\"@type\":\"Organization\",\"@id\":\"https:\/\/librairie7l.com\/en\/#organization\",\"name\":\"Librairie 7L\",\"url\":\"https:\/\/librairie7l.com\/en\/\",\"logo\":{\"@type\":\"ImageObject\",\"inLanguage\":\"en-US\",\"@id\":\"https:\/\/librairie7l.com\/en\/#\/schema\/logo\/image\/\",\"url\":\"https:\/\/librairie7l.com\/wp-content\/uploads\/2022\/08\/logo-1.png\",\"contentUrl\":\"https:\/\/librairie7l.com\/wp-content\/uploads\/2022\/08\/logo-1.png\",\"width\":227,\"height\":301,\"caption\":\"Librairie 7L\"},\"image\":{\"@id\":\"https:\/\/librairie7l.com\/en\/#\/schema\/logo\/image\/\"}}]}<\/script>\n<!-- \/ Yoast SEO plugin. -->","yoast_head_json":{"title":"KARL - Librairie 7L","robots":{"index":"index","follow":"follow","max-snippet":"max-snippet:-1","max-image-preview":"max-image-preview:large","max-video-preview":"max-video-preview:-1"},"canonical":"https:\/\/librairie7l.com\/en\/produit\/karl\/","og_locale":"en_US","og_type":"article","og_title":"KARL - Librairie 7L","og_description":"Roi de l&#8217;autofiction, Karl Lagerfeld \u00e9tait le premier narrateur de sa propre vie. Le personnage ambivalent, qu&#8217;il a savamment \u00e9labor\u00e9, a pass\u00e9 quatre-vingt-cinq ans \u00e0 se r\u00e9inventer pour ne jamais regarder en arri\u00e8re, vers un pass\u00e9 trop terrifiant \u00e0 contempler. Cr\u00e9ateur inspir\u00e9, dot\u00e9 d&#8217;une culture immense, d\u00e9pensier jusqu&#8217;\u00e0 fr\u00f4ler la ruine, outrancier dans ses mani\u00e8res, [&hellip;]","og_url":"https:\/\/librairie7l.com\/en\/produit\/karl\/","og_site_name":"Librairie 7L","article_modified_time":"2026-04-27T02:56:06+00:00","og_image":[{"width":400,"height":621,"url":"https:\/\/librairie7l.com\/wp-content\/uploads\/2021\/04\/9782221255483_1_75.jpg","type":"image\/jpeg"}],"twitter_card":"summary_large_image","twitter_misc":{"Est. reading time":"1 minute"},"schema":{"@context":"https:\/\/schema.org","@graph":[{"@type":"WebPage","@id":"https:\/\/librairie7l.com\/en\/produit\/karl\/","url":"https:\/\/librairie7l.com\/en\/produit\/karl\/","name":"KARL - Librairie 7L","isPartOf":{"@id":"https:\/\/librairie7l.com\/en\/#website"},"datePublished":"2023-05-10T10:54:10+00:00","dateModified":"2026-04-27T02:56:06+00:00","breadcrumb":{"@id":"https:\/\/librairie7l.com\/en\/produit\/karl\/#breadcrumb"},"inLanguage":"en-US","potentialAction":[{"@type":"ReadAction","target":["https:\/\/librairie7l.com\/en\/produit\/karl\/"]}]},{"@type":"BreadcrumbList","@id":"https:\/\/librairie7l.com\/en\/produit\/karl\/#breadcrumb","itemListElement":[{"@type":"ListItem","position":1,"name":"Accueil","item":"https:\/\/librairie7l.com\/en\/"},{"@type":"ListItem","position":2,"name":"Shop","item":"https:\/\/librairie7l.com\/en\/shop\/"},{"@type":"ListItem","position":3,"name":"KARL"}]},{"@type":"WebSite","@id":"https:\/\/librairie7l.com\/en\/#website","url":"https:\/\/librairie7l.com\/en\/","name":"Librairie 7L","description":"Librairie fond\u00e9e en 1999 par Karl Lagerfeld \u00e0 Paris","publisher":{"@id":"https:\/\/librairie7l.com\/en\/#organization"},"potentialAction":[{"@type":"SearchAction","target":{"@type":"EntryPoint","urlTemplate":"https:\/\/librairie7l.com\/en\/?s={search_term_string}"},"query-input":"required name=search_term_string"}],"inLanguage":"en-US"},{"@type":"Organization","@id":"https:\/\/librairie7l.com\/en\/#organization","name":"Librairie 7L","url":"https:\/\/librairie7l.com\/en\/","logo":{"@type":"ImageObject","inLanguage":"en-US","@id":"https:\/\/librairie7l.com\/en\/#\/schema\/logo\/image\/","url":"https:\/\/librairie7l.com\/wp-content\/uploads\/2022\/08\/logo-1.png","contentUrl":"https:\/\/librairie7l.com\/wp-content\/uploads\/2022\/08\/logo-1.png","width":227,"height":301,"caption":"Librairie 7L"},"image":{"@id":"https:\/\/librairie7l.com\/en\/#\/schema\/logo\/image\/"}}]}},"_links":{"self":[{"href":"https:\/\/librairie7l.com\/en\/wp-json\/wp\/v2\/product\/27167"}],"collection":[{"href":"https:\/\/librairie7l.com\/en\/wp-json\/wp\/v2\/product"}],"about":[{"href":"https:\/\/librairie7l.com\/en\/wp-json\/wp\/v2\/types\/product"}],"wp:featuredmedia":[{"embeddable":true,"href":"https:\/\/librairie7l.com\/en\/wp-json\/wp\/v2\/media\/27165"}],"wp:attachment":[{"href":"https:\/\/librairie7l.com\/en\/wp-json\/wp\/v2\/media?parent=27167"}],"wp:term":[{"taxonomy":"product_cat","embeddable":true,"href":"https:\/\/librairie7l.com\/en\/wp-json\/wp\/v2\/product_cat?post=27167"},{"taxonomy":"product_tag","embeddable":true,"href":"https:\/\/librairie7l.com\/en\/wp-json\/wp\/v2\/product_tag?post=27167"}],"curies":[{"name":"wp","href":"https:\/\/api.w.org\/{rel}","templated":true}]}}