{"id":27171,"date":"2023-05-10T12:54:14","date_gmt":"2023-05-10T10:54:14","guid":{"rendered":"https:\/\/librairie7l.com\/?post_type=product&#038;p=27171"},"modified":"2026-04-11T02:40:50","modified_gmt":"2026-04-11T00:40:50","slug":"les-bijoux-art-et-techniques","status":"publish","type":"product","link":"https:\/\/librairie7l.com\/en\/produit\/les-bijoux-art-et-techniques\/","title":{"rendered":"LES BIJOUX : ART ET TECHNIQUES"},"content":{"rendered":"<p>La fin du XXe si\u00e8cle a vu se dessiner une \u00e9volution radicale du m\u00e9tier de bijoutier : les techniques classiques ne sont pas abandonn\u00e9es, mais leur champ d&#8217;application sont \u00e9largis pour mieux les adapter \u00e0 l&#8217;esth\u00e9tique contemporaine, friande d&#8217;expressivit\u00e9, d&#8217;audace, de contenu. Le livre de Carles Codina permet de s&#8217;initier \u00e0 cette r\u00e9cente diversification des mat\u00e9riaux et des techniques.<br \/>\nApr\u00e8s un rappel des propri\u00e9t\u00e9s des m\u00e9taux, il commence par aborder les techniques de base permettant d&#8217;utiliser l&#8217;or et l&#8217;argent : laminage, \u00e9tirage, tubes, d\u00e9coupe, per\u00e7age, fraisage, assemblages, forgeage, traitement des articulations, etc.<br \/>\nLes techniques de finition, si importantes pour l&#8217;aspect final du bijou, sont ensuite d\u00e9crites en d\u00e9tails : gravure, fils, granulation, texturage et polissage, sans oublier les colorations et les patines.<br \/>\nLes techniques annexes, de plus en plus nombreuses, viennent compl\u00e9ter cet expos\u00e9 : ciselage, laque japonaise, \u00e9maux, monture des pierres, sertissage et fonte \u00e0 cire perdue.<br \/>\nEnfin, la r\u00e9alisation de sept bijoux est d\u00e9taill\u00e9e pas-\u00e0-pas. Du pendentif cisel\u00e9 au collier en mailles palmier en passant par une broche sertie de pierres, le lecteur est invit\u00e9 \u00e0 mettre en pratique les techniques abord\u00e9es \u00e0 travers plusieurs exercices concrets, pr\u00e9sent\u00e9s \u00e9tape par \u00e9tape, images \u00e0 l&#8217;appui.<br \/>\nCe livre d&#8217;initiation s&#8217;adresse aux artisans bijoutiers, joailliers ou orf\u00e8vres, qu&#8217;ils soient en apprentissage, autodidactes ou amateurs.<\/p>\n","protected":false},"excerpt":{"rendered":"<p>La fin du XXe si\u00e8cle a vu se dessiner une \u00e9volution radicale du m\u00e9tier de bijoutier : les techniques classiques ne sont pas abandonn\u00e9es, mais leur champ d&#8217;application sont \u00e9largis pour mieux les adapter \u00e0 l&#8217;esth\u00e9tique contemporaine, friande d&#8217;expressivit\u00e9, d&#8217;audace, de contenu. Le livre de Carles Codina permet de s&#8217;initier \u00e0 cette r\u00e9cente diversification des [&hellip;]<\/p>\n","protected":false},"featured_media":27169,"template":"","meta":[],"product_cat":[55,2948,2957,19],"product_tag":[],"acf":[],"yoast_head":"<!-- This site is optimized with the Yoast SEO plugin v20.11 - https:\/\/yoast.com\/wordpress\/plugins\/seo\/ -->\n<title>LES BIJOUX : ART ET TECHNIQUES - Librairie 7L<\/title>\n<meta name=\"robots\" content=\"index, follow, max-snippet:-1, max-image-preview:large, max-video-preview:-1\" \/>\n<link rel=\"canonical\" href=\"https:\/\/librairie7l.com\/en\/produit\/les-bijoux-art-et-techniques\/\" \/>\n<meta property=\"og:locale\" content=\"en_US\" \/>\n<meta property=\"og:type\" content=\"article\" \/>\n<meta property=\"og:title\" content=\"LES BIJOUX : ART ET TECHNIQUES - Librairie 7L\" \/>\n<meta property=\"og:description\" content=\"La fin du XXe si\u00e8cle a vu se dessiner une \u00e9volution radicale du m\u00e9tier de bijoutier : les techniques classiques ne sont pas abandonn\u00e9es, mais leur champ d&#8217;application sont \u00e9largis pour mieux les adapter \u00e0 l&#8217;esth\u00e9tique contemporaine, friande d&#8217;expressivit\u00e9, d&#8217;audace, de contenu. Le livre de Carles Codina permet de s&#8217;initier \u00e0 cette r\u00e9cente diversification des [&hellip;]\" \/>\n<meta property=\"og:url\" content=\"https:\/\/librairie7l.com\/en\/produit\/les-bijoux-art-et-techniques\/\" \/>\n<meta property=\"og:site_name\" content=\"Librairie 7L\" \/>\n<meta property=\"article:modified_time\" content=\"2026-04-11T00:40:50+00:00\" \/>\n<meta property=\"og:image\" content=\"https:\/\/librairie7l.com\/wp-content\/uploads\/2022\/02\/9782851012562_1_75.jpg\" \/>\n\t<meta property=\"og:image:width\" content=\"600\" \/>\n\t<meta property=\"og:image:height\" content=\"800\" \/>\n\t<meta property=\"og:image:type\" content=\"image\/jpeg\" \/>\n<meta name=\"twitter:card\" content=\"summary_large_image\" \/>\n<meta name=\"twitter:label1\" content=\"Est. reading time\" \/>\n\t<meta name=\"twitter:data1\" content=\"1 minute\" \/>\n<script type=\"application\/ld+json\" class=\"yoast-schema-graph\">{\"@context\":\"https:\/\/schema.org\",\"@graph\":[{\"@type\":\"WebPage\",\"@id\":\"https:\/\/librairie7l.com\/en\/produit\/les-bijoux-art-et-techniques\/\",\"url\":\"https:\/\/librairie7l.com\/en\/produit\/les-bijoux-art-et-techniques\/\",\"name\":\"LES BIJOUX : ART ET TECHNIQUES - Librairie 7L\",\"isPartOf\":{\"@id\":\"https:\/\/librairie7l.com\/en\/#website\"},\"datePublished\":\"2023-05-10T10:54:14+00:00\",\"dateModified\":\"2026-04-11T00:40:50+00:00\",\"breadcrumb\":{\"@id\":\"https:\/\/librairie7l.com\/en\/produit\/les-bijoux-art-et-techniques\/#breadcrumb\"},\"inLanguage\":\"en-US\",\"potentialAction\":[{\"@type\":\"ReadAction\",\"target\":[\"https:\/\/librairie7l.com\/en\/produit\/les-bijoux-art-et-techniques\/\"]}]},{\"@type\":\"BreadcrumbList\",\"@id\":\"https:\/\/librairie7l.com\/en\/produit\/les-bijoux-art-et-techniques\/#breadcrumb\",\"itemListElement\":[{\"@type\":\"ListItem\",\"position\":1,\"name\":\"Accueil\",\"item\":\"https:\/\/librairie7l.com\/en\/\"},{\"@type\":\"ListItem\",\"position\":2,\"name\":\"Shop\",\"item\":\"https:\/\/librairie7l.com\/en\/shop\/\"},{\"@type\":\"ListItem\",\"position\":3,\"name\":\"LES BIJOUX : ART ET TECHNIQUES\"}]},{\"@type\":\"WebSite\",\"@id\":\"https:\/\/librairie7l.com\/en\/#website\",\"url\":\"https:\/\/librairie7l.com\/en\/\",\"name\":\"Librairie 7L\",\"description\":\"Librairie fond\u00e9e en 1999 par Karl Lagerfeld \u00e0 Paris\",\"publisher\":{\"@id\":\"https:\/\/librairie7l.com\/en\/#organization\"},\"potentialAction\":[{\"@type\":\"SearchAction\",\"target\":{\"@type\":\"EntryPoint\",\"urlTemplate\":\"https:\/\/librairie7l.com\/en\/?s={search_term_string}\"},\"query-input\":\"required name=search_term_string\"}],\"inLanguage\":\"en-US\"},{\"@type\":\"Organization\",\"@id\":\"https:\/\/librairie7l.com\/en\/#organization\",\"name\":\"Librairie 7L\",\"url\":\"https:\/\/librairie7l.com\/en\/\",\"logo\":{\"@type\":\"ImageObject\",\"inLanguage\":\"en-US\",\"@id\":\"https:\/\/librairie7l.com\/en\/#\/schema\/logo\/image\/\",\"url\":\"https:\/\/librairie7l.com\/wp-content\/uploads\/2022\/08\/logo-1.png\",\"contentUrl\":\"https:\/\/librairie7l.com\/wp-content\/uploads\/2022\/08\/logo-1.png\",\"width\":227,\"height\":301,\"caption\":\"Librairie 7L\"},\"image\":{\"@id\":\"https:\/\/librairie7l.com\/en\/#\/schema\/logo\/image\/\"}}]}<\/script>\n<!-- \/ Yoast SEO plugin. -->","yoast_head_json":{"title":"LES BIJOUX : ART ET TECHNIQUES - Librairie 7L","robots":{"index":"index","follow":"follow","max-snippet":"max-snippet:-1","max-image-preview":"max-image-preview:large","max-video-preview":"max-video-preview:-1"},"canonical":"https:\/\/librairie7l.com\/en\/produit\/les-bijoux-art-et-techniques\/","og_locale":"en_US","og_type":"article","og_title":"LES BIJOUX : ART ET TECHNIQUES - Librairie 7L","og_description":"La fin du XXe si\u00e8cle a vu se dessiner une \u00e9volution radicale du m\u00e9tier de bijoutier : les techniques classiques ne sont pas abandonn\u00e9es, mais leur champ d&#8217;application sont \u00e9largis pour mieux les adapter \u00e0 l&#8217;esth\u00e9tique contemporaine, friande d&#8217;expressivit\u00e9, d&#8217;audace, de contenu. Le livre de Carles Codina permet de s&#8217;initier \u00e0 cette r\u00e9cente diversification des [&hellip;]","og_url":"https:\/\/librairie7l.com\/en\/produit\/les-bijoux-art-et-techniques\/","og_site_name":"Librairie 7L","article_modified_time":"2026-04-11T00:40:50+00:00","og_image":[{"width":600,"height":800,"url":"https:\/\/librairie7l.com\/wp-content\/uploads\/2022\/02\/9782851012562_1_75.jpg","type":"image\/jpeg"}],"twitter_card":"summary_large_image","twitter_misc":{"Est. reading time":"1 minute"},"schema":{"@context":"https:\/\/schema.org","@graph":[{"@type":"WebPage","@id":"https:\/\/librairie7l.com\/en\/produit\/les-bijoux-art-et-techniques\/","url":"https:\/\/librairie7l.com\/en\/produit\/les-bijoux-art-et-techniques\/","name":"LES BIJOUX : ART ET TECHNIQUES - Librairie 7L","isPartOf":{"@id":"https:\/\/librairie7l.com\/en\/#website"},"datePublished":"2023-05-10T10:54:14+00:00","dateModified":"2026-04-11T00:40:50+00:00","breadcrumb":{"@id":"https:\/\/librairie7l.com\/en\/produit\/les-bijoux-art-et-techniques\/#breadcrumb"},"inLanguage":"en-US","potentialAction":[{"@type":"ReadAction","target":["https:\/\/librairie7l.com\/en\/produit\/les-bijoux-art-et-techniques\/"]}]},{"@type":"BreadcrumbList","@id":"https:\/\/librairie7l.com\/en\/produit\/les-bijoux-art-et-techniques\/#breadcrumb","itemListElement":[{"@type":"ListItem","position":1,"name":"Accueil","item":"https:\/\/librairie7l.com\/en\/"},{"@type":"ListItem","position":2,"name":"Shop","item":"https:\/\/librairie7l.com\/en\/shop\/"},{"@type":"ListItem","position":3,"name":"LES BIJOUX : ART ET TECHNIQUES"}]},{"@type":"WebSite","@id":"https:\/\/librairie7l.com\/en\/#website","url":"https:\/\/librairie7l.com\/en\/","name":"Librairie 7L","description":"Librairie fond\u00e9e en 1999 par Karl Lagerfeld \u00e0 Paris","publisher":{"@id":"https:\/\/librairie7l.com\/en\/#organization"},"potentialAction":[{"@type":"SearchAction","target":{"@type":"EntryPoint","urlTemplate":"https:\/\/librairie7l.com\/en\/?s={search_term_string}"},"query-input":"required name=search_term_string"}],"inLanguage":"en-US"},{"@type":"Organization","@id":"https:\/\/librairie7l.com\/en\/#organization","name":"Librairie 7L","url":"https:\/\/librairie7l.com\/en\/","logo":{"@type":"ImageObject","inLanguage":"en-US","@id":"https:\/\/librairie7l.com\/en\/#\/schema\/logo\/image\/","url":"https:\/\/librairie7l.com\/wp-content\/uploads\/2022\/08\/logo-1.png","contentUrl":"https:\/\/librairie7l.com\/wp-content\/uploads\/2022\/08\/logo-1.png","width":227,"height":301,"caption":"Librairie 7L"},"image":{"@id":"https:\/\/librairie7l.com\/en\/#\/schema\/logo\/image\/"}}]}},"_links":{"self":[{"href":"https:\/\/librairie7l.com\/en\/wp-json\/wp\/v2\/product\/27171"}],"collection":[{"href":"https:\/\/librairie7l.com\/en\/wp-json\/wp\/v2\/product"}],"about":[{"href":"https:\/\/librairie7l.com\/en\/wp-json\/wp\/v2\/types\/product"}],"wp:featuredmedia":[{"embeddable":true,"href":"https:\/\/librairie7l.com\/en\/wp-json\/wp\/v2\/media\/27169"}],"wp:attachment":[{"href":"https:\/\/librairie7l.com\/en\/wp-json\/wp\/v2\/media?parent=27171"}],"wp:term":[{"taxonomy":"product_cat","embeddable":true,"href":"https:\/\/librairie7l.com\/en\/wp-json\/wp\/v2\/product_cat?post=27171"},{"taxonomy":"product_tag","embeddable":true,"href":"https:\/\/librairie7l.com\/en\/wp-json\/wp\/v2\/product_tag?post=27171"}],"curies":[{"name":"wp","href":"https:\/\/api.w.org\/{rel}","templated":true}]}}