{"id":27175,"date":"2023-05-10T12:54:20","date_gmt":"2023-05-10T10:54:20","guid":{"rendered":"https:\/\/librairie7l.com\/?post_type=product&#038;p=27175"},"modified":"2026-04-20T14:36:52","modified_gmt":"2026-04-20T12:36:52","slug":"anni-et-josef-albers","status":"publish","type":"product","link":"https:\/\/librairie7l.com\/en\/produit\/anni-et-josef-albers\/","title":{"rendered":"ANNI ET JOSEF ALBERS"},"content":{"rendered":"<p>Une biographie visuelle spectaculaire et in\u00e9dite de deux pionniers de l&#8217;art et du design modernes.<\/p>\n<p>Le couple Albers, Josef peintre, designer et professeur et Anni artiste textile, tisseuse et graveuse comptent parmi les artistes abstraits les plus importants du XXe si\u00e8cle. Cette superbe monographie c\u00e9l\u00e8bre pour la premi\u00e8re fois leur incroyable cr\u00e9ativit\u00e9 et la relation forte qui liait ces deux ma\u00eetres. Cet ouvrage pr\u00e9sente leur vie et leur travail comme jamais, de leurs ann\u00e9es de formation au Bauhaus en Allemagne \u00e0 leur influence remarquable au Black Mountain College aux \u00c9tats-Unis en passant par leur p\u00e9riode extr\u00eamement productive dans le Connecticut.<\/p>\n","protected":false},"excerpt":{"rendered":"<p>Une biographie visuelle spectaculaire et in\u00e9dite de deux pionniers de l&#8217;art et du design modernes. Le couple Albers, Josef peintre, designer et professeur et Anni artiste textile, tisseuse et graveuse comptent parmi les artistes abstraits les plus importants du XXe si\u00e8cle. Cette superbe monographie c\u00e9l\u00e8bre pour la premi\u00e8re fois leur incroyable cr\u00e9ativit\u00e9 et la relation [&hellip;]<\/p>\n","protected":false},"featured_media":27173,"template":"","meta":[],"product_cat":[55,2948,47,2953],"product_tag":[],"acf":[],"yoast_head":"<!-- This site is optimized with the Yoast SEO plugin v20.11 - https:\/\/yoast.com\/wordpress\/plugins\/seo\/ -->\n<title>ANNI ET JOSEF ALBERS - Librairie 7L<\/title>\n<meta name=\"robots\" content=\"index, follow, max-snippet:-1, max-image-preview:large, max-video-preview:-1\" \/>\n<link rel=\"canonical\" href=\"https:\/\/librairie7l.com\/en\/produit\/anni-et-josef-albers\/\" \/>\n<meta property=\"og:locale\" content=\"en_US\" \/>\n<meta property=\"og:type\" content=\"article\" \/>\n<meta property=\"og:title\" content=\"ANNI ET JOSEF ALBERS - Librairie 7L\" \/>\n<meta property=\"og:description\" content=\"Une biographie visuelle spectaculaire et in\u00e9dite de deux pionniers de l&#8217;art et du design modernes. Le couple Albers, Josef peintre, designer et professeur et Anni artiste textile, tisseuse et graveuse comptent parmi les artistes abstraits les plus importants du XXe si\u00e8cle. Cette superbe monographie c\u00e9l\u00e8bre pour la premi\u00e8re fois leur incroyable cr\u00e9ativit\u00e9 et la relation [&hellip;]\" \/>\n<meta property=\"og:url\" content=\"https:\/\/librairie7l.com\/en\/produit\/anni-et-josef-albers\/\" \/>\n<meta property=\"og:site_name\" content=\"Librairie 7L\" \/>\n<meta property=\"article:modified_time\" content=\"2026-04-20T12:36:52+00:00\" \/>\n<meta property=\"og:image\" content=\"https:\/\/librairie7l.com\/wp-content\/uploads\/2020\/07\/9781838661731_1_75.jpg\" \/>\n\t<meta property=\"og:image:width\" content=\"600\" \/>\n\t<meta property=\"og:image:height\" content=\"747\" \/>\n\t<meta property=\"og:image:type\" content=\"image\/jpeg\" \/>\n<meta name=\"twitter:card\" content=\"summary_large_image\" \/>\n<meta name=\"twitter:label1\" content=\"Est. reading time\" \/>\n\t<meta name=\"twitter:data1\" content=\"1 minute\" \/>\n<script type=\"application\/ld+json\" class=\"yoast-schema-graph\">{\"@context\":\"https:\/\/schema.org\",\"@graph\":[{\"@type\":\"WebPage\",\"@id\":\"https:\/\/librairie7l.com\/en\/produit\/anni-et-josef-albers\/\",\"url\":\"https:\/\/librairie7l.com\/en\/produit\/anni-et-josef-albers\/\",\"name\":\"ANNI ET JOSEF ALBERS - Librairie 7L\",\"isPartOf\":{\"@id\":\"https:\/\/librairie7l.com\/en\/#website\"},\"datePublished\":\"2023-05-10T10:54:20+00:00\",\"dateModified\":\"2026-04-20T12:36:52+00:00\",\"breadcrumb\":{\"@id\":\"https:\/\/librairie7l.com\/en\/produit\/anni-et-josef-albers\/#breadcrumb\"},\"inLanguage\":\"en-US\",\"potentialAction\":[{\"@type\":\"ReadAction\",\"target\":[\"https:\/\/librairie7l.com\/en\/produit\/anni-et-josef-albers\/\"]}]},{\"@type\":\"BreadcrumbList\",\"@id\":\"https:\/\/librairie7l.com\/en\/produit\/anni-et-josef-albers\/#breadcrumb\",\"itemListElement\":[{\"@type\":\"ListItem\",\"position\":1,\"name\":\"Accueil\",\"item\":\"https:\/\/librairie7l.com\/en\/\"},{\"@type\":\"ListItem\",\"position\":2,\"name\":\"Shop\",\"item\":\"https:\/\/librairie7l.com\/en\/shop\/\"},{\"@type\":\"ListItem\",\"position\":3,\"name\":\"ANNI ET JOSEF ALBERS\"}]},{\"@type\":\"WebSite\",\"@id\":\"https:\/\/librairie7l.com\/en\/#website\",\"url\":\"https:\/\/librairie7l.com\/en\/\",\"name\":\"Librairie 7L\",\"description\":\"Librairie fond\u00e9e en 1999 par Karl Lagerfeld \u00e0 Paris\",\"publisher\":{\"@id\":\"https:\/\/librairie7l.com\/en\/#organization\"},\"potentialAction\":[{\"@type\":\"SearchAction\",\"target\":{\"@type\":\"EntryPoint\",\"urlTemplate\":\"https:\/\/librairie7l.com\/en\/?s={search_term_string}\"},\"query-input\":\"required name=search_term_string\"}],\"inLanguage\":\"en-US\"},{\"@type\":\"Organization\",\"@id\":\"https:\/\/librairie7l.com\/en\/#organization\",\"name\":\"Librairie 7L\",\"url\":\"https:\/\/librairie7l.com\/en\/\",\"logo\":{\"@type\":\"ImageObject\",\"inLanguage\":\"en-US\",\"@id\":\"https:\/\/librairie7l.com\/en\/#\/schema\/logo\/image\/\",\"url\":\"https:\/\/librairie7l.com\/wp-content\/uploads\/2022\/08\/logo-1.png\",\"contentUrl\":\"https:\/\/librairie7l.com\/wp-content\/uploads\/2022\/08\/logo-1.png\",\"width\":227,\"height\":301,\"caption\":\"Librairie 7L\"},\"image\":{\"@id\":\"https:\/\/librairie7l.com\/en\/#\/schema\/logo\/image\/\"}}]}<\/script>\n<!-- \/ Yoast SEO plugin. -->","yoast_head_json":{"title":"ANNI ET JOSEF ALBERS - Librairie 7L","robots":{"index":"index","follow":"follow","max-snippet":"max-snippet:-1","max-image-preview":"max-image-preview:large","max-video-preview":"max-video-preview:-1"},"canonical":"https:\/\/librairie7l.com\/en\/produit\/anni-et-josef-albers\/","og_locale":"en_US","og_type":"article","og_title":"ANNI ET JOSEF ALBERS - Librairie 7L","og_description":"Une biographie visuelle spectaculaire et in\u00e9dite de deux pionniers de l&#8217;art et du design modernes. Le couple Albers, Josef peintre, designer et professeur et Anni artiste textile, tisseuse et graveuse comptent parmi les artistes abstraits les plus importants du XXe si\u00e8cle. Cette superbe monographie c\u00e9l\u00e8bre pour la premi\u00e8re fois leur incroyable cr\u00e9ativit\u00e9 et la relation [&hellip;]","og_url":"https:\/\/librairie7l.com\/en\/produit\/anni-et-josef-albers\/","og_site_name":"Librairie 7L","article_modified_time":"2026-04-20T12:36:52+00:00","og_image":[{"width":600,"height":747,"url":"https:\/\/librairie7l.com\/wp-content\/uploads\/2020\/07\/9781838661731_1_75.jpg","type":"image\/jpeg"}],"twitter_card":"summary_large_image","twitter_misc":{"Est. reading time":"1 minute"},"schema":{"@context":"https:\/\/schema.org","@graph":[{"@type":"WebPage","@id":"https:\/\/librairie7l.com\/en\/produit\/anni-et-josef-albers\/","url":"https:\/\/librairie7l.com\/en\/produit\/anni-et-josef-albers\/","name":"ANNI ET JOSEF ALBERS - Librairie 7L","isPartOf":{"@id":"https:\/\/librairie7l.com\/en\/#website"},"datePublished":"2023-05-10T10:54:20+00:00","dateModified":"2026-04-20T12:36:52+00:00","breadcrumb":{"@id":"https:\/\/librairie7l.com\/en\/produit\/anni-et-josef-albers\/#breadcrumb"},"inLanguage":"en-US","potentialAction":[{"@type":"ReadAction","target":["https:\/\/librairie7l.com\/en\/produit\/anni-et-josef-albers\/"]}]},{"@type":"BreadcrumbList","@id":"https:\/\/librairie7l.com\/en\/produit\/anni-et-josef-albers\/#breadcrumb","itemListElement":[{"@type":"ListItem","position":1,"name":"Accueil","item":"https:\/\/librairie7l.com\/en\/"},{"@type":"ListItem","position":2,"name":"Shop","item":"https:\/\/librairie7l.com\/en\/shop\/"},{"@type":"ListItem","position":3,"name":"ANNI ET JOSEF ALBERS"}]},{"@type":"WebSite","@id":"https:\/\/librairie7l.com\/en\/#website","url":"https:\/\/librairie7l.com\/en\/","name":"Librairie 7L","description":"Librairie fond\u00e9e en 1999 par Karl Lagerfeld \u00e0 Paris","publisher":{"@id":"https:\/\/librairie7l.com\/en\/#organization"},"potentialAction":[{"@type":"SearchAction","target":{"@type":"EntryPoint","urlTemplate":"https:\/\/librairie7l.com\/en\/?s={search_term_string}"},"query-input":"required name=search_term_string"}],"inLanguage":"en-US"},{"@type":"Organization","@id":"https:\/\/librairie7l.com\/en\/#organization","name":"Librairie 7L","url":"https:\/\/librairie7l.com\/en\/","logo":{"@type":"ImageObject","inLanguage":"en-US","@id":"https:\/\/librairie7l.com\/en\/#\/schema\/logo\/image\/","url":"https:\/\/librairie7l.com\/wp-content\/uploads\/2022\/08\/logo-1.png","contentUrl":"https:\/\/librairie7l.com\/wp-content\/uploads\/2022\/08\/logo-1.png","width":227,"height":301,"caption":"Librairie 7L"},"image":{"@id":"https:\/\/librairie7l.com\/en\/#\/schema\/logo\/image\/"}}]}},"_links":{"self":[{"href":"https:\/\/librairie7l.com\/en\/wp-json\/wp\/v2\/product\/27175"}],"collection":[{"href":"https:\/\/librairie7l.com\/en\/wp-json\/wp\/v2\/product"}],"about":[{"href":"https:\/\/librairie7l.com\/en\/wp-json\/wp\/v2\/types\/product"}],"wp:featuredmedia":[{"embeddable":true,"href":"https:\/\/librairie7l.com\/en\/wp-json\/wp\/v2\/media\/27173"}],"wp:attachment":[{"href":"https:\/\/librairie7l.com\/en\/wp-json\/wp\/v2\/media?parent=27175"}],"wp:term":[{"taxonomy":"product_cat","embeddable":true,"href":"https:\/\/librairie7l.com\/en\/wp-json\/wp\/v2\/product_cat?post=27175"},{"taxonomy":"product_tag","embeddable":true,"href":"https:\/\/librairie7l.com\/en\/wp-json\/wp\/v2\/product_tag?post=27175"}],"curies":[{"name":"wp","href":"https:\/\/api.w.org\/{rel}","templated":true}]}}