{"id":27187,"date":"2023-05-10T12:54:39","date_gmt":"2023-05-10T10:54:39","guid":{"rendered":"https:\/\/librairie7l.com\/?post_type=product&#038;p=27187"},"modified":"2026-04-11T00:47:33","modified_gmt":"2026-04-10T22:47:33","slug":"japon-lartisanat-en-heritage","status":"publish","type":"product","link":"https:\/\/librairie7l.com\/en\/produit\/japon-lartisanat-en-heritage\/","title":{"rendered":"JAPON : L&#8217;ARTISANAT EN H\u00c9RITAGE"},"content":{"rendered":"<p>Qui n&#8217;a pas \u00e9prouv\u00e9 une v\u00e9ritable fascination devant la beaut\u00e9 de l&#8217;artisanat japonais  ?<br \/>\nDe l&#8217;\u00eele de Kyushu \u00e0 la capitale imp\u00e9riale de Kyoto, aux \u00e9tendues sauvages enneig\u00e9es de Hokkaido, d\u00e9couvrez les ateliers les plus remarquables et les ma\u00eetres artisans qui perp\u00e9tuent les techniques ancestrales  qu&#8217;ils sont parfois les derniers \u00e0 ma\u00eetriser, travaillant le bambou, la soie, le cuivre, l&#8217;\u00e9corce de cerisier.<br \/>\n\u00c9p\u00e9e de katana, d\u00e9licat fouet \u00e0 th\u00e9,  porcelaine Arita-yaki, ombrelle wagasa  : cet ouvrage c\u00e9l\u00e8bre l&#8217;histoire que les objets portent en eux et la transmission des savoir-faire.<\/p>\n","protected":false},"excerpt":{"rendered":"<p>Qui n&#8217;a pas \u00e9prouv\u00e9 une v\u00e9ritable fascination devant la beaut\u00e9 de l&#8217;artisanat japonais ? De l&#8217;\u00eele de Kyushu \u00e0 la capitale imp\u00e9riale de Kyoto, aux \u00e9tendues sauvages enneig\u00e9es de Hokkaido, d\u00e9couvrez les ateliers les plus remarquables et les ma\u00eetres artisans qui perp\u00e9tuent les techniques ancestrales qu&#8217;ils sont parfois les derniers \u00e0 ma\u00eetriser, travaillant le bambou, [&hellip;]<\/p>\n","protected":false},"featured_media":27185,"template":"","meta":[],"product_cat":[55,2948,18,2952],"product_tag":[],"acf":[],"yoast_head":"<!-- This site is optimized with the Yoast SEO plugin v20.11 - https:\/\/yoast.com\/wordpress\/plugins\/seo\/ -->\n<title>JAPON : L&#039;ARTISANAT EN H\u00c9RITAGE - Librairie 7L<\/title>\n<meta name=\"robots\" content=\"index, follow, max-snippet:-1, max-image-preview:large, max-video-preview:-1\" \/>\n<link rel=\"canonical\" href=\"https:\/\/librairie7l.com\/en\/produit\/japon-lartisanat-en-heritage\/\" \/>\n<meta property=\"og:locale\" content=\"en_US\" \/>\n<meta property=\"og:type\" content=\"article\" \/>\n<meta property=\"og:title\" content=\"JAPON : L&#039;ARTISANAT EN H\u00c9RITAGE - Librairie 7L\" \/>\n<meta property=\"og:description\" content=\"Qui n&#8217;a pas \u00e9prouv\u00e9 une v\u00e9ritable fascination devant la beaut\u00e9 de l&#8217;artisanat japonais ? De l&#8217;\u00eele de Kyushu \u00e0 la capitale imp\u00e9riale de Kyoto, aux \u00e9tendues sauvages enneig\u00e9es de Hokkaido, d\u00e9couvrez les ateliers les plus remarquables et les ma\u00eetres artisans qui perp\u00e9tuent les techniques ancestrales qu&#8217;ils sont parfois les derniers \u00e0 ma\u00eetriser, travaillant le bambou, [&hellip;]\" \/>\n<meta property=\"og:url\" content=\"https:\/\/librairie7l.com\/en\/produit\/japon-lartisanat-en-heritage\/\" \/>\n<meta property=\"og:site_name\" content=\"Librairie 7L\" \/>\n<meta property=\"article:modified_time\" content=\"2026-04-10T22:47:33+00:00\" \/>\n<meta property=\"og:image\" content=\"https:\/\/librairie7l.com\/wp-content\/uploads\/2021\/05\/9782376712336_1_75.jpg\" \/>\n\t<meta property=\"og:image:width\" content=\"600\" \/>\n\t<meta property=\"og:image:height\" content=\"752\" \/>\n\t<meta property=\"og:image:type\" content=\"image\/jpeg\" \/>\n<meta name=\"twitter:card\" content=\"summary_large_image\" \/>\n<script type=\"application\/ld+json\" class=\"yoast-schema-graph\">{\"@context\":\"https:\/\/schema.org\",\"@graph\":[{\"@type\":\"WebPage\",\"@id\":\"https:\/\/librairie7l.com\/en\/produit\/japon-lartisanat-en-heritage\/\",\"url\":\"https:\/\/librairie7l.com\/en\/produit\/japon-lartisanat-en-heritage\/\",\"name\":\"JAPON : L'ARTISANAT EN H\u00c9RITAGE - Librairie 7L\",\"isPartOf\":{\"@id\":\"https:\/\/librairie7l.com\/en\/#website\"},\"datePublished\":\"2023-05-10T10:54:39+00:00\",\"dateModified\":\"2026-04-10T22:47:33+00:00\",\"breadcrumb\":{\"@id\":\"https:\/\/librairie7l.com\/en\/produit\/japon-lartisanat-en-heritage\/#breadcrumb\"},\"inLanguage\":\"en-US\",\"potentialAction\":[{\"@type\":\"ReadAction\",\"target\":[\"https:\/\/librairie7l.com\/en\/produit\/japon-lartisanat-en-heritage\/\"]}]},{\"@type\":\"BreadcrumbList\",\"@id\":\"https:\/\/librairie7l.com\/en\/produit\/japon-lartisanat-en-heritage\/#breadcrumb\",\"itemListElement\":[{\"@type\":\"ListItem\",\"position\":1,\"name\":\"Accueil\",\"item\":\"https:\/\/librairie7l.com\/en\/\"},{\"@type\":\"ListItem\",\"position\":2,\"name\":\"Shop\",\"item\":\"https:\/\/librairie7l.com\/en\/shop\/\"},{\"@type\":\"ListItem\",\"position\":3,\"name\":\"JAPON : L&#8217;ARTISANAT EN H\u00c9RITAGE\"}]},{\"@type\":\"WebSite\",\"@id\":\"https:\/\/librairie7l.com\/en\/#website\",\"url\":\"https:\/\/librairie7l.com\/en\/\",\"name\":\"Librairie 7L\",\"description\":\"Librairie fond\u00e9e en 1999 par Karl Lagerfeld \u00e0 Paris\",\"publisher\":{\"@id\":\"https:\/\/librairie7l.com\/en\/#organization\"},\"potentialAction\":[{\"@type\":\"SearchAction\",\"target\":{\"@type\":\"EntryPoint\",\"urlTemplate\":\"https:\/\/librairie7l.com\/en\/?s={search_term_string}\"},\"query-input\":\"required name=search_term_string\"}],\"inLanguage\":\"en-US\"},{\"@type\":\"Organization\",\"@id\":\"https:\/\/librairie7l.com\/en\/#organization\",\"name\":\"Librairie 7L\",\"url\":\"https:\/\/librairie7l.com\/en\/\",\"logo\":{\"@type\":\"ImageObject\",\"inLanguage\":\"en-US\",\"@id\":\"https:\/\/librairie7l.com\/en\/#\/schema\/logo\/image\/\",\"url\":\"https:\/\/librairie7l.com\/wp-content\/uploads\/2022\/08\/logo-1.png\",\"contentUrl\":\"https:\/\/librairie7l.com\/wp-content\/uploads\/2022\/08\/logo-1.png\",\"width\":227,\"height\":301,\"caption\":\"Librairie 7L\"},\"image\":{\"@id\":\"https:\/\/librairie7l.com\/en\/#\/schema\/logo\/image\/\"}}]}<\/script>\n<!-- \/ Yoast SEO plugin. -->","yoast_head_json":{"title":"JAPON : L'ARTISANAT EN H\u00c9RITAGE - Librairie 7L","robots":{"index":"index","follow":"follow","max-snippet":"max-snippet:-1","max-image-preview":"max-image-preview:large","max-video-preview":"max-video-preview:-1"},"canonical":"https:\/\/librairie7l.com\/en\/produit\/japon-lartisanat-en-heritage\/","og_locale":"en_US","og_type":"article","og_title":"JAPON : L'ARTISANAT EN H\u00c9RITAGE - Librairie 7L","og_description":"Qui n&#8217;a pas \u00e9prouv\u00e9 une v\u00e9ritable fascination devant la beaut\u00e9 de l&#8217;artisanat japonais ? De l&#8217;\u00eele de Kyushu \u00e0 la capitale imp\u00e9riale de Kyoto, aux \u00e9tendues sauvages enneig\u00e9es de Hokkaido, d\u00e9couvrez les ateliers les plus remarquables et les ma\u00eetres artisans qui perp\u00e9tuent les techniques ancestrales qu&#8217;ils sont parfois les derniers \u00e0 ma\u00eetriser, travaillant le bambou, [&hellip;]","og_url":"https:\/\/librairie7l.com\/en\/produit\/japon-lartisanat-en-heritage\/","og_site_name":"Librairie 7L","article_modified_time":"2026-04-10T22:47:33+00:00","og_image":[{"width":600,"height":752,"url":"https:\/\/librairie7l.com\/wp-content\/uploads\/2021\/05\/9782376712336_1_75.jpg","type":"image\/jpeg"}],"twitter_card":"summary_large_image","schema":{"@context":"https:\/\/schema.org","@graph":[{"@type":"WebPage","@id":"https:\/\/librairie7l.com\/en\/produit\/japon-lartisanat-en-heritage\/","url":"https:\/\/librairie7l.com\/en\/produit\/japon-lartisanat-en-heritage\/","name":"JAPON : L'ARTISANAT EN H\u00c9RITAGE - Librairie 7L","isPartOf":{"@id":"https:\/\/librairie7l.com\/en\/#website"},"datePublished":"2023-05-10T10:54:39+00:00","dateModified":"2026-04-10T22:47:33+00:00","breadcrumb":{"@id":"https:\/\/librairie7l.com\/en\/produit\/japon-lartisanat-en-heritage\/#breadcrumb"},"inLanguage":"en-US","potentialAction":[{"@type":"ReadAction","target":["https:\/\/librairie7l.com\/en\/produit\/japon-lartisanat-en-heritage\/"]}]},{"@type":"BreadcrumbList","@id":"https:\/\/librairie7l.com\/en\/produit\/japon-lartisanat-en-heritage\/#breadcrumb","itemListElement":[{"@type":"ListItem","position":1,"name":"Accueil","item":"https:\/\/librairie7l.com\/en\/"},{"@type":"ListItem","position":2,"name":"Shop","item":"https:\/\/librairie7l.com\/en\/shop\/"},{"@type":"ListItem","position":3,"name":"JAPON : L&#8217;ARTISANAT EN H\u00c9RITAGE"}]},{"@type":"WebSite","@id":"https:\/\/librairie7l.com\/en\/#website","url":"https:\/\/librairie7l.com\/en\/","name":"Librairie 7L","description":"Librairie fond\u00e9e en 1999 par Karl Lagerfeld \u00e0 Paris","publisher":{"@id":"https:\/\/librairie7l.com\/en\/#organization"},"potentialAction":[{"@type":"SearchAction","target":{"@type":"EntryPoint","urlTemplate":"https:\/\/librairie7l.com\/en\/?s={search_term_string}"},"query-input":"required name=search_term_string"}],"inLanguage":"en-US"},{"@type":"Organization","@id":"https:\/\/librairie7l.com\/en\/#organization","name":"Librairie 7L","url":"https:\/\/librairie7l.com\/en\/","logo":{"@type":"ImageObject","inLanguage":"en-US","@id":"https:\/\/librairie7l.com\/en\/#\/schema\/logo\/image\/","url":"https:\/\/librairie7l.com\/wp-content\/uploads\/2022\/08\/logo-1.png","contentUrl":"https:\/\/librairie7l.com\/wp-content\/uploads\/2022\/08\/logo-1.png","width":227,"height":301,"caption":"Librairie 7L"},"image":{"@id":"https:\/\/librairie7l.com\/en\/#\/schema\/logo\/image\/"}}]}},"_links":{"self":[{"href":"https:\/\/librairie7l.com\/en\/wp-json\/wp\/v2\/product\/27187"}],"collection":[{"href":"https:\/\/librairie7l.com\/en\/wp-json\/wp\/v2\/product"}],"about":[{"href":"https:\/\/librairie7l.com\/en\/wp-json\/wp\/v2\/types\/product"}],"wp:featuredmedia":[{"embeddable":true,"href":"https:\/\/librairie7l.com\/en\/wp-json\/wp\/v2\/media\/27185"}],"wp:attachment":[{"href":"https:\/\/librairie7l.com\/en\/wp-json\/wp\/v2\/media?parent=27187"}],"wp:term":[{"taxonomy":"product_cat","embeddable":true,"href":"https:\/\/librairie7l.com\/en\/wp-json\/wp\/v2\/product_cat?post=27187"},{"taxonomy":"product_tag","embeddable":true,"href":"https:\/\/librairie7l.com\/en\/wp-json\/wp\/v2\/product_tag?post=27187"}],"curies":[{"name":"wp","href":"https:\/\/api.w.org\/{rel}","templated":true}]}}