{"id":27195,"date":"2023-05-10T12:54:58","date_gmt":"2023-05-10T10:54:58","guid":{"rendered":"https:\/\/librairie7l.com\/?post_type=product&#038;p=27195"},"modified":"2026-04-07T12:41:29","modified_gmt":"2026-04-07T10:41:29","slug":"gainsbourg-5-bis-rue-de-verneuil","status":"publish","type":"product","link":"https:\/\/librairie7l.com\/en\/produit\/gainsbourg-5-bis-rue-de-verneuil\/","title":{"rendered":"GAINSBOURG 5 BIS RUE DE VERNEUIL"},"content":{"rendered":"<p>\u00ab Voil\u00e0, c&#8217;est chez moi. Je ne sais pas ce que c&#8217;est : un sitting-room, une salle de musique, un bordel, un mus\u00e9e&#8230; \u00bbLe temps s&#8217;est arr\u00eat\u00e9 au 5 bis de la rue de Verneuil. Lieu parisien mythique, c&#8217;est l\u00e0 que Serge Gainsbourg a v\u00e9cu pendant plus de vingt ans. Il y a compos\u00e9 ses plus sublimes chansons et y a fa\u00e7onn\u00e9, au fil des ann\u00e9es, un univers esth\u00e9tique unique peupl\u00e9 de milliers d&#8217;objets et de souvenirs. Une fois pass\u00e9e la c\u00e9l\u00e8bre fa\u00e7ade recouverte de graffitis, et franchie la grille, on entre dans le grand salon tout tapiss\u00e9 de noir. C&#8217;est alors que commence la d\u00e9couverte de ce lieu fascinant. Oeuvre de d\u00e9corateur, de collectionneur et d&#8217;esth\u00e8te, l&#8217;h\u00f4tel particulier de Serge Gainsbourg fut aussi un lieu de vie, le repaire d&#8217;un des cr\u00e9ateurs les plus importants du si\u00e8cle dernier.<\/p>\n","protected":false},"excerpt":{"rendered":"<p>\u00ab Voil\u00e0, c&#8217;est chez moi. Je ne sais pas ce que c&#8217;est : un sitting-room, une salle de musique, un bordel, un mus\u00e9e&#8230; \u00bbLe temps s&#8217;est arr\u00eat\u00e9 au 5 bis de la rue de Verneuil. Lieu parisien mythique, c&#8217;est l\u00e0 que Serge Gainsbourg a v\u00e9cu pendant plus de vingt ans. Il y a compos\u00e9 ses [&hellip;]<\/p>\n","protected":false},"featured_media":27193,"template":"","meta":[],"product_cat":[55,2948,2958,17],"product_tag":[],"acf":[],"yoast_head":"<!-- This site is optimized with the Yoast SEO plugin v20.11 - https:\/\/yoast.com\/wordpress\/plugins\/seo\/ -->\n<title>GAINSBOURG 5 BIS RUE DE VERNEUIL - Librairie 7L<\/title>\n<meta name=\"robots\" content=\"index, follow, max-snippet:-1, max-image-preview:large, max-video-preview:-1\" \/>\n<link rel=\"canonical\" href=\"https:\/\/librairie7l.com\/en\/produit\/gainsbourg-5-bis-rue-de-verneuil\/\" \/>\n<meta property=\"og:locale\" content=\"en_US\" \/>\n<meta property=\"og:type\" content=\"article\" \/>\n<meta property=\"og:title\" content=\"GAINSBOURG 5 BIS RUE DE VERNEUIL - Librairie 7L\" \/>\n<meta property=\"og:description\" content=\"\u00ab Voil\u00e0, c&#8217;est chez moi. Je ne sais pas ce que c&#8217;est : un sitting-room, une salle de musique, un bordel, un mus\u00e9e&#8230; \u00bbLe temps s&#8217;est arr\u00eat\u00e9 au 5 bis de la rue de Verneuil. Lieu parisien mythique, c&#8217;est l\u00e0 que Serge Gainsbourg a v\u00e9cu pendant plus de vingt ans. Il y a compos\u00e9 ses [&hellip;]\" \/>\n<meta property=\"og:url\" content=\"https:\/\/librairie7l.com\/en\/produit\/gainsbourg-5-bis-rue-de-verneuil\/\" \/>\n<meta property=\"og:site_name\" content=\"Librairie 7L\" \/>\n<meta property=\"article:modified_time\" content=\"2026-04-07T10:41:29+00:00\" \/>\n<meta property=\"og:image\" content=\"https:\/\/librairie7l.com\/wp-content\/uploads\/2017\/06\/9782851209382_1_75.jpg\" \/>\n\t<meta property=\"og:image:width\" content=\"600\" \/>\n\t<meta property=\"og:image:height\" content=\"830\" \/>\n\t<meta property=\"og:image:type\" content=\"image\/jpeg\" \/>\n<meta name=\"twitter:card\" content=\"summary_large_image\" \/>\n<meta name=\"twitter:label1\" content=\"Est. reading time\" \/>\n\t<meta name=\"twitter:data1\" content=\"1 minute\" \/>\n<script type=\"application\/ld+json\" class=\"yoast-schema-graph\">{\"@context\":\"https:\/\/schema.org\",\"@graph\":[{\"@type\":\"WebPage\",\"@id\":\"https:\/\/librairie7l.com\/en\/produit\/gainsbourg-5-bis-rue-de-verneuil\/\",\"url\":\"https:\/\/librairie7l.com\/en\/produit\/gainsbourg-5-bis-rue-de-verneuil\/\",\"name\":\"GAINSBOURG 5 BIS RUE DE VERNEUIL - Librairie 7L\",\"isPartOf\":{\"@id\":\"https:\/\/librairie7l.com\/en\/#website\"},\"datePublished\":\"2023-05-10T10:54:58+00:00\",\"dateModified\":\"2026-04-07T10:41:29+00:00\",\"breadcrumb\":{\"@id\":\"https:\/\/librairie7l.com\/en\/produit\/gainsbourg-5-bis-rue-de-verneuil\/#breadcrumb\"},\"inLanguage\":\"en-US\",\"potentialAction\":[{\"@type\":\"ReadAction\",\"target\":[\"https:\/\/librairie7l.com\/en\/produit\/gainsbourg-5-bis-rue-de-verneuil\/\"]}]},{\"@type\":\"BreadcrumbList\",\"@id\":\"https:\/\/librairie7l.com\/en\/produit\/gainsbourg-5-bis-rue-de-verneuil\/#breadcrumb\",\"itemListElement\":[{\"@type\":\"ListItem\",\"position\":1,\"name\":\"Accueil\",\"item\":\"https:\/\/librairie7l.com\/en\/\"},{\"@type\":\"ListItem\",\"position\":2,\"name\":\"Shop\",\"item\":\"https:\/\/librairie7l.com\/en\/shop\/\"},{\"@type\":\"ListItem\",\"position\":3,\"name\":\"GAINSBOURG 5 BIS RUE DE VERNEUIL\"}]},{\"@type\":\"WebSite\",\"@id\":\"https:\/\/librairie7l.com\/en\/#website\",\"url\":\"https:\/\/librairie7l.com\/en\/\",\"name\":\"Librairie 7L\",\"description\":\"Librairie fond\u00e9e en 1999 par Karl Lagerfeld \u00e0 Paris\",\"publisher\":{\"@id\":\"https:\/\/librairie7l.com\/en\/#organization\"},\"potentialAction\":[{\"@type\":\"SearchAction\",\"target\":{\"@type\":\"EntryPoint\",\"urlTemplate\":\"https:\/\/librairie7l.com\/en\/?s={search_term_string}\"},\"query-input\":\"required name=search_term_string\"}],\"inLanguage\":\"en-US\"},{\"@type\":\"Organization\",\"@id\":\"https:\/\/librairie7l.com\/en\/#organization\",\"name\":\"Librairie 7L\",\"url\":\"https:\/\/librairie7l.com\/en\/\",\"logo\":{\"@type\":\"ImageObject\",\"inLanguage\":\"en-US\",\"@id\":\"https:\/\/librairie7l.com\/en\/#\/schema\/logo\/image\/\",\"url\":\"https:\/\/librairie7l.com\/wp-content\/uploads\/2022\/08\/logo-1.png\",\"contentUrl\":\"https:\/\/librairie7l.com\/wp-content\/uploads\/2022\/08\/logo-1.png\",\"width\":227,\"height\":301,\"caption\":\"Librairie 7L\"},\"image\":{\"@id\":\"https:\/\/librairie7l.com\/en\/#\/schema\/logo\/image\/\"}}]}<\/script>\n<!-- \/ Yoast SEO plugin. -->","yoast_head_json":{"title":"GAINSBOURG 5 BIS RUE DE VERNEUIL - Librairie 7L","robots":{"index":"index","follow":"follow","max-snippet":"max-snippet:-1","max-image-preview":"max-image-preview:large","max-video-preview":"max-video-preview:-1"},"canonical":"https:\/\/librairie7l.com\/en\/produit\/gainsbourg-5-bis-rue-de-verneuil\/","og_locale":"en_US","og_type":"article","og_title":"GAINSBOURG 5 BIS RUE DE VERNEUIL - Librairie 7L","og_description":"\u00ab Voil\u00e0, c&#8217;est chez moi. Je ne sais pas ce que c&#8217;est : un sitting-room, une salle de musique, un bordel, un mus\u00e9e&#8230; \u00bbLe temps s&#8217;est arr\u00eat\u00e9 au 5 bis de la rue de Verneuil. Lieu parisien mythique, c&#8217;est l\u00e0 que Serge Gainsbourg a v\u00e9cu pendant plus de vingt ans. Il y a compos\u00e9 ses [&hellip;]","og_url":"https:\/\/librairie7l.com\/en\/produit\/gainsbourg-5-bis-rue-de-verneuil\/","og_site_name":"Librairie 7L","article_modified_time":"2026-04-07T10:41:29+00:00","og_image":[{"width":600,"height":830,"url":"https:\/\/librairie7l.com\/wp-content\/uploads\/2017\/06\/9782851209382_1_75.jpg","type":"image\/jpeg"}],"twitter_card":"summary_large_image","twitter_misc":{"Est. reading time":"1 minute"},"schema":{"@context":"https:\/\/schema.org","@graph":[{"@type":"WebPage","@id":"https:\/\/librairie7l.com\/en\/produit\/gainsbourg-5-bis-rue-de-verneuil\/","url":"https:\/\/librairie7l.com\/en\/produit\/gainsbourg-5-bis-rue-de-verneuil\/","name":"GAINSBOURG 5 BIS RUE DE VERNEUIL - Librairie 7L","isPartOf":{"@id":"https:\/\/librairie7l.com\/en\/#website"},"datePublished":"2023-05-10T10:54:58+00:00","dateModified":"2026-04-07T10:41:29+00:00","breadcrumb":{"@id":"https:\/\/librairie7l.com\/en\/produit\/gainsbourg-5-bis-rue-de-verneuil\/#breadcrumb"},"inLanguage":"en-US","potentialAction":[{"@type":"ReadAction","target":["https:\/\/librairie7l.com\/en\/produit\/gainsbourg-5-bis-rue-de-verneuil\/"]}]},{"@type":"BreadcrumbList","@id":"https:\/\/librairie7l.com\/en\/produit\/gainsbourg-5-bis-rue-de-verneuil\/#breadcrumb","itemListElement":[{"@type":"ListItem","position":1,"name":"Accueil","item":"https:\/\/librairie7l.com\/en\/"},{"@type":"ListItem","position":2,"name":"Shop","item":"https:\/\/librairie7l.com\/en\/shop\/"},{"@type":"ListItem","position":3,"name":"GAINSBOURG 5 BIS RUE DE VERNEUIL"}]},{"@type":"WebSite","@id":"https:\/\/librairie7l.com\/en\/#website","url":"https:\/\/librairie7l.com\/en\/","name":"Librairie 7L","description":"Librairie fond\u00e9e en 1999 par Karl Lagerfeld \u00e0 Paris","publisher":{"@id":"https:\/\/librairie7l.com\/en\/#organization"},"potentialAction":[{"@type":"SearchAction","target":{"@type":"EntryPoint","urlTemplate":"https:\/\/librairie7l.com\/en\/?s={search_term_string}"},"query-input":"required name=search_term_string"}],"inLanguage":"en-US"},{"@type":"Organization","@id":"https:\/\/librairie7l.com\/en\/#organization","name":"Librairie 7L","url":"https:\/\/librairie7l.com\/en\/","logo":{"@type":"ImageObject","inLanguage":"en-US","@id":"https:\/\/librairie7l.com\/en\/#\/schema\/logo\/image\/","url":"https:\/\/librairie7l.com\/wp-content\/uploads\/2022\/08\/logo-1.png","contentUrl":"https:\/\/librairie7l.com\/wp-content\/uploads\/2022\/08\/logo-1.png","width":227,"height":301,"caption":"Librairie 7L"},"image":{"@id":"https:\/\/librairie7l.com\/en\/#\/schema\/logo\/image\/"}}]}},"_links":{"self":[{"href":"https:\/\/librairie7l.com\/en\/wp-json\/wp\/v2\/product\/27195"}],"collection":[{"href":"https:\/\/librairie7l.com\/en\/wp-json\/wp\/v2\/product"}],"about":[{"href":"https:\/\/librairie7l.com\/en\/wp-json\/wp\/v2\/types\/product"}],"wp:featuredmedia":[{"embeddable":true,"href":"https:\/\/librairie7l.com\/en\/wp-json\/wp\/v2\/media\/27193"}],"wp:attachment":[{"href":"https:\/\/librairie7l.com\/en\/wp-json\/wp\/v2\/media?parent=27195"}],"wp:term":[{"taxonomy":"product_cat","embeddable":true,"href":"https:\/\/librairie7l.com\/en\/wp-json\/wp\/v2\/product_cat?post=27195"},{"taxonomy":"product_tag","embeddable":true,"href":"https:\/\/librairie7l.com\/en\/wp-json\/wp\/v2\/product_tag?post=27195"}],"curies":[{"name":"wp","href":"https:\/\/api.w.org\/{rel}","templated":true}]}}