{"id":27207,"date":"2023-05-10T12:55:11","date_gmt":"2023-05-10T10:55:11","guid":{"rendered":"https:\/\/librairie7l.com\/?post_type=product&#038;p=27207"},"modified":"2026-04-11T00:45:02","modified_gmt":"2026-04-10T22:45:02","slug":"omar-victor-diop","status":"publish","type":"product","link":"https:\/\/librairie7l.com\/en\/produit\/omar-victor-diop\/","title":{"rendered":"OMAR VICTOR DIOP"},"content":{"rendered":"<p>\u00c0 41 ans, Omar Victor Diop est l&#8217;un des photographes les plus prometteurs de sa g\u00e9n\u00e9ration.<br \/>\nArtiste autodidacte, son oeuvre s&#8217;inscrit directement dans l&#8217;h\u00e9ritage de la photographie de studio africaine de Seydou Ke\u00efta, Mama Casset ou Malick Sidib\u00e9, un genre dont il a su s&#8217;approprier les codes tout en s&#8217;en affranchissant.<br \/>\nL&#8217;ouvrage Omar Victor Diop r\u00e9alis\u00e9 en collaboration avec la galerie MAGNIN-A, rassemble pour la premi\u00e8re fois les trois derni\u00e8res s\u00e9ries embl\u00e9matiques du photographe : Diaspora (2014), Liberty (2017) et Allegoria (2021).<br \/>\nDans Diaspora, Omar Victor Diop choisit l&#8217;art de l&#8217;autoportrait. Le photographe s\u00e9n\u00e9galais incarne dans ses images dix-huit figures de la diaspora africaine, aux destins hors du commun mais oubli\u00e9es de l&#8217;Histoire occidentale. En agr\u00e9mentant ses images d&#8217;objets li\u00e9s au football, il estompe la charge dramatique tout en propulsant ses personnages historiques dans le pr\u00e9sent.<br \/>\nIl les inscrit ainsi dans le d\u00e9bat sur l&#8217;immigration et l&#8217;insertion des \u00e9trangers dans les soci\u00e9t\u00e9s europ\u00e9ennes.<br \/>\nPour Liberty r\u00e9alis\u00e9e en 2017, Omar Victor Diop poursuit la mise en lumi\u00e8re du continent africain et de sa diaspora en proposant une lecture universelle de l&#8217;histoire de la protestation Noire. Par un jeu de r\u00e9f\u00e9rences visuelles m\u00ealant autoportraits et mises en sc\u00e8ne, l&#8217;artiste revisite les \u00e9v\u00e8nements marquants de cette histoire, certes diff\u00e9renci\u00e9s par le temps, la g\u00e9ographie et l&#8217;ampleur, mais reli\u00e9s par une m\u00eame qu\u00eate, celle de la libert\u00e9 trop souvent entrav\u00e9e.<br \/>\nAvec Allegoria, Omar Victor Diop entame un nouveau chapitre de son travail. Le photographe se saisit de la question fondamentale de l&#8217;environnement et de sa port\u00e9e sur le continent africain.<br \/>\nSes oeuvres figurent l&#8217;all\u00e9gorie d&#8217;une humanit\u00e9 soucieuse d&#8217;une nature qui pourrait n&#8217;\u00eatre plus qu&#8217;un souvenir des manuels d&#8217;histoire naturelle. L&#8217;Homme, abandonn\u00e9 \u00e0 sa douloureuse responsabilit\u00e9, recueille autour de lui cette Nature r\u00e9duite \u00e0 une repr\u00e9sentation.<\/p>\n","protected":false},"excerpt":{"rendered":"<p>\u00c0 41 ans, Omar Victor Diop est l&#8217;un des photographes les plus prometteurs de sa g\u00e9n\u00e9ration. Artiste autodidacte, son oeuvre s&#8217;inscrit directement dans l&#8217;h\u00e9ritage de la photographie de studio africaine de Seydou Ke\u00efta, Mama Casset ou Malick Sidib\u00e9, un genre dont il a su s&#8217;approprier les codes tout en s&#8217;en affranchissant. L&#8217;ouvrage Omar Victor Diop [&hellip;]<\/p>\n","protected":false},"featured_media":27205,"template":"","meta":[],"product_cat":[55,2948,2958,17],"product_tag":[],"acf":[],"yoast_head":"<!-- This site is optimized with the Yoast SEO plugin v20.11 - https:\/\/yoast.com\/wordpress\/plugins\/seo\/ -->\n<title>OMAR VICTOR DIOP - Librairie 7L<\/title>\n<meta name=\"robots\" content=\"index, follow, max-snippet:-1, max-image-preview:large, max-video-preview:-1\" \/>\n<link rel=\"canonical\" href=\"https:\/\/librairie7l.com\/en\/produit\/omar-victor-diop\/\" \/>\n<meta property=\"og:locale\" content=\"en_US\" \/>\n<meta property=\"og:type\" content=\"article\" \/>\n<meta property=\"og:title\" content=\"OMAR VICTOR DIOP - Librairie 7L\" \/>\n<meta property=\"og:description\" content=\"\u00c0 41 ans, Omar Victor Diop est l&#8217;un des photographes les plus prometteurs de sa g\u00e9n\u00e9ration. Artiste autodidacte, son oeuvre s&#8217;inscrit directement dans l&#8217;h\u00e9ritage de la photographie de studio africaine de Seydou Ke\u00efta, Mama Casset ou Malick Sidib\u00e9, un genre dont il a su s&#8217;approprier les codes tout en s&#8217;en affranchissant. L&#8217;ouvrage Omar Victor Diop [&hellip;]\" \/>\n<meta property=\"og:url\" content=\"https:\/\/librairie7l.com\/en\/produit\/omar-victor-diop\/\" \/>\n<meta property=\"og:site_name\" content=\"Librairie 7L\" \/>\n<meta property=\"article:modified_time\" content=\"2026-04-10T22:45:02+00:00\" \/>\n<meta property=\"og:image\" content=\"https:\/\/librairie7l.com\/wp-content\/uploads\/2021\/07\/9788874399932_1_75.jpg\" \/>\n\t<meta property=\"og:image:width\" content=\"462\" \/>\n\t<meta property=\"og:image:height\" content=\"615\" \/>\n\t<meta property=\"og:image:type\" content=\"image\/jpeg\" \/>\n<meta name=\"twitter:card\" content=\"summary_large_image\" \/>\n<meta name=\"twitter:label1\" content=\"Est. reading time\" \/>\n\t<meta name=\"twitter:data1\" content=\"2 minutes\" \/>\n<script type=\"application\/ld+json\" class=\"yoast-schema-graph\">{\"@context\":\"https:\/\/schema.org\",\"@graph\":[{\"@type\":\"WebPage\",\"@id\":\"https:\/\/librairie7l.com\/en\/produit\/omar-victor-diop\/\",\"url\":\"https:\/\/librairie7l.com\/en\/produit\/omar-victor-diop\/\",\"name\":\"OMAR VICTOR DIOP - Librairie 7L\",\"isPartOf\":{\"@id\":\"https:\/\/librairie7l.com\/en\/#website\"},\"datePublished\":\"2023-05-10T10:55:11+00:00\",\"dateModified\":\"2026-04-10T22:45:02+00:00\",\"breadcrumb\":{\"@id\":\"https:\/\/librairie7l.com\/en\/produit\/omar-victor-diop\/#breadcrumb\"},\"inLanguage\":\"en-US\",\"potentialAction\":[{\"@type\":\"ReadAction\",\"target\":[\"https:\/\/librairie7l.com\/en\/produit\/omar-victor-diop\/\"]}]},{\"@type\":\"BreadcrumbList\",\"@id\":\"https:\/\/librairie7l.com\/en\/produit\/omar-victor-diop\/#breadcrumb\",\"itemListElement\":[{\"@type\":\"ListItem\",\"position\":1,\"name\":\"Accueil\",\"item\":\"https:\/\/librairie7l.com\/en\/\"},{\"@type\":\"ListItem\",\"position\":2,\"name\":\"Shop\",\"item\":\"https:\/\/librairie7l.com\/en\/shop\/\"},{\"@type\":\"ListItem\",\"position\":3,\"name\":\"OMAR VICTOR DIOP\"}]},{\"@type\":\"WebSite\",\"@id\":\"https:\/\/librairie7l.com\/en\/#website\",\"url\":\"https:\/\/librairie7l.com\/en\/\",\"name\":\"Librairie 7L\",\"description\":\"Librairie fond\u00e9e en 1999 par Karl Lagerfeld \u00e0 Paris\",\"publisher\":{\"@id\":\"https:\/\/librairie7l.com\/en\/#organization\"},\"potentialAction\":[{\"@type\":\"SearchAction\",\"target\":{\"@type\":\"EntryPoint\",\"urlTemplate\":\"https:\/\/librairie7l.com\/en\/?s={search_term_string}\"},\"query-input\":\"required name=search_term_string\"}],\"inLanguage\":\"en-US\"},{\"@type\":\"Organization\",\"@id\":\"https:\/\/librairie7l.com\/en\/#organization\",\"name\":\"Librairie 7L\",\"url\":\"https:\/\/librairie7l.com\/en\/\",\"logo\":{\"@type\":\"ImageObject\",\"inLanguage\":\"en-US\",\"@id\":\"https:\/\/librairie7l.com\/en\/#\/schema\/logo\/image\/\",\"url\":\"https:\/\/librairie7l.com\/wp-content\/uploads\/2022\/08\/logo-1.png\",\"contentUrl\":\"https:\/\/librairie7l.com\/wp-content\/uploads\/2022\/08\/logo-1.png\",\"width\":227,\"height\":301,\"caption\":\"Librairie 7L\"},\"image\":{\"@id\":\"https:\/\/librairie7l.com\/en\/#\/schema\/logo\/image\/\"}}]}<\/script>\n<!-- \/ Yoast SEO plugin. -->","yoast_head_json":{"title":"OMAR VICTOR DIOP - Librairie 7L","robots":{"index":"index","follow":"follow","max-snippet":"max-snippet:-1","max-image-preview":"max-image-preview:large","max-video-preview":"max-video-preview:-1"},"canonical":"https:\/\/librairie7l.com\/en\/produit\/omar-victor-diop\/","og_locale":"en_US","og_type":"article","og_title":"OMAR VICTOR DIOP - Librairie 7L","og_description":"\u00c0 41 ans, Omar Victor Diop est l&#8217;un des photographes les plus prometteurs de sa g\u00e9n\u00e9ration. Artiste autodidacte, son oeuvre s&#8217;inscrit directement dans l&#8217;h\u00e9ritage de la photographie de studio africaine de Seydou Ke\u00efta, Mama Casset ou Malick Sidib\u00e9, un genre dont il a su s&#8217;approprier les codes tout en s&#8217;en affranchissant. L&#8217;ouvrage Omar Victor Diop [&hellip;]","og_url":"https:\/\/librairie7l.com\/en\/produit\/omar-victor-diop\/","og_site_name":"Librairie 7L","article_modified_time":"2026-04-10T22:45:02+00:00","og_image":[{"width":462,"height":615,"url":"https:\/\/librairie7l.com\/wp-content\/uploads\/2021\/07\/9788874399932_1_75.jpg","type":"image\/jpeg"}],"twitter_card":"summary_large_image","twitter_misc":{"Est. reading time":"2 minutes"},"schema":{"@context":"https:\/\/schema.org","@graph":[{"@type":"WebPage","@id":"https:\/\/librairie7l.com\/en\/produit\/omar-victor-diop\/","url":"https:\/\/librairie7l.com\/en\/produit\/omar-victor-diop\/","name":"OMAR VICTOR DIOP - Librairie 7L","isPartOf":{"@id":"https:\/\/librairie7l.com\/en\/#website"},"datePublished":"2023-05-10T10:55:11+00:00","dateModified":"2026-04-10T22:45:02+00:00","breadcrumb":{"@id":"https:\/\/librairie7l.com\/en\/produit\/omar-victor-diop\/#breadcrumb"},"inLanguage":"en-US","potentialAction":[{"@type":"ReadAction","target":["https:\/\/librairie7l.com\/en\/produit\/omar-victor-diop\/"]}]},{"@type":"BreadcrumbList","@id":"https:\/\/librairie7l.com\/en\/produit\/omar-victor-diop\/#breadcrumb","itemListElement":[{"@type":"ListItem","position":1,"name":"Accueil","item":"https:\/\/librairie7l.com\/en\/"},{"@type":"ListItem","position":2,"name":"Shop","item":"https:\/\/librairie7l.com\/en\/shop\/"},{"@type":"ListItem","position":3,"name":"OMAR VICTOR DIOP"}]},{"@type":"WebSite","@id":"https:\/\/librairie7l.com\/en\/#website","url":"https:\/\/librairie7l.com\/en\/","name":"Librairie 7L","description":"Librairie fond\u00e9e en 1999 par Karl Lagerfeld \u00e0 Paris","publisher":{"@id":"https:\/\/librairie7l.com\/en\/#organization"},"potentialAction":[{"@type":"SearchAction","target":{"@type":"EntryPoint","urlTemplate":"https:\/\/librairie7l.com\/en\/?s={search_term_string}"},"query-input":"required name=search_term_string"}],"inLanguage":"en-US"},{"@type":"Organization","@id":"https:\/\/librairie7l.com\/en\/#organization","name":"Librairie 7L","url":"https:\/\/librairie7l.com\/en\/","logo":{"@type":"ImageObject","inLanguage":"en-US","@id":"https:\/\/librairie7l.com\/en\/#\/schema\/logo\/image\/","url":"https:\/\/librairie7l.com\/wp-content\/uploads\/2022\/08\/logo-1.png","contentUrl":"https:\/\/librairie7l.com\/wp-content\/uploads\/2022\/08\/logo-1.png","width":227,"height":301,"caption":"Librairie 7L"},"image":{"@id":"https:\/\/librairie7l.com\/en\/#\/schema\/logo\/image\/"}}]}},"_links":{"self":[{"href":"https:\/\/librairie7l.com\/en\/wp-json\/wp\/v2\/product\/27207"}],"collection":[{"href":"https:\/\/librairie7l.com\/en\/wp-json\/wp\/v2\/product"}],"about":[{"href":"https:\/\/librairie7l.com\/en\/wp-json\/wp\/v2\/types\/product"}],"wp:featuredmedia":[{"embeddable":true,"href":"https:\/\/librairie7l.com\/en\/wp-json\/wp\/v2\/media\/27205"}],"wp:attachment":[{"href":"https:\/\/librairie7l.com\/en\/wp-json\/wp\/v2\/media?parent=27207"}],"wp:term":[{"taxonomy":"product_cat","embeddable":true,"href":"https:\/\/librairie7l.com\/en\/wp-json\/wp\/v2\/product_cat?post=27207"},{"taxonomy":"product_tag","embeddable":true,"href":"https:\/\/librairie7l.com\/en\/wp-json\/wp\/v2\/product_tag?post=27207"}],"curies":[{"name":"wp","href":"https:\/\/api.w.org\/{rel}","templated":true}]}}