{"id":27219,"date":"2023-05-10T12:55:53","date_gmt":"2023-05-10T10:55:53","guid":{"rendered":"https:\/\/librairie7l.com\/?post_type=product&#038;p=27219"},"modified":"2026-04-07T00:07:07","modified_gmt":"2026-04-06T22:07:07","slug":"de-fil-en-aiguille-la-broderie-dans-lart-contemporain-2","status":"publish","type":"product","link":"https:\/\/librairie7l.com\/en\/produit\/de-fil-en-aiguille-la-broderie-dans-lart-contemporain-2\/","title":{"rendered":"DE FIL EN AIGUILLE : LA BRODERIE DANS L&#8217;ART CONTEMPORAIN"},"content":{"rendered":"<p>Dans les ann\u00e9es 1960, des artistes f\u00e9ministes se sont empar\u00e9es des travaux d&#8217;aiguille et ont utilis\u00e9 la broderie dans leurs oeuvres. Elles ont ainsi permis \u00e0 cette technique de ne plus \u00eatre consid\u00e9r\u00e9e comme un loisir essentiellement f\u00e9minin et de quitter le domaine artisanal.<br \/>\nDe mani\u00e8re acad\u00e9mique ou avec une enti\u00e8re libert\u00e9, les brodeurs contemporains rencontr\u00e9s par Charlotte Vannier se saisissent de toutes sortes de supports (toile de coton, photographies, plastique, aliments, grillages) pour r\u00e9aliser des oeuvres miniatures ou colossales, monochromes ou bigarr\u00e9es, graphiques, abstraites ou figuratives, d\u00e9licates ou brutales.<br \/>\nDe fil en aiguille pr\u00e9sente le parcours de 82 artistes de toutes g\u00e9n\u00e9rations et de tous continents, leurs influences, les d\u00e9fis techniques auxquels ils se confrontent et le message qu&#8217;ils souhaitent transmettre \u00e0 travers leurs oeuvres.<\/p>\n","protected":false},"excerpt":{"rendered":"<p>Dans les ann\u00e9es 1960, des artistes f\u00e9ministes se sont empar\u00e9es des travaux d&#8217;aiguille et ont utilis\u00e9 la broderie dans leurs oeuvres. Elles ont ainsi permis \u00e0 cette technique de ne plus \u00eatre consid\u00e9r\u00e9e comme un loisir essentiellement f\u00e9minin et de quitter le domaine artisanal. De mani\u00e8re acad\u00e9mique ou avec une enti\u00e8re libert\u00e9, les brodeurs contemporains [&hellip;]<\/p>\n","protected":false},"featured_media":27217,"template":"","meta":[],"product_cat":[55,2948,47,2953],"product_tag":[],"acf":[],"yoast_head":"<!-- This site is optimized with the Yoast SEO plugin v20.11 - https:\/\/yoast.com\/wordpress\/plugins\/seo\/ -->\n<title>DE FIL EN AIGUILLE : LA BRODERIE DANS L&#039;ART CONTEMPORAIN - Librairie 7L<\/title>\n<meta name=\"robots\" content=\"index, follow, max-snippet:-1, max-image-preview:large, max-video-preview:-1\" \/>\n<link rel=\"canonical\" href=\"https:\/\/librairie7l.com\/en\/produit\/de-fil-en-aiguille-la-broderie-dans-lart-contemporain-2\/\" \/>\n<meta property=\"og:locale\" content=\"en_US\" \/>\n<meta property=\"og:type\" content=\"article\" \/>\n<meta property=\"og:title\" content=\"DE FIL EN AIGUILLE : LA BRODERIE DANS L&#039;ART CONTEMPORAIN - Librairie 7L\" \/>\n<meta property=\"og:description\" content=\"Dans les ann\u00e9es 1960, des artistes f\u00e9ministes se sont empar\u00e9es des travaux d&#8217;aiguille et ont utilis\u00e9 la broderie dans leurs oeuvres. Elles ont ainsi permis \u00e0 cette technique de ne plus \u00eatre consid\u00e9r\u00e9e comme un loisir essentiellement f\u00e9minin et de quitter le domaine artisanal. De mani\u00e8re acad\u00e9mique ou avec une enti\u00e8re libert\u00e9, les brodeurs contemporains [&hellip;]\" \/>\n<meta property=\"og:url\" content=\"https:\/\/librairie7l.com\/en\/produit\/de-fil-en-aiguille-la-broderie-dans-lart-contemporain-2\/\" \/>\n<meta property=\"og:site_name\" content=\"Librairie 7L\" \/>\n<meta property=\"article:modified_time\" content=\"2026-04-06T22:07:07+00:00\" \/>\n<meta property=\"og:image\" content=\"https:\/\/librairie7l.com\/wp-content\/uploads\/2021\/06\/9782350175270_1_75.jpg\" \/>\n\t<meta property=\"og:image:width\" content=\"400\" \/>\n\t<meta property=\"og:image:height\" content=\"510\" \/>\n\t<meta property=\"og:image:type\" content=\"image\/jpeg\" \/>\n<meta name=\"twitter:card\" content=\"summary_large_image\" \/>\n<meta name=\"twitter:label1\" content=\"Est. reading time\" \/>\n\t<meta name=\"twitter:data1\" content=\"1 minute\" \/>\n<script type=\"application\/ld+json\" class=\"yoast-schema-graph\">{\"@context\":\"https:\/\/schema.org\",\"@graph\":[{\"@type\":\"WebPage\",\"@id\":\"https:\/\/librairie7l.com\/en\/produit\/de-fil-en-aiguille-la-broderie-dans-lart-contemporain-2\/\",\"url\":\"https:\/\/librairie7l.com\/en\/produit\/de-fil-en-aiguille-la-broderie-dans-lart-contemporain-2\/\",\"name\":\"DE FIL EN AIGUILLE : LA BRODERIE DANS L'ART CONTEMPORAIN - Librairie 7L\",\"isPartOf\":{\"@id\":\"https:\/\/librairie7l.com\/en\/#website\"},\"datePublished\":\"2023-05-10T10:55:53+00:00\",\"dateModified\":\"2026-04-06T22:07:07+00:00\",\"breadcrumb\":{\"@id\":\"https:\/\/librairie7l.com\/en\/produit\/de-fil-en-aiguille-la-broderie-dans-lart-contemporain-2\/#breadcrumb\"},\"inLanguage\":\"en-US\",\"potentialAction\":[{\"@type\":\"ReadAction\",\"target\":[\"https:\/\/librairie7l.com\/en\/produit\/de-fil-en-aiguille-la-broderie-dans-lart-contemporain-2\/\"]}]},{\"@type\":\"BreadcrumbList\",\"@id\":\"https:\/\/librairie7l.com\/en\/produit\/de-fil-en-aiguille-la-broderie-dans-lart-contemporain-2\/#breadcrumb\",\"itemListElement\":[{\"@type\":\"ListItem\",\"position\":1,\"name\":\"Accueil\",\"item\":\"https:\/\/librairie7l.com\/en\/\"},{\"@type\":\"ListItem\",\"position\":2,\"name\":\"Shop\",\"item\":\"https:\/\/librairie7l.com\/en\/shop\/\"},{\"@type\":\"ListItem\",\"position\":3,\"name\":\"DE FIL EN AIGUILLE : LA BRODERIE DANS L&#8217;ART CONTEMPORAIN\"}]},{\"@type\":\"WebSite\",\"@id\":\"https:\/\/librairie7l.com\/en\/#website\",\"url\":\"https:\/\/librairie7l.com\/en\/\",\"name\":\"Librairie 7L\",\"description\":\"Librairie fond\u00e9e en 1999 par Karl Lagerfeld \u00e0 Paris\",\"publisher\":{\"@id\":\"https:\/\/librairie7l.com\/en\/#organization\"},\"potentialAction\":[{\"@type\":\"SearchAction\",\"target\":{\"@type\":\"EntryPoint\",\"urlTemplate\":\"https:\/\/librairie7l.com\/en\/?s={search_term_string}\"},\"query-input\":\"required name=search_term_string\"}],\"inLanguage\":\"en-US\"},{\"@type\":\"Organization\",\"@id\":\"https:\/\/librairie7l.com\/en\/#organization\",\"name\":\"Librairie 7L\",\"url\":\"https:\/\/librairie7l.com\/en\/\",\"logo\":{\"@type\":\"ImageObject\",\"inLanguage\":\"en-US\",\"@id\":\"https:\/\/librairie7l.com\/en\/#\/schema\/logo\/image\/\",\"url\":\"https:\/\/librairie7l.com\/wp-content\/uploads\/2022\/08\/logo-1.png\",\"contentUrl\":\"https:\/\/librairie7l.com\/wp-content\/uploads\/2022\/08\/logo-1.png\",\"width\":227,\"height\":301,\"caption\":\"Librairie 7L\"},\"image\":{\"@id\":\"https:\/\/librairie7l.com\/en\/#\/schema\/logo\/image\/\"}}]}<\/script>\n<!-- \/ Yoast SEO plugin. -->","yoast_head_json":{"title":"DE FIL EN AIGUILLE : LA BRODERIE DANS L'ART CONTEMPORAIN - Librairie 7L","robots":{"index":"index","follow":"follow","max-snippet":"max-snippet:-1","max-image-preview":"max-image-preview:large","max-video-preview":"max-video-preview:-1"},"canonical":"https:\/\/librairie7l.com\/en\/produit\/de-fil-en-aiguille-la-broderie-dans-lart-contemporain-2\/","og_locale":"en_US","og_type":"article","og_title":"DE FIL EN AIGUILLE : LA BRODERIE DANS L'ART CONTEMPORAIN - Librairie 7L","og_description":"Dans les ann\u00e9es 1960, des artistes f\u00e9ministes se sont empar\u00e9es des travaux d&#8217;aiguille et ont utilis\u00e9 la broderie dans leurs oeuvres. Elles ont ainsi permis \u00e0 cette technique de ne plus \u00eatre consid\u00e9r\u00e9e comme un loisir essentiellement f\u00e9minin et de quitter le domaine artisanal. De mani\u00e8re acad\u00e9mique ou avec une enti\u00e8re libert\u00e9, les brodeurs contemporains [&hellip;]","og_url":"https:\/\/librairie7l.com\/en\/produit\/de-fil-en-aiguille-la-broderie-dans-lart-contemporain-2\/","og_site_name":"Librairie 7L","article_modified_time":"2026-04-06T22:07:07+00:00","og_image":[{"width":400,"height":510,"url":"https:\/\/librairie7l.com\/wp-content\/uploads\/2021\/06\/9782350175270_1_75.jpg","type":"image\/jpeg"}],"twitter_card":"summary_large_image","twitter_misc":{"Est. reading time":"1 minute"},"schema":{"@context":"https:\/\/schema.org","@graph":[{"@type":"WebPage","@id":"https:\/\/librairie7l.com\/en\/produit\/de-fil-en-aiguille-la-broderie-dans-lart-contemporain-2\/","url":"https:\/\/librairie7l.com\/en\/produit\/de-fil-en-aiguille-la-broderie-dans-lart-contemporain-2\/","name":"DE FIL EN AIGUILLE : LA BRODERIE DANS L'ART CONTEMPORAIN - Librairie 7L","isPartOf":{"@id":"https:\/\/librairie7l.com\/en\/#website"},"datePublished":"2023-05-10T10:55:53+00:00","dateModified":"2026-04-06T22:07:07+00:00","breadcrumb":{"@id":"https:\/\/librairie7l.com\/en\/produit\/de-fil-en-aiguille-la-broderie-dans-lart-contemporain-2\/#breadcrumb"},"inLanguage":"en-US","potentialAction":[{"@type":"ReadAction","target":["https:\/\/librairie7l.com\/en\/produit\/de-fil-en-aiguille-la-broderie-dans-lart-contemporain-2\/"]}]},{"@type":"BreadcrumbList","@id":"https:\/\/librairie7l.com\/en\/produit\/de-fil-en-aiguille-la-broderie-dans-lart-contemporain-2\/#breadcrumb","itemListElement":[{"@type":"ListItem","position":1,"name":"Accueil","item":"https:\/\/librairie7l.com\/en\/"},{"@type":"ListItem","position":2,"name":"Shop","item":"https:\/\/librairie7l.com\/en\/shop\/"},{"@type":"ListItem","position":3,"name":"DE FIL EN AIGUILLE : LA BRODERIE DANS L&#8217;ART CONTEMPORAIN"}]},{"@type":"WebSite","@id":"https:\/\/librairie7l.com\/en\/#website","url":"https:\/\/librairie7l.com\/en\/","name":"Librairie 7L","description":"Librairie fond\u00e9e en 1999 par Karl Lagerfeld \u00e0 Paris","publisher":{"@id":"https:\/\/librairie7l.com\/en\/#organization"},"potentialAction":[{"@type":"SearchAction","target":{"@type":"EntryPoint","urlTemplate":"https:\/\/librairie7l.com\/en\/?s={search_term_string}"},"query-input":"required name=search_term_string"}],"inLanguage":"en-US"},{"@type":"Organization","@id":"https:\/\/librairie7l.com\/en\/#organization","name":"Librairie 7L","url":"https:\/\/librairie7l.com\/en\/","logo":{"@type":"ImageObject","inLanguage":"en-US","@id":"https:\/\/librairie7l.com\/en\/#\/schema\/logo\/image\/","url":"https:\/\/librairie7l.com\/wp-content\/uploads\/2022\/08\/logo-1.png","contentUrl":"https:\/\/librairie7l.com\/wp-content\/uploads\/2022\/08\/logo-1.png","width":227,"height":301,"caption":"Librairie 7L"},"image":{"@id":"https:\/\/librairie7l.com\/en\/#\/schema\/logo\/image\/"}}]}},"_links":{"self":[{"href":"https:\/\/librairie7l.com\/en\/wp-json\/wp\/v2\/product\/27219"}],"collection":[{"href":"https:\/\/librairie7l.com\/en\/wp-json\/wp\/v2\/product"}],"about":[{"href":"https:\/\/librairie7l.com\/en\/wp-json\/wp\/v2\/types\/product"}],"wp:featuredmedia":[{"embeddable":true,"href":"https:\/\/librairie7l.com\/en\/wp-json\/wp\/v2\/media\/27217"}],"wp:attachment":[{"href":"https:\/\/librairie7l.com\/en\/wp-json\/wp\/v2\/media?parent=27219"}],"wp:term":[{"taxonomy":"product_cat","embeddable":true,"href":"https:\/\/librairie7l.com\/en\/wp-json\/wp\/v2\/product_cat?post=27219"},{"taxonomy":"product_tag","embeddable":true,"href":"https:\/\/librairie7l.com\/en\/wp-json\/wp\/v2\/product_tag?post=27219"}],"curies":[{"name":"wp","href":"https:\/\/api.w.org\/{rel}","templated":true}]}}