{"id":27239,"date":"2023-05-10T12:56:20","date_gmt":"2023-05-10T10:56:20","guid":{"rendered":"https:\/\/librairie7l.com\/?post_type=product&#038;p=27239"},"modified":"2026-04-17T15:33:16","modified_gmt":"2026-04-17T13:33:16","slug":"american-geography","status":"publish","type":"product","link":"https:\/\/librairie7l.com\/en\/produit\/american-geography\/","title":{"rendered":"AMERICAN GEOGRAPHY"},"content":{"rendered":"<p>Le photographe repr\u00e9sent\u00e9 par l&#8217;agence Magnum Photos entreprend alors un p\u00e9riple qui le fera traverser tous les \u00e9tats du pays, parcourant pr\u00e8s de 160 000 km \u00e0 la rencontre des traces de la pauvret\u00e9 croissante et dissimul\u00e9e. \u00c0 la rencontre \u00e9galement de ces personnes qui n&#8217;existent pas dans l&#8217;image d&#8217;une Am\u00e9rique moderne et m\u00e9diatique. Ce qui avait commenc\u00e9 comme une histoire de communaut\u00e9s individuelles et isol\u00e9es est devenu le portrait d&#8217;un pays de plus en plus divis\u00e9 et in\u00e9gal, cr\u00e9\u00e9 \u00e0 une \u00e9poque de disparit\u00e9 et de d\u00e9sunion croissantes. Termin\u00e9es en 2020 apr\u00e8s la visite du dernier \u00e9tat, les images sont accompagn\u00e9es du carnet de voyage de l&#8217;artiste, m\u00ealant ainsi ses notes personnelles \u00e0 des collections d&#8217;objets trouv\u00e9s.<br \/>\nPubli\u00e9e pour la premi\u00e8re en fran\u00e7ais, cette s\u00e9rie met l&#8217;accent sur la pauvret\u00e9 des communaut\u00e9s agricoles et l&#8217;isolement du monde rural am\u00e9ricain. Dans un style documentaire aux noirs et blancs intenses, le photographe nous plonge dans un monde dur mais bien r\u00e9el.<\/p>\n","protected":false},"excerpt":{"rendered":"<p>Le photographe repr\u00e9sent\u00e9 par l&#8217;agence Magnum Photos entreprend alors un p\u00e9riple qui le fera traverser tous les \u00e9tats du pays, parcourant pr\u00e8s de 160 000 km \u00e0 la rencontre des traces de la pauvret\u00e9 croissante et dissimul\u00e9e. \u00c0 la rencontre \u00e9galement de ces personnes qui n&#8217;existent pas dans l&#8217;image d&#8217;une Am\u00e9rique moderne et m\u00e9diatique. Ce [&hellip;]<\/p>\n","protected":false},"featured_media":27237,"template":"","meta":[],"product_cat":[55,2948,2958,17],"product_tag":[],"acf":[],"yoast_head":"<!-- This site is optimized with the Yoast SEO plugin v20.11 - https:\/\/yoast.com\/wordpress\/plugins\/seo\/ -->\n<title>AMERICAN GEOGRAPHY - Librairie 7L<\/title>\n<meta name=\"robots\" content=\"index, follow, max-snippet:-1, max-image-preview:large, max-video-preview:-1\" \/>\n<link rel=\"canonical\" href=\"https:\/\/librairie7l.com\/en\/produit\/american-geography\/\" \/>\n<meta property=\"og:locale\" content=\"en_US\" \/>\n<meta property=\"og:type\" content=\"article\" \/>\n<meta property=\"og:title\" content=\"AMERICAN GEOGRAPHY - Librairie 7L\" \/>\n<meta property=\"og:description\" content=\"Le photographe repr\u00e9sent\u00e9 par l&#8217;agence Magnum Photos entreprend alors un p\u00e9riple qui le fera traverser tous les \u00e9tats du pays, parcourant pr\u00e8s de 160 000 km \u00e0 la rencontre des traces de la pauvret\u00e9 croissante et dissimul\u00e9e. \u00c0 la rencontre \u00e9galement de ces personnes qui n&#8217;existent pas dans l&#8217;image d&#8217;une Am\u00e9rique moderne et m\u00e9diatique. Ce [&hellip;]\" \/>\n<meta property=\"og:url\" content=\"https:\/\/librairie7l.com\/en\/produit\/american-geography\/\" \/>\n<meta property=\"og:site_name\" content=\"Librairie 7L\" \/>\n<meta property=\"article:modified_time\" content=\"2026-04-17T13:33:16+00:00\" \/>\n<meta property=\"og:image\" content=\"https:\/\/librairie7l.com\/wp-content\/uploads\/2021\/06\/9782365113083_1_75.jpg\" \/>\n\t<meta property=\"og:image:width\" content=\"400\" \/>\n\t<meta property=\"og:image:height\" content=\"404\" \/>\n\t<meta property=\"og:image:type\" content=\"image\/jpeg\" \/>\n<meta name=\"twitter:card\" content=\"summary_large_image\" \/>\n<meta name=\"twitter:label1\" content=\"Est. reading time\" \/>\n\t<meta name=\"twitter:data1\" content=\"1 minute\" \/>\n<script type=\"application\/ld+json\" class=\"yoast-schema-graph\">{\"@context\":\"https:\/\/schema.org\",\"@graph\":[{\"@type\":\"WebPage\",\"@id\":\"https:\/\/librairie7l.com\/en\/produit\/american-geography\/\",\"url\":\"https:\/\/librairie7l.com\/en\/produit\/american-geography\/\",\"name\":\"AMERICAN GEOGRAPHY - Librairie 7L\",\"isPartOf\":{\"@id\":\"https:\/\/librairie7l.com\/en\/#website\"},\"datePublished\":\"2023-05-10T10:56:20+00:00\",\"dateModified\":\"2026-04-17T13:33:16+00:00\",\"breadcrumb\":{\"@id\":\"https:\/\/librairie7l.com\/en\/produit\/american-geography\/#breadcrumb\"},\"inLanguage\":\"en-US\",\"potentialAction\":[{\"@type\":\"ReadAction\",\"target\":[\"https:\/\/librairie7l.com\/en\/produit\/american-geography\/\"]}]},{\"@type\":\"BreadcrumbList\",\"@id\":\"https:\/\/librairie7l.com\/en\/produit\/american-geography\/#breadcrumb\",\"itemListElement\":[{\"@type\":\"ListItem\",\"position\":1,\"name\":\"Accueil\",\"item\":\"https:\/\/librairie7l.com\/en\/\"},{\"@type\":\"ListItem\",\"position\":2,\"name\":\"Shop\",\"item\":\"https:\/\/librairie7l.com\/en\/shop\/\"},{\"@type\":\"ListItem\",\"position\":3,\"name\":\"AMERICAN GEOGRAPHY\"}]},{\"@type\":\"WebSite\",\"@id\":\"https:\/\/librairie7l.com\/en\/#website\",\"url\":\"https:\/\/librairie7l.com\/en\/\",\"name\":\"Librairie 7L\",\"description\":\"Librairie fond\u00e9e en 1999 par Karl Lagerfeld \u00e0 Paris\",\"publisher\":{\"@id\":\"https:\/\/librairie7l.com\/en\/#organization\"},\"potentialAction\":[{\"@type\":\"SearchAction\",\"target\":{\"@type\":\"EntryPoint\",\"urlTemplate\":\"https:\/\/librairie7l.com\/en\/?s={search_term_string}\"},\"query-input\":\"required name=search_term_string\"}],\"inLanguage\":\"en-US\"},{\"@type\":\"Organization\",\"@id\":\"https:\/\/librairie7l.com\/en\/#organization\",\"name\":\"Librairie 7L\",\"url\":\"https:\/\/librairie7l.com\/en\/\",\"logo\":{\"@type\":\"ImageObject\",\"inLanguage\":\"en-US\",\"@id\":\"https:\/\/librairie7l.com\/en\/#\/schema\/logo\/image\/\",\"url\":\"https:\/\/librairie7l.com\/wp-content\/uploads\/2022\/08\/logo-1.png\",\"contentUrl\":\"https:\/\/librairie7l.com\/wp-content\/uploads\/2022\/08\/logo-1.png\",\"width\":227,\"height\":301,\"caption\":\"Librairie 7L\"},\"image\":{\"@id\":\"https:\/\/librairie7l.com\/en\/#\/schema\/logo\/image\/\"}}]}<\/script>\n<!-- \/ Yoast SEO plugin. -->","yoast_head_json":{"title":"AMERICAN GEOGRAPHY - Librairie 7L","robots":{"index":"index","follow":"follow","max-snippet":"max-snippet:-1","max-image-preview":"max-image-preview:large","max-video-preview":"max-video-preview:-1"},"canonical":"https:\/\/librairie7l.com\/en\/produit\/american-geography\/","og_locale":"en_US","og_type":"article","og_title":"AMERICAN GEOGRAPHY - Librairie 7L","og_description":"Le photographe repr\u00e9sent\u00e9 par l&#8217;agence Magnum Photos entreprend alors un p\u00e9riple qui le fera traverser tous les \u00e9tats du pays, parcourant pr\u00e8s de 160 000 km \u00e0 la rencontre des traces de la pauvret\u00e9 croissante et dissimul\u00e9e. \u00c0 la rencontre \u00e9galement de ces personnes qui n&#8217;existent pas dans l&#8217;image d&#8217;une Am\u00e9rique moderne et m\u00e9diatique. Ce [&hellip;]","og_url":"https:\/\/librairie7l.com\/en\/produit\/american-geography\/","og_site_name":"Librairie 7L","article_modified_time":"2026-04-17T13:33:16+00:00","og_image":[{"width":400,"height":404,"url":"https:\/\/librairie7l.com\/wp-content\/uploads\/2021\/06\/9782365113083_1_75.jpg","type":"image\/jpeg"}],"twitter_card":"summary_large_image","twitter_misc":{"Est. reading time":"1 minute"},"schema":{"@context":"https:\/\/schema.org","@graph":[{"@type":"WebPage","@id":"https:\/\/librairie7l.com\/en\/produit\/american-geography\/","url":"https:\/\/librairie7l.com\/en\/produit\/american-geography\/","name":"AMERICAN GEOGRAPHY - Librairie 7L","isPartOf":{"@id":"https:\/\/librairie7l.com\/en\/#website"},"datePublished":"2023-05-10T10:56:20+00:00","dateModified":"2026-04-17T13:33:16+00:00","breadcrumb":{"@id":"https:\/\/librairie7l.com\/en\/produit\/american-geography\/#breadcrumb"},"inLanguage":"en-US","potentialAction":[{"@type":"ReadAction","target":["https:\/\/librairie7l.com\/en\/produit\/american-geography\/"]}]},{"@type":"BreadcrumbList","@id":"https:\/\/librairie7l.com\/en\/produit\/american-geography\/#breadcrumb","itemListElement":[{"@type":"ListItem","position":1,"name":"Accueil","item":"https:\/\/librairie7l.com\/en\/"},{"@type":"ListItem","position":2,"name":"Shop","item":"https:\/\/librairie7l.com\/en\/shop\/"},{"@type":"ListItem","position":3,"name":"AMERICAN GEOGRAPHY"}]},{"@type":"WebSite","@id":"https:\/\/librairie7l.com\/en\/#website","url":"https:\/\/librairie7l.com\/en\/","name":"Librairie 7L","description":"Librairie fond\u00e9e en 1999 par Karl Lagerfeld \u00e0 Paris","publisher":{"@id":"https:\/\/librairie7l.com\/en\/#organization"},"potentialAction":[{"@type":"SearchAction","target":{"@type":"EntryPoint","urlTemplate":"https:\/\/librairie7l.com\/en\/?s={search_term_string}"},"query-input":"required name=search_term_string"}],"inLanguage":"en-US"},{"@type":"Organization","@id":"https:\/\/librairie7l.com\/en\/#organization","name":"Librairie 7L","url":"https:\/\/librairie7l.com\/en\/","logo":{"@type":"ImageObject","inLanguage":"en-US","@id":"https:\/\/librairie7l.com\/en\/#\/schema\/logo\/image\/","url":"https:\/\/librairie7l.com\/wp-content\/uploads\/2022\/08\/logo-1.png","contentUrl":"https:\/\/librairie7l.com\/wp-content\/uploads\/2022\/08\/logo-1.png","width":227,"height":301,"caption":"Librairie 7L"},"image":{"@id":"https:\/\/librairie7l.com\/en\/#\/schema\/logo\/image\/"}}]}},"_links":{"self":[{"href":"https:\/\/librairie7l.com\/en\/wp-json\/wp\/v2\/product\/27239"}],"collection":[{"href":"https:\/\/librairie7l.com\/en\/wp-json\/wp\/v2\/product"}],"about":[{"href":"https:\/\/librairie7l.com\/en\/wp-json\/wp\/v2\/types\/product"}],"wp:featuredmedia":[{"embeddable":true,"href":"https:\/\/librairie7l.com\/en\/wp-json\/wp\/v2\/media\/27237"}],"wp:attachment":[{"href":"https:\/\/librairie7l.com\/en\/wp-json\/wp\/v2\/media?parent=27239"}],"wp:term":[{"taxonomy":"product_cat","embeddable":true,"href":"https:\/\/librairie7l.com\/en\/wp-json\/wp\/v2\/product_cat?post=27239"},{"taxonomy":"product_tag","embeddable":true,"href":"https:\/\/librairie7l.com\/en\/wp-json\/wp\/v2\/product_tag?post=27239"}],"curies":[{"name":"wp","href":"https:\/\/api.w.org\/{rel}","templated":true}]}}