{"id":27247,"date":"2023-05-10T12:56:41","date_gmt":"2023-05-10T10:56:41","guid":{"rendered":"https:\/\/librairie7l.com\/?post_type=product&#038;p=27247"},"modified":"2026-04-07T09:21:24","modified_gmt":"2026-04-07T07:21:24","slug":"tout-le-poids-dune-ile-collectionner-lart-cubain","status":"publish","type":"product","link":"https:\/\/librairie7l.com\/en\/produit\/tout-le-poids-dune-ile-collectionner-lart-cubain\/","title":{"rendered":"TOUT LE POIDS D&#8217;UNE \u00ceLE : COLLECTIONNER L&#8217;ART CUBAIN"},"content":{"rendered":"<p>La connaissance des autres cultures est marqu\u00e9e en France par  son pass\u00e9 colonial, les relations avec ses partenaires  \u00e9conomiques et politiques ainsi qu&#8217;avec les Grandes Puissances.<br \/>\nOn y parle donc assez peu d&#8217;Am\u00e9rique latine et Cuba, dans cette  absence d&#8217;imaginaire collectif, est souvent de fait reduit \u00e0  quelques traits g\u00e9n\u00e9raux qui peuvent tenir lieu de clich\u00e9s faits de  salsa, de r\u00e9volution communiste et de rhum. Seuls quelques rares  \u00e9l\u00e8ves ayant \u00e9tudi\u00e9 l&#8217;espagnol auront entendu parler au cours de  leur scolarit\u00e9 de Nicolas Guill\u00e9n ou d&#8217;Alejo Carpentier, mais  aucun sans doute de Perez Monzon, de Consuelo Casta\u00f1eda,  d&#8217;Antonia Eiriz ou des groupes Onze ou Pure.<br \/>\nPourtant, Cuba est \u00e0 n&#8217;en pas douter un des trois grands p\u00f4les  culturels de l&#8217;Am\u00e9rique hispanophone aux c\u00f4t\u00e9s de l&#8217;Argentine et  du Mexique. Douze fois moins peupl\u00e9e que le Mexique et 25 fois  plus petite que l&#8217;Argentine, l&#8217;\u00eele a cependant donn\u00e9 une quantit\u00e9  insoup\u00e7onn\u00e9e de musiciens, de danseurs, d&#8217;\u00e9crivains et de  plasticiens r\u00e9ellement fascinants et dont les influences ont eu une  port\u00e9e universelle qui rivalise ais\u00e9ment avec les foyers  am\u00e9rindiens et ceux du C\u00f4ne sud.<br \/>\nLa r\u00e9volution castriste de 1959 qui succ\u00e8da \u00e0 la dictature de  Batista mit en place un r\u00e9gime clivant qui aboutit \u00e0 une situation  analogue \u00e0 celles encore actuelles de la Cor\u00e9e et de la Chine : la  partition. Rien qu&#8217;aux \u00c9tats-Unis on compte pr\u00e8s de 10% de la  population cubaine \u00e9migr\u00e9e, essentiellement en Floride, sans  compter les autres pays d&#8217;Am\u00e9rique latine dont en particulier le  Mexique. Il en r\u00e9sulte que la cr\u00e9ation artistique cubaine,  lorsqu&#8217;elle se revendique comme telle doit aussi prendre en  compte cette tr\u00e8s importante diaspora. L&#8217;art cubain n&#8217;est donc  pas exclusivement le produit d&#8217;une \u00eele, mais est celui issu de cette  \u00eele qui f\u00e9d\u00e8re les artistes.<br \/>\nFran\u00e7ois Vall\u00e9e, \u00e9pris d&#8217;art cubain depuis des d\u00e9cennies, a  collect\u00e9 plus de 400 pi\u00e8ces. Sa collection est marqu\u00e9e par des  partis-pris personnels, des al\u00e9as parfois insolites de collectage,  des rencontres et des \u00e9changes et n&#8217;est pas comparable \u00e0 un  fonds de mus\u00e9e s\u00e9lectionn\u00e9 par des sp\u00e9cialistes qui font passer la  raison avant la passion.<\/p>\n","protected":false},"excerpt":{"rendered":"<p>La connaissance des autres cultures est marqu\u00e9e en France par son pass\u00e9 colonial, les relations avec ses partenaires \u00e9conomiques et politiques ainsi qu&#8217;avec les Grandes Puissances. On y parle donc assez peu d&#8217;Am\u00e9rique latine et Cuba, dans cette absence d&#8217;imaginaire collectif, est souvent de fait reduit \u00e0 quelques traits g\u00e9n\u00e9raux qui peuvent tenir lieu de [&hellip;]<\/p>\n","protected":false},"featured_media":27245,"template":"","meta":[],"product_cat":[55,2948,47,2953],"product_tag":[],"acf":[],"yoast_head":"<!-- This site is optimized with the Yoast SEO plugin v20.11 - https:\/\/yoast.com\/wordpress\/plugins\/seo\/ -->\n<title>TOUT LE POIDS D&#039;UNE \u00ceLE : COLLECTIONNER L&#039;ART CUBAIN - Librairie 7L<\/title>\n<meta name=\"robots\" content=\"index, follow, max-snippet:-1, max-image-preview:large, max-video-preview:-1\" \/>\n<link rel=\"canonical\" href=\"https:\/\/librairie7l.com\/en\/produit\/tout-le-poids-dune-ile-collectionner-lart-cubain\/\" \/>\n<meta property=\"og:locale\" content=\"en_US\" \/>\n<meta property=\"og:type\" content=\"article\" \/>\n<meta property=\"og:title\" content=\"TOUT LE POIDS D&#039;UNE \u00ceLE : COLLECTIONNER L&#039;ART CUBAIN - Librairie 7L\" \/>\n<meta property=\"og:description\" content=\"La connaissance des autres cultures est marqu\u00e9e en France par son pass\u00e9 colonial, les relations avec ses partenaires \u00e9conomiques et politiques ainsi qu&#8217;avec les Grandes Puissances. On y parle donc assez peu d&#8217;Am\u00e9rique latine et Cuba, dans cette absence d&#8217;imaginaire collectif, est souvent de fait reduit \u00e0 quelques traits g\u00e9n\u00e9raux qui peuvent tenir lieu de [&hellip;]\" \/>\n<meta property=\"og:url\" content=\"https:\/\/librairie7l.com\/en\/produit\/tout-le-poids-dune-ile-collectionner-lart-cubain\/\" \/>\n<meta property=\"og:site_name\" content=\"Librairie 7L\" \/>\n<meta property=\"article:modified_time\" content=\"2026-04-07T07:21:24+00:00\" \/>\n<meta property=\"og:image\" content=\"https:\/\/librairie7l.com\/wp-content\/uploads\/2022\/06\/9782363063243_1_75.jpg\" \/>\n\t<meta property=\"og:image:width\" content=\"556\" \/>\n\t<meta property=\"og:image:height\" content=\"729\" \/>\n\t<meta property=\"og:image:type\" content=\"image\/jpeg\" \/>\n<meta name=\"twitter:card\" content=\"summary_large_image\" \/>\n<meta name=\"twitter:label1\" content=\"Est. reading time\" \/>\n\t<meta name=\"twitter:data1\" content=\"2 minutes\" \/>\n<script type=\"application\/ld+json\" class=\"yoast-schema-graph\">{\"@context\":\"https:\/\/schema.org\",\"@graph\":[{\"@type\":\"WebPage\",\"@id\":\"https:\/\/librairie7l.com\/en\/produit\/tout-le-poids-dune-ile-collectionner-lart-cubain\/\",\"url\":\"https:\/\/librairie7l.com\/en\/produit\/tout-le-poids-dune-ile-collectionner-lart-cubain\/\",\"name\":\"TOUT LE POIDS D'UNE \u00ceLE : COLLECTIONNER L'ART CUBAIN - Librairie 7L\",\"isPartOf\":{\"@id\":\"https:\/\/librairie7l.com\/en\/#website\"},\"datePublished\":\"2023-05-10T10:56:41+00:00\",\"dateModified\":\"2026-04-07T07:21:24+00:00\",\"breadcrumb\":{\"@id\":\"https:\/\/librairie7l.com\/en\/produit\/tout-le-poids-dune-ile-collectionner-lart-cubain\/#breadcrumb\"},\"inLanguage\":\"en-US\",\"potentialAction\":[{\"@type\":\"ReadAction\",\"target\":[\"https:\/\/librairie7l.com\/en\/produit\/tout-le-poids-dune-ile-collectionner-lart-cubain\/\"]}]},{\"@type\":\"BreadcrumbList\",\"@id\":\"https:\/\/librairie7l.com\/en\/produit\/tout-le-poids-dune-ile-collectionner-lart-cubain\/#breadcrumb\",\"itemListElement\":[{\"@type\":\"ListItem\",\"position\":1,\"name\":\"Accueil\",\"item\":\"https:\/\/librairie7l.com\/en\/\"},{\"@type\":\"ListItem\",\"position\":2,\"name\":\"Shop\",\"item\":\"https:\/\/librairie7l.com\/en\/shop\/\"},{\"@type\":\"ListItem\",\"position\":3,\"name\":\"TOUT LE POIDS D&#8217;UNE \u00ceLE : COLLECTIONNER L&#8217;ART CUBAIN\"}]},{\"@type\":\"WebSite\",\"@id\":\"https:\/\/librairie7l.com\/en\/#website\",\"url\":\"https:\/\/librairie7l.com\/en\/\",\"name\":\"Librairie 7L\",\"description\":\"Librairie fond\u00e9e en 1999 par Karl Lagerfeld \u00e0 Paris\",\"publisher\":{\"@id\":\"https:\/\/librairie7l.com\/en\/#organization\"},\"potentialAction\":[{\"@type\":\"SearchAction\",\"target\":{\"@type\":\"EntryPoint\",\"urlTemplate\":\"https:\/\/librairie7l.com\/en\/?s={search_term_string}\"},\"query-input\":\"required name=search_term_string\"}],\"inLanguage\":\"en-US\"},{\"@type\":\"Organization\",\"@id\":\"https:\/\/librairie7l.com\/en\/#organization\",\"name\":\"Librairie 7L\",\"url\":\"https:\/\/librairie7l.com\/en\/\",\"logo\":{\"@type\":\"ImageObject\",\"inLanguage\":\"en-US\",\"@id\":\"https:\/\/librairie7l.com\/en\/#\/schema\/logo\/image\/\",\"url\":\"https:\/\/librairie7l.com\/wp-content\/uploads\/2022\/08\/logo-1.png\",\"contentUrl\":\"https:\/\/librairie7l.com\/wp-content\/uploads\/2022\/08\/logo-1.png\",\"width\":227,\"height\":301,\"caption\":\"Librairie 7L\"},\"image\":{\"@id\":\"https:\/\/librairie7l.com\/en\/#\/schema\/logo\/image\/\"}}]}<\/script>\n<!-- \/ Yoast SEO plugin. -->","yoast_head_json":{"title":"TOUT LE POIDS D'UNE \u00ceLE : COLLECTIONNER L'ART CUBAIN - Librairie 7L","robots":{"index":"index","follow":"follow","max-snippet":"max-snippet:-1","max-image-preview":"max-image-preview:large","max-video-preview":"max-video-preview:-1"},"canonical":"https:\/\/librairie7l.com\/en\/produit\/tout-le-poids-dune-ile-collectionner-lart-cubain\/","og_locale":"en_US","og_type":"article","og_title":"TOUT LE POIDS D'UNE \u00ceLE : COLLECTIONNER L'ART CUBAIN - Librairie 7L","og_description":"La connaissance des autres cultures est marqu\u00e9e en France par son pass\u00e9 colonial, les relations avec ses partenaires \u00e9conomiques et politiques ainsi qu&#8217;avec les Grandes Puissances. On y parle donc assez peu d&#8217;Am\u00e9rique latine et Cuba, dans cette absence d&#8217;imaginaire collectif, est souvent de fait reduit \u00e0 quelques traits g\u00e9n\u00e9raux qui peuvent tenir lieu de [&hellip;]","og_url":"https:\/\/librairie7l.com\/en\/produit\/tout-le-poids-dune-ile-collectionner-lart-cubain\/","og_site_name":"Librairie 7L","article_modified_time":"2026-04-07T07:21:24+00:00","og_image":[{"width":556,"height":729,"url":"https:\/\/librairie7l.com\/wp-content\/uploads\/2022\/06\/9782363063243_1_75.jpg","type":"image\/jpeg"}],"twitter_card":"summary_large_image","twitter_misc":{"Est. reading time":"2 minutes"},"schema":{"@context":"https:\/\/schema.org","@graph":[{"@type":"WebPage","@id":"https:\/\/librairie7l.com\/en\/produit\/tout-le-poids-dune-ile-collectionner-lart-cubain\/","url":"https:\/\/librairie7l.com\/en\/produit\/tout-le-poids-dune-ile-collectionner-lart-cubain\/","name":"TOUT LE POIDS D'UNE \u00ceLE : COLLECTIONNER L'ART CUBAIN - Librairie 7L","isPartOf":{"@id":"https:\/\/librairie7l.com\/en\/#website"},"datePublished":"2023-05-10T10:56:41+00:00","dateModified":"2026-04-07T07:21:24+00:00","breadcrumb":{"@id":"https:\/\/librairie7l.com\/en\/produit\/tout-le-poids-dune-ile-collectionner-lart-cubain\/#breadcrumb"},"inLanguage":"en-US","potentialAction":[{"@type":"ReadAction","target":["https:\/\/librairie7l.com\/en\/produit\/tout-le-poids-dune-ile-collectionner-lart-cubain\/"]}]},{"@type":"BreadcrumbList","@id":"https:\/\/librairie7l.com\/en\/produit\/tout-le-poids-dune-ile-collectionner-lart-cubain\/#breadcrumb","itemListElement":[{"@type":"ListItem","position":1,"name":"Accueil","item":"https:\/\/librairie7l.com\/en\/"},{"@type":"ListItem","position":2,"name":"Shop","item":"https:\/\/librairie7l.com\/en\/shop\/"},{"@type":"ListItem","position":3,"name":"TOUT LE POIDS D&#8217;UNE \u00ceLE : COLLECTIONNER L&#8217;ART CUBAIN"}]},{"@type":"WebSite","@id":"https:\/\/librairie7l.com\/en\/#website","url":"https:\/\/librairie7l.com\/en\/","name":"Librairie 7L","description":"Librairie fond\u00e9e en 1999 par Karl Lagerfeld \u00e0 Paris","publisher":{"@id":"https:\/\/librairie7l.com\/en\/#organization"},"potentialAction":[{"@type":"SearchAction","target":{"@type":"EntryPoint","urlTemplate":"https:\/\/librairie7l.com\/en\/?s={search_term_string}"},"query-input":"required name=search_term_string"}],"inLanguage":"en-US"},{"@type":"Organization","@id":"https:\/\/librairie7l.com\/en\/#organization","name":"Librairie 7L","url":"https:\/\/librairie7l.com\/en\/","logo":{"@type":"ImageObject","inLanguage":"en-US","@id":"https:\/\/librairie7l.com\/en\/#\/schema\/logo\/image\/","url":"https:\/\/librairie7l.com\/wp-content\/uploads\/2022\/08\/logo-1.png","contentUrl":"https:\/\/librairie7l.com\/wp-content\/uploads\/2022\/08\/logo-1.png","width":227,"height":301,"caption":"Librairie 7L"},"image":{"@id":"https:\/\/librairie7l.com\/en\/#\/schema\/logo\/image\/"}}]}},"_links":{"self":[{"href":"https:\/\/librairie7l.com\/en\/wp-json\/wp\/v2\/product\/27247"}],"collection":[{"href":"https:\/\/librairie7l.com\/en\/wp-json\/wp\/v2\/product"}],"about":[{"href":"https:\/\/librairie7l.com\/en\/wp-json\/wp\/v2\/types\/product"}],"wp:featuredmedia":[{"embeddable":true,"href":"https:\/\/librairie7l.com\/en\/wp-json\/wp\/v2\/media\/27245"}],"wp:attachment":[{"href":"https:\/\/librairie7l.com\/en\/wp-json\/wp\/v2\/media?parent=27247"}],"wp:term":[{"taxonomy":"product_cat","embeddable":true,"href":"https:\/\/librairie7l.com\/en\/wp-json\/wp\/v2\/product_cat?post=27247"},{"taxonomy":"product_tag","embeddable":true,"href":"https:\/\/librairie7l.com\/en\/wp-json\/wp\/v2\/product_tag?post=27247"}],"curies":[{"name":"wp","href":"https:\/\/api.w.org\/{rel}","templated":true}]}}