{"id":27255,"date":"2023-05-10T12:57:06","date_gmt":"2023-05-10T10:57:06","guid":{"rendered":"https:\/\/librairie7l.com\/?post_type=product&#038;p=27255"},"modified":"2026-04-09T04:03:53","modified_gmt":"2026-04-09T02:03:53","slug":"le-carnet-des-nuits","status":"publish","type":"product","link":"https:\/\/librairie7l.com\/en\/produit\/le-carnet-des-nuits\/","title":{"rendered":"LE CARNET DES NUITS"},"content":{"rendered":"<p>Si la peinture de Marie Laurencin, pionni\u00e8re du cubisme, compagne pendant six ans de Guillaume Apollinaire, grande figure des ann\u00e9es folles et de l&#8217;Art d\u00e9co, est universellement connue, peu nombreux sont ceux qui savent qu&#8217;elle a aussi \u00e9crit, par intermittences, mais tout au long de sa vie. Au d\u00e9but de l&#8217;ann\u00e9e 1956, quelques mois avant sa mort, elle publia chez un \u00e9diteur d&#8217;art de Gen\u00e8ve la version d\u00e9finitive de ce Carnet des nuits qui est le livre de sa vie. Elle y m\u00eale proses, aphorismes, po\u00e8mes, pages de journal intime, notations glan\u00e9es au fil du temps, et l&#8217;agr\u00e9mente de trois dessins.<br \/>\nMalgr\u00e9 la diversit\u00e9 formelle, nulle impression d&#8217;incoh\u00e9rence : une voix personnelle se fait entendre, qui donne \u00e0 percevoir l&#8217;unit\u00e9 profonde d&#8217;une personnalit\u00e9 artistique hors du commun. Ce livre m\u00e9connu du grand public mais tr\u00e8s recherch\u00e9 des collectionneurs n&#8217;avait jamais \u00e9t\u00e9 r\u00e9\u00e9dit\u00e9 depuis 1956. Cette \u00e9dition soign\u00e9e le tire d&#8217;un injuste oubli et entend le donner \u00e0 lire comme le livre de raison d&#8217;une femme hors du commun.<\/p>\n","protected":false},"excerpt":{"rendered":"<p>Si la peinture de Marie Laurencin, pionni\u00e8re du cubisme, compagne pendant six ans de Guillaume Apollinaire, grande figure des ann\u00e9es folles et de l&#8217;Art d\u00e9co, est universellement connue, peu nombreux sont ceux qui savent qu&#8217;elle a aussi \u00e9crit, par intermittences, mais tout au long de sa vie. Au d\u00e9but de l&#8217;ann\u00e9e 1956, quelques mois avant [&hellip;]<\/p>\n","protected":false},"featured_media":27253,"template":"","meta":[],"product_cat":[55,2948,47,2953],"product_tag":[],"acf":[],"yoast_head":"<!-- This site is optimized with the Yoast SEO plugin v20.11 - https:\/\/yoast.com\/wordpress\/plugins\/seo\/ -->\n<title>LE CARNET DES NUITS - Librairie 7L<\/title>\n<meta name=\"robots\" content=\"index, follow, max-snippet:-1, max-image-preview:large, max-video-preview:-1\" \/>\n<link rel=\"canonical\" href=\"https:\/\/librairie7l.com\/en\/produit\/le-carnet-des-nuits\/\" \/>\n<meta property=\"og:locale\" content=\"en_US\" \/>\n<meta property=\"og:type\" content=\"article\" \/>\n<meta property=\"og:title\" content=\"LE CARNET DES NUITS - Librairie 7L\" \/>\n<meta property=\"og:description\" content=\"Si la peinture de Marie Laurencin, pionni\u00e8re du cubisme, compagne pendant six ans de Guillaume Apollinaire, grande figure des ann\u00e9es folles et de l&#8217;Art d\u00e9co, est universellement connue, peu nombreux sont ceux qui savent qu&#8217;elle a aussi \u00e9crit, par intermittences, mais tout au long de sa vie. Au d\u00e9but de l&#8217;ann\u00e9e 1956, quelques mois avant [&hellip;]\" \/>\n<meta property=\"og:url\" content=\"https:\/\/librairie7l.com\/en\/produit\/le-carnet-des-nuits\/\" \/>\n<meta property=\"og:site_name\" content=\"Librairie 7L\" \/>\n<meta property=\"article:modified_time\" content=\"2026-04-09T02:03:53+00:00\" \/>\n<meta property=\"og:image\" content=\"https:\/\/librairie7l.com\/wp-content\/uploads\/2021\/09\/9791095066484_1_75.jpg\" \/>\n\t<meta property=\"og:image:width\" content=\"400\" \/>\n\t<meta property=\"og:image:height\" content=\"562\" \/>\n\t<meta property=\"og:image:type\" content=\"image\/jpeg\" \/>\n<meta name=\"twitter:card\" content=\"summary_large_image\" \/>\n<meta name=\"twitter:label1\" content=\"Est. reading time\" \/>\n\t<meta name=\"twitter:data1\" content=\"1 minute\" \/>\n<script type=\"application\/ld+json\" class=\"yoast-schema-graph\">{\"@context\":\"https:\/\/schema.org\",\"@graph\":[{\"@type\":\"WebPage\",\"@id\":\"https:\/\/librairie7l.com\/en\/produit\/le-carnet-des-nuits\/\",\"url\":\"https:\/\/librairie7l.com\/en\/produit\/le-carnet-des-nuits\/\",\"name\":\"LE CARNET DES NUITS - Librairie 7L\",\"isPartOf\":{\"@id\":\"https:\/\/librairie7l.com\/en\/#website\"},\"datePublished\":\"2023-05-10T10:57:06+00:00\",\"dateModified\":\"2026-04-09T02:03:53+00:00\",\"breadcrumb\":{\"@id\":\"https:\/\/librairie7l.com\/en\/produit\/le-carnet-des-nuits\/#breadcrumb\"},\"inLanguage\":\"en-US\",\"potentialAction\":[{\"@type\":\"ReadAction\",\"target\":[\"https:\/\/librairie7l.com\/en\/produit\/le-carnet-des-nuits\/\"]}]},{\"@type\":\"BreadcrumbList\",\"@id\":\"https:\/\/librairie7l.com\/en\/produit\/le-carnet-des-nuits\/#breadcrumb\",\"itemListElement\":[{\"@type\":\"ListItem\",\"position\":1,\"name\":\"Accueil\",\"item\":\"https:\/\/librairie7l.com\/en\/\"},{\"@type\":\"ListItem\",\"position\":2,\"name\":\"Shop\",\"item\":\"https:\/\/librairie7l.com\/en\/shop\/\"},{\"@type\":\"ListItem\",\"position\":3,\"name\":\"LE CARNET DES NUITS\"}]},{\"@type\":\"WebSite\",\"@id\":\"https:\/\/librairie7l.com\/en\/#website\",\"url\":\"https:\/\/librairie7l.com\/en\/\",\"name\":\"Librairie 7L\",\"description\":\"Librairie fond\u00e9e en 1999 par Karl Lagerfeld \u00e0 Paris\",\"publisher\":{\"@id\":\"https:\/\/librairie7l.com\/en\/#organization\"},\"potentialAction\":[{\"@type\":\"SearchAction\",\"target\":{\"@type\":\"EntryPoint\",\"urlTemplate\":\"https:\/\/librairie7l.com\/en\/?s={search_term_string}\"},\"query-input\":\"required name=search_term_string\"}],\"inLanguage\":\"en-US\"},{\"@type\":\"Organization\",\"@id\":\"https:\/\/librairie7l.com\/en\/#organization\",\"name\":\"Librairie 7L\",\"url\":\"https:\/\/librairie7l.com\/en\/\",\"logo\":{\"@type\":\"ImageObject\",\"inLanguage\":\"en-US\",\"@id\":\"https:\/\/librairie7l.com\/en\/#\/schema\/logo\/image\/\",\"url\":\"https:\/\/librairie7l.com\/wp-content\/uploads\/2022\/08\/logo-1.png\",\"contentUrl\":\"https:\/\/librairie7l.com\/wp-content\/uploads\/2022\/08\/logo-1.png\",\"width\":227,\"height\":301,\"caption\":\"Librairie 7L\"},\"image\":{\"@id\":\"https:\/\/librairie7l.com\/en\/#\/schema\/logo\/image\/\"}}]}<\/script>\n<!-- \/ Yoast SEO plugin. -->","yoast_head_json":{"title":"LE CARNET DES NUITS - Librairie 7L","robots":{"index":"index","follow":"follow","max-snippet":"max-snippet:-1","max-image-preview":"max-image-preview:large","max-video-preview":"max-video-preview:-1"},"canonical":"https:\/\/librairie7l.com\/en\/produit\/le-carnet-des-nuits\/","og_locale":"en_US","og_type":"article","og_title":"LE CARNET DES NUITS - Librairie 7L","og_description":"Si la peinture de Marie Laurencin, pionni\u00e8re du cubisme, compagne pendant six ans de Guillaume Apollinaire, grande figure des ann\u00e9es folles et de l&#8217;Art d\u00e9co, est universellement connue, peu nombreux sont ceux qui savent qu&#8217;elle a aussi \u00e9crit, par intermittences, mais tout au long de sa vie. Au d\u00e9but de l&#8217;ann\u00e9e 1956, quelques mois avant [&hellip;]","og_url":"https:\/\/librairie7l.com\/en\/produit\/le-carnet-des-nuits\/","og_site_name":"Librairie 7L","article_modified_time":"2026-04-09T02:03:53+00:00","og_image":[{"width":400,"height":562,"url":"https:\/\/librairie7l.com\/wp-content\/uploads\/2021\/09\/9791095066484_1_75.jpg","type":"image\/jpeg"}],"twitter_card":"summary_large_image","twitter_misc":{"Est. reading time":"1 minute"},"schema":{"@context":"https:\/\/schema.org","@graph":[{"@type":"WebPage","@id":"https:\/\/librairie7l.com\/en\/produit\/le-carnet-des-nuits\/","url":"https:\/\/librairie7l.com\/en\/produit\/le-carnet-des-nuits\/","name":"LE CARNET DES NUITS - Librairie 7L","isPartOf":{"@id":"https:\/\/librairie7l.com\/en\/#website"},"datePublished":"2023-05-10T10:57:06+00:00","dateModified":"2026-04-09T02:03:53+00:00","breadcrumb":{"@id":"https:\/\/librairie7l.com\/en\/produit\/le-carnet-des-nuits\/#breadcrumb"},"inLanguage":"en-US","potentialAction":[{"@type":"ReadAction","target":["https:\/\/librairie7l.com\/en\/produit\/le-carnet-des-nuits\/"]}]},{"@type":"BreadcrumbList","@id":"https:\/\/librairie7l.com\/en\/produit\/le-carnet-des-nuits\/#breadcrumb","itemListElement":[{"@type":"ListItem","position":1,"name":"Accueil","item":"https:\/\/librairie7l.com\/en\/"},{"@type":"ListItem","position":2,"name":"Shop","item":"https:\/\/librairie7l.com\/en\/shop\/"},{"@type":"ListItem","position":3,"name":"LE CARNET DES NUITS"}]},{"@type":"WebSite","@id":"https:\/\/librairie7l.com\/en\/#website","url":"https:\/\/librairie7l.com\/en\/","name":"Librairie 7L","description":"Librairie fond\u00e9e en 1999 par Karl Lagerfeld \u00e0 Paris","publisher":{"@id":"https:\/\/librairie7l.com\/en\/#organization"},"potentialAction":[{"@type":"SearchAction","target":{"@type":"EntryPoint","urlTemplate":"https:\/\/librairie7l.com\/en\/?s={search_term_string}"},"query-input":"required name=search_term_string"}],"inLanguage":"en-US"},{"@type":"Organization","@id":"https:\/\/librairie7l.com\/en\/#organization","name":"Librairie 7L","url":"https:\/\/librairie7l.com\/en\/","logo":{"@type":"ImageObject","inLanguage":"en-US","@id":"https:\/\/librairie7l.com\/en\/#\/schema\/logo\/image\/","url":"https:\/\/librairie7l.com\/wp-content\/uploads\/2022\/08\/logo-1.png","contentUrl":"https:\/\/librairie7l.com\/wp-content\/uploads\/2022\/08\/logo-1.png","width":227,"height":301,"caption":"Librairie 7L"},"image":{"@id":"https:\/\/librairie7l.com\/en\/#\/schema\/logo\/image\/"}}]}},"_links":{"self":[{"href":"https:\/\/librairie7l.com\/en\/wp-json\/wp\/v2\/product\/27255"}],"collection":[{"href":"https:\/\/librairie7l.com\/en\/wp-json\/wp\/v2\/product"}],"about":[{"href":"https:\/\/librairie7l.com\/en\/wp-json\/wp\/v2\/types\/product"}],"wp:featuredmedia":[{"embeddable":true,"href":"https:\/\/librairie7l.com\/en\/wp-json\/wp\/v2\/media\/27253"}],"wp:attachment":[{"href":"https:\/\/librairie7l.com\/en\/wp-json\/wp\/v2\/media?parent=27255"}],"wp:term":[{"taxonomy":"product_cat","embeddable":true,"href":"https:\/\/librairie7l.com\/en\/wp-json\/wp\/v2\/product_cat?post=27255"},{"taxonomy":"product_tag","embeddable":true,"href":"https:\/\/librairie7l.com\/en\/wp-json\/wp\/v2\/product_tag?post=27255"}],"curies":[{"name":"wp","href":"https:\/\/api.w.org\/{rel}","templated":true}]}}