{"id":27263,"date":"2023-05-10T12:57:12","date_gmt":"2023-05-10T10:57:12","guid":{"rendered":"https:\/\/librairie7l.com\/?post_type=product&#038;p=27263"},"modified":"2026-04-05T17:05:45","modified_gmt":"2026-04-05T15:05:45","slug":"miro-la-couleur-de-mes-reves","status":"publish","type":"product","link":"https:\/\/librairie7l.com\/en\/produit\/miro-la-couleur-de-mes-reves\/","title":{"rendered":"MIR\u00d3, LA COULEUR DE MES R\u00caVES"},"content":{"rendered":"<p>Les peintures, dessins, c\u00e9ramiques et sculptures de J. Miro sont pr\u00e9sent\u00e9s sur sept d\u00e9cennies, les auteurs mettant en lumi\u00e8re son \u00e9volution stylistique et ses renouvellements incessants. Des po\u00e8mes de L. Aragon, M. Jacob, R. Char ou encore T. Tzara accompagnent ce parcours dans l&#8217;oeuvre de l&#8217;artiste.<\/p>\n","protected":false},"excerpt":{"rendered":"<p>Les peintures, dessins, c\u00e9ramiques et sculptures de J. Miro sont pr\u00e9sent\u00e9s sur sept d\u00e9cennies, les auteurs mettant en lumi\u00e8re son \u00e9volution stylistique et ses renouvellements incessants. Des po\u00e8mes de L. Aragon, M. Jacob, R. Char ou encore T. Tzara accompagnent ce parcours dans l&#8217;oeuvre de l&#8217;artiste.<\/p>\n","protected":false},"featured_media":27261,"template":"","meta":[],"product_cat":[55,2948,47,2953],"product_tag":[],"acf":[],"yoast_head":"<!-- This site is optimized with the Yoast SEO plugin v20.11 - https:\/\/yoast.com\/wordpress\/plugins\/seo\/ -->\n<title>MIR\u00d3, LA COULEUR DE MES R\u00caVES - Librairie 7L<\/title>\n<meta name=\"robots\" content=\"index, follow, max-snippet:-1, max-image-preview:large, max-video-preview:-1\" \/>\n<link rel=\"canonical\" href=\"https:\/\/librairie7l.com\/en\/produit\/miro-la-couleur-de-mes-reves\/\" \/>\n<meta property=\"og:locale\" content=\"en_US\" \/>\n<meta property=\"og:type\" content=\"article\" \/>\n<meta property=\"og:title\" content=\"MIR\u00d3, LA COULEUR DE MES R\u00caVES - Librairie 7L\" \/>\n<meta property=\"og:description\" content=\"Les peintures, dessins, c\u00e9ramiques et sculptures de J. Miro sont pr\u00e9sent\u00e9s sur sept d\u00e9cennies, les auteurs mettant en lumi\u00e8re son \u00e9volution stylistique et ses renouvellements incessants. Des po\u00e8mes de L. Aragon, M. Jacob, R. Char ou encore T. Tzara accompagnent ce parcours dans l&#8217;oeuvre de l&#8217;artiste.\" \/>\n<meta property=\"og:url\" content=\"https:\/\/librairie7l.com\/en\/produit\/miro-la-couleur-de-mes-reves\/\" \/>\n<meta property=\"og:site_name\" content=\"Librairie 7L\" \/>\n<meta property=\"article:modified_time\" content=\"2026-04-05T15:05:45+00:00\" \/>\n<meta property=\"og:image\" content=\"https:\/\/librairie7l.com\/wp-content\/uploads\/2018\/05\/9782711870783_1_75.jpg\" \/>\n\t<meta property=\"og:image:width\" content=\"600\" \/>\n\t<meta property=\"og:image:height\" content=\"721\" \/>\n\t<meta property=\"og:image:type\" content=\"image\/jpeg\" \/>\n<meta name=\"twitter:card\" content=\"summary_large_image\" \/>\n<script type=\"application\/ld+json\" class=\"yoast-schema-graph\">{\"@context\":\"https:\/\/schema.org\",\"@graph\":[{\"@type\":\"WebPage\",\"@id\":\"https:\/\/librairie7l.com\/en\/produit\/miro-la-couleur-de-mes-reves\/\",\"url\":\"https:\/\/librairie7l.com\/en\/produit\/miro-la-couleur-de-mes-reves\/\",\"name\":\"MIR\u00d3, LA COULEUR DE MES R\u00caVES - Librairie 7L\",\"isPartOf\":{\"@id\":\"https:\/\/librairie7l.com\/en\/#website\"},\"datePublished\":\"2023-05-10T10:57:12+00:00\",\"dateModified\":\"2026-04-05T15:05:45+00:00\",\"breadcrumb\":{\"@id\":\"https:\/\/librairie7l.com\/en\/produit\/miro-la-couleur-de-mes-reves\/#breadcrumb\"},\"inLanguage\":\"en-US\",\"potentialAction\":[{\"@type\":\"ReadAction\",\"target\":[\"https:\/\/librairie7l.com\/en\/produit\/miro-la-couleur-de-mes-reves\/\"]}]},{\"@type\":\"BreadcrumbList\",\"@id\":\"https:\/\/librairie7l.com\/en\/produit\/miro-la-couleur-de-mes-reves\/#breadcrumb\",\"itemListElement\":[{\"@type\":\"ListItem\",\"position\":1,\"name\":\"Accueil\",\"item\":\"https:\/\/librairie7l.com\/en\/\"},{\"@type\":\"ListItem\",\"position\":2,\"name\":\"Shop\",\"item\":\"https:\/\/librairie7l.com\/en\/shop\/\"},{\"@type\":\"ListItem\",\"position\":3,\"name\":\"MIR\u00d3, LA COULEUR DE MES R\u00caVES\"}]},{\"@type\":\"WebSite\",\"@id\":\"https:\/\/librairie7l.com\/en\/#website\",\"url\":\"https:\/\/librairie7l.com\/en\/\",\"name\":\"Librairie 7L\",\"description\":\"Librairie fond\u00e9e en 1999 par Karl Lagerfeld \u00e0 Paris\",\"publisher\":{\"@id\":\"https:\/\/librairie7l.com\/en\/#organization\"},\"potentialAction\":[{\"@type\":\"SearchAction\",\"target\":{\"@type\":\"EntryPoint\",\"urlTemplate\":\"https:\/\/librairie7l.com\/en\/?s={search_term_string}\"},\"query-input\":\"required name=search_term_string\"}],\"inLanguage\":\"en-US\"},{\"@type\":\"Organization\",\"@id\":\"https:\/\/librairie7l.com\/en\/#organization\",\"name\":\"Librairie 7L\",\"url\":\"https:\/\/librairie7l.com\/en\/\",\"logo\":{\"@type\":\"ImageObject\",\"inLanguage\":\"en-US\",\"@id\":\"https:\/\/librairie7l.com\/en\/#\/schema\/logo\/image\/\",\"url\":\"https:\/\/librairie7l.com\/wp-content\/uploads\/2022\/08\/logo-1.png\",\"contentUrl\":\"https:\/\/librairie7l.com\/wp-content\/uploads\/2022\/08\/logo-1.png\",\"width\":227,\"height\":301,\"caption\":\"Librairie 7L\"},\"image\":{\"@id\":\"https:\/\/librairie7l.com\/en\/#\/schema\/logo\/image\/\"}}]}<\/script>\n<!-- \/ Yoast SEO plugin. -->","yoast_head_json":{"title":"MIR\u00d3, LA COULEUR DE MES R\u00caVES - Librairie 7L","robots":{"index":"index","follow":"follow","max-snippet":"max-snippet:-1","max-image-preview":"max-image-preview:large","max-video-preview":"max-video-preview:-1"},"canonical":"https:\/\/librairie7l.com\/en\/produit\/miro-la-couleur-de-mes-reves\/","og_locale":"en_US","og_type":"article","og_title":"MIR\u00d3, LA COULEUR DE MES R\u00caVES - Librairie 7L","og_description":"Les peintures, dessins, c\u00e9ramiques et sculptures de J. Miro sont pr\u00e9sent\u00e9s sur sept d\u00e9cennies, les auteurs mettant en lumi\u00e8re son \u00e9volution stylistique et ses renouvellements incessants. Des po\u00e8mes de L. Aragon, M. Jacob, R. Char ou encore T. Tzara accompagnent ce parcours dans l&#8217;oeuvre de l&#8217;artiste.","og_url":"https:\/\/librairie7l.com\/en\/produit\/miro-la-couleur-de-mes-reves\/","og_site_name":"Librairie 7L","article_modified_time":"2026-04-05T15:05:45+00:00","og_image":[{"width":600,"height":721,"url":"https:\/\/librairie7l.com\/wp-content\/uploads\/2018\/05\/9782711870783_1_75.jpg","type":"image\/jpeg"}],"twitter_card":"summary_large_image","schema":{"@context":"https:\/\/schema.org","@graph":[{"@type":"WebPage","@id":"https:\/\/librairie7l.com\/en\/produit\/miro-la-couleur-de-mes-reves\/","url":"https:\/\/librairie7l.com\/en\/produit\/miro-la-couleur-de-mes-reves\/","name":"MIR\u00d3, LA COULEUR DE MES R\u00caVES - Librairie 7L","isPartOf":{"@id":"https:\/\/librairie7l.com\/en\/#website"},"datePublished":"2023-05-10T10:57:12+00:00","dateModified":"2026-04-05T15:05:45+00:00","breadcrumb":{"@id":"https:\/\/librairie7l.com\/en\/produit\/miro-la-couleur-de-mes-reves\/#breadcrumb"},"inLanguage":"en-US","potentialAction":[{"@type":"ReadAction","target":["https:\/\/librairie7l.com\/en\/produit\/miro-la-couleur-de-mes-reves\/"]}]},{"@type":"BreadcrumbList","@id":"https:\/\/librairie7l.com\/en\/produit\/miro-la-couleur-de-mes-reves\/#breadcrumb","itemListElement":[{"@type":"ListItem","position":1,"name":"Accueil","item":"https:\/\/librairie7l.com\/en\/"},{"@type":"ListItem","position":2,"name":"Shop","item":"https:\/\/librairie7l.com\/en\/shop\/"},{"@type":"ListItem","position":3,"name":"MIR\u00d3, LA COULEUR DE MES R\u00caVES"}]},{"@type":"WebSite","@id":"https:\/\/librairie7l.com\/en\/#website","url":"https:\/\/librairie7l.com\/en\/","name":"Librairie 7L","description":"Librairie fond\u00e9e en 1999 par Karl Lagerfeld \u00e0 Paris","publisher":{"@id":"https:\/\/librairie7l.com\/en\/#organization"},"potentialAction":[{"@type":"SearchAction","target":{"@type":"EntryPoint","urlTemplate":"https:\/\/librairie7l.com\/en\/?s={search_term_string}"},"query-input":"required name=search_term_string"}],"inLanguage":"en-US"},{"@type":"Organization","@id":"https:\/\/librairie7l.com\/en\/#organization","name":"Librairie 7L","url":"https:\/\/librairie7l.com\/en\/","logo":{"@type":"ImageObject","inLanguage":"en-US","@id":"https:\/\/librairie7l.com\/en\/#\/schema\/logo\/image\/","url":"https:\/\/librairie7l.com\/wp-content\/uploads\/2022\/08\/logo-1.png","contentUrl":"https:\/\/librairie7l.com\/wp-content\/uploads\/2022\/08\/logo-1.png","width":227,"height":301,"caption":"Librairie 7L"},"image":{"@id":"https:\/\/librairie7l.com\/en\/#\/schema\/logo\/image\/"}}]}},"_links":{"self":[{"href":"https:\/\/librairie7l.com\/en\/wp-json\/wp\/v2\/product\/27263"}],"collection":[{"href":"https:\/\/librairie7l.com\/en\/wp-json\/wp\/v2\/product"}],"about":[{"href":"https:\/\/librairie7l.com\/en\/wp-json\/wp\/v2\/types\/product"}],"wp:featuredmedia":[{"embeddable":true,"href":"https:\/\/librairie7l.com\/en\/wp-json\/wp\/v2\/media\/27261"}],"wp:attachment":[{"href":"https:\/\/librairie7l.com\/en\/wp-json\/wp\/v2\/media?parent=27263"}],"wp:term":[{"taxonomy":"product_cat","embeddable":true,"href":"https:\/\/librairie7l.com\/en\/wp-json\/wp\/v2\/product_cat?post=27263"},{"taxonomy":"product_tag","embeddable":true,"href":"https:\/\/librairie7l.com\/en\/wp-json\/wp\/v2\/product_tag?post=27263"}],"curies":[{"name":"wp","href":"https:\/\/api.w.org\/{rel}","templated":true}]}}