{"id":27283,"date":"2023-05-10T12:57:47","date_gmt":"2023-05-10T10:57:47","guid":{"rendered":"https:\/\/librairie7l.com\/?post_type=product&#038;p=27283"},"modified":"2026-04-17T14:01:56","modified_gmt":"2026-04-17T12:01:56","slug":"jean-michel-othonie-le-reve-de-leau","status":"publish","type":"product","link":"https:\/\/librairie7l.com\/en\/produit\/jean-michel-othonie-le-reve-de-leau\/","title":{"rendered":"LE R\u00caVE DE L&#8217;EAU : JEAN-MICHEL OTHONIEL AU PALAIS ID\u00c9AL DU FACTEUR CHEVAL"},"content":{"rendered":"<p>Au printemps 2022, Jean-Michel Othoniel propose une exposition in\u00e9dite sp\u00e9cifiquement con\u00e7ue pour le Palais id\u00e9al du Facteur Cheval intitul\u00e9e \u00ab Le r\u00eave de l&#8217;eau \u00bb. Pour c\u00e9l\u00e9brer les 110 ans de sa construction, le Palais id\u00e9al du facteur Cheval est heureux d&#8217;accueillir l&#8217;exposition Le r\u00eave de l&#8217;eau, imagin\u00e9e par l&#8217;artiste Jean-Michel Othoniel. Cr\u00e9\u00e9e sp\u00e9cialement pour ce lieu unique au monde, l&#8217;exposition se d\u00e9ploie pour la premi\u00e8re fois au coeur de l&#8217;oeuvre du Facteur Cheval et de son jardin. Inspir\u00e9e par les dessins pr\u00e9paratoires du Facteur Cheval, l&#8217;intervention de Jean-Michel Othoniel en appelle au sensible et convoque le merveilleux pour rendre vivant le r\u00eave du Facteur Cheval : que le Palais soit anim\u00e9 de jeux d&#8217;eau, de fontaines et de cascades. Dans un dialogue parfait, Jean-Michel Othoniel vient cr\u00e9er des oeuvres tout autour et \u00e0 l&#8217;int\u00e9rieur du Palais, s&#8217;inspirant des formes con\u00e7ues par le Facteur Cheval. Invit\u00e9 par Fr\u00e9d\u00e9ric Legros (directeur du Palais id\u00e9al du Facteur Cheval), Jean-Michel Othoniel rel\u00e8ve avec subtilit\u00e9 le d\u00e9fi qui consiste pour la premi\u00e8re fois \u00e0 faire rentrer la cr\u00e9ation contemporaine dans l&#8217;oeuvre singuli\u00e8re du Facteur Cheval. Entre sculpture, construction et folies, deux univers d&#8217;artistes singuliers viennent se rencontrer.<\/p>\n","protected":false},"excerpt":{"rendered":"<p>Au printemps 2022, Jean-Michel Othoniel propose une exposition in\u00e9dite sp\u00e9cifiquement con\u00e7ue pour le Palais id\u00e9al du Facteur Cheval intitul\u00e9e \u00ab Le r\u00eave de l&#8217;eau \u00bb. Pour c\u00e9l\u00e9brer les 110 ans de sa construction, le Palais id\u00e9al du facteur Cheval est heureux d&#8217;accueillir l&#8217;exposition Le r\u00eave de l&#8217;eau, imagin\u00e9e par l&#8217;artiste Jean-Michel Othoniel. Cr\u00e9\u00e9e sp\u00e9cialement pour [&hellip;]<\/p>\n","protected":false},"featured_media":27281,"template":"","meta":[],"product_cat":[55,2948,47,2953],"product_tag":[],"acf":[],"yoast_head":"<!-- This site is optimized with the Yoast SEO plugin v20.11 - https:\/\/yoast.com\/wordpress\/plugins\/seo\/ -->\n<title>LE R\u00caVE DE L&#039;EAU : JEAN-MICHEL OTHONIEL AU PALAIS ID\u00c9AL DU FACTEUR CHEVAL - Librairie 7L<\/title>\n<meta name=\"robots\" content=\"index, follow, max-snippet:-1, max-image-preview:large, max-video-preview:-1\" \/>\n<link rel=\"canonical\" href=\"https:\/\/librairie7l.com\/en\/produit\/jean-michel-othonie-le-reve-de-leau\/\" \/>\n<meta property=\"og:locale\" content=\"en_US\" \/>\n<meta property=\"og:type\" content=\"article\" \/>\n<meta property=\"og:title\" content=\"LE R\u00caVE DE L&#039;EAU : JEAN-MICHEL OTHONIEL AU PALAIS ID\u00c9AL DU FACTEUR CHEVAL - Librairie 7L\" \/>\n<meta property=\"og:description\" content=\"Au printemps 2022, Jean-Michel Othoniel propose une exposition in\u00e9dite sp\u00e9cifiquement con\u00e7ue pour le Palais id\u00e9al du Facteur Cheval intitul\u00e9e \u00ab Le r\u00eave de l&#8217;eau \u00bb. Pour c\u00e9l\u00e9brer les 110 ans de sa construction, le Palais id\u00e9al du facteur Cheval est heureux d&#8217;accueillir l&#8217;exposition Le r\u00eave de l&#8217;eau, imagin\u00e9e par l&#8217;artiste Jean-Michel Othoniel. Cr\u00e9\u00e9e sp\u00e9cialement pour [&hellip;]\" \/>\n<meta property=\"og:url\" content=\"https:\/\/librairie7l.com\/en\/produit\/jean-michel-othonie-le-reve-de-leau\/\" \/>\n<meta property=\"og:site_name\" content=\"Librairie 7L\" \/>\n<meta property=\"article:modified_time\" content=\"2026-04-17T12:01:56+00:00\" \/>\n<meta property=\"og:image\" content=\"https:\/\/librairie7l.com\/wp-content\/uploads\/2022\/04\/9782373721546_1_75.jpg\" \/>\n\t<meta property=\"og:image:width\" content=\"600\" \/>\n\t<meta property=\"og:image:height\" content=\"750\" \/>\n\t<meta property=\"og:image:type\" content=\"image\/jpeg\" \/>\n<meta name=\"twitter:card\" content=\"summary_large_image\" \/>\n<meta name=\"twitter:label1\" content=\"Est. reading time\" \/>\n\t<meta name=\"twitter:data1\" content=\"1 minute\" \/>\n<script type=\"application\/ld+json\" class=\"yoast-schema-graph\">{\"@context\":\"https:\/\/schema.org\",\"@graph\":[{\"@type\":\"WebPage\",\"@id\":\"https:\/\/librairie7l.com\/en\/produit\/jean-michel-othonie-le-reve-de-leau\/\",\"url\":\"https:\/\/librairie7l.com\/en\/produit\/jean-michel-othonie-le-reve-de-leau\/\",\"name\":\"LE R\u00caVE DE L'EAU : JEAN-MICHEL OTHONIEL AU PALAIS ID\u00c9AL DU FACTEUR CHEVAL - Librairie 7L\",\"isPartOf\":{\"@id\":\"https:\/\/librairie7l.com\/en\/#website\"},\"datePublished\":\"2023-05-10T10:57:47+00:00\",\"dateModified\":\"2026-04-17T12:01:56+00:00\",\"breadcrumb\":{\"@id\":\"https:\/\/librairie7l.com\/en\/produit\/jean-michel-othonie-le-reve-de-leau\/#breadcrumb\"},\"inLanguage\":\"en-US\",\"potentialAction\":[{\"@type\":\"ReadAction\",\"target\":[\"https:\/\/librairie7l.com\/en\/produit\/jean-michel-othonie-le-reve-de-leau\/\"]}]},{\"@type\":\"BreadcrumbList\",\"@id\":\"https:\/\/librairie7l.com\/en\/produit\/jean-michel-othonie-le-reve-de-leau\/#breadcrumb\",\"itemListElement\":[{\"@type\":\"ListItem\",\"position\":1,\"name\":\"Accueil\",\"item\":\"https:\/\/librairie7l.com\/en\/\"},{\"@type\":\"ListItem\",\"position\":2,\"name\":\"Shop\",\"item\":\"https:\/\/librairie7l.com\/en\/shop\/\"},{\"@type\":\"ListItem\",\"position\":3,\"name\":\"LE R\u00caVE DE L&#8217;EAU : JEAN-MICHEL OTHONIEL AU PALAIS ID\u00c9AL DU FACTEUR CHEVAL\"}]},{\"@type\":\"WebSite\",\"@id\":\"https:\/\/librairie7l.com\/en\/#website\",\"url\":\"https:\/\/librairie7l.com\/en\/\",\"name\":\"Librairie 7L\",\"description\":\"Librairie fond\u00e9e en 1999 par Karl Lagerfeld \u00e0 Paris\",\"publisher\":{\"@id\":\"https:\/\/librairie7l.com\/en\/#organization\"},\"potentialAction\":[{\"@type\":\"SearchAction\",\"target\":{\"@type\":\"EntryPoint\",\"urlTemplate\":\"https:\/\/librairie7l.com\/en\/?s={search_term_string}\"},\"query-input\":\"required name=search_term_string\"}],\"inLanguage\":\"en-US\"},{\"@type\":\"Organization\",\"@id\":\"https:\/\/librairie7l.com\/en\/#organization\",\"name\":\"Librairie 7L\",\"url\":\"https:\/\/librairie7l.com\/en\/\",\"logo\":{\"@type\":\"ImageObject\",\"inLanguage\":\"en-US\",\"@id\":\"https:\/\/librairie7l.com\/en\/#\/schema\/logo\/image\/\",\"url\":\"https:\/\/librairie7l.com\/wp-content\/uploads\/2022\/08\/logo-1.png\",\"contentUrl\":\"https:\/\/librairie7l.com\/wp-content\/uploads\/2022\/08\/logo-1.png\",\"width\":227,\"height\":301,\"caption\":\"Librairie 7L\"},\"image\":{\"@id\":\"https:\/\/librairie7l.com\/en\/#\/schema\/logo\/image\/\"}}]}<\/script>\n<!-- \/ Yoast SEO plugin. -->","yoast_head_json":{"title":"LE R\u00caVE DE L'EAU : JEAN-MICHEL OTHONIEL AU PALAIS ID\u00c9AL DU FACTEUR CHEVAL - Librairie 7L","robots":{"index":"index","follow":"follow","max-snippet":"max-snippet:-1","max-image-preview":"max-image-preview:large","max-video-preview":"max-video-preview:-1"},"canonical":"https:\/\/librairie7l.com\/en\/produit\/jean-michel-othonie-le-reve-de-leau\/","og_locale":"en_US","og_type":"article","og_title":"LE R\u00caVE DE L'EAU : JEAN-MICHEL OTHONIEL AU PALAIS ID\u00c9AL DU FACTEUR CHEVAL - Librairie 7L","og_description":"Au printemps 2022, Jean-Michel Othoniel propose une exposition in\u00e9dite sp\u00e9cifiquement con\u00e7ue pour le Palais id\u00e9al du Facteur Cheval intitul\u00e9e \u00ab Le r\u00eave de l&#8217;eau \u00bb. Pour c\u00e9l\u00e9brer les 110 ans de sa construction, le Palais id\u00e9al du facteur Cheval est heureux d&#8217;accueillir l&#8217;exposition Le r\u00eave de l&#8217;eau, imagin\u00e9e par l&#8217;artiste Jean-Michel Othoniel. Cr\u00e9\u00e9e sp\u00e9cialement pour [&hellip;]","og_url":"https:\/\/librairie7l.com\/en\/produit\/jean-michel-othonie-le-reve-de-leau\/","og_site_name":"Librairie 7L","article_modified_time":"2026-04-17T12:01:56+00:00","og_image":[{"width":600,"height":750,"url":"https:\/\/librairie7l.com\/wp-content\/uploads\/2022\/04\/9782373721546_1_75.jpg","type":"image\/jpeg"}],"twitter_card":"summary_large_image","twitter_misc":{"Est. reading time":"1 minute"},"schema":{"@context":"https:\/\/schema.org","@graph":[{"@type":"WebPage","@id":"https:\/\/librairie7l.com\/en\/produit\/jean-michel-othonie-le-reve-de-leau\/","url":"https:\/\/librairie7l.com\/en\/produit\/jean-michel-othonie-le-reve-de-leau\/","name":"LE R\u00caVE DE L'EAU : JEAN-MICHEL OTHONIEL AU PALAIS ID\u00c9AL DU FACTEUR CHEVAL - Librairie 7L","isPartOf":{"@id":"https:\/\/librairie7l.com\/en\/#website"},"datePublished":"2023-05-10T10:57:47+00:00","dateModified":"2026-04-17T12:01:56+00:00","breadcrumb":{"@id":"https:\/\/librairie7l.com\/en\/produit\/jean-michel-othonie-le-reve-de-leau\/#breadcrumb"},"inLanguage":"en-US","potentialAction":[{"@type":"ReadAction","target":["https:\/\/librairie7l.com\/en\/produit\/jean-michel-othonie-le-reve-de-leau\/"]}]},{"@type":"BreadcrumbList","@id":"https:\/\/librairie7l.com\/en\/produit\/jean-michel-othonie-le-reve-de-leau\/#breadcrumb","itemListElement":[{"@type":"ListItem","position":1,"name":"Accueil","item":"https:\/\/librairie7l.com\/en\/"},{"@type":"ListItem","position":2,"name":"Shop","item":"https:\/\/librairie7l.com\/en\/shop\/"},{"@type":"ListItem","position":3,"name":"LE R\u00caVE DE L&#8217;EAU : JEAN-MICHEL OTHONIEL AU PALAIS ID\u00c9AL DU FACTEUR CHEVAL"}]},{"@type":"WebSite","@id":"https:\/\/librairie7l.com\/en\/#website","url":"https:\/\/librairie7l.com\/en\/","name":"Librairie 7L","description":"Librairie fond\u00e9e en 1999 par Karl Lagerfeld \u00e0 Paris","publisher":{"@id":"https:\/\/librairie7l.com\/en\/#organization"},"potentialAction":[{"@type":"SearchAction","target":{"@type":"EntryPoint","urlTemplate":"https:\/\/librairie7l.com\/en\/?s={search_term_string}"},"query-input":"required name=search_term_string"}],"inLanguage":"en-US"},{"@type":"Organization","@id":"https:\/\/librairie7l.com\/en\/#organization","name":"Librairie 7L","url":"https:\/\/librairie7l.com\/en\/","logo":{"@type":"ImageObject","inLanguage":"en-US","@id":"https:\/\/librairie7l.com\/en\/#\/schema\/logo\/image\/","url":"https:\/\/librairie7l.com\/wp-content\/uploads\/2022\/08\/logo-1.png","contentUrl":"https:\/\/librairie7l.com\/wp-content\/uploads\/2022\/08\/logo-1.png","width":227,"height":301,"caption":"Librairie 7L"},"image":{"@id":"https:\/\/librairie7l.com\/en\/#\/schema\/logo\/image\/"}}]}},"_links":{"self":[{"href":"https:\/\/librairie7l.com\/en\/wp-json\/wp\/v2\/product\/27283"}],"collection":[{"href":"https:\/\/librairie7l.com\/en\/wp-json\/wp\/v2\/product"}],"about":[{"href":"https:\/\/librairie7l.com\/en\/wp-json\/wp\/v2\/types\/product"}],"wp:featuredmedia":[{"embeddable":true,"href":"https:\/\/librairie7l.com\/en\/wp-json\/wp\/v2\/media\/27281"}],"wp:attachment":[{"href":"https:\/\/librairie7l.com\/en\/wp-json\/wp\/v2\/media?parent=27283"}],"wp:term":[{"taxonomy":"product_cat","embeddable":true,"href":"https:\/\/librairie7l.com\/en\/wp-json\/wp\/v2\/product_cat?post=27283"},{"taxonomy":"product_tag","embeddable":true,"href":"https:\/\/librairie7l.com\/en\/wp-json\/wp\/v2\/product_tag?post=27283"}],"curies":[{"name":"wp","href":"https:\/\/api.w.org\/{rel}","templated":true}]}}