{"id":27317,"date":"2023-05-10T12:59:11","date_gmt":"2023-05-10T10:59:11","guid":{"rendered":"https:\/\/librairie7l.com\/?post_type=product&#038;p=27317"},"modified":"2026-04-12T09:33:23","modified_gmt":"2026-04-12T07:33:23","slug":"wax-anthologie-des-tissus-imprimes-dafrique","status":"publish","type":"product","link":"https:\/\/librairie7l.com\/en\/produit\/wax-anthologie-des-tissus-imprimes-dafrique\/","title":{"rendered":"WAX &AMP; CO. ; ANTHOLOGIE DES TISSUS IMPRIM\u00c9S D&#8217;AFRIQUE"},"content":{"rendered":"<p>La mode est aux tissus africains, et tout particuli\u00e8rement au wax dont la signature graphique, avec ses couleurs vibrantes et ses motifs l\u00e9g\u00e8rement d\u00e9cal\u00e9s, se reconna\u00eet entre mille. Ce livre propose une v\u00e9ritable anthologie des tissus imprim\u00e9s africains, avec plus de 250 \u00e9chantillons pr\u00e9sent\u00e9s et comment\u00e9s.<\/p>\n","protected":false},"excerpt":{"rendered":"<p>La mode est aux tissus africains, et tout particuli\u00e8rement au wax dont la signature graphique, avec ses couleurs vibrantes et ses motifs l\u00e9g\u00e8rement d\u00e9cal\u00e9s, se reconna\u00eet entre mille. Ce livre propose une v\u00e9ritable anthologie des tissus imprim\u00e9s africains, avec plus de 250 \u00e9chantillons pr\u00e9sent\u00e9s et comment\u00e9s.<\/p>\n","protected":false},"featured_media":27315,"template":"","meta":[],"product_cat":[55,2948,2957,19],"product_tag":[],"acf":[],"yoast_head":"<!-- This site is optimized with the Yoast SEO plugin v20.11 - https:\/\/yoast.com\/wordpress\/plugins\/seo\/ -->\n<title>WAX &amp; CO. ; ANTHOLOGIE DES TISSUS IMPRIM\u00c9S D&#039;AFRIQUE - Librairie 7L<\/title>\n<meta name=\"robots\" content=\"index, follow, max-snippet:-1, max-image-preview:large, max-video-preview:-1\" \/>\n<link rel=\"canonical\" href=\"https:\/\/librairie7l.com\/en\/produit\/wax-anthologie-des-tissus-imprimes-dafrique\/\" \/>\n<meta property=\"og:locale\" content=\"en_US\" \/>\n<meta property=\"og:type\" content=\"article\" \/>\n<meta property=\"og:title\" content=\"WAX &amp; CO. ; ANTHOLOGIE DES TISSUS IMPRIM\u00c9S D&#039;AFRIQUE - Librairie 7L\" \/>\n<meta property=\"og:description\" content=\"La mode est aux tissus africains, et tout particuli\u00e8rement au wax dont la signature graphique, avec ses couleurs vibrantes et ses motifs l\u00e9g\u00e8rement d\u00e9cal\u00e9s, se reconna\u00eet entre mille. Ce livre propose une v\u00e9ritable anthologie des tissus imprim\u00e9s africains, avec plus de 250 \u00e9chantillons pr\u00e9sent\u00e9s et comment\u00e9s.\" \/>\n<meta property=\"og:url\" content=\"https:\/\/librairie7l.com\/en\/produit\/wax-anthologie-des-tissus-imprimes-dafrique\/\" \/>\n<meta property=\"og:site_name\" content=\"Librairie 7L\" \/>\n<meta property=\"article:modified_time\" content=\"2026-04-12T07:33:23+00:00\" \/>\n<meta property=\"og:image\" content=\"https:\/\/librairie7l.com\/wp-content\/uploads\/2017\/04\/9782732480701_1_75.jpg\" \/>\n\t<meta property=\"og:image:width\" content=\"400\" \/>\n\t<meta property=\"og:image:height\" content=\"470\" \/>\n\t<meta property=\"og:image:type\" content=\"image\/jpeg\" \/>\n<meta name=\"twitter:card\" content=\"summary_large_image\" \/>\n<script type=\"application\/ld+json\" class=\"yoast-schema-graph\">{\"@context\":\"https:\/\/schema.org\",\"@graph\":[{\"@type\":\"WebPage\",\"@id\":\"https:\/\/librairie7l.com\/en\/produit\/wax-anthologie-des-tissus-imprimes-dafrique\/\",\"url\":\"https:\/\/librairie7l.com\/en\/produit\/wax-anthologie-des-tissus-imprimes-dafrique\/\",\"name\":\"WAX &amp; CO. ; ANTHOLOGIE DES TISSUS IMPRIM\u00c9S D'AFRIQUE - Librairie 7L\",\"isPartOf\":{\"@id\":\"https:\/\/librairie7l.com\/en\/#website\"},\"datePublished\":\"2023-05-10T10:59:11+00:00\",\"dateModified\":\"2026-04-12T07:33:23+00:00\",\"breadcrumb\":{\"@id\":\"https:\/\/librairie7l.com\/en\/produit\/wax-anthologie-des-tissus-imprimes-dafrique\/#breadcrumb\"},\"inLanguage\":\"en-US\",\"potentialAction\":[{\"@type\":\"ReadAction\",\"target\":[\"https:\/\/librairie7l.com\/en\/produit\/wax-anthologie-des-tissus-imprimes-dafrique\/\"]}]},{\"@type\":\"BreadcrumbList\",\"@id\":\"https:\/\/librairie7l.com\/en\/produit\/wax-anthologie-des-tissus-imprimes-dafrique\/#breadcrumb\",\"itemListElement\":[{\"@type\":\"ListItem\",\"position\":1,\"name\":\"Accueil\",\"item\":\"https:\/\/librairie7l.com\/en\/\"},{\"@type\":\"ListItem\",\"position\":2,\"name\":\"Shop\",\"item\":\"https:\/\/librairie7l.com\/en\/shop\/\"},{\"@type\":\"ListItem\",\"position\":3,\"name\":\"WAX &AMP; CO. ; ANTHOLOGIE DES TISSUS IMPRIM\u00c9S D&#8217;AFRIQUE\"}]},{\"@type\":\"WebSite\",\"@id\":\"https:\/\/librairie7l.com\/en\/#website\",\"url\":\"https:\/\/librairie7l.com\/en\/\",\"name\":\"Librairie 7L\",\"description\":\"Librairie fond\u00e9e en 1999 par Karl Lagerfeld \u00e0 Paris\",\"publisher\":{\"@id\":\"https:\/\/librairie7l.com\/en\/#organization\"},\"potentialAction\":[{\"@type\":\"SearchAction\",\"target\":{\"@type\":\"EntryPoint\",\"urlTemplate\":\"https:\/\/librairie7l.com\/en\/?s={search_term_string}\"},\"query-input\":\"required name=search_term_string\"}],\"inLanguage\":\"en-US\"},{\"@type\":\"Organization\",\"@id\":\"https:\/\/librairie7l.com\/en\/#organization\",\"name\":\"Librairie 7L\",\"url\":\"https:\/\/librairie7l.com\/en\/\",\"logo\":{\"@type\":\"ImageObject\",\"inLanguage\":\"en-US\",\"@id\":\"https:\/\/librairie7l.com\/en\/#\/schema\/logo\/image\/\",\"url\":\"https:\/\/librairie7l.com\/wp-content\/uploads\/2022\/08\/logo-1.png\",\"contentUrl\":\"https:\/\/librairie7l.com\/wp-content\/uploads\/2022\/08\/logo-1.png\",\"width\":227,\"height\":301,\"caption\":\"Librairie 7L\"},\"image\":{\"@id\":\"https:\/\/librairie7l.com\/en\/#\/schema\/logo\/image\/\"}}]}<\/script>\n<!-- \/ Yoast SEO plugin. -->","yoast_head_json":{"title":"WAX &amp; CO. ; ANTHOLOGIE DES TISSUS IMPRIM\u00c9S D'AFRIQUE - Librairie 7L","robots":{"index":"index","follow":"follow","max-snippet":"max-snippet:-1","max-image-preview":"max-image-preview:large","max-video-preview":"max-video-preview:-1"},"canonical":"https:\/\/librairie7l.com\/en\/produit\/wax-anthologie-des-tissus-imprimes-dafrique\/","og_locale":"en_US","og_type":"article","og_title":"WAX &amp; CO. ; ANTHOLOGIE DES TISSUS IMPRIM\u00c9S D'AFRIQUE - Librairie 7L","og_description":"La mode est aux tissus africains, et tout particuli\u00e8rement au wax dont la signature graphique, avec ses couleurs vibrantes et ses motifs l\u00e9g\u00e8rement d\u00e9cal\u00e9s, se reconna\u00eet entre mille. Ce livre propose une v\u00e9ritable anthologie des tissus imprim\u00e9s africains, avec plus de 250 \u00e9chantillons pr\u00e9sent\u00e9s et comment\u00e9s.","og_url":"https:\/\/librairie7l.com\/en\/produit\/wax-anthologie-des-tissus-imprimes-dafrique\/","og_site_name":"Librairie 7L","article_modified_time":"2026-04-12T07:33:23+00:00","og_image":[{"width":400,"height":470,"url":"https:\/\/librairie7l.com\/wp-content\/uploads\/2017\/04\/9782732480701_1_75.jpg","type":"image\/jpeg"}],"twitter_card":"summary_large_image","schema":{"@context":"https:\/\/schema.org","@graph":[{"@type":"WebPage","@id":"https:\/\/librairie7l.com\/en\/produit\/wax-anthologie-des-tissus-imprimes-dafrique\/","url":"https:\/\/librairie7l.com\/en\/produit\/wax-anthologie-des-tissus-imprimes-dafrique\/","name":"WAX &amp; CO. ; ANTHOLOGIE DES TISSUS IMPRIM\u00c9S D'AFRIQUE - Librairie 7L","isPartOf":{"@id":"https:\/\/librairie7l.com\/en\/#website"},"datePublished":"2023-05-10T10:59:11+00:00","dateModified":"2026-04-12T07:33:23+00:00","breadcrumb":{"@id":"https:\/\/librairie7l.com\/en\/produit\/wax-anthologie-des-tissus-imprimes-dafrique\/#breadcrumb"},"inLanguage":"en-US","potentialAction":[{"@type":"ReadAction","target":["https:\/\/librairie7l.com\/en\/produit\/wax-anthologie-des-tissus-imprimes-dafrique\/"]}]},{"@type":"BreadcrumbList","@id":"https:\/\/librairie7l.com\/en\/produit\/wax-anthologie-des-tissus-imprimes-dafrique\/#breadcrumb","itemListElement":[{"@type":"ListItem","position":1,"name":"Accueil","item":"https:\/\/librairie7l.com\/en\/"},{"@type":"ListItem","position":2,"name":"Shop","item":"https:\/\/librairie7l.com\/en\/shop\/"},{"@type":"ListItem","position":3,"name":"WAX &AMP; CO. ; ANTHOLOGIE DES TISSUS IMPRIM\u00c9S D&#8217;AFRIQUE"}]},{"@type":"WebSite","@id":"https:\/\/librairie7l.com\/en\/#website","url":"https:\/\/librairie7l.com\/en\/","name":"Librairie 7L","description":"Librairie fond\u00e9e en 1999 par Karl Lagerfeld \u00e0 Paris","publisher":{"@id":"https:\/\/librairie7l.com\/en\/#organization"},"potentialAction":[{"@type":"SearchAction","target":{"@type":"EntryPoint","urlTemplate":"https:\/\/librairie7l.com\/en\/?s={search_term_string}"},"query-input":"required name=search_term_string"}],"inLanguage":"en-US"},{"@type":"Organization","@id":"https:\/\/librairie7l.com\/en\/#organization","name":"Librairie 7L","url":"https:\/\/librairie7l.com\/en\/","logo":{"@type":"ImageObject","inLanguage":"en-US","@id":"https:\/\/librairie7l.com\/en\/#\/schema\/logo\/image\/","url":"https:\/\/librairie7l.com\/wp-content\/uploads\/2022\/08\/logo-1.png","contentUrl":"https:\/\/librairie7l.com\/wp-content\/uploads\/2022\/08\/logo-1.png","width":227,"height":301,"caption":"Librairie 7L"},"image":{"@id":"https:\/\/librairie7l.com\/en\/#\/schema\/logo\/image\/"}}]}},"_links":{"self":[{"href":"https:\/\/librairie7l.com\/en\/wp-json\/wp\/v2\/product\/27317"}],"collection":[{"href":"https:\/\/librairie7l.com\/en\/wp-json\/wp\/v2\/product"}],"about":[{"href":"https:\/\/librairie7l.com\/en\/wp-json\/wp\/v2\/types\/product"}],"wp:featuredmedia":[{"embeddable":true,"href":"https:\/\/librairie7l.com\/en\/wp-json\/wp\/v2\/media\/27315"}],"wp:attachment":[{"href":"https:\/\/librairie7l.com\/en\/wp-json\/wp\/v2\/media?parent=27317"}],"wp:term":[{"taxonomy":"product_cat","embeddable":true,"href":"https:\/\/librairie7l.com\/en\/wp-json\/wp\/v2\/product_cat?post=27317"},{"taxonomy":"product_tag","embeddable":true,"href":"https:\/\/librairie7l.com\/en\/wp-json\/wp\/v2\/product_tag?post=27317"}],"curies":[{"name":"wp","href":"https:\/\/api.w.org\/{rel}","templated":true}]}}