{"id":27337,"date":"2023-05-10T12:59:56","date_gmt":"2023-05-10T10:59:56","guid":{"rendered":"https:\/\/librairie7l.com\/?post_type=product&#038;p=27337"},"modified":"2026-04-19T06:04:24","modified_gmt":"2026-04-19T04:04:24","slug":"musee-yves-saint-laurent-marrakech","status":"publish","type":"product","link":"https:\/\/librairie7l.com\/en\/produit\/musee-yves-saint-laurent-marrakech\/","title":{"rendered":"MUS\u00c9E YVES SAINT LAURENT MARRAKECH"},"content":{"rendered":"<p>Con\u00e7u comme un journal, cet ouvrage retrace les 1423 jours qu&#8217;ont n\u00e9cessit\u00e9 la commande, puis la conception, la construction et enfin l&#8217;inauguration de ce mus\u00e9e pris\u00e9 tant par les amateurs de mode que d&#8217;architecture. Depuis le premier appel t\u00e9l\u00e9phonique de Pierre Berg\u00e9 pour proposer \u00e0 l&#8217;agence franco-marocaine Studio KO de r\u00e9aliser le mus\u00e9e jusqu&#8217;\u00e0 l&#8217;inauguration en 2017, un mois apr\u00e8s le d\u00e9c\u00e8s de son commanditaire, cet ouvrage raconte et illustre avec une rare originalit\u00e9 l&#8217;ensemble du processus qui donnera vie au sublime b\u00e2timent.<br \/>\n\u00c9tabli \u00e0 Paris et \u00e0 Marrakech et fond\u00e9 en 2000 par Karl Fournier et Olivier Marty, Studio KO est l&#8217;une des agences d&#8217;architecture et de d\u00e9coration d&#8217;int\u00e9rieur les plus pris\u00e9es du moment. Renomm\u00e9 pour son esth\u00e9tique minimaliste et l&#8217;attention qu&#8217;il pr\u00eate \u00e0 l&#8217;artisanat et aux savoir-faire locaux, le duo r\u00e9alise des projets r\u00e9sidentiels et publics contemporains dans le monde entier. Le r\u00e9cit de la cr\u00e9ation d&#8217;un mus\u00e9e tr\u00e8s vite devenu une destination incontournable qui c\u00e9l\u00e8bre l&#8217;architecture, le design et la mode \u00e0 travers l&#8217;oeuvre d&#8217;un des plus grands couturiers de notre temps  Un document passionnant sur les coulisses du processus cr\u00e9atif du Studio KO, de la premi\u00e8re esquisse au choix des briques les plus adapt\u00e9es pour fabriquer le motif en dentelle de la fa\u00e7ade en passant par la forme des si\u00e8ges de l&#8217;auditorium.<br \/>\nLargement illustr\u00e9 de croquis, dessins techniques, clich\u00e9s de r\u00e9unions avec les clients, le directeur du mus\u00e9e et les nombreux collaborateurs, ainsi que des photographies du jardin et des magnifiques collections du mus\u00e9e.<br \/>\nL&#8217;histoire de la relation unique entre les architectes et leur client, ingr\u00e9dient indispensable \u00e0 la construction de tout b\u00e2timent extraordinaire.<\/p>\n","protected":false},"excerpt":{"rendered":"<p>Con\u00e7u comme un journal, cet ouvrage retrace les 1423 jours qu&#8217;ont n\u00e9cessit\u00e9 la commande, puis la conception, la construction et enfin l&#8217;inauguration de ce mus\u00e9e pris\u00e9 tant par les amateurs de mode que d&#8217;architecture. Depuis le premier appel t\u00e9l\u00e9phonique de Pierre Berg\u00e9 pour proposer \u00e0 l&#8217;agence franco-marocaine Studio KO de r\u00e9aliser le mus\u00e9e jusqu&#8217;\u00e0 l&#8217;inauguration [&hellip;]<\/p>\n","protected":false},"featured_media":27335,"template":"","meta":[],"product_cat":[55,2948,18,2952],"product_tag":[],"acf":[],"yoast_head":"<!-- This site is optimized with the Yoast SEO plugin v20.11 - https:\/\/yoast.com\/wordpress\/plugins\/seo\/ -->\n<title>MUS\u00c9E YVES SAINT LAURENT MARRAKECH - Librairie 7L<\/title>\n<meta name=\"robots\" content=\"index, follow, max-snippet:-1, max-image-preview:large, max-video-preview:-1\" \/>\n<link rel=\"canonical\" href=\"https:\/\/librairie7l.com\/en\/produit\/musee-yves-saint-laurent-marrakech\/\" \/>\n<meta property=\"og:locale\" content=\"en_US\" \/>\n<meta property=\"og:type\" content=\"article\" \/>\n<meta property=\"og:title\" content=\"MUS\u00c9E YVES SAINT LAURENT MARRAKECH - Librairie 7L\" \/>\n<meta property=\"og:description\" content=\"Con\u00e7u comme un journal, cet ouvrage retrace les 1423 jours qu&#8217;ont n\u00e9cessit\u00e9 la commande, puis la conception, la construction et enfin l&#8217;inauguration de ce mus\u00e9e pris\u00e9 tant par les amateurs de mode que d&#8217;architecture. Depuis le premier appel t\u00e9l\u00e9phonique de Pierre Berg\u00e9 pour proposer \u00e0 l&#8217;agence franco-marocaine Studio KO de r\u00e9aliser le mus\u00e9e jusqu&#8217;\u00e0 l&#8217;inauguration [&hellip;]\" \/>\n<meta property=\"og:url\" content=\"https:\/\/librairie7l.com\/en\/produit\/musee-yves-saint-laurent-marrakech\/\" \/>\n<meta property=\"og:site_name\" content=\"Librairie 7L\" \/>\n<meta property=\"article:modified_time\" content=\"2026-04-19T04:04:24+00:00\" \/>\n<meta property=\"og:image\" content=\"https:\/\/librairie7l.com\/wp-content\/uploads\/2021\/06\/9781838663872_1_75.jpg\" \/>\n\t<meta property=\"og:image:width\" content=\"561\" \/>\n\t<meta property=\"og:image:height\" content=\"800\" \/>\n\t<meta property=\"og:image:type\" content=\"image\/jpeg\" \/>\n<meta name=\"twitter:card\" content=\"summary_large_image\" \/>\n<meta name=\"twitter:label1\" content=\"Est. reading time\" \/>\n\t<meta name=\"twitter:data1\" content=\"1 minute\" \/>\n<script type=\"application\/ld+json\" class=\"yoast-schema-graph\">{\"@context\":\"https:\/\/schema.org\",\"@graph\":[{\"@type\":\"WebPage\",\"@id\":\"https:\/\/librairie7l.com\/en\/produit\/musee-yves-saint-laurent-marrakech\/\",\"url\":\"https:\/\/librairie7l.com\/en\/produit\/musee-yves-saint-laurent-marrakech\/\",\"name\":\"MUS\u00c9E YVES SAINT LAURENT MARRAKECH - Librairie 7L\",\"isPartOf\":{\"@id\":\"https:\/\/librairie7l.com\/en\/#website\"},\"datePublished\":\"2023-05-10T10:59:56+00:00\",\"dateModified\":\"2026-04-19T04:04:24+00:00\",\"breadcrumb\":{\"@id\":\"https:\/\/librairie7l.com\/en\/produit\/musee-yves-saint-laurent-marrakech\/#breadcrumb\"},\"inLanguage\":\"en-US\",\"potentialAction\":[{\"@type\":\"ReadAction\",\"target\":[\"https:\/\/librairie7l.com\/en\/produit\/musee-yves-saint-laurent-marrakech\/\"]}]},{\"@type\":\"BreadcrumbList\",\"@id\":\"https:\/\/librairie7l.com\/en\/produit\/musee-yves-saint-laurent-marrakech\/#breadcrumb\",\"itemListElement\":[{\"@type\":\"ListItem\",\"position\":1,\"name\":\"Accueil\",\"item\":\"https:\/\/librairie7l.com\/en\/\"},{\"@type\":\"ListItem\",\"position\":2,\"name\":\"Shop\",\"item\":\"https:\/\/librairie7l.com\/en\/shop\/\"},{\"@type\":\"ListItem\",\"position\":3,\"name\":\"MUS\u00c9E YVES SAINT LAURENT MARRAKECH\"}]},{\"@type\":\"WebSite\",\"@id\":\"https:\/\/librairie7l.com\/en\/#website\",\"url\":\"https:\/\/librairie7l.com\/en\/\",\"name\":\"Librairie 7L\",\"description\":\"Librairie fond\u00e9e en 1999 par Karl Lagerfeld \u00e0 Paris\",\"publisher\":{\"@id\":\"https:\/\/librairie7l.com\/en\/#organization\"},\"potentialAction\":[{\"@type\":\"SearchAction\",\"target\":{\"@type\":\"EntryPoint\",\"urlTemplate\":\"https:\/\/librairie7l.com\/en\/?s={search_term_string}\"},\"query-input\":\"required name=search_term_string\"}],\"inLanguage\":\"en-US\"},{\"@type\":\"Organization\",\"@id\":\"https:\/\/librairie7l.com\/en\/#organization\",\"name\":\"Librairie 7L\",\"url\":\"https:\/\/librairie7l.com\/en\/\",\"logo\":{\"@type\":\"ImageObject\",\"inLanguage\":\"en-US\",\"@id\":\"https:\/\/librairie7l.com\/en\/#\/schema\/logo\/image\/\",\"url\":\"https:\/\/librairie7l.com\/wp-content\/uploads\/2022\/08\/logo-1.png\",\"contentUrl\":\"https:\/\/librairie7l.com\/wp-content\/uploads\/2022\/08\/logo-1.png\",\"width\":227,\"height\":301,\"caption\":\"Librairie 7L\"},\"image\":{\"@id\":\"https:\/\/librairie7l.com\/en\/#\/schema\/logo\/image\/\"}}]}<\/script>\n<!-- \/ Yoast SEO plugin. -->","yoast_head_json":{"title":"MUS\u00c9E YVES SAINT LAURENT MARRAKECH - Librairie 7L","robots":{"index":"index","follow":"follow","max-snippet":"max-snippet:-1","max-image-preview":"max-image-preview:large","max-video-preview":"max-video-preview:-1"},"canonical":"https:\/\/librairie7l.com\/en\/produit\/musee-yves-saint-laurent-marrakech\/","og_locale":"en_US","og_type":"article","og_title":"MUS\u00c9E YVES SAINT LAURENT MARRAKECH - Librairie 7L","og_description":"Con\u00e7u comme un journal, cet ouvrage retrace les 1423 jours qu&#8217;ont n\u00e9cessit\u00e9 la commande, puis la conception, la construction et enfin l&#8217;inauguration de ce mus\u00e9e pris\u00e9 tant par les amateurs de mode que d&#8217;architecture. Depuis le premier appel t\u00e9l\u00e9phonique de Pierre Berg\u00e9 pour proposer \u00e0 l&#8217;agence franco-marocaine Studio KO de r\u00e9aliser le mus\u00e9e jusqu&#8217;\u00e0 l&#8217;inauguration [&hellip;]","og_url":"https:\/\/librairie7l.com\/en\/produit\/musee-yves-saint-laurent-marrakech\/","og_site_name":"Librairie 7L","article_modified_time":"2026-04-19T04:04:24+00:00","og_image":[{"width":561,"height":800,"url":"https:\/\/librairie7l.com\/wp-content\/uploads\/2021\/06\/9781838663872_1_75.jpg","type":"image\/jpeg"}],"twitter_card":"summary_large_image","twitter_misc":{"Est. reading time":"1 minute"},"schema":{"@context":"https:\/\/schema.org","@graph":[{"@type":"WebPage","@id":"https:\/\/librairie7l.com\/en\/produit\/musee-yves-saint-laurent-marrakech\/","url":"https:\/\/librairie7l.com\/en\/produit\/musee-yves-saint-laurent-marrakech\/","name":"MUS\u00c9E YVES SAINT LAURENT MARRAKECH - Librairie 7L","isPartOf":{"@id":"https:\/\/librairie7l.com\/en\/#website"},"datePublished":"2023-05-10T10:59:56+00:00","dateModified":"2026-04-19T04:04:24+00:00","breadcrumb":{"@id":"https:\/\/librairie7l.com\/en\/produit\/musee-yves-saint-laurent-marrakech\/#breadcrumb"},"inLanguage":"en-US","potentialAction":[{"@type":"ReadAction","target":["https:\/\/librairie7l.com\/en\/produit\/musee-yves-saint-laurent-marrakech\/"]}]},{"@type":"BreadcrumbList","@id":"https:\/\/librairie7l.com\/en\/produit\/musee-yves-saint-laurent-marrakech\/#breadcrumb","itemListElement":[{"@type":"ListItem","position":1,"name":"Accueil","item":"https:\/\/librairie7l.com\/en\/"},{"@type":"ListItem","position":2,"name":"Shop","item":"https:\/\/librairie7l.com\/en\/shop\/"},{"@type":"ListItem","position":3,"name":"MUS\u00c9E YVES SAINT LAURENT MARRAKECH"}]},{"@type":"WebSite","@id":"https:\/\/librairie7l.com\/en\/#website","url":"https:\/\/librairie7l.com\/en\/","name":"Librairie 7L","description":"Librairie fond\u00e9e en 1999 par Karl Lagerfeld \u00e0 Paris","publisher":{"@id":"https:\/\/librairie7l.com\/en\/#organization"},"potentialAction":[{"@type":"SearchAction","target":{"@type":"EntryPoint","urlTemplate":"https:\/\/librairie7l.com\/en\/?s={search_term_string}"},"query-input":"required name=search_term_string"}],"inLanguage":"en-US"},{"@type":"Organization","@id":"https:\/\/librairie7l.com\/en\/#organization","name":"Librairie 7L","url":"https:\/\/librairie7l.com\/en\/","logo":{"@type":"ImageObject","inLanguage":"en-US","@id":"https:\/\/librairie7l.com\/en\/#\/schema\/logo\/image\/","url":"https:\/\/librairie7l.com\/wp-content\/uploads\/2022\/08\/logo-1.png","contentUrl":"https:\/\/librairie7l.com\/wp-content\/uploads\/2022\/08\/logo-1.png","width":227,"height":301,"caption":"Librairie 7L"},"image":{"@id":"https:\/\/librairie7l.com\/en\/#\/schema\/logo\/image\/"}}]}},"_links":{"self":[{"href":"https:\/\/librairie7l.com\/en\/wp-json\/wp\/v2\/product\/27337"}],"collection":[{"href":"https:\/\/librairie7l.com\/en\/wp-json\/wp\/v2\/product"}],"about":[{"href":"https:\/\/librairie7l.com\/en\/wp-json\/wp\/v2\/types\/product"}],"wp:featuredmedia":[{"embeddable":true,"href":"https:\/\/librairie7l.com\/en\/wp-json\/wp\/v2\/media\/27335"}],"wp:attachment":[{"href":"https:\/\/librairie7l.com\/en\/wp-json\/wp\/v2\/media?parent=27337"}],"wp:term":[{"taxonomy":"product_cat","embeddable":true,"href":"https:\/\/librairie7l.com\/en\/wp-json\/wp\/v2\/product_cat?post=27337"},{"taxonomy":"product_tag","embeddable":true,"href":"https:\/\/librairie7l.com\/en\/wp-json\/wp\/v2\/product_tag?post=27337"}],"curies":[{"name":"wp","href":"https:\/\/api.w.org\/{rel}","templated":true}]}}