{"id":27357,"date":"2023-05-10T13:00:25","date_gmt":"2023-05-10T11:00:25","guid":{"rendered":"https:\/\/librairie7l.com\/?post_type=product&#038;p=27357"},"modified":"2026-04-07T10:57:21","modified_gmt":"2026-04-07T08:57:21","slug":"lart-des-pays-baltes-xixe-xxe-siecles","status":"publish","type":"product","link":"https:\/\/librairie7l.com\/en\/produit\/lart-des-pays-baltes-xixe-xxe-siecles\/","title":{"rendered":"L&#8217;ART DES PAYS BALTES, XIXE-XXE SI\u00c8CLES"},"content":{"rendered":"<p>Des populations arriv\u00e9es bien avant notre \u00e8re au bord de la Baltique ont form\u00e9 la Lituanie, la Lettonie et l&#8217;Estonie. Ces trois \u00e9tats ind\u00e9pendants se sont volontiers regroup\u00e9s sur l&#8217;appellation de Pays Baltes parce qu&#8217;ils sont g\u00e9ographiquement contigus et politiquement rapproch\u00e9s par une communaut\u00e9 d&#8217;int\u00e9r\u00eats face aux al\u00e9as de l&#8217;histoire. On les conna\u00eet depuis qu&#8217;ils sont lib\u00e9r\u00e9s de leurs ultimes colonisateurs. Au cours du XIX? si\u00e8cle, les artistes et \u00e9crivains baltes ont revendiqu\u00e9s et finalement impos\u00e9 leurs propres patrimoines culturels distincts de ceux de leurs envahisseurs. D\u00e8s l&#8217;\u00e9poque symboliste, des pr\u00e9curseurs comme Ciurlionis, M\u00e4gi ou Purvitis ont manifest\u00e9 une exceptionnelle originalit\u00e9. L&#8217;entre-deux-guerres o\u00f9 ces pays fr\u00e8res avaient retrouv\u00e9 leur enti\u00e8re autonomie a \u00e9t\u00e9 une riche \u00e9poque d&#8217;ouverture et d&#8217;\u00e9changes o\u00f9 on d\u00e9couvrira la dext\u00e9rit\u00e9 picturale d&#8217;Aleksandra Belcova, les g\u00e9om\u00e9tries subtiles d&#8217;Akberg et les exp\u00e9riences photographiques de Domicele Tarabildiene. Aiguillonn\u00e9es par de r\u00e9centes expositions anthologiques, notre curiosit\u00e9 et notre information trouveront ici un historique complet et abondamment illustr\u00e9 de l&#8217;art moderne des Pays Baltes.<\/p>\n","protected":false},"excerpt":{"rendered":"<p>Des populations arriv\u00e9es bien avant notre \u00e8re au bord de la Baltique ont form\u00e9 la Lituanie, la Lettonie et l&#8217;Estonie. Ces trois \u00e9tats ind\u00e9pendants se sont volontiers regroup\u00e9s sur l&#8217;appellation de Pays Baltes parce qu&#8217;ils sont g\u00e9ographiquement contigus et politiquement rapproch\u00e9s par une communaut\u00e9 d&#8217;int\u00e9r\u00eats face aux al\u00e9as de l&#8217;histoire. On les conna\u00eet depuis qu&#8217;ils [&hellip;]<\/p>\n","protected":false},"featured_media":27355,"template":"","meta":[],"product_cat":[55,2948,47,2953],"product_tag":[],"acf":[],"yoast_head":"<!-- This site is optimized with the Yoast SEO plugin v20.11 - https:\/\/yoast.com\/wordpress\/plugins\/seo\/ -->\n<title>L&#039;ART DES PAYS BALTES, XIXE-XXE SI\u00c8CLES - Librairie 7L<\/title>\n<meta name=\"robots\" content=\"index, follow, max-snippet:-1, max-image-preview:large, max-video-preview:-1\" \/>\n<link rel=\"canonical\" href=\"https:\/\/librairie7l.com\/en\/produit\/lart-des-pays-baltes-xixe-xxe-siecles\/\" \/>\n<meta property=\"og:locale\" content=\"en_US\" \/>\n<meta property=\"og:type\" content=\"article\" \/>\n<meta property=\"og:title\" content=\"L&#039;ART DES PAYS BALTES, XIXE-XXE SI\u00c8CLES - Librairie 7L\" \/>\n<meta property=\"og:description\" content=\"Des populations arriv\u00e9es bien avant notre \u00e8re au bord de la Baltique ont form\u00e9 la Lituanie, la Lettonie et l&#8217;Estonie. Ces trois \u00e9tats ind\u00e9pendants se sont volontiers regroup\u00e9s sur l&#8217;appellation de Pays Baltes parce qu&#8217;ils sont g\u00e9ographiquement contigus et politiquement rapproch\u00e9s par une communaut\u00e9 d&#8217;int\u00e9r\u00eats face aux al\u00e9as de l&#8217;histoire. On les conna\u00eet depuis qu&#8217;ils [&hellip;]\" \/>\n<meta property=\"og:url\" content=\"https:\/\/librairie7l.com\/en\/produit\/lart-des-pays-baltes-xixe-xxe-siecles\/\" \/>\n<meta property=\"og:site_name\" content=\"Librairie 7L\" \/>\n<meta property=\"article:modified_time\" content=\"2026-04-07T08:57:21+00:00\" \/>\n<meta property=\"og:image\" content=\"https:\/\/librairie7l.com\/wp-content\/uploads\/2021\/06\/9782080204912_1_75.jpg\" \/>\n\t<meta property=\"og:image:width\" content=\"600\" \/>\n\t<meta property=\"og:image:height\" content=\"768\" \/>\n\t<meta property=\"og:image:type\" content=\"image\/jpeg\" \/>\n<meta name=\"twitter:card\" content=\"summary_large_image\" \/>\n<meta name=\"twitter:label1\" content=\"Est. reading time\" \/>\n\t<meta name=\"twitter:data1\" content=\"1 minute\" \/>\n<script type=\"application\/ld+json\" class=\"yoast-schema-graph\">{\"@context\":\"https:\/\/schema.org\",\"@graph\":[{\"@type\":\"WebPage\",\"@id\":\"https:\/\/librairie7l.com\/en\/produit\/lart-des-pays-baltes-xixe-xxe-siecles\/\",\"url\":\"https:\/\/librairie7l.com\/en\/produit\/lart-des-pays-baltes-xixe-xxe-siecles\/\",\"name\":\"L'ART DES PAYS BALTES, XIXE-XXE SI\u00c8CLES - Librairie 7L\",\"isPartOf\":{\"@id\":\"https:\/\/librairie7l.com\/en\/#website\"},\"datePublished\":\"2023-05-10T11:00:25+00:00\",\"dateModified\":\"2026-04-07T08:57:21+00:00\",\"breadcrumb\":{\"@id\":\"https:\/\/librairie7l.com\/en\/produit\/lart-des-pays-baltes-xixe-xxe-siecles\/#breadcrumb\"},\"inLanguage\":\"en-US\",\"potentialAction\":[{\"@type\":\"ReadAction\",\"target\":[\"https:\/\/librairie7l.com\/en\/produit\/lart-des-pays-baltes-xixe-xxe-siecles\/\"]}]},{\"@type\":\"BreadcrumbList\",\"@id\":\"https:\/\/librairie7l.com\/en\/produit\/lart-des-pays-baltes-xixe-xxe-siecles\/#breadcrumb\",\"itemListElement\":[{\"@type\":\"ListItem\",\"position\":1,\"name\":\"Accueil\",\"item\":\"https:\/\/librairie7l.com\/en\/\"},{\"@type\":\"ListItem\",\"position\":2,\"name\":\"Shop\",\"item\":\"https:\/\/librairie7l.com\/en\/shop\/\"},{\"@type\":\"ListItem\",\"position\":3,\"name\":\"L&#8217;ART DES PAYS BALTES, XIXE-XXE SI\u00c8CLES\"}]},{\"@type\":\"WebSite\",\"@id\":\"https:\/\/librairie7l.com\/en\/#website\",\"url\":\"https:\/\/librairie7l.com\/en\/\",\"name\":\"Librairie 7L\",\"description\":\"Librairie fond\u00e9e en 1999 par Karl Lagerfeld \u00e0 Paris\",\"publisher\":{\"@id\":\"https:\/\/librairie7l.com\/en\/#organization\"},\"potentialAction\":[{\"@type\":\"SearchAction\",\"target\":{\"@type\":\"EntryPoint\",\"urlTemplate\":\"https:\/\/librairie7l.com\/en\/?s={search_term_string}\"},\"query-input\":\"required name=search_term_string\"}],\"inLanguage\":\"en-US\"},{\"@type\":\"Organization\",\"@id\":\"https:\/\/librairie7l.com\/en\/#organization\",\"name\":\"Librairie 7L\",\"url\":\"https:\/\/librairie7l.com\/en\/\",\"logo\":{\"@type\":\"ImageObject\",\"inLanguage\":\"en-US\",\"@id\":\"https:\/\/librairie7l.com\/en\/#\/schema\/logo\/image\/\",\"url\":\"https:\/\/librairie7l.com\/wp-content\/uploads\/2022\/08\/logo-1.png\",\"contentUrl\":\"https:\/\/librairie7l.com\/wp-content\/uploads\/2022\/08\/logo-1.png\",\"width\":227,\"height\":301,\"caption\":\"Librairie 7L\"},\"image\":{\"@id\":\"https:\/\/librairie7l.com\/en\/#\/schema\/logo\/image\/\"}}]}<\/script>\n<!-- \/ Yoast SEO plugin. -->","yoast_head_json":{"title":"L'ART DES PAYS BALTES, XIXE-XXE SI\u00c8CLES - Librairie 7L","robots":{"index":"index","follow":"follow","max-snippet":"max-snippet:-1","max-image-preview":"max-image-preview:large","max-video-preview":"max-video-preview:-1"},"canonical":"https:\/\/librairie7l.com\/en\/produit\/lart-des-pays-baltes-xixe-xxe-siecles\/","og_locale":"en_US","og_type":"article","og_title":"L'ART DES PAYS BALTES, XIXE-XXE SI\u00c8CLES - Librairie 7L","og_description":"Des populations arriv\u00e9es bien avant notre \u00e8re au bord de la Baltique ont form\u00e9 la Lituanie, la Lettonie et l&#8217;Estonie. Ces trois \u00e9tats ind\u00e9pendants se sont volontiers regroup\u00e9s sur l&#8217;appellation de Pays Baltes parce qu&#8217;ils sont g\u00e9ographiquement contigus et politiquement rapproch\u00e9s par une communaut\u00e9 d&#8217;int\u00e9r\u00eats face aux al\u00e9as de l&#8217;histoire. On les conna\u00eet depuis qu&#8217;ils [&hellip;]","og_url":"https:\/\/librairie7l.com\/en\/produit\/lart-des-pays-baltes-xixe-xxe-siecles\/","og_site_name":"Librairie 7L","article_modified_time":"2026-04-07T08:57:21+00:00","og_image":[{"width":600,"height":768,"url":"https:\/\/librairie7l.com\/wp-content\/uploads\/2021\/06\/9782080204912_1_75.jpg","type":"image\/jpeg"}],"twitter_card":"summary_large_image","twitter_misc":{"Est. reading time":"1 minute"},"schema":{"@context":"https:\/\/schema.org","@graph":[{"@type":"WebPage","@id":"https:\/\/librairie7l.com\/en\/produit\/lart-des-pays-baltes-xixe-xxe-siecles\/","url":"https:\/\/librairie7l.com\/en\/produit\/lart-des-pays-baltes-xixe-xxe-siecles\/","name":"L'ART DES PAYS BALTES, XIXE-XXE SI\u00c8CLES - Librairie 7L","isPartOf":{"@id":"https:\/\/librairie7l.com\/en\/#website"},"datePublished":"2023-05-10T11:00:25+00:00","dateModified":"2026-04-07T08:57:21+00:00","breadcrumb":{"@id":"https:\/\/librairie7l.com\/en\/produit\/lart-des-pays-baltes-xixe-xxe-siecles\/#breadcrumb"},"inLanguage":"en-US","potentialAction":[{"@type":"ReadAction","target":["https:\/\/librairie7l.com\/en\/produit\/lart-des-pays-baltes-xixe-xxe-siecles\/"]}]},{"@type":"BreadcrumbList","@id":"https:\/\/librairie7l.com\/en\/produit\/lart-des-pays-baltes-xixe-xxe-siecles\/#breadcrumb","itemListElement":[{"@type":"ListItem","position":1,"name":"Accueil","item":"https:\/\/librairie7l.com\/en\/"},{"@type":"ListItem","position":2,"name":"Shop","item":"https:\/\/librairie7l.com\/en\/shop\/"},{"@type":"ListItem","position":3,"name":"L&#8217;ART DES PAYS BALTES, XIXE-XXE SI\u00c8CLES"}]},{"@type":"WebSite","@id":"https:\/\/librairie7l.com\/en\/#website","url":"https:\/\/librairie7l.com\/en\/","name":"Librairie 7L","description":"Librairie fond\u00e9e en 1999 par Karl Lagerfeld \u00e0 Paris","publisher":{"@id":"https:\/\/librairie7l.com\/en\/#organization"},"potentialAction":[{"@type":"SearchAction","target":{"@type":"EntryPoint","urlTemplate":"https:\/\/librairie7l.com\/en\/?s={search_term_string}"},"query-input":"required name=search_term_string"}],"inLanguage":"en-US"},{"@type":"Organization","@id":"https:\/\/librairie7l.com\/en\/#organization","name":"Librairie 7L","url":"https:\/\/librairie7l.com\/en\/","logo":{"@type":"ImageObject","inLanguage":"en-US","@id":"https:\/\/librairie7l.com\/en\/#\/schema\/logo\/image\/","url":"https:\/\/librairie7l.com\/wp-content\/uploads\/2022\/08\/logo-1.png","contentUrl":"https:\/\/librairie7l.com\/wp-content\/uploads\/2022\/08\/logo-1.png","width":227,"height":301,"caption":"Librairie 7L"},"image":{"@id":"https:\/\/librairie7l.com\/en\/#\/schema\/logo\/image\/"}}]}},"_links":{"self":[{"href":"https:\/\/librairie7l.com\/en\/wp-json\/wp\/v2\/product\/27357"}],"collection":[{"href":"https:\/\/librairie7l.com\/en\/wp-json\/wp\/v2\/product"}],"about":[{"href":"https:\/\/librairie7l.com\/en\/wp-json\/wp\/v2\/types\/product"}],"wp:featuredmedia":[{"embeddable":true,"href":"https:\/\/librairie7l.com\/en\/wp-json\/wp\/v2\/media\/27355"}],"wp:attachment":[{"href":"https:\/\/librairie7l.com\/en\/wp-json\/wp\/v2\/media?parent=27357"}],"wp:term":[{"taxonomy":"product_cat","embeddable":true,"href":"https:\/\/librairie7l.com\/en\/wp-json\/wp\/v2\/product_cat?post=27357"},{"taxonomy":"product_tag","embeddable":true,"href":"https:\/\/librairie7l.com\/en\/wp-json\/wp\/v2\/product_tag?post=27357"}],"curies":[{"name":"wp","href":"https:\/\/api.w.org\/{rel}","templated":true}]}}