{"id":27369,"date":"2023-05-10T13:01:09","date_gmt":"2023-05-10T11:01:09","guid":{"rendered":"https:\/\/librairie7l.com\/?post_type=product&#038;p=27369"},"modified":"2026-04-06T15:26:44","modified_gmt":"2026-04-06T13:26:44","slug":"claude-brouet-journaliste-de-mode","status":"publish","type":"product","link":"https:\/\/librairie7l.com\/en\/produit\/claude-brouet-journaliste-de-mode\/","title":{"rendered":"CLAUDE BROUET PAPESSE DE LA MODE"},"content":{"rendered":"<p>Claude Brouet a consacr\u00e9 sa vie \u00e0 la mode. Et la mode, elle, l&#8217;a depuis longtemps consacr\u00e9e \u00ab grande Dame \u00bb, voire \u00ab papesse \u00bb de la profession. Le fait est que son exceptionnel parcours l&#8217;a conduite des salons Haute-Couture (Chanel, Elsa Schiaparelli, Fath) o\u00f9 travaillait sa m\u00e8re, jusqu&#8217;au r\u00f4le de directrice du style d&#8217;Herm\u00e8s, en passant par la direction mode des deux plus grands magazines f\u00e9minins de l&#8217;apr\u00e8s-guerre, Elle puis Marie-Claire.<br \/>\nD\u00e9sireuse de transmettre, elle fait revivre ici un demi-si\u00e8cle de style, \u00e9poque exceptionnelle qui vit d\u00e9marrer, puis s&#8217;affirmer les plus grands cr\u00e9ateurs fran\u00e7ais, exploser le pr\u00eat-\u00e0-porter et r\u00e9volutionner le v\u00eatement comme l&#8217;allure des femmes. Un temps \u00e9galement o\u00f9 la presse f\u00e9minine, au fa\u00eete de son ind\u00e9pendance tenait un r\u00f4le majeur et quasi exclusif en terme d&#8217;information et de prescription.<br \/>\nConnue pour son immense culture du v\u00eatement, reconnue pour son go\u00fbt tr\u00e8s s\u00fbr en mati\u00e8re d&#8217;\u00e9l\u00e9gance et d&#8217;\u00e9pure, Claude Brouet \u00e9voque \u00e0 coup de souvenirs, d&#8217;anecdotes, d&#8217;images fortes, de r\u00e9flexions, de gestes choisis, de mots toujours pr\u00e9cis et d&#8217;un esprit formidablement vivace cinquante ann\u00e9es de chic \u00e0 Paris, c\u00f4t\u00e9 papier glac\u00e9 aussi bien que c\u00f4t\u00e9 coulisses.<br \/>\nEnthousiasm\u00e9 par ce projet, Jean-Paul Gaultier, l&#8217;un de ses \u00ab fans \u00bb, a quant \u00e0 lui accept\u00e9 d&#8217;en r\u00e9diger la pr\u00e9face.<br \/>\nDES IMAGES ICONIQUES : Claude Brouet s&#8217;est replong\u00e9e dans les archives des magazines Elle et Marie-Claire pour retrouver des photographies embl\u00e9matiques : elles sont sign\u00e9es Helmut Newton, Eric Boman, Guy Bourdin, Fouli Elia, Hans Feurer, Steve Hiett,  Saul Leiter, Peter Lindbergh, Sarah Moon, Christian Moser, Paolo Roversi, Sacha, Jeanloup Sieff, etc.<br \/>\nUNE MISE EN PAGE DE CHOIX: Directeur artistique de l\u00e9gende, notamment au magazine Elle qu&#8217;il habille d&#8217;\u00e9nergie et de modernit\u00e9 graphiques d\u00e9s les ann\u00e9es 50 et 60, Peter Knapp, proche complice de Claude Brouet orchestre la mise en page du livre.<br \/>\nTout \u00e0 la fois chronologique &#8211; Les ann\u00e9es ELLE, les ann\u00e9es MARIE CLAIRE, les ann\u00e9es HERMES- l&#8217;ouvrage se veut r\u00e9solument vivant, r\u00e9cit \u00e0 la premi\u00e8re personne constitu\u00e9 d&#8217;une multitude de paragraphes.<\/p>\n","protected":false},"excerpt":{"rendered":"<p>Claude Brouet a consacr\u00e9 sa vie \u00e0 la mode. Et la mode, elle, l&#8217;a depuis longtemps consacr\u00e9e \u00ab grande Dame \u00bb, voire \u00ab papesse \u00bb de la profession. Le fait est que son exceptionnel parcours l&#8217;a conduite des salons Haute-Couture (Chanel, Elsa Schiaparelli, Fath) o\u00f9 travaillait sa m\u00e8re, jusqu&#8217;au r\u00f4le de directrice du style d&#8217;Herm\u00e8s, [&hellip;]<\/p>\n","protected":false},"featured_media":27367,"template":"","meta":[],"product_cat":[55,2948,2957,19],"product_tag":[],"acf":[],"yoast_head":"<!-- This site is optimized with the Yoast SEO plugin v20.11 - https:\/\/yoast.com\/wordpress\/plugins\/seo\/ -->\n<title>CLAUDE BROUET PAPESSE DE LA MODE - Librairie 7L<\/title>\n<meta name=\"robots\" content=\"index, follow, max-snippet:-1, max-image-preview:large, max-video-preview:-1\" \/>\n<link rel=\"canonical\" href=\"https:\/\/librairie7l.com\/en\/produit\/claude-brouet-journaliste-de-mode\/\" \/>\n<meta property=\"og:locale\" content=\"en_US\" \/>\n<meta property=\"og:type\" content=\"article\" \/>\n<meta property=\"og:title\" content=\"CLAUDE BROUET PAPESSE DE LA MODE - Librairie 7L\" \/>\n<meta property=\"og:description\" content=\"Claude Brouet a consacr\u00e9 sa vie \u00e0 la mode. Et la mode, elle, l&#8217;a depuis longtemps consacr\u00e9e \u00ab grande Dame \u00bb, voire \u00ab papesse \u00bb de la profession. Le fait est que son exceptionnel parcours l&#8217;a conduite des salons Haute-Couture (Chanel, Elsa Schiaparelli, Fath) o\u00f9 travaillait sa m\u00e8re, jusqu&#8217;au r\u00f4le de directrice du style d&#8217;Herm\u00e8s, [&hellip;]\" \/>\n<meta property=\"og:url\" content=\"https:\/\/librairie7l.com\/en\/produit\/claude-brouet-journaliste-de-mode\/\" \/>\n<meta property=\"og:site_name\" content=\"Librairie 7L\" \/>\n<meta property=\"article:modified_time\" content=\"2026-04-06T13:26:44+00:00\" \/>\n<meta property=\"og:image\" content=\"https:\/\/librairie7l.com\/wp-content\/uploads\/2022\/04\/9782841054169_1_75.jpg\" \/>\n\t<meta property=\"og:image:width\" content=\"600\" \/>\n\t<meta property=\"og:image:height\" content=\"863\" \/>\n\t<meta property=\"og:image:type\" content=\"image\/jpeg\" \/>\n<meta name=\"twitter:card\" content=\"summary_large_image\" \/>\n<meta name=\"twitter:label1\" content=\"Est. reading time\" \/>\n\t<meta name=\"twitter:data1\" content=\"2 minutes\" \/>\n<script type=\"application\/ld+json\" class=\"yoast-schema-graph\">{\"@context\":\"https:\/\/schema.org\",\"@graph\":[{\"@type\":\"WebPage\",\"@id\":\"https:\/\/librairie7l.com\/en\/produit\/claude-brouet-journaliste-de-mode\/\",\"url\":\"https:\/\/librairie7l.com\/en\/produit\/claude-brouet-journaliste-de-mode\/\",\"name\":\"CLAUDE BROUET PAPESSE DE LA MODE - Librairie 7L\",\"isPartOf\":{\"@id\":\"https:\/\/librairie7l.com\/en\/#website\"},\"datePublished\":\"2023-05-10T11:01:09+00:00\",\"dateModified\":\"2026-04-06T13:26:44+00:00\",\"breadcrumb\":{\"@id\":\"https:\/\/librairie7l.com\/en\/produit\/claude-brouet-journaliste-de-mode\/#breadcrumb\"},\"inLanguage\":\"en-US\",\"potentialAction\":[{\"@type\":\"ReadAction\",\"target\":[\"https:\/\/librairie7l.com\/en\/produit\/claude-brouet-journaliste-de-mode\/\"]}]},{\"@type\":\"BreadcrumbList\",\"@id\":\"https:\/\/librairie7l.com\/en\/produit\/claude-brouet-journaliste-de-mode\/#breadcrumb\",\"itemListElement\":[{\"@type\":\"ListItem\",\"position\":1,\"name\":\"Accueil\",\"item\":\"https:\/\/librairie7l.com\/en\/\"},{\"@type\":\"ListItem\",\"position\":2,\"name\":\"Shop\",\"item\":\"https:\/\/librairie7l.com\/en\/shop\/\"},{\"@type\":\"ListItem\",\"position\":3,\"name\":\"CLAUDE BROUET PAPESSE DE LA MODE\"}]},{\"@type\":\"WebSite\",\"@id\":\"https:\/\/librairie7l.com\/en\/#website\",\"url\":\"https:\/\/librairie7l.com\/en\/\",\"name\":\"Librairie 7L\",\"description\":\"Librairie fond\u00e9e en 1999 par Karl Lagerfeld \u00e0 Paris\",\"publisher\":{\"@id\":\"https:\/\/librairie7l.com\/en\/#organization\"},\"potentialAction\":[{\"@type\":\"SearchAction\",\"target\":{\"@type\":\"EntryPoint\",\"urlTemplate\":\"https:\/\/librairie7l.com\/en\/?s={search_term_string}\"},\"query-input\":\"required name=search_term_string\"}],\"inLanguage\":\"en-US\"},{\"@type\":\"Organization\",\"@id\":\"https:\/\/librairie7l.com\/en\/#organization\",\"name\":\"Librairie 7L\",\"url\":\"https:\/\/librairie7l.com\/en\/\",\"logo\":{\"@type\":\"ImageObject\",\"inLanguage\":\"en-US\",\"@id\":\"https:\/\/librairie7l.com\/en\/#\/schema\/logo\/image\/\",\"url\":\"https:\/\/librairie7l.com\/wp-content\/uploads\/2022\/08\/logo-1.png\",\"contentUrl\":\"https:\/\/librairie7l.com\/wp-content\/uploads\/2022\/08\/logo-1.png\",\"width\":227,\"height\":301,\"caption\":\"Librairie 7L\"},\"image\":{\"@id\":\"https:\/\/librairie7l.com\/en\/#\/schema\/logo\/image\/\"}}]}<\/script>\n<!-- \/ Yoast SEO plugin. -->","yoast_head_json":{"title":"CLAUDE BROUET PAPESSE DE LA MODE - Librairie 7L","robots":{"index":"index","follow":"follow","max-snippet":"max-snippet:-1","max-image-preview":"max-image-preview:large","max-video-preview":"max-video-preview:-1"},"canonical":"https:\/\/librairie7l.com\/en\/produit\/claude-brouet-journaliste-de-mode\/","og_locale":"en_US","og_type":"article","og_title":"CLAUDE BROUET PAPESSE DE LA MODE - Librairie 7L","og_description":"Claude Brouet a consacr\u00e9 sa vie \u00e0 la mode. Et la mode, elle, l&#8217;a depuis longtemps consacr\u00e9e \u00ab grande Dame \u00bb, voire \u00ab papesse \u00bb de la profession. Le fait est que son exceptionnel parcours l&#8217;a conduite des salons Haute-Couture (Chanel, Elsa Schiaparelli, Fath) o\u00f9 travaillait sa m\u00e8re, jusqu&#8217;au r\u00f4le de directrice du style d&#8217;Herm\u00e8s, [&hellip;]","og_url":"https:\/\/librairie7l.com\/en\/produit\/claude-brouet-journaliste-de-mode\/","og_site_name":"Librairie 7L","article_modified_time":"2026-04-06T13:26:44+00:00","og_image":[{"width":600,"height":863,"url":"https:\/\/librairie7l.com\/wp-content\/uploads\/2022\/04\/9782841054169_1_75.jpg","type":"image\/jpeg"}],"twitter_card":"summary_large_image","twitter_misc":{"Est. reading time":"2 minutes"},"schema":{"@context":"https:\/\/schema.org","@graph":[{"@type":"WebPage","@id":"https:\/\/librairie7l.com\/en\/produit\/claude-brouet-journaliste-de-mode\/","url":"https:\/\/librairie7l.com\/en\/produit\/claude-brouet-journaliste-de-mode\/","name":"CLAUDE BROUET PAPESSE DE LA MODE - Librairie 7L","isPartOf":{"@id":"https:\/\/librairie7l.com\/en\/#website"},"datePublished":"2023-05-10T11:01:09+00:00","dateModified":"2026-04-06T13:26:44+00:00","breadcrumb":{"@id":"https:\/\/librairie7l.com\/en\/produit\/claude-brouet-journaliste-de-mode\/#breadcrumb"},"inLanguage":"en-US","potentialAction":[{"@type":"ReadAction","target":["https:\/\/librairie7l.com\/en\/produit\/claude-brouet-journaliste-de-mode\/"]}]},{"@type":"BreadcrumbList","@id":"https:\/\/librairie7l.com\/en\/produit\/claude-brouet-journaliste-de-mode\/#breadcrumb","itemListElement":[{"@type":"ListItem","position":1,"name":"Accueil","item":"https:\/\/librairie7l.com\/en\/"},{"@type":"ListItem","position":2,"name":"Shop","item":"https:\/\/librairie7l.com\/en\/shop\/"},{"@type":"ListItem","position":3,"name":"CLAUDE BROUET PAPESSE DE LA MODE"}]},{"@type":"WebSite","@id":"https:\/\/librairie7l.com\/en\/#website","url":"https:\/\/librairie7l.com\/en\/","name":"Librairie 7L","description":"Librairie fond\u00e9e en 1999 par Karl Lagerfeld \u00e0 Paris","publisher":{"@id":"https:\/\/librairie7l.com\/en\/#organization"},"potentialAction":[{"@type":"SearchAction","target":{"@type":"EntryPoint","urlTemplate":"https:\/\/librairie7l.com\/en\/?s={search_term_string}"},"query-input":"required name=search_term_string"}],"inLanguage":"en-US"},{"@type":"Organization","@id":"https:\/\/librairie7l.com\/en\/#organization","name":"Librairie 7L","url":"https:\/\/librairie7l.com\/en\/","logo":{"@type":"ImageObject","inLanguage":"en-US","@id":"https:\/\/librairie7l.com\/en\/#\/schema\/logo\/image\/","url":"https:\/\/librairie7l.com\/wp-content\/uploads\/2022\/08\/logo-1.png","contentUrl":"https:\/\/librairie7l.com\/wp-content\/uploads\/2022\/08\/logo-1.png","width":227,"height":301,"caption":"Librairie 7L"},"image":{"@id":"https:\/\/librairie7l.com\/en\/#\/schema\/logo\/image\/"}}]}},"_links":{"self":[{"href":"https:\/\/librairie7l.com\/en\/wp-json\/wp\/v2\/product\/27369"}],"collection":[{"href":"https:\/\/librairie7l.com\/en\/wp-json\/wp\/v2\/product"}],"about":[{"href":"https:\/\/librairie7l.com\/en\/wp-json\/wp\/v2\/types\/product"}],"wp:featuredmedia":[{"embeddable":true,"href":"https:\/\/librairie7l.com\/en\/wp-json\/wp\/v2\/media\/27367"}],"wp:attachment":[{"href":"https:\/\/librairie7l.com\/en\/wp-json\/wp\/v2\/media?parent=27369"}],"wp:term":[{"taxonomy":"product_cat","embeddable":true,"href":"https:\/\/librairie7l.com\/en\/wp-json\/wp\/v2\/product_cat?post=27369"},{"taxonomy":"product_tag","embeddable":true,"href":"https:\/\/librairie7l.com\/en\/wp-json\/wp\/v2\/product_tag?post=27369"}],"curies":[{"name":"wp","href":"https:\/\/api.w.org\/{rel}","templated":true}]}}