{"id":27397,"date":"2023-05-10T13:01:40","date_gmt":"2023-05-10T11:01:40","guid":{"rendered":"https:\/\/librairie7l.com\/?post_type=product&#038;p=27397"},"modified":"2026-04-10T22:55:46","modified_gmt":"2026-04-10T20:55:46","slug":"swinging-africa-le-continent-mode","status":"publish","type":"product","link":"https:\/\/librairie7l.com\/en\/produit\/swinging-africa-le-continent-mode\/","title":{"rendered":"SWINGING AFRICA, LE CONTINENT MODE"},"content":{"rendered":"<p>Des podiums de Lagos aux festivals de musique de Casablanca, des image makers de Marrakech aux influenceurs de Johannesbourg, une nouvelle g\u00e9n\u00e9ration de cr\u00e9ateurs africains &#8211; designers de mode, photographes, blogueurs, hair et make-up artistes &#8211; red\u00e9finit les contours esth\u00e9tiques du continent. Audace, humour, disruption sont les ma\u00eetres mots de cette jeune garde qui, si elle puise dans son h\u00e9ritage pour le revaloriser, en propose une approche hyper-contemporaine. Cette r\u00e9volution s&#8217;entend comme le prolongement d&#8217;une revendication continentale:celle d&#8217;une r\u00e9appropriation culturelle et de l&#8217;invention d&#8217;un langage propre.Ce volume c\u00e9l\u00e8bre cette effervescence cr\u00e9ative qui, en bousculant les codes et la narration sur le continent africain, invente un nouveau chapitre de la mode et, d\u00e9j\u00e0, inspire le monde.<\/p>\n","protected":false},"excerpt":{"rendered":"<p>Des podiums de Lagos aux festivals de musique de Casablanca, des image makers de Marrakech aux influenceurs de Johannesbourg, une nouvelle g\u00e9n\u00e9ration de cr\u00e9ateurs africains &#8211; designers de mode, photographes, blogueurs, hair et make-up artistes &#8211; red\u00e9finit les contours esth\u00e9tiques du continent. Audace, humour, disruption sont les ma\u00eetres mots de cette jeune garde qui, si [&hellip;]<\/p>\n","protected":false},"featured_media":27395,"template":"","meta":[],"product_cat":[55,2948,2957,19],"product_tag":[],"acf":[],"yoast_head":"<!-- This site is optimized with the Yoast SEO plugin v20.11 - https:\/\/yoast.com\/wordpress\/plugins\/seo\/ -->\n<title>SWINGING AFRICA, LE CONTINENT MODE - Librairie 7L<\/title>\n<meta name=\"robots\" content=\"index, follow, max-snippet:-1, max-image-preview:large, max-video-preview:-1\" \/>\n<link rel=\"canonical\" href=\"https:\/\/librairie7l.com\/en\/produit\/swinging-africa-le-continent-mode\/\" \/>\n<meta property=\"og:locale\" content=\"en_US\" \/>\n<meta property=\"og:type\" content=\"article\" \/>\n<meta property=\"og:title\" content=\"SWINGING AFRICA, LE CONTINENT MODE - Librairie 7L\" \/>\n<meta property=\"og:description\" content=\"Des podiums de Lagos aux festivals de musique de Casablanca, des image makers de Marrakech aux influenceurs de Johannesbourg, une nouvelle g\u00e9n\u00e9ration de cr\u00e9ateurs africains &#8211; designers de mode, photographes, blogueurs, hair et make-up artistes &#8211; red\u00e9finit les contours esth\u00e9tiques du continent. Audace, humour, disruption sont les ma\u00eetres mots de cette jeune garde qui, si [&hellip;]\" \/>\n<meta property=\"og:url\" content=\"https:\/\/librairie7l.com\/en\/produit\/swinging-africa-le-continent-mode\/\" \/>\n<meta property=\"og:site_name\" content=\"Librairie 7L\" \/>\n<meta property=\"article:modified_time\" content=\"2026-04-10T20:55:46+00:00\" \/>\n<meta property=\"og:image\" content=\"https:\/\/librairie7l.com\/wp-content\/uploads\/2021\/06\/9782081508156_1_75.jpg\" \/>\n\t<meta property=\"og:image:width\" content=\"600\" \/>\n\t<meta property=\"og:image:height\" content=\"759\" \/>\n\t<meta property=\"og:image:type\" content=\"image\/jpeg\" \/>\n<meta name=\"twitter:card\" content=\"summary_large_image\" \/>\n<meta name=\"twitter:label1\" content=\"Est. reading time\" \/>\n\t<meta name=\"twitter:data1\" content=\"1 minute\" \/>\n<script type=\"application\/ld+json\" class=\"yoast-schema-graph\">{\"@context\":\"https:\/\/schema.org\",\"@graph\":[{\"@type\":\"WebPage\",\"@id\":\"https:\/\/librairie7l.com\/en\/produit\/swinging-africa-le-continent-mode\/\",\"url\":\"https:\/\/librairie7l.com\/en\/produit\/swinging-africa-le-continent-mode\/\",\"name\":\"SWINGING AFRICA, LE CONTINENT MODE - Librairie 7L\",\"isPartOf\":{\"@id\":\"https:\/\/librairie7l.com\/en\/#website\"},\"datePublished\":\"2023-05-10T11:01:40+00:00\",\"dateModified\":\"2026-04-10T20:55:46+00:00\",\"breadcrumb\":{\"@id\":\"https:\/\/librairie7l.com\/en\/produit\/swinging-africa-le-continent-mode\/#breadcrumb\"},\"inLanguage\":\"en-US\",\"potentialAction\":[{\"@type\":\"ReadAction\",\"target\":[\"https:\/\/librairie7l.com\/en\/produit\/swinging-africa-le-continent-mode\/\"]}]},{\"@type\":\"BreadcrumbList\",\"@id\":\"https:\/\/librairie7l.com\/en\/produit\/swinging-africa-le-continent-mode\/#breadcrumb\",\"itemListElement\":[{\"@type\":\"ListItem\",\"position\":1,\"name\":\"Accueil\",\"item\":\"https:\/\/librairie7l.com\/en\/\"},{\"@type\":\"ListItem\",\"position\":2,\"name\":\"Shop\",\"item\":\"https:\/\/librairie7l.com\/en\/shop\/\"},{\"@type\":\"ListItem\",\"position\":3,\"name\":\"SWINGING AFRICA, LE CONTINENT MODE\"}]},{\"@type\":\"WebSite\",\"@id\":\"https:\/\/librairie7l.com\/en\/#website\",\"url\":\"https:\/\/librairie7l.com\/en\/\",\"name\":\"Librairie 7L\",\"description\":\"Librairie fond\u00e9e en 1999 par Karl Lagerfeld \u00e0 Paris\",\"publisher\":{\"@id\":\"https:\/\/librairie7l.com\/en\/#organization\"},\"potentialAction\":[{\"@type\":\"SearchAction\",\"target\":{\"@type\":\"EntryPoint\",\"urlTemplate\":\"https:\/\/librairie7l.com\/en\/?s={search_term_string}\"},\"query-input\":\"required name=search_term_string\"}],\"inLanguage\":\"en-US\"},{\"@type\":\"Organization\",\"@id\":\"https:\/\/librairie7l.com\/en\/#organization\",\"name\":\"Librairie 7L\",\"url\":\"https:\/\/librairie7l.com\/en\/\",\"logo\":{\"@type\":\"ImageObject\",\"inLanguage\":\"en-US\",\"@id\":\"https:\/\/librairie7l.com\/en\/#\/schema\/logo\/image\/\",\"url\":\"https:\/\/librairie7l.com\/wp-content\/uploads\/2022\/08\/logo-1.png\",\"contentUrl\":\"https:\/\/librairie7l.com\/wp-content\/uploads\/2022\/08\/logo-1.png\",\"width\":227,\"height\":301,\"caption\":\"Librairie 7L\"},\"image\":{\"@id\":\"https:\/\/librairie7l.com\/en\/#\/schema\/logo\/image\/\"}}]}<\/script>\n<!-- \/ Yoast SEO plugin. -->","yoast_head_json":{"title":"SWINGING AFRICA, LE CONTINENT MODE - Librairie 7L","robots":{"index":"index","follow":"follow","max-snippet":"max-snippet:-1","max-image-preview":"max-image-preview:large","max-video-preview":"max-video-preview:-1"},"canonical":"https:\/\/librairie7l.com\/en\/produit\/swinging-africa-le-continent-mode\/","og_locale":"en_US","og_type":"article","og_title":"SWINGING AFRICA, LE CONTINENT MODE - Librairie 7L","og_description":"Des podiums de Lagos aux festivals de musique de Casablanca, des image makers de Marrakech aux influenceurs de Johannesbourg, une nouvelle g\u00e9n\u00e9ration de cr\u00e9ateurs africains &#8211; designers de mode, photographes, blogueurs, hair et make-up artistes &#8211; red\u00e9finit les contours esth\u00e9tiques du continent. Audace, humour, disruption sont les ma\u00eetres mots de cette jeune garde qui, si [&hellip;]","og_url":"https:\/\/librairie7l.com\/en\/produit\/swinging-africa-le-continent-mode\/","og_site_name":"Librairie 7L","article_modified_time":"2026-04-10T20:55:46+00:00","og_image":[{"width":600,"height":759,"url":"https:\/\/librairie7l.com\/wp-content\/uploads\/2021\/06\/9782081508156_1_75.jpg","type":"image\/jpeg"}],"twitter_card":"summary_large_image","twitter_misc":{"Est. reading time":"1 minute"},"schema":{"@context":"https:\/\/schema.org","@graph":[{"@type":"WebPage","@id":"https:\/\/librairie7l.com\/en\/produit\/swinging-africa-le-continent-mode\/","url":"https:\/\/librairie7l.com\/en\/produit\/swinging-africa-le-continent-mode\/","name":"SWINGING AFRICA, LE CONTINENT MODE - Librairie 7L","isPartOf":{"@id":"https:\/\/librairie7l.com\/en\/#website"},"datePublished":"2023-05-10T11:01:40+00:00","dateModified":"2026-04-10T20:55:46+00:00","breadcrumb":{"@id":"https:\/\/librairie7l.com\/en\/produit\/swinging-africa-le-continent-mode\/#breadcrumb"},"inLanguage":"en-US","potentialAction":[{"@type":"ReadAction","target":["https:\/\/librairie7l.com\/en\/produit\/swinging-africa-le-continent-mode\/"]}]},{"@type":"BreadcrumbList","@id":"https:\/\/librairie7l.com\/en\/produit\/swinging-africa-le-continent-mode\/#breadcrumb","itemListElement":[{"@type":"ListItem","position":1,"name":"Accueil","item":"https:\/\/librairie7l.com\/en\/"},{"@type":"ListItem","position":2,"name":"Shop","item":"https:\/\/librairie7l.com\/en\/shop\/"},{"@type":"ListItem","position":3,"name":"SWINGING AFRICA, LE CONTINENT MODE"}]},{"@type":"WebSite","@id":"https:\/\/librairie7l.com\/en\/#website","url":"https:\/\/librairie7l.com\/en\/","name":"Librairie 7L","description":"Librairie fond\u00e9e en 1999 par Karl Lagerfeld \u00e0 Paris","publisher":{"@id":"https:\/\/librairie7l.com\/en\/#organization"},"potentialAction":[{"@type":"SearchAction","target":{"@type":"EntryPoint","urlTemplate":"https:\/\/librairie7l.com\/en\/?s={search_term_string}"},"query-input":"required name=search_term_string"}],"inLanguage":"en-US"},{"@type":"Organization","@id":"https:\/\/librairie7l.com\/en\/#organization","name":"Librairie 7L","url":"https:\/\/librairie7l.com\/en\/","logo":{"@type":"ImageObject","inLanguage":"en-US","@id":"https:\/\/librairie7l.com\/en\/#\/schema\/logo\/image\/","url":"https:\/\/librairie7l.com\/wp-content\/uploads\/2022\/08\/logo-1.png","contentUrl":"https:\/\/librairie7l.com\/wp-content\/uploads\/2022\/08\/logo-1.png","width":227,"height":301,"caption":"Librairie 7L"},"image":{"@id":"https:\/\/librairie7l.com\/en\/#\/schema\/logo\/image\/"}}]}},"_links":{"self":[{"href":"https:\/\/librairie7l.com\/en\/wp-json\/wp\/v2\/product\/27397"}],"collection":[{"href":"https:\/\/librairie7l.com\/en\/wp-json\/wp\/v2\/product"}],"about":[{"href":"https:\/\/librairie7l.com\/en\/wp-json\/wp\/v2\/types\/product"}],"wp:featuredmedia":[{"embeddable":true,"href":"https:\/\/librairie7l.com\/en\/wp-json\/wp\/v2\/media\/27395"}],"wp:attachment":[{"href":"https:\/\/librairie7l.com\/en\/wp-json\/wp\/v2\/media?parent=27397"}],"wp:term":[{"taxonomy":"product_cat","embeddable":true,"href":"https:\/\/librairie7l.com\/en\/wp-json\/wp\/v2\/product_cat?post=27397"},{"taxonomy":"product_tag","embeddable":true,"href":"https:\/\/librairie7l.com\/en\/wp-json\/wp\/v2\/product_tag?post=27397"}],"curies":[{"name":"wp","href":"https:\/\/api.w.org\/{rel}","templated":true}]}}