{"id":27445,"date":"2023-05-10T13:02:54","date_gmt":"2023-05-10T11:02:54","guid":{"rendered":"https:\/\/librairie7l.com\/?post_type=product&#038;p=27445"},"modified":"2026-04-07T09:17:34","modified_gmt":"2026-04-07T07:17:34","slug":"guide-pratique-de-leclairage-cinema-television-theatre-7e-edition","status":"publish","type":"product","link":"https:\/\/librairie7l.com\/en\/produit\/guide-pratique-de-leclairage-cinema-television-theatre-7e-edition\/","title":{"rendered":"GUIDE PRATIQUE DE L&#8217;\u00c9CLAIRAGE : CIN\u00c9MA, T\u00c9L\u00c9VISION, TH\u00c9\u00c2TRE (7E \u00c9DITION)"},"content":{"rendered":"<p>V\u00e9ritable outil de travail, de formation ou de perfectionnement, ce livre s&#8217;adresse tout autant aux professionnels qu&#8217;aux \u00e9tudiants dans les domaines de l&#8217;audiovisuel et du spectacle vivant.<br \/>\nUnique en son genre, il pr\u00e9sente les aspects th\u00e9oriques, esth\u00e9tiques et techniques de l&#8217;\u00e9clairage au cin\u00e9ma, au th\u00e9\u00e2tre et \u00e0 la t\u00e9l\u00e9vision. Il r\u00e9pond de fa\u00e7on exhaustive aux questions pratiques li\u00e9es au choix et \u00e0 l&#8217;utilisation du mat\u00e9riel pour cr\u00e9er l&#8217;atmosph\u00e8re particuli\u00e8re d&#8217;une sc\u00e8ne : le niveau d&#8217;\u00e9clairement, le contraste ou encore la temp\u00e9rature de couleur, les familles de projecteurs, leurs supports et accessoires&#8230;, les projecteurs LED.<br \/>\nR\u00e9actualis\u00e9 \u00e0 l&#8217;occasion de cette 7e \u00e9dition, il fait le point sur les \u00e9volutions de l&#8217;\u00e9clairage inh\u00e9rentes au progr\u00e8s de la qualit\u00e9 des LED utilis\u00e9es et la transformation apport\u00e9e au contr\u00f4le de lumi\u00e8re. Il aborde le travail sur batteries et ses diff\u00e9rentes implications ainsi que les indices d&#8217;appr\u00e9ciation colorim\u00e9trique qui ne cessent d&#8217;\u00e9voluer par la m\u00eame. Il aborde dans un domaine plus g\u00e9n\u00e9ral le travail des projecteurs \u00e0 faisceaux parall\u00e8les et l&#8217;innovation apport\u00e9e \u00e0 la gamme des r\u00e9flecteurs qui leurs sont d\u00e9di\u00e9s.<\/p>\n","protected":false},"excerpt":{"rendered":"<p>V\u00e9ritable outil de travail, de formation ou de perfectionnement, ce livre s&#8217;adresse tout autant aux professionnels qu&#8217;aux \u00e9tudiants dans les domaines de l&#8217;audiovisuel et du spectacle vivant. Unique en son genre, il pr\u00e9sente les aspects th\u00e9oriques, esth\u00e9tiques et techniques de l&#8217;\u00e9clairage au cin\u00e9ma, au th\u00e9\u00e2tre et \u00e0 la t\u00e9l\u00e9vision. Il r\u00e9pond de fa\u00e7on exhaustive aux [&hellip;]<\/p>\n","protected":false},"featured_media":27443,"template":"","meta":[],"product_cat":[55,2948,2958,17],"product_tag":[],"acf":[],"yoast_head":"<!-- This site is optimized with the Yoast SEO plugin v20.11 - https:\/\/yoast.com\/wordpress\/plugins\/seo\/ -->\n<title>GUIDE PRATIQUE DE L&#039;\u00c9CLAIRAGE : CIN\u00c9MA, T\u00c9L\u00c9VISION, TH\u00c9\u00c2TRE (7E \u00c9DITION) - Librairie 7L<\/title>\n<meta name=\"robots\" content=\"index, follow, max-snippet:-1, max-image-preview:large, max-video-preview:-1\" \/>\n<link rel=\"canonical\" href=\"https:\/\/librairie7l.com\/en\/produit\/guide-pratique-de-leclairage-cinema-television-theatre-7e-edition\/\" \/>\n<meta property=\"og:locale\" content=\"en_US\" \/>\n<meta property=\"og:type\" content=\"article\" \/>\n<meta property=\"og:title\" content=\"GUIDE PRATIQUE DE L&#039;\u00c9CLAIRAGE : CIN\u00c9MA, T\u00c9L\u00c9VISION, TH\u00c9\u00c2TRE (7E \u00c9DITION) - Librairie 7L\" \/>\n<meta property=\"og:description\" content=\"V\u00e9ritable outil de travail, de formation ou de perfectionnement, ce livre s&#8217;adresse tout autant aux professionnels qu&#8217;aux \u00e9tudiants dans les domaines de l&#8217;audiovisuel et du spectacle vivant. Unique en son genre, il pr\u00e9sente les aspects th\u00e9oriques, esth\u00e9tiques et techniques de l&#8217;\u00e9clairage au cin\u00e9ma, au th\u00e9\u00e2tre et \u00e0 la t\u00e9l\u00e9vision. Il r\u00e9pond de fa\u00e7on exhaustive aux [&hellip;]\" \/>\n<meta property=\"og:url\" content=\"https:\/\/librairie7l.com\/en\/produit\/guide-pratique-de-leclairage-cinema-television-theatre-7e-edition\/\" \/>\n<meta property=\"og:site_name\" content=\"Librairie 7L\" \/>\n<meta property=\"article:modified_time\" content=\"2026-04-07T07:17:34+00:00\" \/>\n<meta property=\"og:image\" content=\"https:\/\/librairie7l.com\/wp-content\/uploads\/2021\/12\/9782100836888_1_75.jpg\" \/>\n\t<meta property=\"og:image:width\" content=\"600\" \/>\n\t<meta property=\"og:image:height\" content=\"825\" \/>\n\t<meta property=\"og:image:type\" content=\"image\/jpeg\" \/>\n<meta name=\"twitter:card\" content=\"summary_large_image\" \/>\n<meta name=\"twitter:label1\" content=\"Est. reading time\" \/>\n\t<meta name=\"twitter:data1\" content=\"1 minute\" \/>\n<script type=\"application\/ld+json\" class=\"yoast-schema-graph\">{\"@context\":\"https:\/\/schema.org\",\"@graph\":[{\"@type\":\"WebPage\",\"@id\":\"https:\/\/librairie7l.com\/en\/produit\/guide-pratique-de-leclairage-cinema-television-theatre-7e-edition\/\",\"url\":\"https:\/\/librairie7l.com\/en\/produit\/guide-pratique-de-leclairage-cinema-television-theatre-7e-edition\/\",\"name\":\"GUIDE PRATIQUE DE L'\u00c9CLAIRAGE : CIN\u00c9MA, T\u00c9L\u00c9VISION, TH\u00c9\u00c2TRE (7E \u00c9DITION) - Librairie 7L\",\"isPartOf\":{\"@id\":\"https:\/\/librairie7l.com\/en\/#website\"},\"datePublished\":\"2023-05-10T11:02:54+00:00\",\"dateModified\":\"2026-04-07T07:17:34+00:00\",\"breadcrumb\":{\"@id\":\"https:\/\/librairie7l.com\/en\/produit\/guide-pratique-de-leclairage-cinema-television-theatre-7e-edition\/#breadcrumb\"},\"inLanguage\":\"en-US\",\"potentialAction\":[{\"@type\":\"ReadAction\",\"target\":[\"https:\/\/librairie7l.com\/en\/produit\/guide-pratique-de-leclairage-cinema-television-theatre-7e-edition\/\"]}]},{\"@type\":\"BreadcrumbList\",\"@id\":\"https:\/\/librairie7l.com\/en\/produit\/guide-pratique-de-leclairage-cinema-television-theatre-7e-edition\/#breadcrumb\",\"itemListElement\":[{\"@type\":\"ListItem\",\"position\":1,\"name\":\"Accueil\",\"item\":\"https:\/\/librairie7l.com\/en\/\"},{\"@type\":\"ListItem\",\"position\":2,\"name\":\"Shop\",\"item\":\"https:\/\/librairie7l.com\/en\/shop\/\"},{\"@type\":\"ListItem\",\"position\":3,\"name\":\"GUIDE PRATIQUE DE L&#8217;\u00c9CLAIRAGE : CIN\u00c9MA, T\u00c9L\u00c9VISION, TH\u00c9\u00c2TRE (7E \u00c9DITION)\"}]},{\"@type\":\"WebSite\",\"@id\":\"https:\/\/librairie7l.com\/en\/#website\",\"url\":\"https:\/\/librairie7l.com\/en\/\",\"name\":\"Librairie 7L\",\"description\":\"Librairie fond\u00e9e en 1999 par Karl Lagerfeld \u00e0 Paris\",\"publisher\":{\"@id\":\"https:\/\/librairie7l.com\/en\/#organization\"},\"potentialAction\":[{\"@type\":\"SearchAction\",\"target\":{\"@type\":\"EntryPoint\",\"urlTemplate\":\"https:\/\/librairie7l.com\/en\/?s={search_term_string}\"},\"query-input\":\"required name=search_term_string\"}],\"inLanguage\":\"en-US\"},{\"@type\":\"Organization\",\"@id\":\"https:\/\/librairie7l.com\/en\/#organization\",\"name\":\"Librairie 7L\",\"url\":\"https:\/\/librairie7l.com\/en\/\",\"logo\":{\"@type\":\"ImageObject\",\"inLanguage\":\"en-US\",\"@id\":\"https:\/\/librairie7l.com\/en\/#\/schema\/logo\/image\/\",\"url\":\"https:\/\/librairie7l.com\/wp-content\/uploads\/2022\/08\/logo-1.png\",\"contentUrl\":\"https:\/\/librairie7l.com\/wp-content\/uploads\/2022\/08\/logo-1.png\",\"width\":227,\"height\":301,\"caption\":\"Librairie 7L\"},\"image\":{\"@id\":\"https:\/\/librairie7l.com\/en\/#\/schema\/logo\/image\/\"}}]}<\/script>\n<!-- \/ Yoast SEO plugin. -->","yoast_head_json":{"title":"GUIDE PRATIQUE DE L'\u00c9CLAIRAGE : CIN\u00c9MA, T\u00c9L\u00c9VISION, TH\u00c9\u00c2TRE (7E \u00c9DITION) - Librairie 7L","robots":{"index":"index","follow":"follow","max-snippet":"max-snippet:-1","max-image-preview":"max-image-preview:large","max-video-preview":"max-video-preview:-1"},"canonical":"https:\/\/librairie7l.com\/en\/produit\/guide-pratique-de-leclairage-cinema-television-theatre-7e-edition\/","og_locale":"en_US","og_type":"article","og_title":"GUIDE PRATIQUE DE L'\u00c9CLAIRAGE : CIN\u00c9MA, T\u00c9L\u00c9VISION, TH\u00c9\u00c2TRE (7E \u00c9DITION) - Librairie 7L","og_description":"V\u00e9ritable outil de travail, de formation ou de perfectionnement, ce livre s&#8217;adresse tout autant aux professionnels qu&#8217;aux \u00e9tudiants dans les domaines de l&#8217;audiovisuel et du spectacle vivant. Unique en son genre, il pr\u00e9sente les aspects th\u00e9oriques, esth\u00e9tiques et techniques de l&#8217;\u00e9clairage au cin\u00e9ma, au th\u00e9\u00e2tre et \u00e0 la t\u00e9l\u00e9vision. Il r\u00e9pond de fa\u00e7on exhaustive aux [&hellip;]","og_url":"https:\/\/librairie7l.com\/en\/produit\/guide-pratique-de-leclairage-cinema-television-theatre-7e-edition\/","og_site_name":"Librairie 7L","article_modified_time":"2026-04-07T07:17:34+00:00","og_image":[{"width":600,"height":825,"url":"https:\/\/librairie7l.com\/wp-content\/uploads\/2021\/12\/9782100836888_1_75.jpg","type":"image\/jpeg"}],"twitter_card":"summary_large_image","twitter_misc":{"Est. reading time":"1 minute"},"schema":{"@context":"https:\/\/schema.org","@graph":[{"@type":"WebPage","@id":"https:\/\/librairie7l.com\/en\/produit\/guide-pratique-de-leclairage-cinema-television-theatre-7e-edition\/","url":"https:\/\/librairie7l.com\/en\/produit\/guide-pratique-de-leclairage-cinema-television-theatre-7e-edition\/","name":"GUIDE PRATIQUE DE L'\u00c9CLAIRAGE : CIN\u00c9MA, T\u00c9L\u00c9VISION, TH\u00c9\u00c2TRE (7E \u00c9DITION) - Librairie 7L","isPartOf":{"@id":"https:\/\/librairie7l.com\/en\/#website"},"datePublished":"2023-05-10T11:02:54+00:00","dateModified":"2026-04-07T07:17:34+00:00","breadcrumb":{"@id":"https:\/\/librairie7l.com\/en\/produit\/guide-pratique-de-leclairage-cinema-television-theatre-7e-edition\/#breadcrumb"},"inLanguage":"en-US","potentialAction":[{"@type":"ReadAction","target":["https:\/\/librairie7l.com\/en\/produit\/guide-pratique-de-leclairage-cinema-television-theatre-7e-edition\/"]}]},{"@type":"BreadcrumbList","@id":"https:\/\/librairie7l.com\/en\/produit\/guide-pratique-de-leclairage-cinema-television-theatre-7e-edition\/#breadcrumb","itemListElement":[{"@type":"ListItem","position":1,"name":"Accueil","item":"https:\/\/librairie7l.com\/en\/"},{"@type":"ListItem","position":2,"name":"Shop","item":"https:\/\/librairie7l.com\/en\/shop\/"},{"@type":"ListItem","position":3,"name":"GUIDE PRATIQUE DE L&#8217;\u00c9CLAIRAGE : CIN\u00c9MA, T\u00c9L\u00c9VISION, TH\u00c9\u00c2TRE (7E \u00c9DITION)"}]},{"@type":"WebSite","@id":"https:\/\/librairie7l.com\/en\/#website","url":"https:\/\/librairie7l.com\/en\/","name":"Librairie 7L","description":"Librairie fond\u00e9e en 1999 par Karl Lagerfeld \u00e0 Paris","publisher":{"@id":"https:\/\/librairie7l.com\/en\/#organization"},"potentialAction":[{"@type":"SearchAction","target":{"@type":"EntryPoint","urlTemplate":"https:\/\/librairie7l.com\/en\/?s={search_term_string}"},"query-input":"required name=search_term_string"}],"inLanguage":"en-US"},{"@type":"Organization","@id":"https:\/\/librairie7l.com\/en\/#organization","name":"Librairie 7L","url":"https:\/\/librairie7l.com\/en\/","logo":{"@type":"ImageObject","inLanguage":"en-US","@id":"https:\/\/librairie7l.com\/en\/#\/schema\/logo\/image\/","url":"https:\/\/librairie7l.com\/wp-content\/uploads\/2022\/08\/logo-1.png","contentUrl":"https:\/\/librairie7l.com\/wp-content\/uploads\/2022\/08\/logo-1.png","width":227,"height":301,"caption":"Librairie 7L"},"image":{"@id":"https:\/\/librairie7l.com\/en\/#\/schema\/logo\/image\/"}}]}},"_links":{"self":[{"href":"https:\/\/librairie7l.com\/en\/wp-json\/wp\/v2\/product\/27445"}],"collection":[{"href":"https:\/\/librairie7l.com\/en\/wp-json\/wp\/v2\/product"}],"about":[{"href":"https:\/\/librairie7l.com\/en\/wp-json\/wp\/v2\/types\/product"}],"wp:featuredmedia":[{"embeddable":true,"href":"https:\/\/librairie7l.com\/en\/wp-json\/wp\/v2\/media\/27443"}],"wp:attachment":[{"href":"https:\/\/librairie7l.com\/en\/wp-json\/wp\/v2\/media?parent=27445"}],"wp:term":[{"taxonomy":"product_cat","embeddable":true,"href":"https:\/\/librairie7l.com\/en\/wp-json\/wp\/v2\/product_cat?post=27445"},{"taxonomy":"product_tag","embeddable":true,"href":"https:\/\/librairie7l.com\/en\/wp-json\/wp\/v2\/product_tag?post=27445"}],"curies":[{"name":"wp","href":"https:\/\/api.w.org\/{rel}","templated":true}]}}